{"id":1021,"date":"2019-06-11T14:06:03","date_gmt":"2019-06-11T12:06:03","guid":{"rendered":"https:\/\/brommadev.wpengine.com\/?post_type=product&#038;p=1021"},"modified":"2023-09-07T16:35:00","modified_gmt":"2023-09-07T14:35:00","slug":"osr45-overheight-frame","status":"publish","type":"product","link":"https:\/\/bromma.com\/es-old\/products\/osr45-overheight-frame\/","title":{"rendered":"OSR45 &#8211; Bastidor de sobrecarga"},"content":{"rendered":"<h4>Posibles combinaciones de contenedores: 20\u00b4, 30\u00b4, 40\u00b4, 45\u00b4, flat+rack<\/h4>\n<p>OSR45 es un bastidor telesc\u00f3pico autom\u00e1tico de 20 a 45 pies de altura que se puede utilizar junto con diferentes spreaders Bromma y OEM &#8211; bastidor fijo de 20 pies o telesc\u00f3pico &#8211; en gr\u00faa, reachstacker o straddle carrier para una manipulaci\u00f3n LOLO m\u00e1s segura y r\u00e1pida de contenedores planos\/bobinas contenedores Iso, o contenedores de sobre-elevaci\u00f3n (la carga se extiende a una altura de hasta 2500 mm por encima de la de los espacios de las esquinas).<\/p>\n<p>El bastidor OSR45 se fija debajo de cualquier spreader con una medida base est\u00e1ndar ISO y est\u00e1 equipado con argollas de elevaci\u00f3n de bastidor en altura a juego. La carga es levantada por los twistlocks del spreader, los twistlocks del bastidor de sobrecarga act\u00faan como &#8220;patas extendidas&#8221; para el spreader. Esto significa una manipulaci\u00f3n de los productos mucho m\u00e1s r\u00e1pida y segura que con cadenas.<\/p>\n<p>Conforme se despliega de forma telesc\u00f3pica el spreader, el bastidor de gran altura tambi\u00e9n se despliega simult\u00e1neamente, permitiendo que la unidad manipule contenedores de 20, 30, 40 y 45 pies con carga de gran altura. El bastidor OSR45 se maneja solo mec\u00e1nicamente y no requiere alimentaci\u00f3n el\u00e9ctrica ni hidr\u00e1ulica, ni para el montaje ni para el funcionamiento.<\/p>\n<p>OSR45 est\u00e1 fabricado en acero de alta calidad europeo, lo que garantiza un dise\u00f1o ligero y robusto. Todos los componentes se pueden montar, ajustar y quitar f\u00e1cilmente; y son accesibles para su inspecci\u00f3n y mantenimiento.<\/p>\n","protected":false},"excerpt":{"rendered":"<a href=\"https:\/\/bromma.com\/es-old\/products\/osr45-overheight-frame\/\" class=\"excerpt\">OSR45 es un bastidor telesc\u00f3pico de gran altura que proporciona un manejo autom\u00e1tico, r\u00e1pido y seguro combinado con un bajo coste y tiempo de mantenimiento. OSR45 puede suministrarse en un contenedor de 20 pies.\n<\/a><br><a href=\"https:\/\/bromma.com\/es-old\/products\/osr45-overheight-frame\/\" class=\"excerptreadmore\">read more<\/a>","protected":false},"featured_media":1022,"template":"","meta":{"_et_pb_use_builder":"off","_et_pb_old_content":"","_et_gb_content_width":""},"product_brand":[],"product_cat":[21],"product_tag":[51],"class_list":{"0":"post-1021","1":"product","2":"type-product","3":"status-publish","4":"has-post-thumbnail","6":"product_cat-ancillary-equipment-and-options","7":"product_tag-telescopic","9":"first","10":"instock","11":"shipping-taxable","12":"product-type-simple"},"yoast_head":"<!-- This site is optimized with the Yoast SEO Premium plugin v27.5 (Yoast SEO v27.5) - https:\/\/yoast.com\/product\/yoast-seo-premium-wordpress\/ -->\n<title>OSR45 - Bastidor de sobrecarga - Bromma<\/title>\n<meta name=\"description\" content=\"OSR45 es un bastidor telesc\u00f3pico de gran altura que proporciona un manejo autom\u00e1tico, r\u00e1pido y seguro combinado con un bajo coste y tiempo de mantenimiento. OSR45 puede suministrarse en un contenedor de 20 pies.\" \/>\n<meta name=\"robots\" content=\"index, follow, max-snippet:-1, max-image-preview:large, max-video-preview:-1\" \/>\n<link rel=\"canonical\" href=\"https:\/\/bromma.com\/es-old\/products\/osr45-overheight-frame\/\" \/>\n<meta property=\"og:locale\" content=\"es_ES\" \/>\n<meta property=\"og:type\" content=\"article\" \/>\n<meta property=\"og:title\" content=\"OSR45 - Bastidor de sobrecarga\" \/>\n<meta property=\"og:description\" content=\"OSR45 es un bastidor telesc\u00f3pico de gran altura que proporciona un manejo autom\u00e1tico, r\u00e1pido y seguro combinado con un bajo coste y tiempo de mantenimiento. OSR45 puede suministrarse en un contenedor de 20 pies.\" \/>\n<meta property=\"og:url\" content=\"https:\/\/bromma.com\/es-old\/products\/osr45-overheight-frame\/\" \/>\n<meta property=\"og:site_name\" content=\"Bromma\" \/>\n<meta property=\"article:modified_time\" content=\"2023-09-07T14:35:00+00:00\" \/>\n<meta property=\"og:image\" content=\"https:\/\/bromma.com\/es-old\/wp-content\/uploads\/sites\/5\/2019\/06\/OSR45_spreader.jpg\" \/>\n\t<meta property=\"og:image:width\" content=\"1920\" \/>\n\t<meta property=\"og:image:height\" content=\"1080\" \/>\n\t<meta property=\"og:image:type\" content=\"image\/jpeg\" \/>\n<meta name=\"twitter:card\" content=\"summary_large_image\" \/>\n<meta name=\"twitter:label1\" content=\"Tiempo de lectura\" \/>\n\t<meta name=\"twitter:data1\" content=\"2 minutos\" \/>\n<script type=\"application\/ld+json\" class=\"yoast-schema-graph\">{\"@context\":\"https:\\\/\\\/schema.org\",\"@graph\":[{\"@type\":\"WebPage\",\"@id\":\"https:\\\/\\\/bromma.com\\\/es-old\\\/products\\\/osr45-overheight-frame\\\/\",\"url\":\"https:\\\/\\\/bromma.com\\\/es-old\\\/products\\\/osr45-overheight-frame\\\/\",\"name\":\"OSR45 - Bastidor de sobrecarga - Bromma\",\"isPartOf\":{\"@id\":\"https:\\\/\\\/bromma.com\\\/es-old\\\/#website\"},\"primaryImageOfPage\":{\"@id\":\"https:\\\/\\\/bromma.com\\\/es-old\\\/products\\\/osr45-overheight-frame\\\/#primaryimage\"},\"image\":{\"@id\":\"https:\\\/\\\/bromma.com\\\/es-old\\\/products\\\/osr45-overheight-frame\\\/#primaryimage\"},\"thumbnailUrl\":\"https:\\\/\\\/bromma.com\\\/es-old\\\/wp-content\\\/uploads\\\/sites\\\/5\\\/2019\\\/06\\\/OSR45_spreader.jpg\",\"datePublished\":\"2019-06-11T12:06:03+00:00\",\"dateModified\":\"2023-09-07T14:35:00+00:00\",\"description\":\"OSR45 es un bastidor telesc\u00f3pico de gran altura que proporciona un manejo autom\u00e1tico, r\u00e1pido y seguro combinado con un bajo coste y tiempo de mantenimiento. OSR45 puede suministrarse en un contenedor de 20 pies.\",\"breadcrumb\":{\"@id\":\"https:\\\/\\\/bromma.com\\\/es-old\\\/products\\\/osr45-overheight-frame\\\/#breadcrumb\"},\"inLanguage\":\"es\",\"potentialAction\":[{\"@type\":\"ReadAction\",\"target\":[\"https:\\\/\\\/bromma.com\\\/es-old\\\/products\\\/osr45-overheight-frame\\\/\"]}]},{\"@type\":\"ImageObject\",\"inLanguage\":\"es\",\"@id\":\"https:\\\/\\\/bromma.com\\\/es-old\\\/products\\\/osr45-overheight-frame\\\/#primaryimage\",\"url\":\"https:\\\/\\\/bromma.com\\\/es-old\\\/wp-content\\\/uploads\\\/sites\\\/5\\\/2019\\\/06\\\/OSR45_spreader.jpg\",\"contentUrl\":\"https:\\\/\\\/bromma.com\\\/es-old\\\/wp-content\\\/uploads\\\/sites\\\/5\\\/2019\\\/06\\\/OSR45_spreader.jpg\",\"width\":1920,\"height\":1080,\"caption\":\"Bastidor basculante Bromma OSR45\"},{\"@type\":\"BreadcrumbList\",\"@id\":\"https:\\\/\\\/bromma.com\\\/es-old\\\/products\\\/osr45-overheight-frame\\\/#breadcrumb\",\"itemListElement\":[{\"@type\":\"ListItem\",\"position\":1,\"name\":\"Home\",\"item\":\"https:\\\/\\\/bromma.com\\\/es-old\\\/\"},{\"@type\":\"ListItem\",\"position\":2,\"name\":\"Productos\",\"item\":\"https:\\\/\\\/bromma.com\\\/es-old\\\/products\\\/\"},{\"@type\":\"ListItem\",\"position\":3,\"name\":\"OSR45 &#8211; Bastidor de sobrecarga\"}]},{\"@type\":\"WebSite\",\"@id\":\"https:\\\/\\\/bromma.com\\\/es-old\\\/#website\",\"url\":\"https:\\\/\\\/bromma.com\\\/es-old\\\/\",\"name\":\"Bromma\",\"description\":\"Una tradici\u00f3n de innovaci\u00f3n\",\"publisher\":{\"@id\":\"https:\\\/\\\/bromma.com\\\/es-old\\\/#organization\"},\"potentialAction\":[{\"@type\":\"SearchAction\",\"target\":{\"@type\":\"EntryPoint\",\"urlTemplate\":\"https:\\\/\\\/bromma.com\\\/es-old\\\/?s={search_term_string}\"},\"query-input\":{\"@type\":\"PropertyValueSpecification\",\"valueRequired\":true,\"valueName\":\"search_term_string\"}}],\"inLanguage\":\"es\"},{\"@type\":\"Organization\",\"@id\":\"https:\\\/\\\/bromma.com\\\/es-old\\\/#organization\",\"name\":\"Bromma\",\"url\":\"https:\\\/\\\/bromma.com\\\/es-old\\\/\",\"logo\":{\"@type\":\"ImageObject\",\"inLanguage\":\"es\",\"@id\":\"https:\\\/\\\/bromma.com\\\/es-old\\\/#\\\/schema\\\/logo\\\/image\\\/\",\"url\":\"https:\\\/\\\/bromma.com\\\/es\\\/wp-content\\\/uploads\\\/sites\\\/5\\\/2020\\\/05\\\/Bromma-logo_blue_RGB_SPA.png\",\"contentUrl\":\"https:\\\/\\\/bromma.com\\\/es\\\/wp-content\\\/uploads\\\/sites\\\/5\\\/2020\\\/05\\\/Bromma-logo_blue_RGB_SPA.png\",\"width\":512,\"height\":512,\"caption\":\"Bromma\"},\"image\":{\"@id\":\"https:\\\/\\\/bromma.com\\\/es-old\\\/#\\\/schema\\\/logo\\\/image\\\/\"}}]}<\/script>\n<!-- \/ Yoast SEO Premium plugin. -->","yoast_head_json":{"title":"OSR45 - Bastidor de sobrecarga - Bromma","description":"OSR45 es un bastidor telesc\u00f3pico de gran altura que proporciona un manejo autom\u00e1tico, r\u00e1pido y seguro combinado con un bajo coste y tiempo de mantenimiento. OSR45 puede suministrarse en un contenedor de 20 pies.","robots":{"index":"index","follow":"follow","max-snippet":"max-snippet:-1","max-image-preview":"max-image-preview:large","max-video-preview":"max-video-preview:-1"},"canonical":"https:\/\/bromma.com\/es-old\/products\/osr45-overheight-frame\/","og_locale":"es_ES","og_type":"article","og_title":"OSR45 - Bastidor de sobrecarga","og_description":"OSR45 es un bastidor telesc\u00f3pico de gran altura que proporciona un manejo autom\u00e1tico, r\u00e1pido y seguro combinado con un bajo coste y tiempo de mantenimiento. OSR45 puede suministrarse en un contenedor de 20 pies.","og_url":"https:\/\/bromma.com\/es-old\/products\/osr45-overheight-frame\/","og_site_name":"Bromma","article_modified_time":"2023-09-07T14:35:00+00:00","og_image":[{"width":1920,"height":1080,"url":"https:\/\/bromma.com\/es-old\/wp-content\/uploads\/sites\/5\/2019\/06\/OSR45_spreader.jpg","type":"image\/jpeg"}],"twitter_card":"summary_large_image","twitter_misc":{"Tiempo de lectura":"2 minutos"},"schema":{"@context":"https:\/\/schema.org","@graph":[{"@type":"WebPage","@id":"https:\/\/bromma.com\/es-old\/products\/osr45-overheight-frame\/","url":"https:\/\/bromma.com\/es-old\/products\/osr45-overheight-frame\/","name":"OSR45 - Bastidor de sobrecarga - Bromma","isPartOf":{"@id":"https:\/\/bromma.com\/es-old\/#website"},"primaryImageOfPage":{"@id":"https:\/\/bromma.com\/es-old\/products\/osr45-overheight-frame\/#primaryimage"},"image":{"@id":"https:\/\/bromma.com\/es-old\/products\/osr45-overheight-frame\/#primaryimage"},"thumbnailUrl":"https:\/\/bromma.com\/es-old\/wp-content\/uploads\/sites\/5\/2019\/06\/OSR45_spreader.jpg","datePublished":"2019-06-11T12:06:03+00:00","dateModified":"2023-09-07T14:35:00+00:00","description":"OSR45 es un bastidor telesc\u00f3pico de gran altura que proporciona un manejo autom\u00e1tico, r\u00e1pido y seguro combinado con un bajo coste y tiempo de mantenimiento. OSR45 puede suministrarse en un contenedor de 20 pies.","breadcrumb":{"@id":"https:\/\/bromma.com\/es-old\/products\/osr45-overheight-frame\/#breadcrumb"},"inLanguage":"es","potentialAction":[{"@type":"ReadAction","target":["https:\/\/bromma.com\/es-old\/products\/osr45-overheight-frame\/"]}]},{"@type":"ImageObject","inLanguage":"es","@id":"https:\/\/bromma.com\/es-old\/products\/osr45-overheight-frame\/#primaryimage","url":"https:\/\/bromma.com\/es-old\/wp-content\/uploads\/sites\/5\/2019\/06\/OSR45_spreader.jpg","contentUrl":"https:\/\/bromma.com\/es-old\/wp-content\/uploads\/sites\/5\/2019\/06\/OSR45_spreader.jpg","width":1920,"height":1080,"caption":"Bastidor basculante Bromma OSR45"},{"@type":"BreadcrumbList","@id":"https:\/\/bromma.com\/es-old\/products\/osr45-overheight-frame\/#breadcrumb","itemListElement":[{"@type":"ListItem","position":1,"name":"Home","item":"https:\/\/bromma.com\/es-old\/"},{"@type":"ListItem","position":2,"name":"Productos","item":"https:\/\/bromma.com\/es-old\/products\/"},{"@type":"ListItem","position":3,"name":"OSR45 &#8211; Bastidor de sobrecarga"}]},{"@type":"WebSite","@id":"https:\/\/bromma.com\/es-old\/#website","url":"https:\/\/bromma.com\/es-old\/","name":"Bromma","description":"Una tradici\u00f3n de innovaci\u00f3n","publisher":{"@id":"https:\/\/bromma.com\/es-old\/#organization"},"potentialAction":[{"@type":"SearchAction","target":{"@type":"EntryPoint","urlTemplate":"https:\/\/bromma.com\/es-old\/?s={search_term_string}"},"query-input":{"@type":"PropertyValueSpecification","valueRequired":true,"valueName":"search_term_string"}}],"inLanguage":"es"},{"@type":"Organization","@id":"https:\/\/bromma.com\/es-old\/#organization","name":"Bromma","url":"https:\/\/bromma.com\/es-old\/","logo":{"@type":"ImageObject","inLanguage":"es","@id":"https:\/\/bromma.com\/es-old\/#\/schema\/logo\/image\/","url":"https:\/\/bromma.com\/es\/wp-content\/uploads\/sites\/5\/2020\/05\/Bromma-logo_blue_RGB_SPA.png","contentUrl":"https:\/\/bromma.com\/es\/wp-content\/uploads\/sites\/5\/2020\/05\/Bromma-logo_blue_RGB_SPA.png","width":512,"height":512,"caption":"Bromma"},"image":{"@id":"https:\/\/bromma.com\/es-old\/#\/schema\/logo\/image\/"}}]}},"_links":{"self":[{"href":"https:\/\/bromma.com\/es-old\/wp-json\/wp\/v2\/product\/1021","targetHints":{"allow":["GET"]}}],"collection":[{"href":"https:\/\/bromma.com\/es-old\/wp-json\/wp\/v2\/product"}],"about":[{"href":"https:\/\/bromma.com\/es-old\/wp-json\/wp\/v2\/types\/product"}],"wp:featuredmedia":[{"embeddable":true,"href":"https:\/\/bromma.com\/es-old\/wp-json\/wp\/v2\/media\/1022"}],"wp:attachment":[{"href":"https:\/\/bromma.com\/es-old\/wp-json\/wp\/v2\/media?parent=1021"}],"wp:term":[{"taxonomy":"product_brand","embeddable":true,"href":"https:\/\/bromma.com\/es-old\/wp-json\/wp\/v2\/product_brand?post=1021"},{"taxonomy":"product_cat","embeddable":true,"href":"https:\/\/bromma.com\/es-old\/wp-json\/wp\/v2\/product_cat?post=1021"},{"taxonomy":"product_tag","embeddable":true,"href":"https:\/\/bromma.com\/es-old\/wp-json\/wp\/v2\/product_tag?post=1021"}],"curies":[{"name":"wp","href":"https:\/\/api.w.org\/{rel}","templated":true}]}}