{"id":819,"date":"2019-06-04T17:08:54","date_gmt":"2019-06-04T15:08:54","guid":{"rendered":"https:\/\/brommadev.wpengine.com\/?post_type=product&amp;p=819"},"modified":"2019-06-04T17:08:54","modified_gmt":"2019-06-04T15:08:54","slug":"tlg40","status":"publish","type":"product","link":"https:\/\/bromma.com\/es-old\/products\/tlg40\/","title":{"rendered":"TLG40"},"content":{"rendered":"<p>El spreader est\u00e1 dise\u00f1ado para fijarse a la estructura del cami\u00f3n con 4 perchas telesc\u00f3picas autonivelantes. TLG 40 est\u00e1 equipado con funciones de desplazamiento lateral, giro, alcance telesc\u00f3pico, inclinaci\u00f3n mec\u00e1nica de la pila y bloqueo por giro flotante que le permite localizar f\u00e1cilmente los contenedores. Todos los movimientos del spreader se controlan con v\u00e1lvulas proporcionales de 24 V, ofreciendo un funcionamiento preciso y suave.<\/p>\n<p>El spreader se opera desde la cabina del conductor a trav\u00e9s de comunicaci\u00f3n serie (CANopen) o cableado paralelo. Los comandos son procesados por una Unidad de Control Electr\u00f3nico en el spreader con sistemas de seguridad incorporados para el manejo de contenedores.<\/p>\n<p>El spreader est\u00e1 dise\u00f1ado seg\u00fan la norma EN13001. Como todos los spreaders de Bromma, est\u00e1 fabricado en acero de alta calidad europeo, lo que garantiza un dise\u00f1o ligero y robusto. El spreader tiene un dise\u00f1o f\u00e1cil de usar y todos los componentes son muy accesibles para su inspecci\u00f3n y mantenimiento.<\/p>\n","protected":false},"excerpt":{"rendered":"<a href=\"https:\/\/bromma.com\/es-old\/products\/tlg40\/\" class=\"excerpt\">TLG40 de Bromma es un spreader telesc\u00f3pico dise\u00f1ado para manejar contenedores individuales 20&#8242; y 40&#8242; para carretillas elevadoras con m\u00e1stil equipadas con una gr\u00faa de p\u00f3rtico.\n<\/a><br><a href=\"https:\/\/bromma.com\/es-old\/products\/tlg40\/\" class=\"excerptreadmore\">read more<\/a>","protected":false},"featured_media":820,"template":"","meta":{"_et_pb_use_builder":"off","_et_pb_old_content":"","_et_gb_content_width":""},"product_brand":[],"product_cat":[27],"product_tag":[53,28,51,24],"class_list":{"0":"post-819","1":"product","2":"type-product","3":"status-publish","4":"has-post-thumbnail","6":"product_cat-laden-container-handler","7":"product_tag-terminal-trucks","8":"product_tag-mechanical-pile-slope","9":"product_tag-telescopic","10":"product_tag-floating-twistlocks","12":"first","13":"instock","14":"shipping-taxable","15":"product-type-simple"},"yoast_head":"<!-- This site is optimized with the Yoast SEO Premium plugin v27.5 (Yoast SEO v27.5) - https:\/\/yoast.com\/product\/yoast-seo-premium-wordpress\/ -->\n<title>TLG40 - Bromma<\/title>\n<meta name=\"description\" content=\"TLG40 de Bromma es un spreader telesc\u00f3pico dise\u00f1ado para manejar contenedores individuales 20&#039; y 40&#039; para carretillas elevadoras con m\u00e1stil equipadas con una gr\u00faa de p\u00f3rtico.\" \/>\n<meta name=\"robots\" content=\"index, follow, max-snippet:-1, max-image-preview:large, max-video-preview:-1\" \/>\n<link rel=\"canonical\" href=\"https:\/\/bromma.com\/es-old\/products\/tlg40\/\" \/>\n<meta property=\"og:locale\" content=\"es_ES\" \/>\n<meta property=\"og:type\" content=\"article\" \/>\n<meta property=\"og:title\" content=\"TLG40\" \/>\n<meta property=\"og:description\" content=\"TLG40 de Bromma es un spreader telesc\u00f3pico dise\u00f1ado para manejar contenedores individuales 20&#039; y 40&#039; para carretillas elevadoras con m\u00e1stil equipadas con una gr\u00faa de p\u00f3rtico.\" \/>\n<meta property=\"og:url\" content=\"https:\/\/bromma.com\/es-old\/products\/tlg40\/\" \/>\n<meta property=\"og:site_name\" content=\"Bromma\" \/>\n<meta property=\"og:image\" content=\"https:\/\/bromma.com\/es-old\/wp-content\/uploads\/sites\/5\/2019\/06\/TLG40_spreader.jpg\" \/>\n\t<meta property=\"og:image:width\" content=\"1920\" \/>\n\t<meta property=\"og:image:height\" content=\"1080\" \/>\n\t<meta property=\"og:image:type\" content=\"image\/jpeg\" \/>\n<meta name=\"twitter:card\" content=\"summary_large_image\" \/>\n<meta name=\"twitter:label1\" content=\"Tiempo de lectura\" \/>\n\t<meta name=\"twitter:data1\" content=\"1 minuto\" \/>\n<script type=\"application\/ld+json\" class=\"yoast-schema-graph\">{\"@context\":\"https:\\\/\\\/schema.org\",\"@graph\":[{\"@type\":\"WebPage\",\"@id\":\"https:\\\/\\\/bromma.com\\\/es-old\\\/products\\\/tlg40\\\/\",\"url\":\"https:\\\/\\\/bromma.com\\\/es-old\\\/products\\\/tlg40\\\/\",\"name\":\"TLG40 - Bromma\",\"isPartOf\":{\"@id\":\"https:\\\/\\\/bromma.com\\\/es-old\\\/#website\"},\"primaryImageOfPage\":{\"@id\":\"https:\\\/\\\/bromma.com\\\/es-old\\\/products\\\/tlg40\\\/#primaryimage\"},\"image\":{\"@id\":\"https:\\\/\\\/bromma.com\\\/es-old\\\/products\\\/tlg40\\\/#primaryimage\"},\"thumbnailUrl\":\"https:\\\/\\\/bromma.com\\\/es-old\\\/wp-content\\\/uploads\\\/sites\\\/5\\\/2019\\\/06\\\/TLG40_spreader.jpg\",\"datePublished\":\"2019-06-04T15:08:54+00:00\",\"description\":\"TLG40 de Bromma es un spreader telesc\u00f3pico dise\u00f1ado para manejar contenedores individuales 20' y 40' para carretillas elevadoras con m\u00e1stil equipadas con una gr\u00faa de p\u00f3rtico.\",\"breadcrumb\":{\"@id\":\"https:\\\/\\\/bromma.com\\\/es-old\\\/products\\\/tlg40\\\/#breadcrumb\"},\"inLanguage\":\"es\",\"potentialAction\":[{\"@type\":\"ReadAction\",\"target\":[\"https:\\\/\\\/bromma.com\\\/es-old\\\/products\\\/tlg40\\\/\"]}]},{\"@type\":\"ImageObject\",\"inLanguage\":\"es\",\"@id\":\"https:\\\/\\\/bromma.com\\\/es-old\\\/products\\\/tlg40\\\/#primaryimage\",\"url\":\"https:\\\/\\\/bromma.com\\\/es-old\\\/wp-content\\\/uploads\\\/sites\\\/5\\\/2019\\\/06\\\/TLG40_spreader.jpg\",\"contentUrl\":\"https:\\\/\\\/bromma.com\\\/es-old\\\/wp-content\\\/uploads\\\/sites\\\/5\\\/2019\\\/06\\\/TLG40_spreader.jpg\",\"width\":1920,\"height\":1080,\"caption\":\"Spreader TLG40\"},{\"@type\":\"BreadcrumbList\",\"@id\":\"https:\\\/\\\/bromma.com\\\/es-old\\\/products\\\/tlg40\\\/#breadcrumb\",\"itemListElement\":[{\"@type\":\"ListItem\",\"position\":1,\"name\":\"Home\",\"item\":\"https:\\\/\\\/bromma.com\\\/es-old\\\/\"},{\"@type\":\"ListItem\",\"position\":2,\"name\":\"Productos\",\"item\":\"https:\\\/\\\/bromma.com\\\/es-old\\\/products\\\/\"},{\"@type\":\"ListItem\",\"position\":3,\"name\":\"TLG40\"}]},{\"@type\":\"WebSite\",\"@id\":\"https:\\\/\\\/bromma.com\\\/es-old\\\/#website\",\"url\":\"https:\\\/\\\/bromma.com\\\/es-old\\\/\",\"name\":\"Bromma\",\"description\":\"Una tradici\u00f3n de innovaci\u00f3n\",\"publisher\":{\"@id\":\"https:\\\/\\\/bromma.com\\\/es-old\\\/#organization\"},\"potentialAction\":[{\"@type\":\"SearchAction\",\"target\":{\"@type\":\"EntryPoint\",\"urlTemplate\":\"https:\\\/\\\/bromma.com\\\/es-old\\\/?s={search_term_string}\"},\"query-input\":{\"@type\":\"PropertyValueSpecification\",\"valueRequired\":true,\"valueName\":\"search_term_string\"}}],\"inLanguage\":\"es\"},{\"@type\":\"Organization\",\"@id\":\"https:\\\/\\\/bromma.com\\\/es-old\\\/#organization\",\"name\":\"Bromma\",\"url\":\"https:\\\/\\\/bromma.com\\\/es-old\\\/\",\"logo\":{\"@type\":\"ImageObject\",\"inLanguage\":\"es\",\"@id\":\"https:\\\/\\\/bromma.com\\\/es-old\\\/#\\\/schema\\\/logo\\\/image\\\/\",\"url\":\"https:\\\/\\\/bromma.com\\\/es\\\/wp-content\\\/uploads\\\/sites\\\/5\\\/2020\\\/05\\\/Bromma-logo_blue_RGB_SPA.png\",\"contentUrl\":\"https:\\\/\\\/bromma.com\\\/es\\\/wp-content\\\/uploads\\\/sites\\\/5\\\/2020\\\/05\\\/Bromma-logo_blue_RGB_SPA.png\",\"width\":512,\"height\":512,\"caption\":\"Bromma\"},\"image\":{\"@id\":\"https:\\\/\\\/bromma.com\\\/es-old\\\/#\\\/schema\\\/logo\\\/image\\\/\"}}]}<\/script>\n<!-- \/ Yoast SEO Premium plugin. -->","yoast_head_json":{"title":"TLG40 - Bromma","description":"TLG40 de Bromma es un spreader telesc\u00f3pico dise\u00f1ado para manejar contenedores individuales 20' y 40' para carretillas elevadoras con m\u00e1stil equipadas con una gr\u00faa de p\u00f3rtico.","robots":{"index":"index","follow":"follow","max-snippet":"max-snippet:-1","max-image-preview":"max-image-preview:large","max-video-preview":"max-video-preview:-1"},"canonical":"https:\/\/bromma.com\/es-old\/products\/tlg40\/","og_locale":"es_ES","og_type":"article","og_title":"TLG40","og_description":"TLG40 de Bromma es un spreader telesc\u00f3pico dise\u00f1ado para manejar contenedores individuales 20' y 40' para carretillas elevadoras con m\u00e1stil equipadas con una gr\u00faa de p\u00f3rtico.","og_url":"https:\/\/bromma.com\/es-old\/products\/tlg40\/","og_site_name":"Bromma","og_image":[{"width":1920,"height":1080,"url":"https:\/\/bromma.com\/es-old\/wp-content\/uploads\/sites\/5\/2019\/06\/TLG40_spreader.jpg","type":"image\/jpeg"}],"twitter_card":"summary_large_image","twitter_misc":{"Tiempo de lectura":"1 minuto"},"schema":{"@context":"https:\/\/schema.org","@graph":[{"@type":"WebPage","@id":"https:\/\/bromma.com\/es-old\/products\/tlg40\/","url":"https:\/\/bromma.com\/es-old\/products\/tlg40\/","name":"TLG40 - Bromma","isPartOf":{"@id":"https:\/\/bromma.com\/es-old\/#website"},"primaryImageOfPage":{"@id":"https:\/\/bromma.com\/es-old\/products\/tlg40\/#primaryimage"},"image":{"@id":"https:\/\/bromma.com\/es-old\/products\/tlg40\/#primaryimage"},"thumbnailUrl":"https:\/\/bromma.com\/es-old\/wp-content\/uploads\/sites\/5\/2019\/06\/TLG40_spreader.jpg","datePublished":"2019-06-04T15:08:54+00:00","description":"TLG40 de Bromma es un spreader telesc\u00f3pico dise\u00f1ado para manejar contenedores individuales 20' y 40' para carretillas elevadoras con m\u00e1stil equipadas con una gr\u00faa de p\u00f3rtico.","breadcrumb":{"@id":"https:\/\/bromma.com\/es-old\/products\/tlg40\/#breadcrumb"},"inLanguage":"es","potentialAction":[{"@type":"ReadAction","target":["https:\/\/bromma.com\/es-old\/products\/tlg40\/"]}]},{"@type":"ImageObject","inLanguage":"es","@id":"https:\/\/bromma.com\/es-old\/products\/tlg40\/#primaryimage","url":"https:\/\/bromma.com\/es-old\/wp-content\/uploads\/sites\/5\/2019\/06\/TLG40_spreader.jpg","contentUrl":"https:\/\/bromma.com\/es-old\/wp-content\/uploads\/sites\/5\/2019\/06\/TLG40_spreader.jpg","width":1920,"height":1080,"caption":"Spreader TLG40"},{"@type":"BreadcrumbList","@id":"https:\/\/bromma.com\/es-old\/products\/tlg40\/#breadcrumb","itemListElement":[{"@type":"ListItem","position":1,"name":"Home","item":"https:\/\/bromma.com\/es-old\/"},{"@type":"ListItem","position":2,"name":"Productos","item":"https:\/\/bromma.com\/es-old\/products\/"},{"@type":"ListItem","position":3,"name":"TLG40"}]},{"@type":"WebSite","@id":"https:\/\/bromma.com\/es-old\/#website","url":"https:\/\/bromma.com\/es-old\/","name":"Bromma","description":"Una tradici\u00f3n de innovaci\u00f3n","publisher":{"@id":"https:\/\/bromma.com\/es-old\/#organization"},"potentialAction":[{"@type":"SearchAction","target":{"@type":"EntryPoint","urlTemplate":"https:\/\/bromma.com\/es-old\/?s={search_term_string}"},"query-input":{"@type":"PropertyValueSpecification","valueRequired":true,"valueName":"search_term_string"}}],"inLanguage":"es"},{"@type":"Organization","@id":"https:\/\/bromma.com\/es-old\/#organization","name":"Bromma","url":"https:\/\/bromma.com\/es-old\/","logo":{"@type":"ImageObject","inLanguage":"es","@id":"https:\/\/bromma.com\/es-old\/#\/schema\/logo\/image\/","url":"https:\/\/bromma.com\/es\/wp-content\/uploads\/sites\/5\/2020\/05\/Bromma-logo_blue_RGB_SPA.png","contentUrl":"https:\/\/bromma.com\/es\/wp-content\/uploads\/sites\/5\/2020\/05\/Bromma-logo_blue_RGB_SPA.png","width":512,"height":512,"caption":"Bromma"},"image":{"@id":"https:\/\/bromma.com\/es-old\/#\/schema\/logo\/image\/"}}]}},"_links":{"self":[{"href":"https:\/\/bromma.com\/es-old\/wp-json\/wp\/v2\/product\/819","targetHints":{"allow":["GET"]}}],"collection":[{"href":"https:\/\/bromma.com\/es-old\/wp-json\/wp\/v2\/product"}],"about":[{"href":"https:\/\/bromma.com\/es-old\/wp-json\/wp\/v2\/types\/product"}],"wp:featuredmedia":[{"embeddable":true,"href":"https:\/\/bromma.com\/es-old\/wp-json\/wp\/v2\/media\/820"}],"wp:attachment":[{"href":"https:\/\/bromma.com\/es-old\/wp-json\/wp\/v2\/media?parent=819"}],"wp:term":[{"taxonomy":"product_brand","embeddable":true,"href":"https:\/\/bromma.com\/es-old\/wp-json\/wp\/v2\/product_brand?post=819"},{"taxonomy":"product_cat","embeddable":true,"href":"https:\/\/bromma.com\/es-old\/wp-json\/wp\/v2\/product_cat?post=819"},{"taxonomy":"product_tag","embeddable":true,"href":"https:\/\/bromma.com\/es-old\/wp-json\/wp\/v2\/product_tag?post=819"}],"curies":[{"name":"wp","href":"https:\/\/api.w.org\/{rel}","templated":true}]}}