{"id":930,"date":"2019-06-07T12:41:01","date_gmt":"2019-06-07T10:41:01","guid":{"rendered":"https:\/\/brommadev.wpengine.com\/?post_type=product&amp;p=930"},"modified":"2019-06-07T12:41:01","modified_gmt":"2019-06-07T10:41:01","slug":"ssx40-ssx45","status":"publish","type":"product","link":"https:\/\/bromma.com\/es-old\/products\/ssx40-ssx45\/","title":{"rendered":"SSX40\/SSX45"},"content":{"rendered":"<h4>Posibles combinaciones de contenedores: 20\u00b4, 40\u00b4, (45\u00b4)<\/h4>\n<p>Los spreaders SSX40\/SSX45 que manejan un contenedor a la vez de Bromma son conocidos en todo el mundo por su excepcional resistencia, confiabilidad y larga vida \u00fatil. Los spreaders SSX40\/SSX45 de un solo elevador de Bromma son conocidos en todo el mundo por su excepcional resistencia, confiabilidad y larga vida \u00fatil.<br \/>\nSSX40\/SSX45 puede ajustar su longitud para levantar contenedores de 20\u00b4, 40\u00b4 y 45\u00b4(SSX45) utilizando twistlocks flotantes ISO. Bromma consigue una resistencia estructural superior mediante herramientas de ingenier\u00eda estrat\u00e9gicas, como el modelado de elementos finitos, que analiza los puntos de tensi\u00f3n en el spreader y proyecta el efecto probable de la tensi\u00f3n acumulada con el tiempo.<\/p>\n","protected":false},"excerpt":{"rendered":"<a href=\"https:\/\/bromma.com\/es-old\/products\/ssx40-ssx45\/\" class=\"excerpt\">SSX40\/SSX45 son spreaders telesc\u00f3picos de un solo elevador para uso en gr\u00faas STS. Los spreaders est\u00e1n dise\u00f1ados para entornos de alto rendimiento y para el servicio en gr\u00faas de alta velocidad.\n<\/a><br><a href=\"https:\/\/bromma.com\/es-old\/products\/ssx40-ssx45\/\" class=\"excerptreadmore\">read more<\/a>","protected":false},"featured_media":931,"template":"","meta":{"_et_pb_use_builder":"off","_et_pb_old_content":"","_et_gb_content_width":""},"product_brand":[],"product_cat":[45],"product_tag":[26,40,51],"class_list":{"0":"post-930","1":"product","2":"type-product","3":"status-publish","4":"has-post-thumbnail","6":"product_cat-sts-spreaders","7":"product_tag-hydraulic","8":"product_tag-single-lift","9":"product_tag-telescopic","11":"first","12":"instock","13":"shipping-taxable","14":"product-type-simple"},"yoast_head":"<!-- This site is optimized with the Yoast SEO Premium plugin v27.5 (Yoast SEO v27.5) - https:\/\/yoast.com\/product\/yoast-seo-premium-wordpress\/ -->\n<title>SSX40\/SSX45 - Bromma<\/title>\n<meta name=\"description\" content=\"SSX40\/SSX45 son spreaders telesc\u00f3picos de un solo elevador para uso en gr\u00faas STS. Los spreaders est\u00e1n dise\u00f1ados para entornos de alto rendimiento y para el servicio en gr\u00faas de alta velocidad.\" \/>\n<meta name=\"robots\" content=\"index, follow, max-snippet:-1, max-image-preview:large, max-video-preview:-1\" \/>\n<link rel=\"canonical\" href=\"https:\/\/bromma.com\/es-old\/products\/ssx40-ssx45\/\" \/>\n<meta property=\"og:locale\" content=\"es_ES\" \/>\n<meta property=\"og:type\" content=\"article\" \/>\n<meta property=\"og:title\" content=\"SSX40\/SSX45\" \/>\n<meta property=\"og:description\" content=\"SSX40\/SSX45 son spreaders telesc\u00f3picos de un solo elevador para uso en gr\u00faas STS. Los spreaders est\u00e1n dise\u00f1ados para entornos de alto rendimiento y para el servicio en gr\u00faas de alta velocidad.\" \/>\n<meta property=\"og:url\" content=\"https:\/\/bromma.com\/es-old\/products\/ssx40-ssx45\/\" \/>\n<meta property=\"og:site_name\" content=\"Bromma\" \/>\n<meta property=\"og:image\" content=\"https:\/\/bromma.com\/es-old\/wp-content\/uploads\/sites\/5\/2019\/06\/SSX40_SSX45spreader.jpg\" \/>\n\t<meta property=\"og:image:width\" content=\"1920\" \/>\n\t<meta property=\"og:image:height\" content=\"1080\" \/>\n\t<meta property=\"og:image:type\" content=\"image\/jpeg\" \/>\n<meta name=\"twitter:card\" content=\"summary_large_image\" \/>\n<meta name=\"twitter:label1\" content=\"Tiempo de lectura\" \/>\n\t<meta name=\"twitter:data1\" content=\"1 minuto\" \/>\n<script type=\"application\/ld+json\" class=\"yoast-schema-graph\">{\"@context\":\"https:\\\/\\\/schema.org\",\"@graph\":[{\"@type\":\"WebPage\",\"@id\":\"https:\\\/\\\/bromma.com\\\/es-old\\\/products\\\/ssx40-ssx45\\\/\",\"url\":\"https:\\\/\\\/bromma.com\\\/es-old\\\/products\\\/ssx40-ssx45\\\/\",\"name\":\"SSX40\\\/SSX45 - Bromma\",\"isPartOf\":{\"@id\":\"https:\\\/\\\/bromma.com\\\/es-old\\\/#website\"},\"primaryImageOfPage\":{\"@id\":\"https:\\\/\\\/bromma.com\\\/es-old\\\/products\\\/ssx40-ssx45\\\/#primaryimage\"},\"image\":{\"@id\":\"https:\\\/\\\/bromma.com\\\/es-old\\\/products\\\/ssx40-ssx45\\\/#primaryimage\"},\"thumbnailUrl\":\"https:\\\/\\\/bromma.com\\\/es-old\\\/wp-content\\\/uploads\\\/sites\\\/5\\\/2019\\\/06\\\/SSX40_SSX45spreader.jpg\",\"datePublished\":\"2019-06-07T10:41:01+00:00\",\"description\":\"SSX40\\\/SSX45 son spreaders telesc\u00f3picos de un solo elevador para uso en gr\u00faas STS. Los spreaders est\u00e1n dise\u00f1ados para entornos de alto rendimiento y para el servicio en gr\u00faas de alta velocidad.\",\"breadcrumb\":{\"@id\":\"https:\\\/\\\/bromma.com\\\/es-old\\\/products\\\/ssx40-ssx45\\\/#breadcrumb\"},\"inLanguage\":\"es\",\"potentialAction\":[{\"@type\":\"ReadAction\",\"target\":[\"https:\\\/\\\/bromma.com\\\/es-old\\\/products\\\/ssx40-ssx45\\\/\"]}]},{\"@type\":\"ImageObject\",\"inLanguage\":\"es\",\"@id\":\"https:\\\/\\\/bromma.com\\\/es-old\\\/products\\\/ssx40-ssx45\\\/#primaryimage\",\"url\":\"https:\\\/\\\/bromma.com\\\/es-old\\\/wp-content\\\/uploads\\\/sites\\\/5\\\/2019\\\/06\\\/SSX40_SSX45spreader.jpg\",\"contentUrl\":\"https:\\\/\\\/bromma.com\\\/es-old\\\/wp-content\\\/uploads\\\/sites\\\/5\\\/2019\\\/06\\\/SSX40_SSX45spreader.jpg\",\"width\":1920,\"height\":1080,\"caption\":\"Spreaders Bromma SSX40\\\/SSX45\"},{\"@type\":\"BreadcrumbList\",\"@id\":\"https:\\\/\\\/bromma.com\\\/es-old\\\/products\\\/ssx40-ssx45\\\/#breadcrumb\",\"itemListElement\":[{\"@type\":\"ListItem\",\"position\":1,\"name\":\"Home\",\"item\":\"https:\\\/\\\/bromma.com\\\/es-old\\\/\"},{\"@type\":\"ListItem\",\"position\":2,\"name\":\"Productos\",\"item\":\"https:\\\/\\\/bromma.com\\\/es-old\\\/products\\\/\"},{\"@type\":\"ListItem\",\"position\":3,\"name\":\"SSX40\\\/SSX45\"}]},{\"@type\":\"WebSite\",\"@id\":\"https:\\\/\\\/bromma.com\\\/es-old\\\/#website\",\"url\":\"https:\\\/\\\/bromma.com\\\/es-old\\\/\",\"name\":\"Bromma\",\"description\":\"Una tradici\u00f3n de innovaci\u00f3n\",\"publisher\":{\"@id\":\"https:\\\/\\\/bromma.com\\\/es-old\\\/#organization\"},\"potentialAction\":[{\"@type\":\"SearchAction\",\"target\":{\"@type\":\"EntryPoint\",\"urlTemplate\":\"https:\\\/\\\/bromma.com\\\/es-old\\\/?s={search_term_string}\"},\"query-input\":{\"@type\":\"PropertyValueSpecification\",\"valueRequired\":true,\"valueName\":\"search_term_string\"}}],\"inLanguage\":\"es\"},{\"@type\":\"Organization\",\"@id\":\"https:\\\/\\\/bromma.com\\\/es-old\\\/#organization\",\"name\":\"Bromma\",\"url\":\"https:\\\/\\\/bromma.com\\\/es-old\\\/\",\"logo\":{\"@type\":\"ImageObject\",\"inLanguage\":\"es\",\"@id\":\"https:\\\/\\\/bromma.com\\\/es-old\\\/#\\\/schema\\\/logo\\\/image\\\/\",\"url\":\"https:\\\/\\\/bromma.com\\\/es\\\/wp-content\\\/uploads\\\/sites\\\/5\\\/2020\\\/05\\\/Bromma-logo_blue_RGB_SPA.png\",\"contentUrl\":\"https:\\\/\\\/bromma.com\\\/es\\\/wp-content\\\/uploads\\\/sites\\\/5\\\/2020\\\/05\\\/Bromma-logo_blue_RGB_SPA.png\",\"width\":512,\"height\":512,\"caption\":\"Bromma\"},\"image\":{\"@id\":\"https:\\\/\\\/bromma.com\\\/es-old\\\/#\\\/schema\\\/logo\\\/image\\\/\"}}]}<\/script>\n<!-- \/ Yoast SEO Premium plugin. -->","yoast_head_json":{"title":"SSX40\/SSX45 - Bromma","description":"SSX40\/SSX45 son spreaders telesc\u00f3picos de un solo elevador para uso en gr\u00faas STS. Los spreaders est\u00e1n dise\u00f1ados para entornos de alto rendimiento y para el servicio en gr\u00faas de alta velocidad.","robots":{"index":"index","follow":"follow","max-snippet":"max-snippet:-1","max-image-preview":"max-image-preview:large","max-video-preview":"max-video-preview:-1"},"canonical":"https:\/\/bromma.com\/es-old\/products\/ssx40-ssx45\/","og_locale":"es_ES","og_type":"article","og_title":"SSX40\/SSX45","og_description":"SSX40\/SSX45 son spreaders telesc\u00f3picos de un solo elevador para uso en gr\u00faas STS. Los spreaders est\u00e1n dise\u00f1ados para entornos de alto rendimiento y para el servicio en gr\u00faas de alta velocidad.","og_url":"https:\/\/bromma.com\/es-old\/products\/ssx40-ssx45\/","og_site_name":"Bromma","og_image":[{"width":1920,"height":1080,"url":"https:\/\/bromma.com\/es-old\/wp-content\/uploads\/sites\/5\/2019\/06\/SSX40_SSX45spreader.jpg","type":"image\/jpeg"}],"twitter_card":"summary_large_image","twitter_misc":{"Tiempo de lectura":"1 minuto"},"schema":{"@context":"https:\/\/schema.org","@graph":[{"@type":"WebPage","@id":"https:\/\/bromma.com\/es-old\/products\/ssx40-ssx45\/","url":"https:\/\/bromma.com\/es-old\/products\/ssx40-ssx45\/","name":"SSX40\/SSX45 - Bromma","isPartOf":{"@id":"https:\/\/bromma.com\/es-old\/#website"},"primaryImageOfPage":{"@id":"https:\/\/bromma.com\/es-old\/products\/ssx40-ssx45\/#primaryimage"},"image":{"@id":"https:\/\/bromma.com\/es-old\/products\/ssx40-ssx45\/#primaryimage"},"thumbnailUrl":"https:\/\/bromma.com\/es-old\/wp-content\/uploads\/sites\/5\/2019\/06\/SSX40_SSX45spreader.jpg","datePublished":"2019-06-07T10:41:01+00:00","description":"SSX40\/SSX45 son spreaders telesc\u00f3picos de un solo elevador para uso en gr\u00faas STS. Los spreaders est\u00e1n dise\u00f1ados para entornos de alto rendimiento y para el servicio en gr\u00faas de alta velocidad.","breadcrumb":{"@id":"https:\/\/bromma.com\/es-old\/products\/ssx40-ssx45\/#breadcrumb"},"inLanguage":"es","potentialAction":[{"@type":"ReadAction","target":["https:\/\/bromma.com\/es-old\/products\/ssx40-ssx45\/"]}]},{"@type":"ImageObject","inLanguage":"es","@id":"https:\/\/bromma.com\/es-old\/products\/ssx40-ssx45\/#primaryimage","url":"https:\/\/bromma.com\/es-old\/wp-content\/uploads\/sites\/5\/2019\/06\/SSX40_SSX45spreader.jpg","contentUrl":"https:\/\/bromma.com\/es-old\/wp-content\/uploads\/sites\/5\/2019\/06\/SSX40_SSX45spreader.jpg","width":1920,"height":1080,"caption":"Spreaders Bromma SSX40\/SSX45"},{"@type":"BreadcrumbList","@id":"https:\/\/bromma.com\/es-old\/products\/ssx40-ssx45\/#breadcrumb","itemListElement":[{"@type":"ListItem","position":1,"name":"Home","item":"https:\/\/bromma.com\/es-old\/"},{"@type":"ListItem","position":2,"name":"Productos","item":"https:\/\/bromma.com\/es-old\/products\/"},{"@type":"ListItem","position":3,"name":"SSX40\/SSX45"}]},{"@type":"WebSite","@id":"https:\/\/bromma.com\/es-old\/#website","url":"https:\/\/bromma.com\/es-old\/","name":"Bromma","description":"Una tradici\u00f3n de innovaci\u00f3n","publisher":{"@id":"https:\/\/bromma.com\/es-old\/#organization"},"potentialAction":[{"@type":"SearchAction","target":{"@type":"EntryPoint","urlTemplate":"https:\/\/bromma.com\/es-old\/?s={search_term_string}"},"query-input":{"@type":"PropertyValueSpecification","valueRequired":true,"valueName":"search_term_string"}}],"inLanguage":"es"},{"@type":"Organization","@id":"https:\/\/bromma.com\/es-old\/#organization","name":"Bromma","url":"https:\/\/bromma.com\/es-old\/","logo":{"@type":"ImageObject","inLanguage":"es","@id":"https:\/\/bromma.com\/es-old\/#\/schema\/logo\/image\/","url":"https:\/\/bromma.com\/es\/wp-content\/uploads\/sites\/5\/2020\/05\/Bromma-logo_blue_RGB_SPA.png","contentUrl":"https:\/\/bromma.com\/es\/wp-content\/uploads\/sites\/5\/2020\/05\/Bromma-logo_blue_RGB_SPA.png","width":512,"height":512,"caption":"Bromma"},"image":{"@id":"https:\/\/bromma.com\/es-old\/#\/schema\/logo\/image\/"}}]}},"_links":{"self":[{"href":"https:\/\/bromma.com\/es-old\/wp-json\/wp\/v2\/product\/930","targetHints":{"allow":["GET"]}}],"collection":[{"href":"https:\/\/bromma.com\/es-old\/wp-json\/wp\/v2\/product"}],"about":[{"href":"https:\/\/bromma.com\/es-old\/wp-json\/wp\/v2\/types\/product"}],"wp:featuredmedia":[{"embeddable":true,"href":"https:\/\/bromma.com\/es-old\/wp-json\/wp\/v2\/media\/931"}],"wp:attachment":[{"href":"https:\/\/bromma.com\/es-old\/wp-json\/wp\/v2\/media?parent=930"}],"wp:term":[{"taxonomy":"product_brand","embeddable":true,"href":"https:\/\/bromma.com\/es-old\/wp-json\/wp\/v2\/product_brand?post=930"},{"taxonomy":"product_cat","embeddable":true,"href":"https:\/\/bromma.com\/es-old\/wp-json\/wp\/v2\/product_cat?post=930"},{"taxonomy":"product_tag","embeddable":true,"href":"https:\/\/bromma.com\/es-old\/wp-json\/wp\/v2\/product_tag?post=930"}],"curies":[{"name":"wp","href":"https:\/\/api.w.org\/{rel}","templated":true}]}}