{"id":1129,"date":"2019-06-13T00:55:51","date_gmt":"2019-06-12T22:55:51","guid":{"rendered":"https:\/\/brommadev.wpengine.com\/?page_id=1129"},"modified":"2019-06-13T00:55:51","modified_gmt":"2019-06-12T22:55:51","slug":"legal-notice","status":"publish","type":"page","link":"https:\/\/bromma.com\/es\/legal-notice\/","title":{"rendered":"Aviso legal"},"content":{"rendered":"<p>[et_pb_section fb_built=&#8221;1&#8243; admin_label=&#8221;section&#8221; _builder_version=&#8221;3.22.3&#8243;][et_pb_row admin_label=&#8221;row&#8221; _builder_version=&#8221;3.22.3&#8243; background_size=&#8221;initial&#8221; background_position=&#8221;top_left&#8221; background_repeat=&#8221;repeat&#8221;][et_pb_column type=&#8221;4_4&#8243; _builder_version=&#8221;3.0.47&#8243;][et_pb_text admin_label=&#8221;Text&#8221; _builder_version=&#8221;3.24&#8243; background_size=&#8221;initial&#8221; background_position=&#8221;top_left&#8221; background_repeat=&#8221;repeat&#8221;]<\/p>\n<h1>Aviso legal<\/h1>\n<p>Al acceder a las p\u00e1ginas de Internet de Bromma en www.bromma.com, o a cualquiera de sus subsitios (en adelante, el &#8220;Sitio&#8221;), acepta los siguientes t\u00e9rminos y condiciones. No debe entrar a este Sitio si no est\u00e1 de acuerdo con todos los t\u00e9rminos y condiciones siguientes.<\/p>\n<h2>Licencia limitada<\/h2>\n<p>Con sujeci\u00f3n a los t\u00e9rminos y condiciones establecidos en el presente documento y a todas las leyes y normativas locales aplicables, Bromma le concede un derecho no exclusivo, intransferible, personal y limitado para acceder, utilizar y mostrar este Sitio y los materiales que lo acompa\u00f1an, \u00fanicamente para su uso personal. Esta autorizaci\u00f3n no es una cesi\u00f3n de t\u00edtulo al Sitio y a los materiales contenidos en el mismo y est\u00e1 sujeta a las siguientes restricciones: (i) debe conservar, en todas las copias del Sitio y los materiales, todos los derechos de autor y otras notificaciones de propiedad de Bromma; y (ii) no puede modificar, distribuir, transferir ni almacenar el Sitio ni los materiales de ninguna manera, ni reproducir o mostrar p\u00fablicamente, ni actuar, ni utilizar de ninguna otra forma el Sitio ni los materiales con ning\u00fan fin p\u00fablico o comercial, salvo que en el presente documento se permita expresamente lo contrario.<\/p>\n<h2>Copyright<\/h2>\n<p>Los contenidos del Sitio son Copyright \u00a9 de Bromma. Se reservan todos los derechos que no se otorguen expresamente en el presente documento.<\/p>\n<h2>Modificaci\u00f3n del Sitio<\/h2>\n<p>Bromma se reserva el derecho de cambiar o modificar el contenido del Sitio, incluyendo pero no limitado a este Aviso Legal o a retirar o limitar el acceso al Sitio en cualquier momento con o sin previo aviso.<\/p>\n<h2>Descargo de responsabilidad<\/h2>\n<p>Los contenidos del Sitio se proporcionan &#8220;tal cual&#8221; y &#8220;seg\u00fan disponibilidad&#8221;. El uso de cualquier informaci\u00f3n, herramientas y servicios del Sitio se realizar\u00e1 bajo la exclusiva responsabilidad del usuario y Bromma no garantiza la exactitud o funcionalidad de dicha informaci\u00f3n, herramientas o servicios. Salvo que lo exija la ley aplicable, no se ofrece ninguna garant\u00eda de ning\u00fan tipo, ya sea expresa o impl\u00edcita, en relaci\u00f3n con la disponibilidad, exactitud, fiabilidad o contenido del Sitio.<\/p>\n<h2>Limitaci\u00f3n de responsabilidad<\/h2>\n<p>Salvo que lo exija la ley aplicable, Bromma no ser\u00e1 responsable de ning\u00fan da\u00f1o directo, indirecto, incidental, especial o consecuente, p\u00e9rdida de beneficios o interrupci\u00f3n del negocio que surja del uso o la imposibilidad de usar el Sitio y los servicios proporcionados en el Sitio, incluso si Bromma ha sido advertida de tales da\u00f1os. Bromma no se responsabiliza de las inexactitudes, retrasos o fallos contenidos en el Sitio, y no est\u00e1 obligada a notificar a los usuarios la actualizaci\u00f3n de la informaci\u00f3n. Bromma no se hace responsable de ninguna p\u00e9rdida o da\u00f1o causado por su confianza en los datos o servicios contenidos en el Sitio o en los datos que el usuario haya introducido en el Sitio.<\/p>\n<h2>Enlaces<\/h2>\n<p>El Sitio puede incluir enlaces a sitios web y recursos propiedad de terceros y gestionados por ellos. Bromma no asume ninguna responsabilidad y no respalda ni garantiza de ninguna manera el material creado o publicado por terceros con el que el Sitio tenga un enlace.<\/p>\n<h2>Env\u00edo de informaci\u00f3n<\/h2>\n<p>Al enviar informaci\u00f3n o material (como comentarios, datos, respuestas, preguntas, comentarios, sugerencias, ideas, planes, pedidos, solicitudes o similares) a Bromma, por ejemplo, por correo electr\u00f3nico o a trav\u00e9s del Sitio, usted acepta que: (i) el material no contendr\u00e1 ning\u00fan art\u00edculo que sea ilegal, calumnioso, difamatorio, obsceno, pornogr\u00e1fico, abusivo, acosador o amenazante, o que de otra manera no sea apto para su publicaci\u00f3n; (ii) usted har\u00e1 todo lo posible por analizar y eliminar los virus u otras amenazas o elementos perturbadores o destructivos antes de enviar cualquier material; (iii) usted es el propietario del material o tiene el derecho ilimitado de proporcion\u00e1rnoslo, y Bromma puede publicar el material y\/o incorporarlo o cualquiera de los conceptos descritos en \u00e9l en nuestros productos sin compensaci\u00f3n, restricciones de uso, reconocimiento de la fuente, responsabilidad o obligaci\u00f3n; y (iv) usted acepta no tomar medidas contra Bromma en relaci\u00f3n con el material que usted env\u00ede, y usted acepta indemnizar a Bromma si alguna de las partes toma medidas contra Bromma en relaci\u00f3n con el material que usted env\u00ede.<\/p>\n<p>[\/et_pb_text][\/et_pb_column][\/et_pb_row][\/et_pb_section]<\/p>\n","protected":false},"excerpt":{"rendered":"<a href=\"https:\/\/bromma.com\/es\/legal-notice\/\" class=\"excerpt\">read more\n<\/a><br><a href=\"https:\/\/bromma.com\/es\/legal-notice\/\" class=\"excerptreadmore\">read more<\/a>","protected":false},"author":5,"featured_media":0,"parent":0,"menu_order":0,"comment_status":"closed","ping_status":"open","template":"predeterminado","meta":{"_et_pb_use_builder":"on","_et_pb_old_content":"<h1>Pol\u00edtica de privacidad<\/h1>\n<p>Esta Pol\u00edtica de Privacidad relacionada con el servicio bromma.com del \u00e1rea de negocio Bromma dentro de Cargotec Corporation (\"Pol\u00edtica de Privacidad\") le proporciona informaci\u00f3n general sobre el procesamiento de datos personales del \u00e1rea de negocio Bromma dentro de Cargotec Corporation y sus empleados, socios y filiales (\"Bromma\") en relaci\u00f3n con esta p\u00e1gina web y con el servicio de bromma.com de Bromma (el \"Sitio\"). Lea atentamente esta Pol\u00edtica de Privacidad antes de acceder al Sitio. Si no est\u00e1 de acuerdo con esta Pol\u00edtica de Privacidad, le rogamos que abandone este Sitio.<\/p>\n<h2>Protecci\u00f3n de datos del usuario y seguridad de los datos<\/h2>\n<p>Bromma se ha esforzado por adoptar las medidas adecuadas para proteger los datos personales facilitados a trav\u00e9s de este Sitio. Tenga en cuenta, sin embargo, que siempre hay riesgos asociados con el suministro de datos personales y que ning\u00fan sistema de tecnolog\u00eda es completamente seguro. Bromma procesa sus datos personales de acuerdo con la Ley de Datos Personales (523\/1999) y otras leyes de datos personales aplicables.<\/p>\n<h2>Finalidad del tratamiento<\/h2>\n<p>El objetivo de Bromma es garantizar un procesamiento de datos tan eficiente y seguro como sea posible. Adem\u00e1s, Bromma busca desarrollar el Sitio para una mejor calidad y un alcance m\u00e1s amplio de los servicios. El objetivo de Bromma es producir servicios rentables que reconozcan sus necesidades espec\u00edficas sin que usted tenga que registrarse por separado para cada uno de los diferentes servicios que se ofrecen en el Sitio.<\/p>\n<h2>Cookies<\/h2>\n<p>Ocasionalmente, Bromma puede introducir informaci\u00f3n en su computador para permitirnos identificar a los usuarios del Sitio. Esta informaci\u00f3n se conoce com\u00fanmente como \"cookies\". Las cookies proporcionan a Bromma informaci\u00f3n sobre c\u00f3mo y cu\u00e1ndo se utiliza el Sitio, d\u00f3nde se encuentra el usuario en la estructura del Sitio y ayudan a Bromma a mejorar el Sitio para mejorar su servicio. Las cookies se utilizan com\u00fanmente en muchos sitios web. Si no quiere recibir cookies, o desea que se le notifique cuando se instalan, puede configurar su navegador para que lo haga, siempre que su navegador tenga esta funci\u00f3n.<\/p>\n<h2>El tratamiento de los datos personales se basa en su consentimiento<\/h2>\n<p>El tratamiento de los datos personales se realiza con su consentimiento. Usted puede revocar su consentimiento en cualquier momento. Dado que el procesamiento de sus datos personales es necesario para que podamos proporcionarle nuestros servicios y productos, la revocaci\u00f3n de su consentimiento puede llevar a una situaci\u00f3n en la que no podamos proporcionarle algunos de los servicios y productos. El Sitio est\u00e1 dividido t\u00e9cnicamente en secciones separadas, algunas de las cuales pueden requerir que recopilemos m\u00e1s datos personales de usted, mientras que otras pueden utilizarse sin procesar ning\u00fan dato personal.<\/p>\n<h2>Cesi\u00f3n de datos personales<\/h2>\n<p>Bromma no transferir\u00e1 ning\u00fan dato personal fuera de Bromma o de sus socios y filiales. Debido a los requisitos t\u00e9cnicos y pr\u00e1cticos del tratamiento, algunos de los datos personales pueden estar ubicados en los servidores de los subcontratistas o ser procesados por subcontratistas, que han aceptado las normas de tratamiento de datos de Bromma. Bromma puede proporcionar estad\u00edsticas agregadas sobre sus clientes, ventas, patrones de tr\u00e1fico y otra informaci\u00f3n relacionada con el Sitio a terceros de confianza, pero estas estad\u00edsticas no incluir\u00e1n datos personales.<\/p>\n<h2>Contacto con Bromma<\/h2>\n<p>En cualquier momento puede ponerse en contacto con Bromma para comprobar que los datos personales que le conciernen son correctos. A petici\u00f3n suya, Bromma rectificar\u00e1 o borrar\u00e1 cualquier dato personal incompleto, inexacto o no actualizado. Para obtener m\u00e1s informaci\u00f3n, p\u00f3ngase en contacto con Bromma enviando un correo electr\u00f3nico a trav\u00e9s de www.bromma.com Dado que Bromma trata de desarrollar el Sitio de forma continua, tambi\u00e9n esta declaraci\u00f3n puede actualizarse para que responda a la situaci\u00f3n actual. Bromma se reserva el derecho de modificar esta Pol\u00edtica de Privacidad y espera que usted revise esta Pol\u00edtica de Privacidad de vez en cuando para conocer cualquier modificaci\u00f3n. Las posibles preguntas y comentarios adicionales sobre las actividades de Bromma como responsable del tratamiento de datos se enviar\u00e1n a Bromma por correo electr\u00f3nico.<\/p>","_et_gb_content_width":"","footnotes":""},"class_list":["post-1129","page","type-page","status-publish","hentry"],"yoast_head":"<!-- This site is optimized with the Yoast SEO Premium plugin v27.2 (Yoast SEO v27.2) - https:\/\/yoast.com\/product\/yoast-seo-premium-wordpress\/ -->\n<title>Aviso legal - Bromma<\/title>\n<meta name=\"robots\" content=\"index, follow, max-snippet:-1, max-image-preview:large, max-video-preview:-1\" \/>\n<link rel=\"canonical\" href=\"https:\/\/bromma.com\/es\/legal-notice\/\" \/>\n<meta property=\"og:locale\" content=\"es_ES\" \/>\n<meta property=\"og:type\" content=\"article\" \/>\n<meta property=\"og:title\" content=\"Aviso legal\" \/>\n<meta property=\"og:description\" content=\"read more\" \/>\n<meta property=\"og:url\" content=\"https:\/\/bromma.com\/es\/legal-notice\/\" \/>\n<meta property=\"og:site_name\" content=\"Bromma\" \/>\n<meta name=\"twitter:card\" content=\"summary_large_image\" \/>\n<meta name=\"twitter:label1\" content=\"Tiempo de lectura\" \/>\n\t<meta name=\"twitter:data1\" content=\"4 minutos\" \/>\n<script type=\"application\/ld+json\" class=\"yoast-schema-graph\">{\"@context\":\"https:\/\/schema.org\",\"@graph\":[{\"@type\":\"WebPage\",\"@id\":\"https:\/\/bromma.com\/es\/legal-notice\/\",\"url\":\"https:\/\/bromma.com\/es\/legal-notice\/\",\"name\":\"Aviso legal - Bromma\",\"isPartOf\":{\"@id\":\"https:\/\/bromma.com\/es\/#website\"},\"datePublished\":\"2019-06-12T22:55:51+00:00\",\"breadcrumb\":{\"@id\":\"https:\/\/bromma.com\/es\/legal-notice\/#breadcrumb\"},\"inLanguage\":\"es\",\"potentialAction\":[{\"@type\":\"ReadAction\",\"target\":[\"https:\/\/bromma.com\/es\/legal-notice\/\"]}]},{\"@type\":\"BreadcrumbList\",\"@id\":\"https:\/\/bromma.com\/es\/legal-notice\/#breadcrumb\",\"itemListElement\":[{\"@type\":\"ListItem\",\"position\":1,\"name\":\"Home\",\"item\":\"https:\/\/bromma.com\/es\/\"},{\"@type\":\"ListItem\",\"position\":2,\"name\":\"Aviso legal\"}]},{\"@type\":\"WebSite\",\"@id\":\"https:\/\/bromma.com\/es\/#website\",\"url\":\"https:\/\/bromma.com\/es\/\",\"name\":\"Bromma\",\"description\":\"Una tradici\u00f3n de innovaci\u00f3n\",\"publisher\":{\"@id\":\"https:\/\/bromma.com\/es\/#organization\"},\"potentialAction\":[{\"@type\":\"SearchAction\",\"target\":{\"@type\":\"EntryPoint\",\"urlTemplate\":\"https:\/\/bromma.com\/es\/?s={search_term_string}\"},\"query-input\":{\"@type\":\"PropertyValueSpecification\",\"valueRequired\":true,\"valueName\":\"search_term_string\"}}],\"inLanguage\":\"es\"},{\"@type\":\"Organization\",\"@id\":\"https:\/\/bromma.com\/es\/#organization\",\"name\":\"Bromma\",\"url\":\"https:\/\/bromma.com\/es\/\",\"logo\":{\"@type\":\"ImageObject\",\"inLanguage\":\"es\",\"@id\":\"https:\/\/bromma.com\/es\/#\/schema\/logo\/image\/\",\"url\":\"https:\/\/bromma.com\/es\/wp-content\/uploads\/sites\/5\/2020\/05\/Bromma-logo_blue_RGB_SPA.png\",\"contentUrl\":\"https:\/\/bromma.com\/es\/wp-content\/uploads\/sites\/5\/2020\/05\/Bromma-logo_blue_RGB_SPA.png\",\"width\":512,\"height\":512,\"caption\":\"Bromma\"},\"image\":{\"@id\":\"https:\/\/bromma.com\/es\/#\/schema\/logo\/image\/\"}}]}<\/script>\n<!-- \/ Yoast SEO Premium plugin. -->","yoast_head_json":{"title":"Aviso legal - Bromma","robots":{"index":"index","follow":"follow","max-snippet":"max-snippet:-1","max-image-preview":"max-image-preview:large","max-video-preview":"max-video-preview:-1"},"canonical":"https:\/\/bromma.com\/es\/legal-notice\/","og_locale":"es_ES","og_type":"article","og_title":"Aviso legal","og_description":"read more","og_url":"https:\/\/bromma.com\/es\/legal-notice\/","og_site_name":"Bromma","twitter_card":"summary_large_image","twitter_misc":{"Tiempo de lectura":"4 minutos"},"schema":{"@context":"https:\/\/schema.org","@graph":[{"@type":"WebPage","@id":"https:\/\/bromma.com\/es\/legal-notice\/","url":"https:\/\/bromma.com\/es\/legal-notice\/","name":"Aviso legal - Bromma","isPartOf":{"@id":"https:\/\/bromma.com\/es\/#website"},"datePublished":"2019-06-12T22:55:51+00:00","breadcrumb":{"@id":"https:\/\/bromma.com\/es\/legal-notice\/#breadcrumb"},"inLanguage":"es","potentialAction":[{"@type":"ReadAction","target":["https:\/\/bromma.com\/es\/legal-notice\/"]}]},{"@type":"BreadcrumbList","@id":"https:\/\/bromma.com\/es\/legal-notice\/#breadcrumb","itemListElement":[{"@type":"ListItem","position":1,"name":"Home","item":"https:\/\/bromma.com\/es\/"},{"@type":"ListItem","position":2,"name":"Aviso legal"}]},{"@type":"WebSite","@id":"https:\/\/bromma.com\/es\/#website","url":"https:\/\/bromma.com\/es\/","name":"Bromma","description":"Una tradici\u00f3n de innovaci\u00f3n","publisher":{"@id":"https:\/\/bromma.com\/es\/#organization"},"potentialAction":[{"@type":"SearchAction","target":{"@type":"EntryPoint","urlTemplate":"https:\/\/bromma.com\/es\/?s={search_term_string}"},"query-input":{"@type":"PropertyValueSpecification","valueRequired":true,"valueName":"search_term_string"}}],"inLanguage":"es"},{"@type":"Organization","@id":"https:\/\/bromma.com\/es\/#organization","name":"Bromma","url":"https:\/\/bromma.com\/es\/","logo":{"@type":"ImageObject","inLanguage":"es","@id":"https:\/\/bromma.com\/es\/#\/schema\/logo\/image\/","url":"https:\/\/bromma.com\/es\/wp-content\/uploads\/sites\/5\/2020\/05\/Bromma-logo_blue_RGB_SPA.png","contentUrl":"https:\/\/bromma.com\/es\/wp-content\/uploads\/sites\/5\/2020\/05\/Bromma-logo_blue_RGB_SPA.png","width":512,"height":512,"caption":"Bromma"},"image":{"@id":"https:\/\/bromma.com\/es\/#\/schema\/logo\/image\/"}}]}},"_links":{"self":[{"href":"https:\/\/bromma.com\/es\/wp-json\/wp\/v2\/pages\/1129","targetHints":{"allow":["GET"]}}],"collection":[{"href":"https:\/\/bromma.com\/es\/wp-json\/wp\/v2\/pages"}],"about":[{"href":"https:\/\/bromma.com\/es\/wp-json\/wp\/v2\/types\/page"}],"author":[{"embeddable":true,"href":"https:\/\/bromma.com\/es\/wp-json\/wp\/v2\/users\/5"}],"replies":[{"embeddable":true,"href":"https:\/\/bromma.com\/es\/wp-json\/wp\/v2\/comments?post=1129"}],"version-history":[{"count":0,"href":"https:\/\/bromma.com\/es\/wp-json\/wp\/v2\/pages\/1129\/revisions"}],"wp:attachment":[{"href":"https:\/\/bromma.com\/es\/wp-json\/wp\/v2\/media?parent=1129"}],"curies":[{"name":"wp","href":"https:\/\/api.w.org\/{rel}","templated":true}]}}