{"id":39,"date":"2019-05-06T11:48:37","date_gmt":"2019-05-06T09:48:37","guid":{"rendered":"https:\/\/brommadev.wpengine.com\/?page_id=39"},"modified":"2026-04-01T13:26:56","modified_gmt":"2026-04-01T11:26:56","slug":"spare-parts","status":"publish","type":"page","link":"https:\/\/bromma.com\/es\/spare-parts\/","title":{"rendered":"Spare Parts"},"content":{"rendered":"<p>[et_pb_section fb_built=&#8221;1&#8243; _builder_version=&#8221;4.27.6&#8243; _module_preset=&#8221;8a839702-7551-4491-9b30-0fb036d2c746&#8243; background_image=&#8221;https:\/\/bromma.com\/wp-content\/uploads\/2025\/10\/Spare-part-branded-enlarged_resized.jpg&#8221; parallax=&#8221;off&#8221; background_position=&#8221;top_center&#8221; background_vertical_offset=&#8221;27%&#8221; height=&#8221;450px&#8221; hover_enabled=&#8221;0&#8243; global_colors_info=&#8221;{}&#8221; sticky_enabled=&#8221;0&#8243;][\/et_pb_section][et_pb_section fb_built=&#8221;1&#8243; _builder_version=&#8221;4.27.5&#8243; _module_preset=&#8221;03387c33-40c5-4863-a77f-c7b722832ae5&#8243; background_color=&#8221;#F5F3EE&#8221; background_enable_image=&#8221;off&#8221; min_height=&#8221;438px&#8221; min_height_tablet=&#8221;438px&#8221; min_height_phone=&#8221;438px&#8221; min_height_last_edited=&#8221;on|tablet&#8221; height=&#8221;auto&#8221; height_tablet=&#8221;&#8221; height_phone=&#8221;&#8221; height_last_edited=&#8221;on|phone&#8221; custom_margin=&#8221;||||false|false&#8221; custom_padding=&#8221;80px||80px||false|false&#8221; global_colors_info=&#8221;{}&#8221;][et_pb_row column_structure=&#8221;1_2,1_2&#8243; _builder_version=&#8221;4.27.4&#8243; _module_preset=&#8221;4b742505-8c91-46dc-9dab-4b237d94717f&#8221; global_colors_info=&#8221;{}&#8221;][et_pb_column type=&#8221;1_2&#8243; _builder_version=&#8221;4.27.4&#8243; _module_preset=&#8221;default&#8221; global_colors_info=&#8221;{}&#8221;][et_pb_heading title=&#8221;Get the right parts, right on time.&#8221; _builder_version=&#8221;4.27.4&#8243; _module_preset=&#8221;1e1c7147-9640-4669-bd06-52a3ad5ef122&#8243; global_colors_info=&#8221;{}&#8221;][\/et_pb_heading][\/et_pb_column][et_pb_column type=&#8221;1_2&#8243; _builder_version=&#8221;4.27.4&#8243; _module_preset=&#8221;default&#8221; global_colors_info=&#8221;{}&#8221;][et_pb_text _builder_version=&#8221;4.27.4&#8243; _module_preset=&#8221;ed06bb4e-e98b-4831-8f63-241ed865b7ca&#8221; global_colors_info=&#8221;{}&#8221;]<\/p>\n<p>En condiciones exigentes, es normal que se produzca desgaste y fatiga. Las piezas originales Bromma est\u00e1n dise\u00f1adas espec\u00edficamente para nuestros equipos, lo que garantiza una calidad, seguridad y durabilidad superiores.<\/p>\n<p>Visite la tienda web de BrommaParts para disfrutar de la mejor experiencia al realizar pedidos de repuestos.<\/p>\n<p>[\/et_pb_text][\/et_pb_column][\/et_pb_row][et_pb_row column_structure=&#8221;1_2,1_2&#8243; _builder_version=&#8221;4.27.5&#8243; _module_preset=&#8221;default&#8221; custom_margin=&#8221;||||false|false&#8221; custom_margin_tablet=&#8221;||||false|false&#8221; custom_margin_phone=&#8221;||||false|false&#8221; custom_margin_last_edited=&#8221;on|phone&#8221; custom_padding=&#8221;0px||||false|false&#8221; global_colors_info=&#8221;{}&#8221;][et_pb_column type=&#8221;1_2&#8243; _builder_version=&#8221;4.27.5&#8243; _module_preset=&#8221;default&#8221; custom_padding=&#8221;0px||||false|false&#8221; global_colors_info=&#8221;{}&#8221;][\/et_pb_column][et_pb_column type=&#8221;1_2&#8243; _builder_version=&#8221;4.27.5&#8243; _module_preset=&#8221;default&#8221; custom_padding=&#8221;0px||||false|false&#8221; custom_css_main_element=&#8221;display: flex;||flex-wrap: wrap;||gap: 30px;||justify-content: flex-start;&#8221; global_colors_info=&#8221;{}&#8221;][et_pb_button button_url=&#8221;https:\/\/parts.bromma.com\/&#8221; url_new_window=&#8221;on&#8221; button_text=&#8221;Log in to your account&#8221; _builder_version=&#8221;4.27.5&#8243; _module_preset=&#8221;3ec1002b-9bd4-468d-a5b2-c57f9c56f928&#8243; custom_margin=&#8221;||0px||false|false&#8221; custom_padding_tablet=&#8221;&#8221; custom_padding_phone=&#8221;||||false|false&#8221; custom_padding_last_edited=&#8221;on|phone&#8221; custom_css_main_element=&#8221;display: flex;||flex-wrap: wrap;&#8221; global_colors_info=&#8221;{}&#8221;][\/et_pb_button][et_pb_button button_url=&#8221;#form&#8221; url_new_window=&#8221;on&#8221; button_text=&#8221;Create an account&#8221; _builder_version=&#8221;4.27.5&#8243; _module_preset=&#8221;240c0218-c01b-4d33-873d-268a72d7530b&#8221; custom_css_main_element=&#8221;display: flex;||flex-wrap: wrap;&#8221; global_colors_info=&#8221;{}&#8221;][\/et_pb_button][\/et_pb_column][\/et_pb_row][\/et_pb_section][et_pb_section fb_built=&#8221;1&#8243; _builder_version=&#8221;4.27.4&#8243; _module_preset=&#8221;default&#8221; locked=&#8221;off&#8221; global_colors_info=&#8221;{}&#8221;][et_pb_row column_structure=&#8221;1_4,1_4,1_4,1_4&#8243; _builder_version=&#8221;4.27.4&#8243; _module_preset=&#8221;default&#8221; global_colors_info=&#8221;{}&#8221;][et_pb_column type=&#8221;1_4&#8243; _builder_version=&#8221;4.27.4&#8243; _module_preset=&#8221;default&#8221; global_colors_info=&#8221;{}&#8221;][et_pb_image src=&#8221;https:\/\/bromma.com\/wp-content\/uploads\/2025\/10\/Rain-Cloud-Streamline-Sharp.svg&#8221; title_text=&#8221;Rain-Cloud&#8211;Streamline-Sharp&#8221; _builder_version=&#8221;4.27.4&#8243; _module_preset=&#8221;default&#8221; global_colors_info=&#8221;{}&#8221;][\/et_pb_image][et_pb_heading title=&#8221;Designed to withstand the harshest conditions&#8221; _builder_version=&#8221;4.27.4&#8243; _module_preset=&#8221;323359f9-f448-4340-a6f3-851634ed5f8d&#8221; global_colors_info=&#8221;{}&#8221;][\/et_pb_heading][et_pb_text _builder_version=&#8221;4.27.4&#8243; _module_preset=&#8221;default&#8221; global_colors_info=&#8221;{}&#8221;]From corrosive environments to extreme temperature and humidity.[\/et_pb_text][\/et_pb_column][et_pb_column type=&#8221;1_4&#8243; _builder_version=&#8221;4.27.4&#8243; _module_preset=&#8221;default&#8221; global_colors_info=&#8221;{}&#8221;][et_pb_image src=&#8221;https:\/\/bromma.com\/wp-content\/uploads\/2025\/10\/Shipping-Transfer-Truck-Streamline-Sharp.svg&#8221; title_text=&#8221;Shipping-Transfer-Truck&#8211;Streamline-Sharp&#8221; _builder_version=&#8221;4.27.4&#8243; _module_preset=&#8221;default&#8221; global_colors_info=&#8221;{}&#8221;][\/et_pb_image][et_pb_heading title=&#8221;Quickly delivered for high uptime&#8221; _builder_version=&#8221;4.27.4&#8243; _module_preset=&#8221;323359f9-f448-4340-a6f3-851634ed5f8d&#8221; global_colors_info=&#8221;{}&#8221;][\/et_pb_heading][et_pb_text _builder_version=&#8221;4.27.4&#8243; _module_preset=&#8221;default&#8221; global_colors_info=&#8221;{}&#8221;]Par ts in stock are delivered within 48 hours globally.[\/et_pb_text][\/et_pb_column][et_pb_column type=&#8221;1_4&#8243; _builder_version=&#8221;4.27.4&#8243; _module_preset=&#8221;default&#8221; global_colors_info=&#8221;{}&#8221;][et_pb_image src=&#8221;https:\/\/bromma.com\/wp-content\/uploads\/2025\/10\/Medal-Badge-Star-Streamline-Sharp.svg&#8221; title_text=&#8221;Medal-Badge-Star&#8211;Streamline-Sharp&#8221; _builder_version=&#8221;4.27.4&#8243; _module_preset=&#8221;default&#8221; global_colors_info=&#8221;{}&#8221;][\/et_pb_image][et_pb_heading title=&#8221;No compromises in the quality&#8221; _builder_version=&#8221;4.27.4&#8243; _module_preset=&#8221;323359f9-f448-4340-a6f3-851634ed5f8d&#8221; global_colors_info=&#8221;{}&#8221;][\/et_pb_heading][et_pb_text _builder_version=&#8221;4.27.4&#8243; _module_preset=&#8221;default&#8221; global_colors_info=&#8221;{}&#8221;]Our spare parts are the same used to build your spreader, giving you<br \/>\noptimal performance.[\/et_pb_text][\/et_pb_column][et_pb_column type=&#8221;1_4&#8243; _builder_version=&#8221;4.27.4&#8243; _module_preset=&#8221;default&#8221; global_colors_info=&#8221;{}&#8221;][et_pb_image src=&#8221;https:\/\/bromma.com\/wp-content\/uploads\/2025\/10\/Like-2-Streamline-Sharp.svg&#8221; title_text=&#8221;Like-2&#8211;Streamline-Sharp&#8221; _builder_version=&#8221;4.27.4&#8243; _module_preset=&#8221;default&#8221; global_colors_info=&#8221;{}&#8221;][\/et_pb_image][et_pb_heading title=&#8221;Sourced ethically&#8221; _builder_version=&#8221;4.27.4&#8243; _module_preset=&#8221;323359f9-f448-4340-a6f3-851634ed5f8d&#8221; global_colors_info=&#8221;{}&#8221;][\/et_pb_heading][et_pb_text _builder_version=&#8221;4.27.4&#8243; _module_preset=&#8221;default&#8221; global_colors_info=&#8221;{}&#8221;]Our supply chain upholds fair labor practices and environmental<br \/>\nresponsibility.[\/et_pb_text][\/et_pb_column][\/et_pb_row][\/et_pb_section][et_pb_section fb_built=&#8221;1&#8243; _builder_version=&#8221;4.27.4&#8243; _module_preset=&#8221;8a839702-7551-4491-9b30-0fb036d2c746&#8243; background_image=&#8221;https:\/\/bromma.com\/wp-content\/uploads\/2025\/11\/Gen-Parts-shop-image-on-laptop_resized.jpg&#8221; parallax=&#8221;off&#8221; background_size=&#8221;custom&#8221; background_image_width=&#8221;100%&#8221; background_position=&#8221;top_center&#8221; background_vertical_offset=&#8221;28%&#8221; custom_margin=&#8221;0px||||false|false&#8221; custom_padding=&#8221;0px||||false|false&#8221; global_colors_info=&#8221;{}&#8221;][\/et_pb_section][et_pb_section fb_built=&#8221;1&#8243; _builder_version=&#8221;4.27.4&#8243; _module_preset=&#8221;41f4da32-add0-4e18-b727-911058b8e99b&#8221; background_color=&#8221;#FFFFFF&#8221; global_colors_info=&#8221;{}&#8221;][et_pb_row column_structure=&#8221;1_2,1_2&#8243; module_class=&#8221;specs&#8221; _builder_version=&#8221;4.27.4&#8243; _module_preset=&#8221;default&#8221; global_colors_info=&#8221;{}&#8221;][et_pb_column type=&#8221;1_2&#8243; _builder_version=&#8221;4.21.2&#8243; _module_preset=&#8221;default&#8221; global_colors_info=&#8221;{}&#8221;][et_pb_heading title=&#8221;Bromma Spare Parts webshop&#8221; _builder_version=&#8221;4.27.4&#8243; _module_preset=&#8221;23f7563f-f349-4cb6-9fda-34b4b50b87ea&#8221; global_colors_info=&#8221;{}&#8221;][\/et_pb_heading][\/et_pb_column][et_pb_column type=&#8221;1_2&#8243; _builder_version=&#8221;4.21.2&#8243; _module_preset=&#8221;default&#8221; global_colors_info=&#8221;{}&#8221;][et_pb_text _builder_version=&#8221;4.27.4&#8243; _module_preset=&#8221;ed06bb4e-e98b-4831-8f63-241ed865b7ca&#8221; custom_padding=&#8221;||||false|false&#8221; global_colors_info=&#8221;{}&#8221;]<\/p>\n<p>Sabemos lo mucho que una pieza defectuosa puede afectar a su negocio. Nuestro objetivo es agilizar su proceso de pedido y minimizar los costosos tiempos de inactividad. Cree una cuenta en nuestra tienda web y disfrute de nuestro sencillo y eficiente proceso de compra.<\/p>\n<p>[\/et_pb_text][et_pb_button button_url=&#8221;https:\/\/parts.bromma.com\/&#8221; url_new_window=&#8221;on&#8221; button_text=&#8221;Log in to your account&#8221; _builder_version=&#8221;4.27.4&#8243; _module_preset=&#8221;3ec1002b-9bd4-468d-a5b2-c57f9c56f928&#8243; global_colors_info=&#8221;{}&#8221;][\/et_pb_button][\/et_pb_column][\/et_pb_row][\/et_pb_section][et_pb_section fb_built=&#8221;1&#8243; _builder_version=&#8221;4.27.4&#8243; _module_preset=&#8221;635b49cd-5402-4ff3-8138-9a1a4394fe98&#8243; custom_padding=&#8221;||69px|||&#8221; global_colors_info=&#8221;{}&#8221;][et_pb_row column_structure=&#8221;1_2,1_2&#8243; _builder_version=&#8221;4.21.2&#8243; _module_preset=&#8221;default&#8221; global_colors_info=&#8221;{}&#8221;][et_pb_column type=&#8221;1_2&#8243; _builder_version=&#8221;4.21.2&#8243; _module_preset=&#8221;default&#8221; global_colors_info=&#8221;{}&#8221;][et_pb_heading title=&#8221;Whitepaper&#8221; _builder_version=&#8221;4.27.4&#8243; _module_preset=&#8221;c3f56a2e-af05-435a-9681-c3edca3b408e&#8221; custom_margin=&#8221;||0px||false|false&#8221; custom_padding=&#8221;||||false|false&#8221; global_colors_info=&#8221;{}&#8221;][\/et_pb_heading][et_pb_heading title=&#8221;Structural integrity&#8221; _builder_version=&#8221;4.27.4&#8243; _module_preset=&#8221;23f7563f-f349-4cb6-9fda-34b4b50b87ea&#8221; global_colors_info=&#8221;{}&#8221;][\/et_pb_heading][\/et_pb_column][et_pb_column type=&#8221;1_2&#8243; _builder_version=&#8221;4.21.2&#8243; _module_preset=&#8221;default&#8221; global_colors_info=&#8221;{}&#8221;][et_pb_text module_class=&#8221;list-column-2&#8243; _builder_version=&#8221;4.27.4&#8243; _module_preset=&#8221;fd54ee4f-c0e1-40cb-9388-de41044e0d60&#8243; global_colors_info=&#8221;{}&#8221;]All load-carrying steel structures in lifting equipment are subject to fatigue, but not all spare parts are equally durable. Explore the differences in durability between genuine parts and alternatives by reading our whitepaper on structural durability in theory and practice.[\/et_pb_text][et_pb_button button_url=&#8221;https:\/\/bromma.com\/wp-content\/uploads\/2025\/09\/BROM1753_White-Paper-TWL-Structural-Durability.pdf&#8221; button_text=&#8221;Download the whitepaper&#8221; _builder_version=&#8221;4.27.5&#8243; _module_preset=&#8221;3ec1002b-9bd4-468d-a5b2-c57f9c56f928&#8243; global_colors_info=&#8221;{}&#8221;][\/et_pb_button][et_pb_image src=&#8221;https:\/\/bromma.com\/wp-content\/uploads\/2025\/11\/download_structural-integrity.png&#8221; title_text=&#8221;download_structural-integrity&#8221; url=&#8221;https:\/\/bromma.com\/wp-content\/uploads\/2025\/09\/BROM1753_White-Paper-TWL-Structural-Durability.pdf&#8221; _builder_version=&#8221;4.27.5&#8243; _module_preset=&#8221;default&#8221; width=&#8221;35%&#8221; locked=&#8221;off&#8221; global_colors_info=&#8221;{}&#8221;][\/et_pb_image][\/et_pb_column][\/et_pb_row][\/et_pb_section][et_pb_section fb_built=&#8221;1&#8243; module_id=&#8221;form&#8221; module_class=&#8221;blue&#8221; _builder_version=&#8221;4.27.5&#8243; _module_preset=&#8221;default&#8221; background_color=&#8221;#000745&#8243; global_colors_info=&#8221;{}&#8221;][et_pb_row column_structure=&#8221;1_2,1_2&#8243; _builder_version=&#8221;4.18.1&#8243; _module_preset=&#8221;default&#8221; global_colors_info=&#8221;{}&#8221;][et_pb_column type=&#8221;1_2&#8243; _builder_version=&#8221;4.18.1&#8243; _module_preset=&#8221;default&#8221; global_colors_info=&#8221;{}&#8221;][et_pb_heading title=&#8221;Want to create an account?&#8221; _builder_version=&#8221;4.27.4&#8243; _module_preset=&#8221;de1a7a00-9c9f-4b06-90fc-7ea024d582bc&#8221; global_colors_info=&#8221;{}&#8221;][\/et_pb_heading][et_pb_text _builder_version=&#8221;4.27.4&#8243; _module_preset=&#8221;default&#8221; text_text_color=&#8221;#FFFFFF&#8221; header_text_color=&#8221;#FFFFFF&#8221; header_2_text_color=&#8221;#FFFFFF&#8221; global_colors_info=&#8221;{}&#8221;]<\/p>\n<p><span style=\"font-weight: 400;\">Para solicitar una cuenta, rellene el formulario o p\u00f3ngase en contacto con su representante local de Bromma.<\/span><\/p>\n<p><span style=\"font-weight: 400;\">\u00bfYa tienes una cuenta? <a style=\"color: #fff; text-decoration: underline;\" href=\"https:\/\/parts.bromma.com\" target=\"_blank\" rel=\"noopener\">Inicia sesi\u00f3n aqu\u00ed<\/a>.<\/span><\/p>\n<p>&nbsp;<\/p>\n<p>[\/et_pb_text][\/et_pb_column][et_pb_column type=\u201d1_2\u2033 _builder_version=\u201d4.18.1\u2033 _module_preset=\u201ddefault\u201d global_colors_info=\u201d{}\u201d][wpforms_selector form_id=\u201d6620\u2033 show_title=\u201doff\u201d disabled_on=\u201doff|off|off\u201d admin_label=\u201dWPForms\u201d _builder_version=\u201d4.27.4\u2033 _module_preset=\u201ddefault\u201d custom_margin=\u201d-10px||||false|false\u201d custom_padding=\u201d0px||||false|false\u201d global_colors_info=\u201d{}\u201d][\/wpforms_selector][\/et_pb_column][\/et_pb_row][\/et_pb_section]<\/p>\n","protected":false},"excerpt":{"rendered":"<a href=\"https:\/\/bromma.com\/es\/spare-parts\/\" class=\"excerpt\">Leer m\u00e1s\n<\/a><br\/><a href=\"https:\/\/bromma.com\/es\/spare-parts\/\" class=\"excerptreadmore\">Leer m\u00e1s<\/a>","protected":false},"author":5,"featured_media":1092,"parent":0,"menu_order":0,"comment_status":"closed","ping_status":"closed","template":"","meta":{"_acf_changed":false,"_et_pb_use_builder":"on","_et_pb_old_content":"","_et_gb_content_width":"","footnotes":""},"class_list":["post-39","page","type-page","status-publish","has-post-thumbnail","hentry"],"yoast_head":"\n<title>Piezas de repuesto - Bromma<\/title>\n<meta name=\"description\" content=\"Garantice un rendimiento \u00f3ptimo con los recambios originales Bromma, dise\u00f1ados para ofrecer seguridad, durabilidad y un rendimiento de m\u00e1xima calidad para su spreader de gr\u00faa.\" \/>\n<meta name=\"robots\" content=\"index, follow, max-snippet:-1, max-image-preview:large, max-video-preview:-1\" \/>\n<link rel=\"canonical\" href=\"https:\/\/bromma.com\/es\/spare-parts\/\" \/>\n<meta property=\"og:locale\" content=\"es\" \/>\n<meta property=\"og:type\" content=\"article\" \/>\n<meta property=\"og:title\" content=\"Piezas de repuesto\" \/>\n<meta property=\"og:description\" content=\"Garantice un rendimiento \u00f3ptimo con los recambios originales Bromma, dise\u00f1ados para ofrecer seguridad, durabilidad y un rendimiento de m\u00e1xima calidad para su spreader de gr\u00faa.\" \/>\n<meta property=\"og:url\" content=\"https:\/\/bromma.com\/es\/spare-parts\/\" \/>\n<meta property=\"og:site_name\" content=\"Bromma\" \/>\n<meta property=\"article:publisher\" content=\"https:\/\/www.facebook.com\/brommaspreaders\/\" \/>\n<meta property=\"article:modified_time\" content=\"2026-04-01T11:26:56+00:00\" \/>\n<meta property=\"og:image\" content=\"https:\/\/bromma.com\/wp-content\/uploads\/2019\/06\/bromma_spreader_sts_6.jpg\" \/>\n\t<meta property=\"og:image:width\" content=\"1920\" \/>\n\t<meta property=\"og:image:height\" content=\"1080\" \/>\n\t<meta property=\"og:image:type\" content=\"image\/jpeg\" \/>\n<meta name=\"twitter:card\" content=\"resumen_imagen_grande\" \/>\n<meta name=\"twitter:label1\" content=\"Est. reading time\" \/>\n\t<meta name=\"twitter:data1\" content=\"3 minutes\" \/>\n<script type=\"application\/ld+json\" class=\"yoast-schema-graph\">{\"@context\":\"https:\\\/\\\/schema.org\",\"@graph\":[{\"@type\":\"WebPage\",\"@id\":\"https:\\\/\\\/bromma.com\\\/spare-parts\\\/\",\"url\":\"https:\\\/\\\/bromma.com\\\/spare-parts\\\/\",\"name\":\"Spare Parts - Bromma\",\"isPartOf\":{\"@id\":\"https:\\\/\\\/bromma.com\\\/#website\"},\"primaryImageOfPage\":{\"@id\":\"https:\\\/\\\/bromma.com\\\/spare-parts\\\/#primaryimage\"},\"image\":{\"@id\":\"https:\\\/\\\/bromma.com\\\/spare-parts\\\/#primaryimage\"},\"thumbnailUrl\":\"https:\\\/\\\/eqh3tj63n5j.exactdn.com\\\/wp-content\\\/uploads\\\/2019\\\/06\\\/bromma_spreader_sts_6.jpg?strip=all\",\"datePublished\":\"2019-05-06T09:48:37+00:00\",\"dateModified\":\"2026-04-01T11:26:56+00:00\",\"description\":\"Ensure optimal performance with Bromma Genuine Parts - designed for safety, durability, and top-quality performance for your crane spreader.\",\"inLanguage\":\"en-US\",\"potentialAction\":[{\"@type\":\"ReadAction\",\"target\":[\"https:\\\/\\\/bromma.com\\\/spare-parts\\\/\"]}]},{\"@type\":\"ImageObject\",\"inLanguage\":\"en-US\",\"@id\":\"https:\\\/\\\/bromma.com\\\/spare-parts\\\/#primaryimage\",\"url\":\"https:\\\/\\\/eqh3tj63n5j.exactdn.com\\\/wp-content\\\/uploads\\\/2019\\\/06\\\/bromma_spreader_sts_6.jpg?strip=all\",\"contentUrl\":\"https:\\\/\\\/eqh3tj63n5j.exactdn.com\\\/wp-content\\\/uploads\\\/2019\\\/06\\\/bromma_spreader_sts_6.jpg?strip=all\",\"width\":1920,\"height\":1080,\"caption\":\"Bromma - Spare Parts\"},{\"@type\":\"WebSite\",\"@id\":\"https:\\\/\\\/bromma.com\\\/#website\",\"url\":\"https:\\\/\\\/bromma.com\\\/\",\"name\":\"Bromma\",\"description\":\"A Tradition of Innovation\",\"publisher\":{\"@id\":\"https:\\\/\\\/bromma.com\\\/#organization\"},\"potentialAction\":[{\"@type\":\"SearchAction\",\"target\":{\"@type\":\"EntryPoint\",\"urlTemplate\":\"https:\\\/\\\/bromma.com\\\/?s={search_term_string}\"},\"query-input\":{\"@type\":\"PropertyValueSpecification\",\"valueRequired\":true,\"valueName\":\"search_term_string\"}}],\"inLanguage\":\"en-US\"},{\"@type\":\"Organization\",\"@id\":\"https:\\\/\\\/bromma.com\\\/#organization\",\"name\":\"Bromma\",\"url\":\"https:\\\/\\\/bromma.com\\\/\",\"logo\":{\"@type\":\"ImageObject\",\"inLanguage\":\"en-US\",\"@id\":\"https:\\\/\\\/bromma.com\\\/#\\\/schema\\\/logo\\\/image\\\/\",\"url\":\"https:\\\/\\\/bromma.com\\\/wp-content\\\/uploads\\\/2020\\\/05\\\/Bromma-logo_blue_RGB_EN.png\",\"contentUrl\":\"https:\\\/\\\/bromma.com\\\/wp-content\\\/uploads\\\/2020\\\/05\\\/Bromma-logo_blue_RGB_EN.png\",\"width\":512,\"height\":512,\"caption\":\"Bromma\"},\"image\":{\"@id\":\"https:\\\/\\\/bromma.com\\\/#\\\/schema\\\/logo\\\/image\\\/\"},\"sameAs\":[\"https:\\\/\\\/www.facebook.com\\\/brommaspreaders\\\/\",\"https:\\\/\\\/www.linkedin.com\\\/company\\\/bromma\\\/\",\"https:\\\/\\\/www.instagram.com\\\/bromma_spreaders\\\/\",\"https:\\\/\\\/www.youtube.com\\\/@BROMMAspreaders\\\/\"],\"description\":\"For over 50 years Bromma has delivered spreaders to more than 500 terminals in over 90 countries at 6 continents. All in all, more than 20,000 crane spreaders and rotators have been put into service. In addition to that, more than 10,000 of these are still in operation today. Bromma manufactures up to 2,000 all types of spreaders per a year. In fact, anywhere you go, you\u2019re likely to see a Bromma spreader in action. We are proud to be a pioneer in technological development. As a matter of fact, Bromma has introduced many firsts to crane manufacturer industry: the first telescopic spreader, the first twin-twenty spreader, the first 45 foot spreader and the first all-electric spreader line. That\u2019s why when you choose Bromma you choose cutting edge technology.\",\"email\":\"sales@bromma.com\",\"telephone\":\"+65 6597 3800\"}]}<\/script>\n<!-- \/ Yoast SEO Premium plugin. -->","yoast_head_json":{"title":"Spare Parts - Bromma","description":"Garantice un rendimiento \u00f3ptimo con los recambios originales Bromma, dise\u00f1ados para ofrecer seguridad, durabilidad y un rendimiento de m\u00e1xima calidad para su spreader de gr\u00faa.","robots":{"index":"index","follow":"follow","max-snippet":"max-snippet:-1","max-image-preview":"max-image-preview:large","max-video-preview":"max-video-preview:-1"},"canonical":"https:\/\/bromma.com\/spare-parts\/","og_locale":"en_US","og_type":"article","og_title":"Spare Parts","og_description":"Ensure optimal performance with Bromma Genuine Parts - designed for safety, durability, and top-quality performance for your crane spreader.","og_url":"https:\/\/bromma.com\/spare-parts\/","og_site_name":"Bromma","article_publisher":"https:\/\/www.facebook.com\/brommaspreaders\/","article_modified_time":"2026-04-01T11:26:56+00:00","og_image":[{"width":1920,"height":1080,"url":"https:\/\/bromma.com\/wp-content\/uploads\/2019\/06\/bromma_spreader_sts_6.jpg","type":"image\/jpeg"}],"twitter_card":"summary_large_image","twitter_misc":{"Est. reading time":"3 minutes"},"schema":{"@context":"https:\/\/schema.org","@graph":[{"@type":"WebPage","@id":"https:\/\/bromma.com\/spare-parts\/","url":"https:\/\/bromma.com\/es\/spare-parts\/","name":"Piezas de repuesto - Bromma","isPartOf":{"@id":"https:\/\/bromma.com\/#website"},"primaryImageOfPage":{"@id":"https:\/\/bromma.com\/spare-parts\/#primaryimage"},"image":{"@id":"https:\/\/bromma.com\/spare-parts\/#primaryimage"},"thumbnailUrl":"https:\/\/eqh3tj63n5j.exactdn.com\/wp-content\/uploads\/2019\/06\/bromma_spreader_sts_6.jpg?strip=all","datePublished":"2019-05-06T09:48:37+00:00","dateModified":"2026-04-01T11:26:56+00:00","description":"Garantice un rendimiento \u00f3ptimo con los recambios originales Bromma, dise\u00f1ados para ofrecer seguridad, durabilidad y un rendimiento de m\u00e1xima calidad para su spreader de gr\u00faa.","inLanguage":"en-US","potentialAction":[{"@type":"ReadAction","target":["https:\/\/bromma.com\/spare-parts\/"]}]},{"@type":"ImageObject","inLanguage":"en-US","@id":"https:\/\/bromma.com\/spare-parts\/#primaryimage","url":"https:\/\/eqh3tj63n5j.exactdn.com\/wp-content\/uploads\/2019\/06\/bromma_spreader_sts_6.jpg?strip=all","contentUrl":"https:\/\/eqh3tj63n5j.exactdn.com\/wp-content\/uploads\/2019\/06\/bromma_spreader_sts_6.jpg?strip=all","width":1920,"height":1080,"caption":"Bromma - Spare Parts"},{"@type":"WebSite","@id":"https:\/\/bromma.com\/#website","url":"https:\/\/bromma.com\/es\/","name":"Bromma","description":"Una tradici\u00f3n de innovaci\u00f3n","publisher":{"@id":"https:\/\/bromma.com\/#organization"},"potentialAction":[{"@type":"SearchAction","target":{"@type":"EntryPoint","urlTemplate":"https:\/\/bromma.com\/?s={search_term_string}"},"query-input":{"@type":"PropertyValueSpecification","valueRequired":true,"valueName":"search_term_string"}}],"inLanguage":"en-US"},{"@type":"Organization","@id":"https:\/\/bromma.com\/#organization","name":"Bromma","url":"https:\/\/bromma.com\/es\/","logo":{"@type":"ImageObject","inLanguage":"en-US","@id":"https:\/\/bromma.com\/#\/schema\/logo\/image\/","url":"https:\/\/bromma.com\/wp-content\/uploads\/2020\/05\/Bromma-logo_blue_RGB_EN.png","contentUrl":"https:\/\/bromma.com\/wp-content\/uploads\/2020\/05\/Bromma-logo_blue_RGB_EN.png","width":512,"height":512,"caption":"Bromma"},"image":{"@id":"https:\/\/bromma.com\/#\/schema\/logo\/image\/"},"sameAs":["https:\/\/www.facebook.com\/brommaspreaders\/","https:\/\/www.linkedin.com\/company\/bromma\/","https:\/\/www.instagram.com\/bromma_spreaders\/","https:\/\/www.youtube.com\/@BROMMAspreaders\/"],"description":"Durante m\u00e1s de 50 a\u00f1os, Bromma ha suministrado spreaders a m\u00e1s de 500 terminales en m\u00e1s de 90 pa\u00edses de los 6 continentes. En total, se han puesto en servicio m\u00e1s de 20 000 spreaders y rotadores para gr\u00faas. Adem\u00e1s, m\u00e1s de 10 000 de ellos siguen en funcionamiento en la actualidad. Bromma fabrica hasta 2000 spreaders de todo tipo al a\u00f1o. De hecho, vaya donde vaya, es probable que vea un spreader Bromma en acci\u00f3n. Estamos orgullosos de ser pioneros en el desarrollo tecnol\u00f3gico. De hecho, Bromma ha introducido muchas novedades en la industria de la fabricaci\u00f3n de gr\u00faas: el primer spreader telesc\u00f3pico, el primer spreader twin-twenty, el primer spreader de 45 pies y la primera l\u00ednea de spreaders totalmente el\u00e9ctricos. Por eso, cuando elige Bromma, elige tecnolog\u00eda de vanguardia.","email":"sales@bromma.com","telephone":"+65 6597 3800"}]}},"acf":[],"_links":{"self":[{"href":"https:\/\/bromma.com\/wp-json\/wp\/v2\/pages\/39","targetHints":{"allow":["GET"]}}],"collection":[{"href":"https:\/\/bromma.com\/wp-json\/wp\/v2\/pages"}],"about":[{"href":"https:\/\/bromma.com\/wp-json\/wp\/v2\/types\/page"}],"author":[{"embeddable":true,"href":"https:\/\/bromma.com\/wp-json\/wp\/v2\/users\/5"}],"replies":[{"embeddable":true,"href":"https:\/\/bromma.com\/wp-json\/wp\/v2\/comments?post=39"}],"version-history":[{"count":0,"href":"https:\/\/bromma.com\/wp-json\/wp\/v2\/pages\/39\/revisions"}],"wp:featuredmedia":[{"embeddable":true,"href":"https:\/\/bromma.com\/wp-json\/wp\/v2\/media\/1092"}],"wp:attachment":[{"href":"https:\/\/bromma.com\/wp-json\/wp\/v2\/media?parent=39"}],"curies":[{"name":"wp","href":"https:\/\/api.w.org\/{rel}","templated":true}]}}