{"id":45,"date":"2019-05-06T11:52:57","date_gmt":"2019-05-06T09:52:57","guid":{"rendered":"https:\/\/brommadev.wpengine.com\/?page_id=45"},"modified":"2024-06-07T14:46:16","modified_gmt":"2024-06-07T12:46:16","slug":"upgrades","status":"publish","type":"page","link":"https:\/\/bromma.com\/es\/services\/upgrades\/","title":{"rendered":"Actualizaciones"},"content":{"rendered":"\n[et_pb_section fb_built=&#8221;1&#8243; _builder_version=&#8221;3.23.3&#8243; background_image=&#8221;https:\/\/bromma.com\/es\/wp-content\/uploads\/sites\/5\/2019\/06\/Terminal_4_bromma.jpg&#8221; height=&#8221;450px&#8221; height_tablet=&#8221;350px&#8221; height_phone=&#8221;350px&#8221; height_last_edited=&#8221;on|tablet&#8221;][et_pb_row _builder_version=&#8221;3.25&#8243;][et_pb_column type=&#8221;4_4&#8243; _builder_version=&#8221;3.25&#8243; custom_padding=&#8221;|||&#8221; custom_padding__hover=&#8221;|||&#8221;][et_pb_text _builder_version=&#8221;3.27.4&#8243;][\/et_pb_text][\/et_pb_column][\/et_pb_row][\/et_pb_section][et_pb_section fb_built=&#8221;1&#8243; _builder_version=&#8221;3.24&#8243;][et_pb_row _builder_version=&#8221;3.25&#8243; max_width=&#8221;720px&#8221; module_alignment=&#8221;center&#8221; custom_padding=&#8221;||0px|||&#8221;][et_pb_column type=&#8221;4_4&#8243; _builder_version=&#8221;3.25&#8243; custom_padding=&#8221;|||&#8221; custom_padding__hover=&#8221;|||&#8221;][et_pb_text _builder_version=&#8221;3.27.4&#8243; header_font=&#8221;||||||||&#8221; header_2_font=&#8221;||||||||&#8221; header_2_font_size=&#8221;20px&#8221;]<h1>Actualizaciones<\/h1>\n<h2><em>Bromma est\u00e1 comprometida con la innovaci\u00f3n continua y deseamos que todos nuestros clientes se beneficien de ello.<\/em><\/h2>[\/et_pb_text][\/et_pb_column][\/et_pb_row][et_pb_row _builder_version=&#8221;3.25&#8243; max_width=&#8221;720px&#8221; module_alignment=&#8221;center&#8221; custom_padding=&#8221;13px||0px|||&#8221;][et_pb_column type=&#8221;4_4&#8243; _builder_version=&#8221;3.25&#8243; custom_padding=&#8221;|||&#8221; custom_padding__hover=&#8221;|||&#8221;][et_pb_text _builder_version=&#8221;3.27.4&#8243; text_font=&#8221;||||||||&#8221; text_font_size_tablet=&#8221;&#8221; text_font_size_phone=&#8221;14px&#8221; text_font_size_last_edited=&#8221;on|phone&#8221;]<p>Por esta raz\u00f3n, ofrecemos actualizaciones de rendimiento para spreaders antiguos, lo que agrega nuevas funcionalidades que pueden aumentar el rendimiento y la productividad. Los beneficios son claros: incluso un peque\u00f1o aumento en la capacidad de manipulaci\u00f3n o en el tiempo de activo puede dar como resultado una ganancia financiera significativa.<\/p>\n<p>Los spreaders de Bromma pueden retroequiparse con tecnolog\u00eda que es especialmente ben\u00e9fica para usarse con gr\u00faas de alta velocidad. Los productos de retroequipamiento incluyen comunicaci\u00f3n de gr\u00faa en serie CANopen, HIS (Sistema de Indicaci\u00f3n de Altura), INRS (Sistema de Reducci\u00f3n de Ruido de Impacto), luces indicadoras LED, SCU (Unidad de Control de Spreader), TTDS (Sistema de Detecci\u00f3n de Doble-Veinte), Detecci\u00f3n de Cargas, y varios m\u00e1s.<\/p>[\/et_pb_text][\/et_pb_column][\/et_pb_row][\/et_pb_section][et_pb_section fb_built=&#8221;1&#8243; _builder_version=&#8221;3.24&#8243; background_color=&#8221;#ffd046&#8243; custom_padding=&#8221;14px|||||&#8221;][et_pb_row _builder_version=&#8221;3.25&#8243;][et_pb_column type=&#8221;4_4&#8243; _builder_version=&#8221;3.25&#8243; custom_padding=&#8221;|||&#8221; custom_padding__hover=&#8221;|||&#8221;][et_pb_text _builder_version=&#8221;3.27.4&#8243;]<h2 style=\"text-align: center\">Mejoras de spreaders<\/h2>[\/et_pb_text][\/et_pb_column][\/et_pb_row][et_pb_row _builder_version=&#8221;3.25&#8243; custom_padding=&#8221;0px|||||&#8221;][et_pb_column type=&#8221;4_4&#8243; _builder_version=&#8221;3.25&#8243; custom_padding=&#8221;|||&#8221; custom_padding__hover=&#8221;|||&#8221;][et_pb_shop type=&#8221;product_category&#8221; posts_number=&#8221;1000&#8243; show_pagination=&#8221;on&#8221; include_categories=&#8221;44&#8243; orderby=&#8221;menu_order&#8221; _builder_version=&#8221;4.0.4&#8243; sale_badge_font=&#8221;||||||||&#8221; hover_enabled=&#8221;0&#8243;][\/et_pb_shop][\/et_pb_column][\/et_pb_row][\/et_pb_section]\n","protected":false},"excerpt":{"rendered":"<a href=\"https:\/\/bromma.com\/es\/services\/upgrades\/\" class=\"excerpt\">read more\n<\/a><br><a href=\"https:\/\/bromma.com\/es\/services\/upgrades\/\" class=\"excerptreadmore\">read more<\/a>","protected":false},"author":5,"featured_media":0,"parent":42,"menu_order":0,"comment_status":"closed","ping_status":"closed","template":"","meta":{"_et_pb_use_builder":"on","_et_pb_old_content":"","_et_gb_content_width":"","footnotes":""},"class_list":["post-45","page","type-page","status-publish","hentry"],"yoast_head":"<!-- This site is optimized with the Yoast SEO Premium plugin v27.2 (Yoast SEO v27.2) - https:\/\/yoast.com\/product\/yoast-seo-premium-wordpress\/ -->\n<title>Actualizaciones - Bromma<\/title>\n<meta name=\"description\" content=\"Aumenta el rendimiento y la productividad de tus spreaders antiguos con las actualizaciones de Bromma. Descubre las nuevas funcionalidades.\" \/>\n<meta name=\"robots\" content=\"index, follow, max-snippet:-1, max-image-preview:large, max-video-preview:-1\" \/>\n<link rel=\"canonical\" href=\"https:\/\/bromma.com\/es\/services\/upgrades\/\" \/>\n<meta property=\"og:locale\" content=\"es_ES\" \/>\n<meta property=\"og:type\" content=\"article\" \/>\n<meta property=\"og:title\" content=\"Actualizaciones\" \/>\n<meta property=\"og:description\" content=\"Aumenta el rendimiento y la productividad de tus spreaders antiguos con las actualizaciones de Bromma. Descubre las nuevas funcionalidades.\" \/>\n<meta property=\"og:url\" content=\"https:\/\/bromma.com\/es\/services\/upgrades\/\" \/>\n<meta property=\"og:site_name\" content=\"Bromma\" \/>\n<meta property=\"article:modified_time\" content=\"2024-06-07T12:46:16+00:00\" \/>\n<meta name=\"twitter:card\" content=\"summary_large_image\" \/>\n<meta name=\"twitter:label1\" content=\"Tiempo de lectura\" \/>\n\t<meta name=\"twitter:data1\" content=\"4 minutos\" \/>\n<script type=\"application\/ld+json\" class=\"yoast-schema-graph\">{\"@context\":\"https:\/\/schema.org\",\"@graph\":[{\"@type\":\"WebPage\",\"@id\":\"https:\/\/bromma.com\/es\/services\/upgrades\/\",\"url\":\"https:\/\/bromma.com\/es\/services\/upgrades\/\",\"name\":\"Actualizaciones - Bromma\",\"isPartOf\":{\"@id\":\"https:\/\/bromma.com\/es\/#website\"},\"datePublished\":\"2019-05-06T09:52:57+00:00\",\"dateModified\":\"2024-06-07T12:46:16+00:00\",\"description\":\"Aumenta el rendimiento y la productividad de tus spreaders antiguos con las actualizaciones de Bromma. Descubre las nuevas funcionalidades.\",\"breadcrumb\":{\"@id\":\"https:\/\/bromma.com\/es\/services\/upgrades\/#breadcrumb\"},\"inLanguage\":\"es\",\"potentialAction\":[{\"@type\":\"ReadAction\",\"target\":[\"https:\/\/bromma.com\/es\/services\/upgrades\/\"]}]},{\"@type\":\"BreadcrumbList\",\"@id\":\"https:\/\/bromma.com\/es\/services\/upgrades\/#breadcrumb\",\"itemListElement\":[{\"@type\":\"ListItem\",\"position\":1,\"name\":\"Home\",\"item\":\"https:\/\/bromma.com\/es\/\"},{\"@type\":\"ListItem\",\"position\":2,\"name\":\"Servicios\",\"item\":\"https:\/\/bromma.com\/es\/services\/\"},{\"@type\":\"ListItem\",\"position\":3,\"name\":\"Actualizaciones\"}]},{\"@type\":\"WebSite\",\"@id\":\"https:\/\/bromma.com\/es\/#website\",\"url\":\"https:\/\/bromma.com\/es\/\",\"name\":\"Bromma\",\"description\":\"Una tradici\u00f3n de innovaci\u00f3n\",\"publisher\":{\"@id\":\"https:\/\/bromma.com\/es\/#organization\"},\"potentialAction\":[{\"@type\":\"SearchAction\",\"target\":{\"@type\":\"EntryPoint\",\"urlTemplate\":\"https:\/\/bromma.com\/es\/?s={search_term_string}\"},\"query-input\":{\"@type\":\"PropertyValueSpecification\",\"valueRequired\":true,\"valueName\":\"search_term_string\"}}],\"inLanguage\":\"es\"},{\"@type\":\"Organization\",\"@id\":\"https:\/\/bromma.com\/es\/#organization\",\"name\":\"Bromma\",\"url\":\"https:\/\/bromma.com\/es\/\",\"logo\":{\"@type\":\"ImageObject\",\"inLanguage\":\"es\",\"@id\":\"https:\/\/bromma.com\/es\/#\/schema\/logo\/image\/\",\"url\":\"https:\/\/bromma.com\/es\/wp-content\/uploads\/sites\/5\/2020\/05\/Bromma-logo_blue_RGB_SPA.png\",\"contentUrl\":\"https:\/\/bromma.com\/es\/wp-content\/uploads\/sites\/5\/2020\/05\/Bromma-logo_blue_RGB_SPA.png\",\"width\":512,\"height\":512,\"caption\":\"Bromma\"},\"image\":{\"@id\":\"https:\/\/bromma.com\/es\/#\/schema\/logo\/image\/\"}}]}<\/script>\n<!-- \/ Yoast SEO Premium plugin. -->","yoast_head_json":{"title":"Actualizaciones - Bromma","description":"Aumenta el rendimiento y la productividad de tus spreaders antiguos con las actualizaciones de Bromma. Descubre las nuevas funcionalidades.","robots":{"index":"index","follow":"follow","max-snippet":"max-snippet:-1","max-image-preview":"max-image-preview:large","max-video-preview":"max-video-preview:-1"},"canonical":"https:\/\/bromma.com\/es\/services\/upgrades\/","og_locale":"es_ES","og_type":"article","og_title":"Actualizaciones","og_description":"Aumenta el rendimiento y la productividad de tus spreaders antiguos con las actualizaciones de Bromma. Descubre las nuevas funcionalidades.","og_url":"https:\/\/bromma.com\/es\/services\/upgrades\/","og_site_name":"Bromma","article_modified_time":"2024-06-07T12:46:16+00:00","twitter_card":"summary_large_image","twitter_misc":{"Tiempo de lectura":"4 minutos"},"schema":{"@context":"https:\/\/schema.org","@graph":[{"@type":"WebPage","@id":"https:\/\/bromma.com\/es\/services\/upgrades\/","url":"https:\/\/bromma.com\/es\/services\/upgrades\/","name":"Actualizaciones - Bromma","isPartOf":{"@id":"https:\/\/bromma.com\/es\/#website"},"datePublished":"2019-05-06T09:52:57+00:00","dateModified":"2024-06-07T12:46:16+00:00","description":"Aumenta el rendimiento y la productividad de tus spreaders antiguos con las actualizaciones de Bromma. Descubre las nuevas funcionalidades.","breadcrumb":{"@id":"https:\/\/bromma.com\/es\/services\/upgrades\/#breadcrumb"},"inLanguage":"es","potentialAction":[{"@type":"ReadAction","target":["https:\/\/bromma.com\/es\/services\/upgrades\/"]}]},{"@type":"BreadcrumbList","@id":"https:\/\/bromma.com\/es\/services\/upgrades\/#breadcrumb","itemListElement":[{"@type":"ListItem","position":1,"name":"Home","item":"https:\/\/bromma.com\/es\/"},{"@type":"ListItem","position":2,"name":"Servicios","item":"https:\/\/bromma.com\/es\/services\/"},{"@type":"ListItem","position":3,"name":"Actualizaciones"}]},{"@type":"WebSite","@id":"https:\/\/bromma.com\/es\/#website","url":"https:\/\/bromma.com\/es\/","name":"Bromma","description":"Una tradici\u00f3n de innovaci\u00f3n","publisher":{"@id":"https:\/\/bromma.com\/es\/#organization"},"potentialAction":[{"@type":"SearchAction","target":{"@type":"EntryPoint","urlTemplate":"https:\/\/bromma.com\/es\/?s={search_term_string}"},"query-input":{"@type":"PropertyValueSpecification","valueRequired":true,"valueName":"search_term_string"}}],"inLanguage":"es"},{"@type":"Organization","@id":"https:\/\/bromma.com\/es\/#organization","name":"Bromma","url":"https:\/\/bromma.com\/es\/","logo":{"@type":"ImageObject","inLanguage":"es","@id":"https:\/\/bromma.com\/es\/#\/schema\/logo\/image\/","url":"https:\/\/bromma.com\/es\/wp-content\/uploads\/sites\/5\/2020\/05\/Bromma-logo_blue_RGB_SPA.png","contentUrl":"https:\/\/bromma.com\/es\/wp-content\/uploads\/sites\/5\/2020\/05\/Bromma-logo_blue_RGB_SPA.png","width":512,"height":512,"caption":"Bromma"},"image":{"@id":"https:\/\/bromma.com\/es\/#\/schema\/logo\/image\/"}}]}},"_links":{"self":[{"href":"https:\/\/bromma.com\/es\/wp-json\/wp\/v2\/pages\/45","targetHints":{"allow":["GET"]}}],"collection":[{"href":"https:\/\/bromma.com\/es\/wp-json\/wp\/v2\/pages"}],"about":[{"href":"https:\/\/bromma.com\/es\/wp-json\/wp\/v2\/types\/page"}],"author":[{"embeddable":true,"href":"https:\/\/bromma.com\/es\/wp-json\/wp\/v2\/users\/5"}],"replies":[{"embeddable":true,"href":"https:\/\/bromma.com\/es\/wp-json\/wp\/v2\/comments?post=45"}],"version-history":[{"count":0,"href":"https:\/\/bromma.com\/es\/wp-json\/wp\/v2\/pages\/45\/revisions"}],"up":[{"embeddable":true,"href":"https:\/\/bromma.com\/es\/wp-json\/wp\/v2\/pages\/42"}],"wp:attachment":[{"href":"https:\/\/bromma.com\/es\/wp-json\/wp\/v2\/media?parent=45"}],"curies":[{"name":"wp","href":"https:\/\/api.w.org\/{rel}","templated":true}]}}