{"id":48,"date":"2019-05-06T11:55:23","date_gmt":"2019-05-06T09:55:23","guid":{"rendered":"https:\/\/brommadev.wpengine.com\/?page_id=48"},"modified":"2024-06-07T14:49:25","modified_gmt":"2024-06-07T12:49:25","slug":"refurbish","status":"publish","type":"page","link":"https:\/\/bromma.com\/es\/services\/refurbish\/","title":{"rendered":"Reacondicionamiento"},"content":{"rendered":"\n[et_pb_section fb_built=&#8221;1&#8243; _builder_version=&#8221;3.23.3&#8243; background_image=&#8221;https:\/\/bromma.com\/es\/wp-content\/uploads\/sites\/5\/2019\/06\/bromma_spreader_sts_3.jpg&#8221; height=&#8221;450px&#8221; height_tablet=&#8221;350px&#8221; height_phone=&#8221;350px&#8221; height_last_edited=&#8221;on|tablet&#8221;][et_pb_row _builder_version=&#8221;3.22.7&#8243;][et_pb_column type=&#8221;4_4&#8243; _builder_version=&#8221;3.22.7&#8243;][et_pb_text _builder_version=&#8221;3.22.7&#8243;][\/et_pb_text][\/et_pb_column][\/et_pb_row][\/et_pb_section][et_pb_section fb_built=&#8221;1&#8243; _builder_version=&#8221;3.22.7&#8243; custom_padding=&#8221;||60px|||&#8221;][et_pb_row custom_padding=&#8221;||0px|||&#8221; _builder_version=&#8221;3.22.7&#8243; max_width=&#8221;720px&#8221; module_alignment=&#8221;center&#8221;][et_pb_column type=&#8221;4_4&#8243; _builder_version=&#8221;3.22.7&#8243;][et_pb_text _builder_version=&#8221;3.23.3&#8243; header_font=&#8221;||||||||&#8221; header_2_font=&#8221;||||||||&#8221; header_2_font_size=&#8221;20px&#8221;]<h1>Reacondicionamiento<\/h1>\n<h2><em>El reacondicionamiento puede agregar varios a\u00f1os a la vida \u00fatil de un spreader y puede ser una decisi\u00f3n econ\u00f3mica s\u00f3lida en algunos casos.<\/em><\/h2>[\/et_pb_text][\/et_pb_column][\/et_pb_row][et_pb_row custom_padding=&#8221;13px||0px|||&#8221; _builder_version=&#8221;3.22.7&#8243; max_width=&#8221;720px&#8221; module_alignment=&#8221;center&#8221;][et_pb_column type=&#8221;4_4&#8243; _builder_version=&#8221;3.22.7&#8243;][et_pb_text _builder_version=&#8221;3.23.3&#8243; text_font=&#8221;||||||||&#8221; header_font=&#8221;||||||||&#8221; header_2_font=&#8221;||||||||&#8221; header_4_font=&#8221;||||||||&#8221; text_font_size_phone=&#8221;14px&#8221; text_font_size_last_edited=&#8221;on|phone&#8221;]<p>Sin embargo, es importante recordar que la viabilidad del reacondicionamiento se ve afectada por muchos factores distintos. Y mientras los componentes y sistemas se pueden restablecerse a las especificaciones de f\u00e1brica, no es posible evitar el desgaste y la fatiga de la estructura de acero, que es la limitaci\u00f3n principal en la mayor\u00eda de los escenarios de reacondicionamiento.<\/p>\n<p>Cuando se indique el reacondicionamiento, el trabajo lo debe realizar siempre un socio experto. Bromma cuenta con el conocimiento y la experiencia inigualables de los spreaders. Tenemos la capacidad de respaldar su spreader en el nivel m\u00e1s alto posible de rendimiento. Y, lo m\u00e1s importante, podemos determinar si el reacondicionamiento puede proporcionarle el retorno de la inversi\u00f3n deseado.<\/p>\n<p>Un proyecto de reacondicionamiento comienza con la inspecci\u00f3n minuciosa de la estructura del spreader, sistemas secundarios y componentes. Las \u00e1reas comunes para el reacondicionamiento incluyen los componentes el\u00e9ctricos e hidr\u00e1ulicos, vigas terminales, brazos flipper, twistlocks, cadenas telesc\u00f3picas y almohadillas de deslizamiento. \u00bfTiene dudas sobre los efectos econ\u00f3micos de un reacondicionamiento? Nosotros le proporcionaremos la situaci\u00f3n completa.<\/p>\n<h3>Evaluaci\u00f3n de la condici\u00f3n del spreader<\/h3>\n<p>Un proyecto de reacondicionamiento comienza con la inspecci\u00f3n minuciosa de la estructura del spreader as\u00ed como de sus sistemas secundarios y componentes. La inspecci\u00f3n determina las condiciones actuales de un spreader y la idoneidad para el reacondicionamiento.<\/p>\n<p>Las siguientes im\u00e1genes muestran los spreaders en B\u00e9lgica antes y despu\u00e9s del reacondicionamiento.<\/p>\n<p><em>Antes del reacondicionamiento:<\/em><\/p>\n<p><img loading=\"lazy\" decoding=\"async\" src=\"https:\/\/bromma.com\/es\/wp-content\/uploads\/sites\/5\/2019\/06\/Hessenatie2.jpg\" width=\"200\" height=\"150\" alt=\"\" class=\"wp-image-864 alignnone size-full\" \/> <img loading=\"lazy\" decoding=\"async\" src=\"https:\/\/bromma.com\/es\/wp-content\/uploads\/sites\/5\/2019\/06\/Hessenatie1.jpg\" width=\"200\" height=\"150\" alt=\"\" class=\"wp-image-863 alignnone size-full\" \/><\/p>\n<p><em> Despu\u00e9s del reacondicionamiento:<\/em><\/p>\n<p><em><img loading=\"lazy\" decoding=\"async\" src=\"https:\/\/bromma.com\/es\/wp-content\/uploads\/sites\/5\/2019\/06\/Hessenatie3.jpg\" width=\"200\" height=\"150\" alt=\"\" class=\"wp-image-866 alignnone size-full\" \/> <img loading=\"lazy\" decoding=\"async\" src=\"https:\/\/bromma.com\/es\/wp-content\/uploads\/sites\/5\/2019\/06\/Hessenatie4.jpg\" width=\"200\" height=\"150\" alt=\"\" class=\"wp-image-865 alignnone size-full\" \/><\/em><\/p>\n<h3>Reacondicionamiento<\/h3>\n<p>El prop\u00f3sito de un reacondicionamiento de spreader es ampliar la vida \u00fatil de su spreader. Las \u00e1reas comunes para el reacondicionamiento incluyen las siguientes:<\/p>\n<ul>\n<li>Nuevos componentes el\u00e9ctricos<\/li>\n<li>Nuevos componentes hidr\u00e1ulicos<\/li>\n<li>Nuevas vigas laterales<\/li>\n<li>Nuevos brazos basculantes<\/li>\n<li>Nuevos twistlocks<\/li>\n<li>Nueva cadena telesc\u00f3pica y\/o nuevos patines deslizantes<\/li>\n<\/ul>\n<p>El reacondicionamiento se puede realizar en un taller de la terminal o en un taller cercano. P\u00f3ngase en contacto con su representante local de Bromma para obtener m\u00e1s informaci\u00f3n sobre el reacondicionamiento de un spreader Bromma.<\/p>[\/et_pb_text][\/et_pb_column][\/et_pb_row][\/et_pb_section]\n","protected":false},"excerpt":{"rendered":"<a href=\"https:\/\/bromma.com\/es\/services\/refurbish\/\" class=\"excerpt\">read more\n<\/a><br><a href=\"https:\/\/bromma.com\/es\/services\/refurbish\/\" class=\"excerptreadmore\">read more<\/a>","protected":false},"author":5,"featured_media":0,"parent":42,"menu_order":0,"comment_status":"closed","ping_status":"closed","template":"","meta":{"_et_pb_use_builder":"on","_et_pb_old_content":"","_et_gb_content_width":"","footnotes":""},"class_list":["post-48","page","type-page","status-publish","hentry"],"yoast_head":"<!-- This site is optimized with the Yoast SEO Premium plugin v27.2 (Yoast SEO v27.2) - https:\/\/yoast.com\/product\/yoast-seo-premium-wordpress\/ -->\n<title>Reacondicionamiento - Bromma<\/title>\n<meta name=\"description\" content=\"Descubre los beneficios del reacondicionamiento y c\u00f3mo puede prolongar la vida \u00fatil de tus equipos y sistemas.\" \/>\n<meta name=\"robots\" content=\"index, follow, max-snippet:-1, max-image-preview:large, max-video-preview:-1\" \/>\n<link rel=\"canonical\" href=\"https:\/\/bromma.com\/es\/services\/refurbish\/\" \/>\n<meta property=\"og:locale\" content=\"es_ES\" \/>\n<meta property=\"og:type\" content=\"article\" \/>\n<meta property=\"og:title\" content=\"Reacondicionamiento\" \/>\n<meta property=\"og:description\" content=\"Descubre los beneficios del reacondicionamiento y c\u00f3mo puede prolongar la vida \u00fatil de tus equipos y sistemas.\" \/>\n<meta property=\"og:url\" content=\"https:\/\/bromma.com\/es\/services\/refurbish\/\" \/>\n<meta property=\"og:site_name\" content=\"Bromma\" \/>\n<meta property=\"article:modified_time\" content=\"2024-06-07T12:49:25+00:00\" \/>\n<meta property=\"og:image\" content=\"https:\/\/bromma.com\/es\/wp-content\/uploads\/sites\/5\/2019\/06\/Hessenatie2.jpg\" \/>\n<meta name=\"twitter:card\" content=\"summary_large_image\" \/>\n<meta name=\"twitter:label1\" content=\"Tiempo de lectura\" \/>\n\t<meta name=\"twitter:data1\" content=\"3 minutos\" \/>\n<script type=\"application\/ld+json\" class=\"yoast-schema-graph\">{\"@context\":\"https:\/\/schema.org\",\"@graph\":[{\"@type\":\"WebPage\",\"@id\":\"https:\/\/bromma.com\/es\/services\/refurbish\/\",\"url\":\"https:\/\/bromma.com\/es\/services\/refurbish\/\",\"name\":\"Reacondicionamiento - Bromma\",\"isPartOf\":{\"@id\":\"https:\/\/bromma.com\/es\/#website\"},\"primaryImageOfPage\":{\"@id\":\"https:\/\/bromma.com\/es\/services\/refurbish\/#primaryimage\"},\"image\":{\"@id\":\"https:\/\/bromma.com\/es\/services\/refurbish\/#primaryimage\"},\"thumbnailUrl\":\"https:\/\/bromma.com\/es\/wp-content\/uploads\/sites\/5\/2019\/06\/Hessenatie2.jpg\",\"datePublished\":\"2019-05-06T09:55:23+00:00\",\"dateModified\":\"2024-06-07T12:49:25+00:00\",\"description\":\"Descubre los beneficios del reacondicionamiento y c\u00f3mo puede prolongar la vida \u00fatil de tus equipos y sistemas.\",\"breadcrumb\":{\"@id\":\"https:\/\/bromma.com\/es\/services\/refurbish\/#breadcrumb\"},\"inLanguage\":\"es\",\"potentialAction\":[{\"@type\":\"ReadAction\",\"target\":[\"https:\/\/bromma.com\/es\/services\/refurbish\/\"]}]},{\"@type\":\"ImageObject\",\"inLanguage\":\"es\",\"@id\":\"https:\/\/bromma.com\/es\/services\/refurbish\/#primaryimage\",\"url\":\"https:\/\/bromma.com\/es\/wp-content\/uploads\/sites\/5\/2019\/06\/Hessenatie2.jpg\",\"contentUrl\":\"https:\/\/bromma.com\/es\/wp-content\/uploads\/sites\/5\/2019\/06\/Hessenatie2.jpg\",\"width\":200,\"height\":150},{\"@type\":\"BreadcrumbList\",\"@id\":\"https:\/\/bromma.com\/es\/services\/refurbish\/#breadcrumb\",\"itemListElement\":[{\"@type\":\"ListItem\",\"position\":1,\"name\":\"Home\",\"item\":\"https:\/\/bromma.com\/es\/\"},{\"@type\":\"ListItem\",\"position\":2,\"name\":\"Servicios\",\"item\":\"https:\/\/bromma.com\/es\/services\/\"},{\"@type\":\"ListItem\",\"position\":3,\"name\":\"Reacondicionamiento\"}]},{\"@type\":\"WebSite\",\"@id\":\"https:\/\/bromma.com\/es\/#website\",\"url\":\"https:\/\/bromma.com\/es\/\",\"name\":\"Bromma\",\"description\":\"Una tradici\u00f3n de innovaci\u00f3n\",\"publisher\":{\"@id\":\"https:\/\/bromma.com\/es\/#organization\"},\"potentialAction\":[{\"@type\":\"SearchAction\",\"target\":{\"@type\":\"EntryPoint\",\"urlTemplate\":\"https:\/\/bromma.com\/es\/?s={search_term_string}\"},\"query-input\":{\"@type\":\"PropertyValueSpecification\",\"valueRequired\":true,\"valueName\":\"search_term_string\"}}],\"inLanguage\":\"es\"},{\"@type\":\"Organization\",\"@id\":\"https:\/\/bromma.com\/es\/#organization\",\"name\":\"Bromma\",\"url\":\"https:\/\/bromma.com\/es\/\",\"logo\":{\"@type\":\"ImageObject\",\"inLanguage\":\"es\",\"@id\":\"https:\/\/bromma.com\/es\/#\/schema\/logo\/image\/\",\"url\":\"https:\/\/bromma.com\/es\/wp-content\/uploads\/sites\/5\/2020\/05\/Bromma-logo_blue_RGB_SPA.png\",\"contentUrl\":\"https:\/\/bromma.com\/es\/wp-content\/uploads\/sites\/5\/2020\/05\/Bromma-logo_blue_RGB_SPA.png\",\"width\":512,\"height\":512,\"caption\":\"Bromma\"},\"image\":{\"@id\":\"https:\/\/bromma.com\/es\/#\/schema\/logo\/image\/\"}}]}<\/script>\n<!-- \/ Yoast SEO Premium plugin. -->","yoast_head_json":{"title":"Reacondicionamiento - Bromma","description":"Descubre los beneficios del reacondicionamiento y c\u00f3mo puede prolongar la vida \u00fatil de tus equipos y sistemas.","robots":{"index":"index","follow":"follow","max-snippet":"max-snippet:-1","max-image-preview":"max-image-preview:large","max-video-preview":"max-video-preview:-1"},"canonical":"https:\/\/bromma.com\/es\/services\/refurbish\/","og_locale":"es_ES","og_type":"article","og_title":"Reacondicionamiento","og_description":"Descubre los beneficios del reacondicionamiento y c\u00f3mo puede prolongar la vida \u00fatil de tus equipos y sistemas.","og_url":"https:\/\/bromma.com\/es\/services\/refurbish\/","og_site_name":"Bromma","article_modified_time":"2024-06-07T12:49:25+00:00","og_image":[{"url":"https:\/\/bromma.com\/es\/wp-content\/uploads\/sites\/5\/2019\/06\/Hessenatie2.jpg","type":"","width":"","height":""}],"twitter_card":"summary_large_image","twitter_misc":{"Tiempo de lectura":"3 minutos"},"schema":{"@context":"https:\/\/schema.org","@graph":[{"@type":"WebPage","@id":"https:\/\/bromma.com\/es\/services\/refurbish\/","url":"https:\/\/bromma.com\/es\/services\/refurbish\/","name":"Reacondicionamiento - Bromma","isPartOf":{"@id":"https:\/\/bromma.com\/es\/#website"},"primaryImageOfPage":{"@id":"https:\/\/bromma.com\/es\/services\/refurbish\/#primaryimage"},"image":{"@id":"https:\/\/bromma.com\/es\/services\/refurbish\/#primaryimage"},"thumbnailUrl":"https:\/\/bromma.com\/es\/wp-content\/uploads\/sites\/5\/2019\/06\/Hessenatie2.jpg","datePublished":"2019-05-06T09:55:23+00:00","dateModified":"2024-06-07T12:49:25+00:00","description":"Descubre los beneficios del reacondicionamiento y c\u00f3mo puede prolongar la vida \u00fatil de tus equipos y sistemas.","breadcrumb":{"@id":"https:\/\/bromma.com\/es\/services\/refurbish\/#breadcrumb"},"inLanguage":"es","potentialAction":[{"@type":"ReadAction","target":["https:\/\/bromma.com\/es\/services\/refurbish\/"]}]},{"@type":"ImageObject","inLanguage":"es","@id":"https:\/\/bromma.com\/es\/services\/refurbish\/#primaryimage","url":"https:\/\/bromma.com\/es\/wp-content\/uploads\/sites\/5\/2019\/06\/Hessenatie2.jpg","contentUrl":"https:\/\/bromma.com\/es\/wp-content\/uploads\/sites\/5\/2019\/06\/Hessenatie2.jpg","width":200,"height":150},{"@type":"BreadcrumbList","@id":"https:\/\/bromma.com\/es\/services\/refurbish\/#breadcrumb","itemListElement":[{"@type":"ListItem","position":1,"name":"Home","item":"https:\/\/bromma.com\/es\/"},{"@type":"ListItem","position":2,"name":"Servicios","item":"https:\/\/bromma.com\/es\/services\/"},{"@type":"ListItem","position":3,"name":"Reacondicionamiento"}]},{"@type":"WebSite","@id":"https:\/\/bromma.com\/es\/#website","url":"https:\/\/bromma.com\/es\/","name":"Bromma","description":"Una tradici\u00f3n de innovaci\u00f3n","publisher":{"@id":"https:\/\/bromma.com\/es\/#organization"},"potentialAction":[{"@type":"SearchAction","target":{"@type":"EntryPoint","urlTemplate":"https:\/\/bromma.com\/es\/?s={search_term_string}"},"query-input":{"@type":"PropertyValueSpecification","valueRequired":true,"valueName":"search_term_string"}}],"inLanguage":"es"},{"@type":"Organization","@id":"https:\/\/bromma.com\/es\/#organization","name":"Bromma","url":"https:\/\/bromma.com\/es\/","logo":{"@type":"ImageObject","inLanguage":"es","@id":"https:\/\/bromma.com\/es\/#\/schema\/logo\/image\/","url":"https:\/\/bromma.com\/es\/wp-content\/uploads\/sites\/5\/2020\/05\/Bromma-logo_blue_RGB_SPA.png","contentUrl":"https:\/\/bromma.com\/es\/wp-content\/uploads\/sites\/5\/2020\/05\/Bromma-logo_blue_RGB_SPA.png","width":512,"height":512,"caption":"Bromma"},"image":{"@id":"https:\/\/bromma.com\/es\/#\/schema\/logo\/image\/"}}]}},"_links":{"self":[{"href":"https:\/\/bromma.com\/es\/wp-json\/wp\/v2\/pages\/48","targetHints":{"allow":["GET"]}}],"collection":[{"href":"https:\/\/bromma.com\/es\/wp-json\/wp\/v2\/pages"}],"about":[{"href":"https:\/\/bromma.com\/es\/wp-json\/wp\/v2\/types\/page"}],"author":[{"embeddable":true,"href":"https:\/\/bromma.com\/es\/wp-json\/wp\/v2\/users\/5"}],"replies":[{"embeddable":true,"href":"https:\/\/bromma.com\/es\/wp-json\/wp\/v2\/comments?post=48"}],"version-history":[{"count":0,"href":"https:\/\/bromma.com\/es\/wp-json\/wp\/v2\/pages\/48\/revisions"}],"up":[{"embeddable":true,"href":"https:\/\/bromma.com\/es\/wp-json\/wp\/v2\/pages\/42"}],"wp:attachment":[{"href":"https:\/\/bromma.com\/es\/wp-json\/wp\/v2\/media?parent=48"}],"curies":[{"name":"wp","href":"https:\/\/api.w.org\/{rel}","templated":true}]}}