{"id":1014,"date":"2019-06-11T12:56:13","date_gmt":"2019-06-11T10:56:13","guid":{"rendered":"https:\/\/brommadev.wpengine.com\/?post_type=product&amp;p=1014"},"modified":"2019-06-11T12:56:13","modified_gmt":"2019-06-11T10:56:13","slug":"msx45","status":"publish","type":"product","link":"https:\/\/bromma.com\/es\/products\/msx45\/","title":{"rendered":"MSX45"},"content":{"rendered":"<h4>Posibles combinaciones de contenedores: 20\u00b4, 40\u00b4, 45\u00b4<\/h4>\n<p>MSX45 se extiende de 20&#8242; a 45&#8242; con una parada intermedia a 40&#8242;. Cuenta con seis poderosos brazos flipper de operaci\u00f3n hidr\u00e1ulica montados en los extremos y los lados del spreader que se pueden recoger eficientemente contra el contenedor, incluso cuando el spreader est\u00e9 girando.<\/p>\n<p>El spreader est\u00e1 dise\u00f1ado seg\u00fan la norma EN13001. Como todos los spreaders de Bromma, est\u00e1 fabricado en acero de alta calidad europeo, lo que garantiza un dise\u00f1o ligero y robusto. El spreader tiene un dise\u00f1o f\u00e1cil de usar y todos los componentes son muy accesibles para su inspecci\u00f3n y mantenimiento.<\/p>\n","protected":false},"excerpt":{"rendered":"<a href=\"https:\/\/bromma.com\/es\/products\/msx45\/\" class=\"excerpt\">El spreader MSX45 es un spreader de gr\u00faa portuaria m\u00f3vil telesc\u00f3pica de un solo elevador con una gran capacidad de elevaci\u00f3n de 41 toneladas m\u00e9tricas combinada con un bajo peso. Esto se traduce en un mejor rendimiento que no afecta la curva de carga o el desplazamiento de la gr\u00faa.\n<\/a><br><a href=\"https:\/\/bromma.com\/es\/products\/msx45\/\" class=\"excerptreadmore\">read more<\/a>","protected":false},"featured_media":1017,"template":"","meta":{"_et_pb_use_builder":"off","_et_pb_old_content":"","_et_gb_content_width":""},"product_brand":[],"product_cat":[29],"product_tag":[40,51],"class_list":{"0":"post-1014","1":"product","2":"type-product","3":"status-publish","4":"has-post-thumbnail","6":"product_cat-mhc_spreaders","7":"product_tag-single-lift","8":"product_tag-telescopic","10":"first","11":"instock","12":"shipping-taxable","13":"product-type-simple"},"yoast_head":"<!-- This site is optimized with the Yoast SEO Premium plugin v27.2 (Yoast SEO v27.2) - https:\/\/yoast.com\/product\/yoast-seo-premium-wordpress\/ -->\n<title>MSX45 - Bromma<\/title>\n<meta name=\"description\" content=\"El spreader MSX45 es un spreader de gr\u00faa portuaria m\u00f3vil telesc\u00f3pica de un solo elevador con una gran capacidad de elevaci\u00f3n de 41 toneladas m\u00e9tricas combinada con un bajo peso. Esto se traduce en un mejor rendimiento que no afecta la curva de carga o el desplazamiento de la gr\u00faa.\" \/>\n<meta name=\"robots\" content=\"index, follow, max-snippet:-1, max-image-preview:large, max-video-preview:-1\" \/>\n<link rel=\"canonical\" href=\"https:\/\/bromma.com\/es\/products\/msx45\/\" \/>\n<meta property=\"og:locale\" content=\"es_ES\" \/>\n<meta property=\"og:type\" content=\"article\" \/>\n<meta property=\"og:title\" content=\"MSX45\" \/>\n<meta property=\"og:description\" content=\"El spreader MSX45 es un spreader de gr\u00faa portuaria m\u00f3vil telesc\u00f3pica de un solo elevador con una gran capacidad de elevaci\u00f3n de 41 toneladas m\u00e9tricas combinada con un bajo peso. Esto se traduce en un mejor rendimiento que no afecta la curva de carga o el desplazamiento de la gr\u00faa.\" \/>\n<meta property=\"og:url\" content=\"https:\/\/bromma.com\/es\/products\/msx45\/\" \/>\n<meta property=\"og:site_name\" content=\"Bromma\" \/>\n<meta property=\"og:image\" content=\"https:\/\/bromma.com\/es\/wp-content\/uploads\/sites\/5\/2019\/06\/MSX45_spreader.jpg\" \/>\n\t<meta property=\"og:image:width\" content=\"1920\" \/>\n\t<meta property=\"og:image:height\" content=\"1080\" \/>\n\t<meta property=\"og:image:type\" content=\"image\/jpeg\" \/>\n<meta name=\"twitter:card\" content=\"summary_large_image\" \/>\n<meta name=\"twitter:label1\" content=\"Tiempo de lectura\" \/>\n\t<meta name=\"twitter:data1\" content=\"1 minuto\" \/>\n<script type=\"application\/ld+json\" class=\"yoast-schema-graph\">{\"@context\":\"https:\/\/schema.org\",\"@graph\":[{\"@type\":\"WebPage\",\"@id\":\"https:\/\/bromma.com\/es\/products\/msx45\/\",\"url\":\"https:\/\/bromma.com\/es\/products\/msx45\/\",\"name\":\"MSX45 - Bromma\",\"isPartOf\":{\"@id\":\"https:\/\/bromma.com\/es\/#website\"},\"primaryImageOfPage\":{\"@id\":\"https:\/\/bromma.com\/es\/products\/msx45\/#primaryimage\"},\"image\":{\"@id\":\"https:\/\/bromma.com\/es\/products\/msx45\/#primaryimage\"},\"thumbnailUrl\":\"https:\/\/bromma.com\/es\/wp-content\/uploads\/sites\/5\/2019\/06\/MSX45_spreader.jpg\",\"datePublished\":\"2019-06-11T10:56:13+00:00\",\"description\":\"El spreader MSX45 es un spreader de gr\u00faa portuaria m\u00f3vil telesc\u00f3pica de un solo elevador con una gran capacidad de elevaci\u00f3n de 41 toneladas m\u00e9tricas combinada con un bajo peso. Esto se traduce en un mejor rendimiento que no afecta la curva de carga o el desplazamiento de la gr\u00faa.\",\"breadcrumb\":{\"@id\":\"https:\/\/bromma.com\/es\/products\/msx45\/#breadcrumb\"},\"inLanguage\":\"es\",\"potentialAction\":[{\"@type\":\"ReadAction\",\"target\":[\"https:\/\/bromma.com\/es\/products\/msx45\/\"]}]},{\"@type\":\"ImageObject\",\"inLanguage\":\"es\",\"@id\":\"https:\/\/bromma.com\/es\/products\/msx45\/#primaryimage\",\"url\":\"https:\/\/bromma.com\/es\/wp-content\/uploads\/sites\/5\/2019\/06\/MSX45_spreader.jpg\",\"contentUrl\":\"https:\/\/bromma.com\/es\/wp-content\/uploads\/sites\/5\/2019\/06\/MSX45_spreader.jpg\",\"width\":1920,\"height\":1080,\"caption\":\"Spreader Bromma MSX45\"},{\"@type\":\"BreadcrumbList\",\"@id\":\"https:\/\/bromma.com\/es\/products\/msx45\/#breadcrumb\",\"itemListElement\":[{\"@type\":\"ListItem\",\"position\":1,\"name\":\"Home\",\"item\":\"https:\/\/bromma.com\/es\/\"},{\"@type\":\"ListItem\",\"position\":2,\"name\":\"Productos\",\"item\":\"https:\/\/bromma.com\/es\/products\/\"},{\"@type\":\"ListItem\",\"position\":3,\"name\":\"MSX45\"}]},{\"@type\":\"WebSite\",\"@id\":\"https:\/\/bromma.com\/es\/#website\",\"url\":\"https:\/\/bromma.com\/es\/\",\"name\":\"Bromma\",\"description\":\"Una tradici\u00f3n de innovaci\u00f3n\",\"publisher\":{\"@id\":\"https:\/\/bromma.com\/es\/#organization\"},\"potentialAction\":[{\"@type\":\"SearchAction\",\"target\":{\"@type\":\"EntryPoint\",\"urlTemplate\":\"https:\/\/bromma.com\/es\/?s={search_term_string}\"},\"query-input\":{\"@type\":\"PropertyValueSpecification\",\"valueRequired\":true,\"valueName\":\"search_term_string\"}}],\"inLanguage\":\"es\"},{\"@type\":\"Organization\",\"@id\":\"https:\/\/bromma.com\/es\/#organization\",\"name\":\"Bromma\",\"url\":\"https:\/\/bromma.com\/es\/\",\"logo\":{\"@type\":\"ImageObject\",\"inLanguage\":\"es\",\"@id\":\"https:\/\/bromma.com\/es\/#\/schema\/logo\/image\/\",\"url\":\"https:\/\/bromma.com\/es\/wp-content\/uploads\/sites\/5\/2020\/05\/Bromma-logo_blue_RGB_SPA.png\",\"contentUrl\":\"https:\/\/bromma.com\/es\/wp-content\/uploads\/sites\/5\/2020\/05\/Bromma-logo_blue_RGB_SPA.png\",\"width\":512,\"height\":512,\"caption\":\"Bromma\"},\"image\":{\"@id\":\"https:\/\/bromma.com\/es\/#\/schema\/logo\/image\/\"}}]}<\/script>\n<!-- \/ Yoast SEO Premium plugin. -->","yoast_head_json":{"title":"MSX45 - Bromma","description":"El spreader MSX45 es un spreader de gr\u00faa portuaria m\u00f3vil telesc\u00f3pica de un solo elevador con una gran capacidad de elevaci\u00f3n de 41 toneladas m\u00e9tricas combinada con un bajo peso. Esto se traduce en un mejor rendimiento que no afecta la curva de carga o el desplazamiento de la gr\u00faa.","robots":{"index":"index","follow":"follow","max-snippet":"max-snippet:-1","max-image-preview":"max-image-preview:large","max-video-preview":"max-video-preview:-1"},"canonical":"https:\/\/bromma.com\/es\/products\/msx45\/","og_locale":"es_ES","og_type":"article","og_title":"MSX45","og_description":"El spreader MSX45 es un spreader de gr\u00faa portuaria m\u00f3vil telesc\u00f3pica de un solo elevador con una gran capacidad de elevaci\u00f3n de 41 toneladas m\u00e9tricas combinada con un bajo peso. Esto se traduce en un mejor rendimiento que no afecta la curva de carga o el desplazamiento de la gr\u00faa.","og_url":"https:\/\/bromma.com\/es\/products\/msx45\/","og_site_name":"Bromma","og_image":[{"width":1920,"height":1080,"url":"https:\/\/bromma.com\/es\/wp-content\/uploads\/sites\/5\/2019\/06\/MSX45_spreader.jpg","type":"image\/jpeg"}],"twitter_card":"summary_large_image","twitter_misc":{"Tiempo de lectura":"1 minuto"},"schema":{"@context":"https:\/\/schema.org","@graph":[{"@type":"WebPage","@id":"https:\/\/bromma.com\/es\/products\/msx45\/","url":"https:\/\/bromma.com\/es\/products\/msx45\/","name":"MSX45 - Bromma","isPartOf":{"@id":"https:\/\/bromma.com\/es\/#website"},"primaryImageOfPage":{"@id":"https:\/\/bromma.com\/es\/products\/msx45\/#primaryimage"},"image":{"@id":"https:\/\/bromma.com\/es\/products\/msx45\/#primaryimage"},"thumbnailUrl":"https:\/\/bromma.com\/es\/wp-content\/uploads\/sites\/5\/2019\/06\/MSX45_spreader.jpg","datePublished":"2019-06-11T10:56:13+00:00","description":"El spreader MSX45 es un spreader de gr\u00faa portuaria m\u00f3vil telesc\u00f3pica de un solo elevador con una gran capacidad de elevaci\u00f3n de 41 toneladas m\u00e9tricas combinada con un bajo peso. Esto se traduce en un mejor rendimiento que no afecta la curva de carga o el desplazamiento de la gr\u00faa.","breadcrumb":{"@id":"https:\/\/bromma.com\/es\/products\/msx45\/#breadcrumb"},"inLanguage":"es","potentialAction":[{"@type":"ReadAction","target":["https:\/\/bromma.com\/es\/products\/msx45\/"]}]},{"@type":"ImageObject","inLanguage":"es","@id":"https:\/\/bromma.com\/es\/products\/msx45\/#primaryimage","url":"https:\/\/bromma.com\/es\/wp-content\/uploads\/sites\/5\/2019\/06\/MSX45_spreader.jpg","contentUrl":"https:\/\/bromma.com\/es\/wp-content\/uploads\/sites\/5\/2019\/06\/MSX45_spreader.jpg","width":1920,"height":1080,"caption":"Spreader Bromma MSX45"},{"@type":"BreadcrumbList","@id":"https:\/\/bromma.com\/es\/products\/msx45\/#breadcrumb","itemListElement":[{"@type":"ListItem","position":1,"name":"Home","item":"https:\/\/bromma.com\/es\/"},{"@type":"ListItem","position":2,"name":"Productos","item":"https:\/\/bromma.com\/es\/products\/"},{"@type":"ListItem","position":3,"name":"MSX45"}]},{"@type":"WebSite","@id":"https:\/\/bromma.com\/es\/#website","url":"https:\/\/bromma.com\/es\/","name":"Bromma","description":"Una tradici\u00f3n de innovaci\u00f3n","publisher":{"@id":"https:\/\/bromma.com\/es\/#organization"},"potentialAction":[{"@type":"SearchAction","target":{"@type":"EntryPoint","urlTemplate":"https:\/\/bromma.com\/es\/?s={search_term_string}"},"query-input":{"@type":"PropertyValueSpecification","valueRequired":true,"valueName":"search_term_string"}}],"inLanguage":"es"},{"@type":"Organization","@id":"https:\/\/bromma.com\/es\/#organization","name":"Bromma","url":"https:\/\/bromma.com\/es\/","logo":{"@type":"ImageObject","inLanguage":"es","@id":"https:\/\/bromma.com\/es\/#\/schema\/logo\/image\/","url":"https:\/\/bromma.com\/es\/wp-content\/uploads\/sites\/5\/2020\/05\/Bromma-logo_blue_RGB_SPA.png","contentUrl":"https:\/\/bromma.com\/es\/wp-content\/uploads\/sites\/5\/2020\/05\/Bromma-logo_blue_RGB_SPA.png","width":512,"height":512,"caption":"Bromma"},"image":{"@id":"https:\/\/bromma.com\/es\/#\/schema\/logo\/image\/"}}]}},"_links":{"self":[{"href":"https:\/\/bromma.com\/es\/wp-json\/wp\/v2\/product\/1014","targetHints":{"allow":["GET"]}}],"collection":[{"href":"https:\/\/bromma.com\/es\/wp-json\/wp\/v2\/product"}],"about":[{"href":"https:\/\/bromma.com\/es\/wp-json\/wp\/v2\/types\/product"}],"wp:featuredmedia":[{"embeddable":true,"href":"https:\/\/bromma.com\/es\/wp-json\/wp\/v2\/media\/1017"}],"wp:attachment":[{"href":"https:\/\/bromma.com\/es\/wp-json\/wp\/v2\/media?parent=1014"}],"wp:term":[{"taxonomy":"product_brand","embeddable":true,"href":"https:\/\/bromma.com\/es\/wp-json\/wp\/v2\/product_brand?post=1014"},{"taxonomy":"product_cat","embeddable":true,"href":"https:\/\/bromma.com\/es\/wp-json\/wp\/v2\/product_cat?post=1014"},{"taxonomy":"product_tag","embeddable":true,"href":"https:\/\/bromma.com\/es\/wp-json\/wp\/v2\/product_tag?post=1014"}],"curies":[{"name":"wp","href":"https:\/\/api.w.org\/{rel}","templated":true}]}}