{"id":1018,"date":"2019-06-11T13:44:49","date_gmt":"2019-06-11T11:44:49","guid":{"rendered":"https:\/\/brommadev.wpengine.com\/?post_type=product&amp;p=1018"},"modified":"2019-06-11T13:44:49","modified_gmt":"2019-06-11T11:44:49","slug":"eh170u","status":"publish","type":"product","link":"https:\/\/bromma.com\/es\/products\/eh170u\/","title":{"rendered":"EH170U"},"content":{"rendered":"<h4>Posibles combinaciones de contenedores: 20\u00b4, 40\u00b4, 2&#215;20\u00b4<\/h4>\n<p>EH170U es un spreader hidr\u00e1ulico con una gran capacidad de elevaci\u00f3n combinada con un bajo peso de tara. Esto se traduce en un mejor rendimiento que no afecta la curva de carga o el desplazamiento de la gr\u00faa. Bromma ofrece dos versiones de EH170U, una versi\u00f3n est\u00e1ndar con SWL de 40 toneladas m\u00e9tricas y una versi\u00f3n con SWL ampliado de 45 toneladas m\u00e9tricas.<\/p>\n<p>El spreader est\u00e1 dise\u00f1ado seg\u00fan la norma EN13001. Como todos los spreaders de Bromma, est\u00e1 fabricado en acero de alta calidad europeo, lo que garantiza un dise\u00f1o ligero y robusto. El spreader tiene un dise\u00f1o f\u00e1cil de usar y todos los componentes son muy accesibles para su inspecci\u00f3n y mantenimiento.<\/p>\n","protected":false},"excerpt":{"rendered":"<a href=\"https:\/\/bromma.com\/es\/products\/eh170u\/\" class=\"excerpt\">Para los terminales que buscan una mayor productividad en cada elevaci\u00f3n, Bromma ofrece un spreader telesc\u00f3pico de gr\u00faa portuaria m\u00f3vil de doble elevaci\u00f3n, EH170U, capaz de manejar dos contenedores de 20&#8242;.\n<\/a><br><a href=\"https:\/\/bromma.com\/es\/products\/eh170u\/\" class=\"excerptreadmore\">read more<\/a>","protected":false},"featured_media":1019,"template":"","meta":{"_et_pb_use_builder":"off","_et_pb_old_content":"","_et_gb_content_width":""},"product_brand":[],"product_cat":[29],"product_tag":[54,40,51],"class_list":{"0":"post-1018","1":"product","2":"type-product","3":"status-publish","4":"has-post-thumbnail","6":"product_cat-mhc_spreaders","7":"product_tag-twin-lift","8":"product_tag-single-lift","9":"product_tag-telescopic","11":"first","12":"instock","13":"shipping-taxable","14":"product-type-simple"},"yoast_head":"<!-- This site is optimized with the Yoast SEO Premium plugin v27.2 (Yoast SEO v27.2) - https:\/\/yoast.com\/product\/yoast-seo-premium-wordpress\/ -->\n<title>EH170U - Bromma<\/title>\n<meta name=\"description\" content=\"Para los terminales que buscan una mayor productividad en cada elevaci\u00f3n, Bromma ofrece un spreader telesc\u00f3pico de gr\u00faa portuaria m\u00f3vil de doble elevaci\u00f3n, EH170U, capaz de manejar dos contenedores de 20&#039;.\" \/>\n<meta name=\"robots\" content=\"index, follow, max-snippet:-1, max-image-preview:large, max-video-preview:-1\" \/>\n<link rel=\"canonical\" href=\"https:\/\/bromma.com\/es\/products\/eh170u\/\" \/>\n<meta property=\"og:locale\" content=\"es_ES\" \/>\n<meta property=\"og:type\" content=\"article\" \/>\n<meta property=\"og:title\" content=\"EH170U\" \/>\n<meta property=\"og:description\" content=\"Para los terminales que buscan una mayor productividad en cada elevaci\u00f3n, Bromma ofrece un spreader telesc\u00f3pico de gr\u00faa portuaria m\u00f3vil de doble elevaci\u00f3n, EH170U, capaz de manejar dos contenedores de 20&#039;.\" \/>\n<meta property=\"og:url\" content=\"https:\/\/bromma.com\/es\/products\/eh170u\/\" \/>\n<meta property=\"og:site_name\" content=\"Bromma\" \/>\n<meta property=\"og:image\" content=\"https:\/\/bromma.com\/es\/wp-content\/uploads\/sites\/5\/2019\/06\/EH170U_spreader.jpg\" \/>\n\t<meta property=\"og:image:width\" content=\"1920\" \/>\n\t<meta property=\"og:image:height\" content=\"1080\" \/>\n\t<meta property=\"og:image:type\" content=\"image\/jpeg\" \/>\n<meta name=\"twitter:card\" content=\"summary_large_image\" \/>\n<meta name=\"twitter:label1\" content=\"Tiempo de lectura\" \/>\n\t<meta name=\"twitter:data1\" content=\"1 minuto\" \/>\n<script type=\"application\/ld+json\" class=\"yoast-schema-graph\">{\"@context\":\"https:\/\/schema.org\",\"@graph\":[{\"@type\":\"WebPage\",\"@id\":\"https:\/\/bromma.com\/es\/products\/eh170u\/\",\"url\":\"https:\/\/bromma.com\/es\/products\/eh170u\/\",\"name\":\"EH170U - Bromma\",\"isPartOf\":{\"@id\":\"https:\/\/bromma.com\/es\/#website\"},\"primaryImageOfPage\":{\"@id\":\"https:\/\/bromma.com\/es\/products\/eh170u\/#primaryimage\"},\"image\":{\"@id\":\"https:\/\/bromma.com\/es\/products\/eh170u\/#primaryimage\"},\"thumbnailUrl\":\"https:\/\/bromma.com\/es\/wp-content\/uploads\/sites\/5\/2019\/06\/EH170U_spreader.jpg\",\"datePublished\":\"2019-06-11T11:44:49+00:00\",\"description\":\"Para los terminales que buscan una mayor productividad en cada elevaci\u00f3n, Bromma ofrece un spreader telesc\u00f3pico de gr\u00faa portuaria m\u00f3vil de doble elevaci\u00f3n, EH170U, capaz de manejar dos contenedores de 20'.\",\"breadcrumb\":{\"@id\":\"https:\/\/bromma.com\/es\/products\/eh170u\/#breadcrumb\"},\"inLanguage\":\"es\",\"potentialAction\":[{\"@type\":\"ReadAction\",\"target\":[\"https:\/\/bromma.com\/es\/products\/eh170u\/\"]}]},{\"@type\":\"ImageObject\",\"inLanguage\":\"es\",\"@id\":\"https:\/\/bromma.com\/es\/products\/eh170u\/#primaryimage\",\"url\":\"https:\/\/bromma.com\/es\/wp-content\/uploads\/sites\/5\/2019\/06\/EH170U_spreader.jpg\",\"contentUrl\":\"https:\/\/bromma.com\/es\/wp-content\/uploads\/sites\/5\/2019\/06\/EH170U_spreader.jpg\",\"width\":1920,\"height\":1080,\"caption\":\"Spreader Bromma EH170U\"},{\"@type\":\"BreadcrumbList\",\"@id\":\"https:\/\/bromma.com\/es\/products\/eh170u\/#breadcrumb\",\"itemListElement\":[{\"@type\":\"ListItem\",\"position\":1,\"name\":\"Home\",\"item\":\"https:\/\/bromma.com\/es\/\"},{\"@type\":\"ListItem\",\"position\":2,\"name\":\"Productos\",\"item\":\"https:\/\/bromma.com\/es\/products\/\"},{\"@type\":\"ListItem\",\"position\":3,\"name\":\"EH170U\"}]},{\"@type\":\"WebSite\",\"@id\":\"https:\/\/bromma.com\/es\/#website\",\"url\":\"https:\/\/bromma.com\/es\/\",\"name\":\"Bromma\",\"description\":\"Una tradici\u00f3n de innovaci\u00f3n\",\"publisher\":{\"@id\":\"https:\/\/bromma.com\/es\/#organization\"},\"potentialAction\":[{\"@type\":\"SearchAction\",\"target\":{\"@type\":\"EntryPoint\",\"urlTemplate\":\"https:\/\/bromma.com\/es\/?s={search_term_string}\"},\"query-input\":{\"@type\":\"PropertyValueSpecification\",\"valueRequired\":true,\"valueName\":\"search_term_string\"}}],\"inLanguage\":\"es\"},{\"@type\":\"Organization\",\"@id\":\"https:\/\/bromma.com\/es\/#organization\",\"name\":\"Bromma\",\"url\":\"https:\/\/bromma.com\/es\/\",\"logo\":{\"@type\":\"ImageObject\",\"inLanguage\":\"es\",\"@id\":\"https:\/\/bromma.com\/es\/#\/schema\/logo\/image\/\",\"url\":\"https:\/\/bromma.com\/es\/wp-content\/uploads\/sites\/5\/2020\/05\/Bromma-logo_blue_RGB_SPA.png\",\"contentUrl\":\"https:\/\/bromma.com\/es\/wp-content\/uploads\/sites\/5\/2020\/05\/Bromma-logo_blue_RGB_SPA.png\",\"width\":512,\"height\":512,\"caption\":\"Bromma\"},\"image\":{\"@id\":\"https:\/\/bromma.com\/es\/#\/schema\/logo\/image\/\"}}]}<\/script>\n<!-- \/ Yoast SEO Premium plugin. -->","yoast_head_json":{"title":"EH170U - Bromma","description":"Para los terminales que buscan una mayor productividad en cada elevaci\u00f3n, Bromma ofrece un spreader telesc\u00f3pico de gr\u00faa portuaria m\u00f3vil de doble elevaci\u00f3n, EH170U, capaz de manejar dos contenedores de 20'.","robots":{"index":"index","follow":"follow","max-snippet":"max-snippet:-1","max-image-preview":"max-image-preview:large","max-video-preview":"max-video-preview:-1"},"canonical":"https:\/\/bromma.com\/es\/products\/eh170u\/","og_locale":"es_ES","og_type":"article","og_title":"EH170U","og_description":"Para los terminales que buscan una mayor productividad en cada elevaci\u00f3n, Bromma ofrece un spreader telesc\u00f3pico de gr\u00faa portuaria m\u00f3vil de doble elevaci\u00f3n, EH170U, capaz de manejar dos contenedores de 20'.","og_url":"https:\/\/bromma.com\/es\/products\/eh170u\/","og_site_name":"Bromma","og_image":[{"width":1920,"height":1080,"url":"https:\/\/bromma.com\/es\/wp-content\/uploads\/sites\/5\/2019\/06\/EH170U_spreader.jpg","type":"image\/jpeg"}],"twitter_card":"summary_large_image","twitter_misc":{"Tiempo de lectura":"1 minuto"},"schema":{"@context":"https:\/\/schema.org","@graph":[{"@type":"WebPage","@id":"https:\/\/bromma.com\/es\/products\/eh170u\/","url":"https:\/\/bromma.com\/es\/products\/eh170u\/","name":"EH170U - Bromma","isPartOf":{"@id":"https:\/\/bromma.com\/es\/#website"},"primaryImageOfPage":{"@id":"https:\/\/bromma.com\/es\/products\/eh170u\/#primaryimage"},"image":{"@id":"https:\/\/bromma.com\/es\/products\/eh170u\/#primaryimage"},"thumbnailUrl":"https:\/\/bromma.com\/es\/wp-content\/uploads\/sites\/5\/2019\/06\/EH170U_spreader.jpg","datePublished":"2019-06-11T11:44:49+00:00","description":"Para los terminales que buscan una mayor productividad en cada elevaci\u00f3n, Bromma ofrece un spreader telesc\u00f3pico de gr\u00faa portuaria m\u00f3vil de doble elevaci\u00f3n, EH170U, capaz de manejar dos contenedores de 20'.","breadcrumb":{"@id":"https:\/\/bromma.com\/es\/products\/eh170u\/#breadcrumb"},"inLanguage":"es","potentialAction":[{"@type":"ReadAction","target":["https:\/\/bromma.com\/es\/products\/eh170u\/"]}]},{"@type":"ImageObject","inLanguage":"es","@id":"https:\/\/bromma.com\/es\/products\/eh170u\/#primaryimage","url":"https:\/\/bromma.com\/es\/wp-content\/uploads\/sites\/5\/2019\/06\/EH170U_spreader.jpg","contentUrl":"https:\/\/bromma.com\/es\/wp-content\/uploads\/sites\/5\/2019\/06\/EH170U_spreader.jpg","width":1920,"height":1080,"caption":"Spreader Bromma EH170U"},{"@type":"BreadcrumbList","@id":"https:\/\/bromma.com\/es\/products\/eh170u\/#breadcrumb","itemListElement":[{"@type":"ListItem","position":1,"name":"Home","item":"https:\/\/bromma.com\/es\/"},{"@type":"ListItem","position":2,"name":"Productos","item":"https:\/\/bromma.com\/es\/products\/"},{"@type":"ListItem","position":3,"name":"EH170U"}]},{"@type":"WebSite","@id":"https:\/\/bromma.com\/es\/#website","url":"https:\/\/bromma.com\/es\/","name":"Bromma","description":"Una tradici\u00f3n de innovaci\u00f3n","publisher":{"@id":"https:\/\/bromma.com\/es\/#organization"},"potentialAction":[{"@type":"SearchAction","target":{"@type":"EntryPoint","urlTemplate":"https:\/\/bromma.com\/es\/?s={search_term_string}"},"query-input":{"@type":"PropertyValueSpecification","valueRequired":true,"valueName":"search_term_string"}}],"inLanguage":"es"},{"@type":"Organization","@id":"https:\/\/bromma.com\/es\/#organization","name":"Bromma","url":"https:\/\/bromma.com\/es\/","logo":{"@type":"ImageObject","inLanguage":"es","@id":"https:\/\/bromma.com\/es\/#\/schema\/logo\/image\/","url":"https:\/\/bromma.com\/es\/wp-content\/uploads\/sites\/5\/2020\/05\/Bromma-logo_blue_RGB_SPA.png","contentUrl":"https:\/\/bromma.com\/es\/wp-content\/uploads\/sites\/5\/2020\/05\/Bromma-logo_blue_RGB_SPA.png","width":512,"height":512,"caption":"Bromma"},"image":{"@id":"https:\/\/bromma.com\/es\/#\/schema\/logo\/image\/"}}]}},"_links":{"self":[{"href":"https:\/\/bromma.com\/es\/wp-json\/wp\/v2\/product\/1018","targetHints":{"allow":["GET"]}}],"collection":[{"href":"https:\/\/bromma.com\/es\/wp-json\/wp\/v2\/product"}],"about":[{"href":"https:\/\/bromma.com\/es\/wp-json\/wp\/v2\/types\/product"}],"wp:featuredmedia":[{"embeddable":true,"href":"https:\/\/bromma.com\/es\/wp-json\/wp\/v2\/media\/1019"}],"wp:attachment":[{"href":"https:\/\/bromma.com\/es\/wp-json\/wp\/v2\/media?parent=1018"}],"wp:term":[{"taxonomy":"product_brand","embeddable":true,"href":"https:\/\/bromma.com\/es\/wp-json\/wp\/v2\/product_brand?post=1018"},{"taxonomy":"product_cat","embeddable":true,"href":"https:\/\/bromma.com\/es\/wp-json\/wp\/v2\/product_cat?post=1018"},{"taxonomy":"product_tag","embeddable":true,"href":"https:\/\/bromma.com\/es\/wp-json\/wp\/v2\/product_tag?post=1018"}],"curies":[{"name":"wp","href":"https:\/\/api.w.org\/{rel}","templated":true}]}}