{"id":1020,"date":"2019-06-11T13:55:42","date_gmt":"2019-06-11T11:55:42","guid":{"rendered":"https:\/\/brommadev.wpengine.com\/?post_type=product&amp;p=1020"},"modified":"2019-06-11T13:55:42","modified_gmt":"2019-06-11T11:55:42","slug":"sms-spreader-monitoring-system","status":"publish","type":"product","link":"https:\/\/bromma.com\/es\/products\/sms-spreader-monitoring-system\/","title":{"rendered":"SMS &#8211; Sistema de control de spreaders"},"content":{"rendered":"<h4>Convierta los datos de su spreader en informaci\u00f3n pr\u00e1ctica e impactante.<\/h4>\n<p>Con el sistema de control de spreaders le ofrecemos una herramienta que puede aumentar radicalmente la eficiencia de su terminal, tanto a corto como a largo plazo. Los servicios diarios pueden planificarse de forma m\u00e1s eficiente y previsible. La disminuci\u00f3n del rendimiento y otras tendencias negativas pueden identificarse en una fase temprana y abordarse antes de que se conviertan en problemas reales.<\/p>\n<p>El sistema de control de spreaders le proporciona informaci\u00f3n sobre el estado de su flota de spreaders para que pueda dirigir sus acciones all\u00ed donde sean m\u00e1s necesarias. Adem\u00e1s, el sistema proporciona una mayor seguridad para el personal de la terminal. Al identificar un problema antes de acercarse al equipo, se reduce el tiempo que se pasa en un \u00e1rea operativa potencialmente peligrosa. La capacidad de resolver problemas m\u00e1s r\u00e1pidamente aumenta las posibilidades operativas del terminal al reducir el tiempo de inactividad durante las operaciones. Cuanto m\u00e1s r\u00e1pido pueda el personal resolver los problemas mientras da servicio al barco, menos interrupciones durante la operaci\u00f3n.<\/p>\n<p>Razones para elegir el sistema de control de spreaders Bromma:<\/p>\n<h4>Informaci\u00f3n general sobre el estado de los spreaders<\/h4>\n<ul>\n<li>Vista \u00fanica de todos los spreaders de su flota<\/li>\n<\/ul>\n<h4>Lo primero es lo primero<\/h4>\n<ul>\n<li>Enfoque preciso sobre lo que hay que hacer y cu\u00e1ndo.<\/li>\n<\/ul>\n<h4>Operaciones predecibles en los spreaders<\/h4>\n<ul>\n<li>Identifique la disminuci\u00f3n del rendimiento y centre el servicio preventivo en los eslabones d\u00e9biles para fortalecer la cadena.<\/li>\n<\/ul>\n<h4>Maximizar el tiempo de actividad<\/h4>\n<ul>\n<li>Estad\u00edsticas sobre el rendimiento y problemas para afinar el uso de la flota de spreaders.<\/li>\n<\/ul>\n<p><a href=\"https:\/\/bromma.com\/sms\/\"><em>Ver para creer &#8211; \u00a1Inscr\u00edbase para una demostraci\u00f3n!<\/em><\/a><\/p>\n","protected":false},"excerpt":{"rendered":"<a href=\"https:\/\/bromma.com\/es\/products\/sms-spreader-monitoring-system\/\" class=\"excerpt\">Con el nuevo sistema de control de spreaders, obtendr\u00e1 una visi\u00f3n \u00fanica de todos los spreaders de su flota, con una precisi\u00f3n de l\u00e1ser, que le ayudar\u00e1 a identificar el rendimiento de la desaceleraci\u00f3n y a centrar el servicio preventivo en los eslabones d\u00e9biles para reforzar la cadena. Adem\u00e1s, el sistema proporciona estad\u00edsticas sobre el rendimiento y los problemas para ajustar con precisi\u00f3n el uso de su flota de spreaders.\n<\/a><br><a href=\"https:\/\/bromma.com\/es\/products\/sms-spreader-monitoring-system\/\" class=\"excerptreadmore\">read more<\/a>","protected":false},"featured_media":1029,"template":"","meta":{"_et_pb_use_builder":"off","_et_pb_old_content":"","_et_gb_content_width":""},"product_brand":[],"product_cat":[21],"product_tag":[43,23,37,42],"class_list":{"0":"post-1020","1":"product","2":"type-product","3":"status-publish","4":"has-post-thumbnail","6":"product_cat-ancillary-equipment-and-options","7":"product_tag-spreader-monitoring","8":"product_tag-fleet-management","9":"product_tag-service-planing","10":"product_tag-software","12":"first","13":"instock","14":"shipping-taxable","15":"product-type-simple"},"yoast_head":"<!-- This site is optimized with the Yoast SEO Premium plugin v27.2 (Yoast SEO v27.2) - https:\/\/yoast.com\/product\/yoast-seo-premium-wordpress\/ -->\n<title>SMS - Sistema de control de spreaders - Bromma<\/title>\n<meta name=\"description\" content=\"Con el sistema de control de spreaders Bromma SMS, obtiene una visi\u00f3n \u00fanica de todos los spreaders de su flota...\" \/>\n<meta name=\"robots\" content=\"index, follow, max-snippet:-1, max-image-preview:large, max-video-preview:-1\" \/>\n<link rel=\"canonical\" href=\"https:\/\/bromma.com\/es\/products\/sms-spreader-monitoring-system\/\" \/>\n<meta property=\"og:locale\" content=\"es_ES\" \/>\n<meta property=\"og:type\" content=\"article\" \/>\n<meta property=\"og:title\" content=\"SMS - Sistema de control de spreaders\" \/>\n<meta property=\"og:description\" content=\"Con el sistema de control de spreaders Bromma SMS, obtiene una visi\u00f3n \u00fanica de todos los spreaders de su flota...\" \/>\n<meta property=\"og:url\" content=\"https:\/\/bromma.com\/es\/products\/sms-spreader-monitoring-system\/\" \/>\n<meta property=\"og:site_name\" content=\"Bromma\" \/>\n<meta property=\"og:image\" content=\"https:\/\/bromma.com\/es\/wp-content\/uploads\/sites\/5\/2019\/06\/SMS_overview.jpg\" \/>\n\t<meta property=\"og:image:width\" content=\"1920\" \/>\n\t<meta property=\"og:image:height\" content=\"1080\" \/>\n\t<meta property=\"og:image:type\" content=\"image\/jpeg\" \/>\n<meta name=\"twitter:card\" content=\"summary_large_image\" \/>\n<meta name=\"twitter:label1\" content=\"Tiempo de lectura\" \/>\n\t<meta name=\"twitter:data1\" content=\"1 minuto\" \/>\n<script type=\"application\/ld+json\" class=\"yoast-schema-graph\">{\"@context\":\"https:\/\/schema.org\",\"@graph\":[{\"@type\":\"WebPage\",\"@id\":\"https:\/\/bromma.com\/es\/products\/sms-spreader-monitoring-system\/\",\"url\":\"https:\/\/bromma.com\/es\/products\/sms-spreader-monitoring-system\/\",\"name\":\"SMS - Sistema de control de spreaders - Bromma\",\"isPartOf\":{\"@id\":\"https:\/\/bromma.com\/es\/#website\"},\"primaryImageOfPage\":{\"@id\":\"https:\/\/bromma.com\/es\/products\/sms-spreader-monitoring-system\/#primaryimage\"},\"image\":{\"@id\":\"https:\/\/bromma.com\/es\/products\/sms-spreader-monitoring-system\/#primaryimage\"},\"thumbnailUrl\":\"https:\/\/bromma.com\/es\/wp-content\/uploads\/sites\/5\/2019\/06\/SMS_overview.jpg\",\"datePublished\":\"2019-06-11T11:55:42+00:00\",\"description\":\"Con el sistema de control de spreaders Bromma SMS, obtiene una visi\u00f3n \u00fanica de todos los spreaders de su flota...\",\"breadcrumb\":{\"@id\":\"https:\/\/bromma.com\/es\/products\/sms-spreader-monitoring-system\/#breadcrumb\"},\"inLanguage\":\"es\",\"potentialAction\":[{\"@type\":\"ReadAction\",\"target\":[\"https:\/\/bromma.com\/es\/products\/sms-spreader-monitoring-system\/\"]}]},{\"@type\":\"ImageObject\",\"inLanguage\":\"es\",\"@id\":\"https:\/\/bromma.com\/es\/products\/sms-spreader-monitoring-system\/#primaryimage\",\"url\":\"https:\/\/bromma.com\/es\/wp-content\/uploads\/sites\/5\/2019\/06\/SMS_overview.jpg\",\"contentUrl\":\"https:\/\/bromma.com\/es\/wp-content\/uploads\/sites\/5\/2019\/06\/SMS_overview.jpg\",\"width\":1920,\"height\":1080,\"caption\":\"SMS, sistema de control de spreaders Bromma\"},{\"@type\":\"BreadcrumbList\",\"@id\":\"https:\/\/bromma.com\/es\/products\/sms-spreader-monitoring-system\/#breadcrumb\",\"itemListElement\":[{\"@type\":\"ListItem\",\"position\":1,\"name\":\"Home\",\"item\":\"https:\/\/bromma.com\/es\/\"},{\"@type\":\"ListItem\",\"position\":2,\"name\":\"Productos\",\"item\":\"https:\/\/bromma.com\/es\/products\/\"},{\"@type\":\"ListItem\",\"position\":3,\"name\":\"SMS &#8211; Sistema de control de spreaders\"}]},{\"@type\":\"WebSite\",\"@id\":\"https:\/\/bromma.com\/es\/#website\",\"url\":\"https:\/\/bromma.com\/es\/\",\"name\":\"Bromma\",\"description\":\"Una tradici\u00f3n de innovaci\u00f3n\",\"publisher\":{\"@id\":\"https:\/\/bromma.com\/es\/#organization\"},\"potentialAction\":[{\"@type\":\"SearchAction\",\"target\":{\"@type\":\"EntryPoint\",\"urlTemplate\":\"https:\/\/bromma.com\/es\/?s={search_term_string}\"},\"query-input\":{\"@type\":\"PropertyValueSpecification\",\"valueRequired\":true,\"valueName\":\"search_term_string\"}}],\"inLanguage\":\"es\"},{\"@type\":\"Organization\",\"@id\":\"https:\/\/bromma.com\/es\/#organization\",\"name\":\"Bromma\",\"url\":\"https:\/\/bromma.com\/es\/\",\"logo\":{\"@type\":\"ImageObject\",\"inLanguage\":\"es\",\"@id\":\"https:\/\/bromma.com\/es\/#\/schema\/logo\/image\/\",\"url\":\"https:\/\/bromma.com\/es\/wp-content\/uploads\/sites\/5\/2020\/05\/Bromma-logo_blue_RGB_SPA.png\",\"contentUrl\":\"https:\/\/bromma.com\/es\/wp-content\/uploads\/sites\/5\/2020\/05\/Bromma-logo_blue_RGB_SPA.png\",\"width\":512,\"height\":512,\"caption\":\"Bromma\"},\"image\":{\"@id\":\"https:\/\/bromma.com\/es\/#\/schema\/logo\/image\/\"}}]}<\/script>\n<!-- \/ Yoast SEO Premium plugin. -->","yoast_head_json":{"title":"SMS - Sistema de control de spreaders - Bromma","description":"Con el sistema de control de spreaders Bromma SMS, obtiene una visi\u00f3n \u00fanica de todos los spreaders de su flota...","robots":{"index":"index","follow":"follow","max-snippet":"max-snippet:-1","max-image-preview":"max-image-preview:large","max-video-preview":"max-video-preview:-1"},"canonical":"https:\/\/bromma.com\/es\/products\/sms-spreader-monitoring-system\/","og_locale":"es_ES","og_type":"article","og_title":"SMS - Sistema de control de spreaders","og_description":"Con el sistema de control de spreaders Bromma SMS, obtiene una visi\u00f3n \u00fanica de todos los spreaders de su flota...","og_url":"https:\/\/bromma.com\/es\/products\/sms-spreader-monitoring-system\/","og_site_name":"Bromma","og_image":[{"width":1920,"height":1080,"url":"https:\/\/bromma.com\/es\/wp-content\/uploads\/sites\/5\/2019\/06\/SMS_overview.jpg","type":"image\/jpeg"}],"twitter_card":"summary_large_image","twitter_misc":{"Tiempo de lectura":"1 minuto"},"schema":{"@context":"https:\/\/schema.org","@graph":[{"@type":"WebPage","@id":"https:\/\/bromma.com\/es\/products\/sms-spreader-monitoring-system\/","url":"https:\/\/bromma.com\/es\/products\/sms-spreader-monitoring-system\/","name":"SMS - Sistema de control de spreaders - Bromma","isPartOf":{"@id":"https:\/\/bromma.com\/es\/#website"},"primaryImageOfPage":{"@id":"https:\/\/bromma.com\/es\/products\/sms-spreader-monitoring-system\/#primaryimage"},"image":{"@id":"https:\/\/bromma.com\/es\/products\/sms-spreader-monitoring-system\/#primaryimage"},"thumbnailUrl":"https:\/\/bromma.com\/es\/wp-content\/uploads\/sites\/5\/2019\/06\/SMS_overview.jpg","datePublished":"2019-06-11T11:55:42+00:00","description":"Con el sistema de control de spreaders Bromma SMS, obtiene una visi\u00f3n \u00fanica de todos los spreaders de su flota...","breadcrumb":{"@id":"https:\/\/bromma.com\/es\/products\/sms-spreader-monitoring-system\/#breadcrumb"},"inLanguage":"es","potentialAction":[{"@type":"ReadAction","target":["https:\/\/bromma.com\/es\/products\/sms-spreader-monitoring-system\/"]}]},{"@type":"ImageObject","inLanguage":"es","@id":"https:\/\/bromma.com\/es\/products\/sms-spreader-monitoring-system\/#primaryimage","url":"https:\/\/bromma.com\/es\/wp-content\/uploads\/sites\/5\/2019\/06\/SMS_overview.jpg","contentUrl":"https:\/\/bromma.com\/es\/wp-content\/uploads\/sites\/5\/2019\/06\/SMS_overview.jpg","width":1920,"height":1080,"caption":"SMS, sistema de control de spreaders Bromma"},{"@type":"BreadcrumbList","@id":"https:\/\/bromma.com\/es\/products\/sms-spreader-monitoring-system\/#breadcrumb","itemListElement":[{"@type":"ListItem","position":1,"name":"Home","item":"https:\/\/bromma.com\/es\/"},{"@type":"ListItem","position":2,"name":"Productos","item":"https:\/\/bromma.com\/es\/products\/"},{"@type":"ListItem","position":3,"name":"SMS &#8211; Sistema de control de spreaders"}]},{"@type":"WebSite","@id":"https:\/\/bromma.com\/es\/#website","url":"https:\/\/bromma.com\/es\/","name":"Bromma","description":"Una tradici\u00f3n de innovaci\u00f3n","publisher":{"@id":"https:\/\/bromma.com\/es\/#organization"},"potentialAction":[{"@type":"SearchAction","target":{"@type":"EntryPoint","urlTemplate":"https:\/\/bromma.com\/es\/?s={search_term_string}"},"query-input":{"@type":"PropertyValueSpecification","valueRequired":true,"valueName":"search_term_string"}}],"inLanguage":"es"},{"@type":"Organization","@id":"https:\/\/bromma.com\/es\/#organization","name":"Bromma","url":"https:\/\/bromma.com\/es\/","logo":{"@type":"ImageObject","inLanguage":"es","@id":"https:\/\/bromma.com\/es\/#\/schema\/logo\/image\/","url":"https:\/\/bromma.com\/es\/wp-content\/uploads\/sites\/5\/2020\/05\/Bromma-logo_blue_RGB_SPA.png","contentUrl":"https:\/\/bromma.com\/es\/wp-content\/uploads\/sites\/5\/2020\/05\/Bromma-logo_blue_RGB_SPA.png","width":512,"height":512,"caption":"Bromma"},"image":{"@id":"https:\/\/bromma.com\/es\/#\/schema\/logo\/image\/"}}]}},"_links":{"self":[{"href":"https:\/\/bromma.com\/es\/wp-json\/wp\/v2\/product\/1020","targetHints":{"allow":["GET"]}}],"collection":[{"href":"https:\/\/bromma.com\/es\/wp-json\/wp\/v2\/product"}],"about":[{"href":"https:\/\/bromma.com\/es\/wp-json\/wp\/v2\/types\/product"}],"wp:featuredmedia":[{"embeddable":true,"href":"https:\/\/bromma.com\/es\/wp-json\/wp\/v2\/media\/1029"}],"wp:attachment":[{"href":"https:\/\/bromma.com\/es\/wp-json\/wp\/v2\/media?parent=1020"}],"wp:term":[{"taxonomy":"product_brand","embeddable":true,"href":"https:\/\/bromma.com\/es\/wp-json\/wp\/v2\/product_brand?post=1020"},{"taxonomy":"product_cat","embeddable":true,"href":"https:\/\/bromma.com\/es\/wp-json\/wp\/v2\/product_cat?post=1020"},{"taxonomy":"product_tag","embeddable":true,"href":"https:\/\/bromma.com\/es\/wp-json\/wp\/v2\/product_tag?post=1020"}],"curies":[{"name":"wp","href":"https:\/\/api.w.org\/{rel}","templated":true}]}}