{"id":1023,"date":"2019-06-11T14:16:00","date_gmt":"2019-06-11T12:16:00","guid":{"rendered":"https:\/\/brommadev.wpengine.com\/?post_type=product&amp;p=1023"},"modified":"2019-06-11T14:16:00","modified_gmt":"2019-06-11T12:16:00","slug":"mrx100-rotator-for-mobile-harbor-cranes","status":"publish","type":"product","link":"https:\/\/bromma.com\/es\/products\/mrx100-rotator-for-mobile-harbor-cranes\/","title":{"rendered":"MRX100 &#8211; Rotor para gr\u00faas de puerto m\u00f3viles"},"content":{"rendered":"<p>El MRX100 es uno de los rotadores m\u00e1s vers\u00e1tiles y flexibles del mercado. Es ideal para su uso en gr\u00faas m\u00f3viles y de pluma donde la distancia entre los cables es de aproximadamente 2 m. Por esta raz\u00f3n, el dispositivo rotativo suele instalarse en spreaders equipados con ajuste del punto de gravedad y conexi\u00f3n a la torre. MRX100 tiene una capacidad de elevaci\u00f3n de 100 toneladas m\u00e9tricas y un bajo peso de tara de 3.6 toneladas m\u00e9tricas.<\/p>\n<p>Este tipo de rotador garantiza que el contenedor pueda ajustarse a la posici\u00f3n horizontal. El dispositivo giratorio tambi\u00e9n puede suministrarse con un gancho para poder manejar la carga general, y con la disposici\u00f3n de cambio r\u00e1pido, se conecta\/desconecta f\u00e1cilmente al spreader. La eficiencia de manipulaci\u00f3n depende de la altura de izado y de la distancia entre los cables. El rotador MRX100 puede conectarse a todo tipo de gr\u00faas giratorias con distancias de cable de entre 1,2 y 2,3 m. Todos los componentes el\u00e9ctricos est\u00e1n bien protegidos y la unidad hidr\u00e1ulica (que incluye la bomba, el motor, el dep\u00f3sito, las v\u00e1lvulas y el filtro) est\u00e1 totalmente encapsulada dentro de la estructura de acero, lo que garantiza la m\u00e1xima protecci\u00f3n contra los da\u00f1os.<br \/>\nTodos los rotadores Bromma est\u00e1n fabricados en acero de alta calidad europeo, lo que garantiza un dise\u00f1o ligero y robusto. Todos los componentes se pueden montar, ajustar y quitar f\u00e1cilmente; y son accesibles para su inspecci\u00f3n y mantenimiento.<\/p>\n","protected":false},"excerpt":{"rendered":"<a href=\"https:\/\/bromma.com\/es\/products\/mrx100-rotator-for-mobile-harbor-cranes\/\" class=\"excerpt\">MRX100 es un rotor para uso en gr\u00faas portuarias m\u00f3viles. Ofrece una gran capacidad de elevaci\u00f3n con un bajo peso de tara nominal y est\u00e1 equipado con anillos colectores y motor para una rotaci\u00f3n ilimitada.\n<\/a><br><a href=\"https:\/\/bromma.com\/es\/products\/mrx100-rotator-for-mobile-harbor-cranes\/\" class=\"excerptreadmore\">read more<\/a>","protected":false},"featured_media":1025,"template":"","meta":{"_et_pb_use_builder":"off","_et_pb_old_content":"","_et_gb_content_width":""},"product_brand":[],"product_cat":[21],"product_tag":[51],"class_list":{"0":"post-1023","1":"product","2":"type-product","3":"status-publish","4":"has-post-thumbnail","6":"product_cat-ancillary-equipment-and-options","7":"product_tag-telescopic","9":"first","10":"instock","11":"shipping-taxable","12":"product-type-simple"},"yoast_head":"<!-- This site is optimized with the Yoast SEO Premium plugin v27.2 (Yoast SEO v27.2) - https:\/\/yoast.com\/product\/yoast-seo-premium-wordpress\/ -->\n<title>MRX100 - Rotor para gr\u00faas de puerto m\u00f3viles - Bromma<\/title>\n<meta name=\"description\" content=\"MRX100 es un rotor para uso en gr\u00faas portuarias m\u00f3viles. Ofrece una gran capacidad de elevaci\u00f3n con un bajo peso de tara nominal y est\u00e1 equipado con anillos colectores y motor para una rotaci\u00f3n ilimitada.\" \/>\n<meta name=\"robots\" content=\"index, follow, max-snippet:-1, max-image-preview:large, max-video-preview:-1\" \/>\n<link rel=\"canonical\" href=\"https:\/\/bromma.com\/es\/products\/mrx100-rotator-for-mobile-harbor-cranes\/\" \/>\n<meta property=\"og:locale\" content=\"es_ES\" \/>\n<meta property=\"og:type\" content=\"article\" \/>\n<meta property=\"og:title\" content=\"MRX100 - Rotor para gr\u00faas de puerto m\u00f3viles\" \/>\n<meta property=\"og:description\" content=\"MRX100 es un rotor para uso en gr\u00faas portuarias m\u00f3viles. Ofrece una gran capacidad de elevaci\u00f3n con un bajo peso de tara nominal y est\u00e1 equipado con anillos colectores y motor para una rotaci\u00f3n ilimitada.\" \/>\n<meta property=\"og:url\" content=\"https:\/\/bromma.com\/es\/products\/mrx100-rotator-for-mobile-harbor-cranes\/\" \/>\n<meta property=\"og:site_name\" content=\"Bromma\" \/>\n<meta property=\"og:image\" content=\"https:\/\/bromma.com\/es\/wp-content\/uploads\/sites\/5\/2019\/06\/MRX100_rotator.jpg\" \/>\n\t<meta property=\"og:image:width\" content=\"1920\" \/>\n\t<meta property=\"og:image:height\" content=\"1080\" \/>\n\t<meta property=\"og:image:type\" content=\"image\/jpeg\" \/>\n<meta name=\"twitter:card\" content=\"summary_large_image\" \/>\n<meta name=\"twitter:label1\" content=\"Tiempo de lectura\" \/>\n\t<meta name=\"twitter:data1\" content=\"1 minuto\" \/>\n<script type=\"application\/ld+json\" class=\"yoast-schema-graph\">{\"@context\":\"https:\/\/schema.org\",\"@graph\":[{\"@type\":\"WebPage\",\"@id\":\"https:\/\/bromma.com\/es\/products\/mrx100-rotator-for-mobile-harbor-cranes\/\",\"url\":\"https:\/\/bromma.com\/es\/products\/mrx100-rotator-for-mobile-harbor-cranes\/\",\"name\":\"MRX100 - Rotor para gr\u00faas de puerto m\u00f3viles - Bromma\",\"isPartOf\":{\"@id\":\"https:\/\/bromma.com\/es\/#website\"},\"primaryImageOfPage\":{\"@id\":\"https:\/\/bromma.com\/es\/products\/mrx100-rotator-for-mobile-harbor-cranes\/#primaryimage\"},\"image\":{\"@id\":\"https:\/\/bromma.com\/es\/products\/mrx100-rotator-for-mobile-harbor-cranes\/#primaryimage\"},\"thumbnailUrl\":\"https:\/\/bromma.com\/es\/wp-content\/uploads\/sites\/5\/2019\/06\/MRX100_rotator.jpg\",\"datePublished\":\"2019-06-11T12:16:00+00:00\",\"description\":\"MRX100 es un rotor para uso en gr\u00faas portuarias m\u00f3viles. Ofrece una gran capacidad de elevaci\u00f3n con un bajo peso de tara nominal y est\u00e1 equipado con anillos colectores y motor para una rotaci\u00f3n ilimitada.\",\"breadcrumb\":{\"@id\":\"https:\/\/bromma.com\/es\/products\/mrx100-rotator-for-mobile-harbor-cranes\/#breadcrumb\"},\"inLanguage\":\"es\",\"potentialAction\":[{\"@type\":\"ReadAction\",\"target\":[\"https:\/\/bromma.com\/es\/products\/mrx100-rotator-for-mobile-harbor-cranes\/\"]}]},{\"@type\":\"ImageObject\",\"inLanguage\":\"es\",\"@id\":\"https:\/\/bromma.com\/es\/products\/mrx100-rotator-for-mobile-harbor-cranes\/#primaryimage\",\"url\":\"https:\/\/bromma.com\/es\/wp-content\/uploads\/sites\/5\/2019\/06\/MRX100_rotator.jpg\",\"contentUrl\":\"https:\/\/bromma.com\/es\/wp-content\/uploads\/sites\/5\/2019\/06\/MRX100_rotator.jpg\",\"width\":1920,\"height\":1080,\"caption\":\"Rotor Bromma MRX100\"},{\"@type\":\"BreadcrumbList\",\"@id\":\"https:\/\/bromma.com\/es\/products\/mrx100-rotator-for-mobile-harbor-cranes\/#breadcrumb\",\"itemListElement\":[{\"@type\":\"ListItem\",\"position\":1,\"name\":\"Home\",\"item\":\"https:\/\/bromma.com\/es\/\"},{\"@type\":\"ListItem\",\"position\":2,\"name\":\"Productos\",\"item\":\"https:\/\/bromma.com\/es\/products\/\"},{\"@type\":\"ListItem\",\"position\":3,\"name\":\"MRX100 &#8211; Rotor para gr\u00faas de puerto m\u00f3viles\"}]},{\"@type\":\"WebSite\",\"@id\":\"https:\/\/bromma.com\/es\/#website\",\"url\":\"https:\/\/bromma.com\/es\/\",\"name\":\"Bromma\",\"description\":\"Una tradici\u00f3n de innovaci\u00f3n\",\"publisher\":{\"@id\":\"https:\/\/bromma.com\/es\/#organization\"},\"potentialAction\":[{\"@type\":\"SearchAction\",\"target\":{\"@type\":\"EntryPoint\",\"urlTemplate\":\"https:\/\/bromma.com\/es\/?s={search_term_string}\"},\"query-input\":{\"@type\":\"PropertyValueSpecification\",\"valueRequired\":true,\"valueName\":\"search_term_string\"}}],\"inLanguage\":\"es\"},{\"@type\":\"Organization\",\"@id\":\"https:\/\/bromma.com\/es\/#organization\",\"name\":\"Bromma\",\"url\":\"https:\/\/bromma.com\/es\/\",\"logo\":{\"@type\":\"ImageObject\",\"inLanguage\":\"es\",\"@id\":\"https:\/\/bromma.com\/es\/#\/schema\/logo\/image\/\",\"url\":\"https:\/\/bromma.com\/es\/wp-content\/uploads\/sites\/5\/2020\/05\/Bromma-logo_blue_RGB_SPA.png\",\"contentUrl\":\"https:\/\/bromma.com\/es\/wp-content\/uploads\/sites\/5\/2020\/05\/Bromma-logo_blue_RGB_SPA.png\",\"width\":512,\"height\":512,\"caption\":\"Bromma\"},\"image\":{\"@id\":\"https:\/\/bromma.com\/es\/#\/schema\/logo\/image\/\"}}]}<\/script>\n<!-- \/ Yoast SEO Premium plugin. -->","yoast_head_json":{"title":"MRX100 - Rotor para gr\u00faas de puerto m\u00f3viles - Bromma","description":"MRX100 es un rotor para uso en gr\u00faas portuarias m\u00f3viles. Ofrece una gran capacidad de elevaci\u00f3n con un bajo peso de tara nominal y est\u00e1 equipado con anillos colectores y motor para una rotaci\u00f3n ilimitada.","robots":{"index":"index","follow":"follow","max-snippet":"max-snippet:-1","max-image-preview":"max-image-preview:large","max-video-preview":"max-video-preview:-1"},"canonical":"https:\/\/bromma.com\/es\/products\/mrx100-rotator-for-mobile-harbor-cranes\/","og_locale":"es_ES","og_type":"article","og_title":"MRX100 - Rotor para gr\u00faas de puerto m\u00f3viles","og_description":"MRX100 es un rotor para uso en gr\u00faas portuarias m\u00f3viles. Ofrece una gran capacidad de elevaci\u00f3n con un bajo peso de tara nominal y est\u00e1 equipado con anillos colectores y motor para una rotaci\u00f3n ilimitada.","og_url":"https:\/\/bromma.com\/es\/products\/mrx100-rotator-for-mobile-harbor-cranes\/","og_site_name":"Bromma","og_image":[{"width":1920,"height":1080,"url":"https:\/\/bromma.com\/es\/wp-content\/uploads\/sites\/5\/2019\/06\/MRX100_rotator.jpg","type":"image\/jpeg"}],"twitter_card":"summary_large_image","twitter_misc":{"Tiempo de lectura":"1 minuto"},"schema":{"@context":"https:\/\/schema.org","@graph":[{"@type":"WebPage","@id":"https:\/\/bromma.com\/es\/products\/mrx100-rotator-for-mobile-harbor-cranes\/","url":"https:\/\/bromma.com\/es\/products\/mrx100-rotator-for-mobile-harbor-cranes\/","name":"MRX100 - Rotor para gr\u00faas de puerto m\u00f3viles - Bromma","isPartOf":{"@id":"https:\/\/bromma.com\/es\/#website"},"primaryImageOfPage":{"@id":"https:\/\/bromma.com\/es\/products\/mrx100-rotator-for-mobile-harbor-cranes\/#primaryimage"},"image":{"@id":"https:\/\/bromma.com\/es\/products\/mrx100-rotator-for-mobile-harbor-cranes\/#primaryimage"},"thumbnailUrl":"https:\/\/bromma.com\/es\/wp-content\/uploads\/sites\/5\/2019\/06\/MRX100_rotator.jpg","datePublished":"2019-06-11T12:16:00+00:00","description":"MRX100 es un rotor para uso en gr\u00faas portuarias m\u00f3viles. Ofrece una gran capacidad de elevaci\u00f3n con un bajo peso de tara nominal y est\u00e1 equipado con anillos colectores y motor para una rotaci\u00f3n ilimitada.","breadcrumb":{"@id":"https:\/\/bromma.com\/es\/products\/mrx100-rotator-for-mobile-harbor-cranes\/#breadcrumb"},"inLanguage":"es","potentialAction":[{"@type":"ReadAction","target":["https:\/\/bromma.com\/es\/products\/mrx100-rotator-for-mobile-harbor-cranes\/"]}]},{"@type":"ImageObject","inLanguage":"es","@id":"https:\/\/bromma.com\/es\/products\/mrx100-rotator-for-mobile-harbor-cranes\/#primaryimage","url":"https:\/\/bromma.com\/es\/wp-content\/uploads\/sites\/5\/2019\/06\/MRX100_rotator.jpg","contentUrl":"https:\/\/bromma.com\/es\/wp-content\/uploads\/sites\/5\/2019\/06\/MRX100_rotator.jpg","width":1920,"height":1080,"caption":"Rotor Bromma MRX100"},{"@type":"BreadcrumbList","@id":"https:\/\/bromma.com\/es\/products\/mrx100-rotator-for-mobile-harbor-cranes\/#breadcrumb","itemListElement":[{"@type":"ListItem","position":1,"name":"Home","item":"https:\/\/bromma.com\/es\/"},{"@type":"ListItem","position":2,"name":"Productos","item":"https:\/\/bromma.com\/es\/products\/"},{"@type":"ListItem","position":3,"name":"MRX100 &#8211; Rotor para gr\u00faas de puerto m\u00f3viles"}]},{"@type":"WebSite","@id":"https:\/\/bromma.com\/es\/#website","url":"https:\/\/bromma.com\/es\/","name":"Bromma","description":"Una tradici\u00f3n de innovaci\u00f3n","publisher":{"@id":"https:\/\/bromma.com\/es\/#organization"},"potentialAction":[{"@type":"SearchAction","target":{"@type":"EntryPoint","urlTemplate":"https:\/\/bromma.com\/es\/?s={search_term_string}"},"query-input":{"@type":"PropertyValueSpecification","valueRequired":true,"valueName":"search_term_string"}}],"inLanguage":"es"},{"@type":"Organization","@id":"https:\/\/bromma.com\/es\/#organization","name":"Bromma","url":"https:\/\/bromma.com\/es\/","logo":{"@type":"ImageObject","inLanguage":"es","@id":"https:\/\/bromma.com\/es\/#\/schema\/logo\/image\/","url":"https:\/\/bromma.com\/es\/wp-content\/uploads\/sites\/5\/2020\/05\/Bromma-logo_blue_RGB_SPA.png","contentUrl":"https:\/\/bromma.com\/es\/wp-content\/uploads\/sites\/5\/2020\/05\/Bromma-logo_blue_RGB_SPA.png","width":512,"height":512,"caption":"Bromma"},"image":{"@id":"https:\/\/bromma.com\/es\/#\/schema\/logo\/image\/"}}]}},"_links":{"self":[{"href":"https:\/\/bromma.com\/es\/wp-json\/wp\/v2\/product\/1023","targetHints":{"allow":["GET"]}}],"collection":[{"href":"https:\/\/bromma.com\/es\/wp-json\/wp\/v2\/product"}],"about":[{"href":"https:\/\/bromma.com\/es\/wp-json\/wp\/v2\/types\/product"}],"wp:featuredmedia":[{"embeddable":true,"href":"https:\/\/bromma.com\/es\/wp-json\/wp\/v2\/media\/1025"}],"wp:attachment":[{"href":"https:\/\/bromma.com\/es\/wp-json\/wp\/v2\/media?parent=1023"}],"wp:term":[{"taxonomy":"product_brand","embeddable":true,"href":"https:\/\/bromma.com\/es\/wp-json\/wp\/v2\/product_brand?post=1023"},{"taxonomy":"product_cat","embeddable":true,"href":"https:\/\/bromma.com\/es\/wp-json\/wp\/v2\/product_cat?post=1023"},{"taxonomy":"product_tag","embeddable":true,"href":"https:\/\/bromma.com\/es\/wp-json\/wp\/v2\/product_tag?post=1023"}],"curies":[{"name":"wp","href":"https:\/\/api.w.org\/{rel}","templated":true}]}}