{"id":1026,"date":"2019-06-11T14:19:32","date_gmt":"2019-06-11T12:19:32","guid":{"rendered":"https:\/\/brommadev.wpengine.com\/?post_type=product&amp;p=1026"},"modified":"2019-06-11T14:19:32","modified_gmt":"2019-06-11T12:19:32","slug":"srg","status":"publish","type":"product","link":"https:\/\/bromma.com\/es\/products\/srg\/","title":{"rendered":"SRG &#8211; Rotor para gr\u00faas de astillero y STS"},"content":{"rendered":"<p>El rotador Bromma SRG est\u00e1 dise\u00f1ado para ser colocado entre un cabezal de gr\u00faa y una gr\u00faa de patio o un spreader de gr\u00faa STS para levantar y rotar contenedores ISO y otros equipos fabricados para su manipulaci\u00f3n mediante twistlocks ISO. El rotador Bromma SRG est\u00e1 especialmente dise\u00f1ado para girar la carga 185\u00ba en una direcci\u00f3n y 95\u00ba en la otra. La unidad se puede adaptar de acuerdo a la plataforma del cliente (est\u00e1ndar) o se puede equipar con poleas para adaptarla directamente a los cables de acero del carro de la gr\u00faa (opcional). La reparaci\u00f3n y el mantenimiento se simplifican gracias al f\u00e1cil acceso de cada componente. El rotador SRG con ajuste de punto de gravedad, est\u00e1 fabricado en una construcci\u00f3n de acero de alta calidad completamente soldada. La unidad est\u00e1 equipada con un vag\u00f3n y un bastidor m\u00f3vil como medio de compensaci\u00f3n para contenedores exc\u00e9ntricos cargados. El bastidor es accionado por un cilindro hidr\u00e1ulico y se puede mover \u00b11.2 m, que es el 10 % de la longitud del contenedor.<\/p>\n<p>Todos los rotadores Bromma est\u00e1n fabricados en acero de alta calidad europeo, lo que garantiza un dise\u00f1o ligero y robusto. Todos los componentes se pueden montar, ajustar y quitar f\u00e1cilmente; y son accesibles para su inspecci\u00f3n y mantenimiento.<\/p>\n","protected":false},"excerpt":{"rendered":"<a href=\"https:\/\/bromma.com\/es\/products\/srg\/\" class=\"excerpt\">El SRG es un rotor para uso en gr\u00faas STS y astillero que puede manejar spreaders de diferentes marcas. Gira la carga 90 grados en ambas direcciones e incluso puede llegar a 180 grados.\n<\/a><br><a href=\"https:\/\/bromma.com\/es\/products\/srg\/\" class=\"excerptreadmore\">read more<\/a>","protected":false},"featured_media":1027,"template":"","meta":{"_et_pb_use_builder":"off","_et_pb_old_content":"","_et_gb_content_width":""},"product_brand":[],"product_cat":[21],"product_tag":[51],"class_list":{"0":"post-1026","1":"product","2":"type-product","3":"status-publish","4":"has-post-thumbnail","6":"product_cat-ancillary-equipment-and-options","7":"product_tag-telescopic","9":"first","10":"instock","11":"shipping-taxable","12":"product-type-simple"},"yoast_head":"<!-- This site is optimized with the Yoast SEO Premium plugin v27.2 (Yoast SEO v27.2) - https:\/\/yoast.com\/product\/yoast-seo-premium-wordpress\/ -->\n<title>SRG - Rotor para gr\u00faas de astillero y STS - Bromma<\/title>\n<meta name=\"description\" content=\"El SRG es un rotor para uso en gr\u00faas STS y astillero que puede manejar spreaders de diferentes marcas. Gira la carga 90 grados en ambas direcciones e incluso puede llegar a 180 grados.\" \/>\n<meta name=\"robots\" content=\"index, follow, max-snippet:-1, max-image-preview:large, max-video-preview:-1\" \/>\n<link rel=\"canonical\" href=\"https:\/\/bromma.com\/es\/products\/srg\/\" \/>\n<meta property=\"og:locale\" content=\"es_ES\" \/>\n<meta property=\"og:type\" content=\"article\" \/>\n<meta property=\"og:title\" content=\"SRG - Rotor para gr\u00faas de astillero y STS\" \/>\n<meta property=\"og:description\" content=\"El SRG es un rotor para uso en gr\u00faas STS y astillero que puede manejar spreaders de diferentes marcas. Gira la carga 90 grados en ambas direcciones e incluso puede llegar a 180 grados.\" \/>\n<meta property=\"og:url\" content=\"https:\/\/bromma.com\/es\/products\/srg\/\" \/>\n<meta property=\"og:site_name\" content=\"Bromma\" \/>\n<meta property=\"og:image\" content=\"https:\/\/bromma.com\/es\/wp-content\/uploads\/sites\/5\/2019\/06\/SRG_rotator.jpg\" \/>\n\t<meta property=\"og:image:width\" content=\"1920\" \/>\n\t<meta property=\"og:image:height\" content=\"1080\" \/>\n\t<meta property=\"og:image:type\" content=\"image\/jpeg\" \/>\n<meta name=\"twitter:card\" content=\"summary_large_image\" \/>\n<meta name=\"twitter:label1\" content=\"Tiempo de lectura\" \/>\n\t<meta name=\"twitter:data1\" content=\"1 minuto\" \/>\n<script type=\"application\/ld+json\" class=\"yoast-schema-graph\">{\"@context\":\"https:\/\/schema.org\",\"@graph\":[{\"@type\":\"WebPage\",\"@id\":\"https:\/\/bromma.com\/es\/products\/srg\/\",\"url\":\"https:\/\/bromma.com\/es\/products\/srg\/\",\"name\":\"SRG - Rotor para gr\u00faas de astillero y STS - Bromma\",\"isPartOf\":{\"@id\":\"https:\/\/bromma.com\/es\/#website\"},\"primaryImageOfPage\":{\"@id\":\"https:\/\/bromma.com\/es\/products\/srg\/#primaryimage\"},\"image\":{\"@id\":\"https:\/\/bromma.com\/es\/products\/srg\/#primaryimage\"},\"thumbnailUrl\":\"https:\/\/bromma.com\/es\/wp-content\/uploads\/sites\/5\/2019\/06\/SRG_rotator.jpg\",\"datePublished\":\"2019-06-11T12:19:32+00:00\",\"description\":\"El SRG es un rotor para uso en gr\u00faas STS y astillero que puede manejar spreaders de diferentes marcas. Gira la carga 90 grados en ambas direcciones e incluso puede llegar a 180 grados.\",\"breadcrumb\":{\"@id\":\"https:\/\/bromma.com\/es\/products\/srg\/#breadcrumb\"},\"inLanguage\":\"es\",\"potentialAction\":[{\"@type\":\"ReadAction\",\"target\":[\"https:\/\/bromma.com\/es\/products\/srg\/\"]}]},{\"@type\":\"ImageObject\",\"inLanguage\":\"es\",\"@id\":\"https:\/\/bromma.com\/es\/products\/srg\/#primaryimage\",\"url\":\"https:\/\/bromma.com\/es\/wp-content\/uploads\/sites\/5\/2019\/06\/SRG_rotator.jpg\",\"contentUrl\":\"https:\/\/bromma.com\/es\/wp-content\/uploads\/sites\/5\/2019\/06\/SRG_rotator.jpg\",\"width\":1920,\"height\":1080,\"caption\":\"Rotor Bromma SRG\"},{\"@type\":\"BreadcrumbList\",\"@id\":\"https:\/\/bromma.com\/es\/products\/srg\/#breadcrumb\",\"itemListElement\":[{\"@type\":\"ListItem\",\"position\":1,\"name\":\"Home\",\"item\":\"https:\/\/bromma.com\/es\/\"},{\"@type\":\"ListItem\",\"position\":2,\"name\":\"Productos\",\"item\":\"https:\/\/bromma.com\/es\/products\/\"},{\"@type\":\"ListItem\",\"position\":3,\"name\":\"SRG &#8211; Rotor para gr\u00faas de astillero y STS\"}]},{\"@type\":\"WebSite\",\"@id\":\"https:\/\/bromma.com\/es\/#website\",\"url\":\"https:\/\/bromma.com\/es\/\",\"name\":\"Bromma\",\"description\":\"Una tradici\u00f3n de innovaci\u00f3n\",\"publisher\":{\"@id\":\"https:\/\/bromma.com\/es\/#organization\"},\"potentialAction\":[{\"@type\":\"SearchAction\",\"target\":{\"@type\":\"EntryPoint\",\"urlTemplate\":\"https:\/\/bromma.com\/es\/?s={search_term_string}\"},\"query-input\":{\"@type\":\"PropertyValueSpecification\",\"valueRequired\":true,\"valueName\":\"search_term_string\"}}],\"inLanguage\":\"es\"},{\"@type\":\"Organization\",\"@id\":\"https:\/\/bromma.com\/es\/#organization\",\"name\":\"Bromma\",\"url\":\"https:\/\/bromma.com\/es\/\",\"logo\":{\"@type\":\"ImageObject\",\"inLanguage\":\"es\",\"@id\":\"https:\/\/bromma.com\/es\/#\/schema\/logo\/image\/\",\"url\":\"https:\/\/bromma.com\/es\/wp-content\/uploads\/sites\/5\/2020\/05\/Bromma-logo_blue_RGB_SPA.png\",\"contentUrl\":\"https:\/\/bromma.com\/es\/wp-content\/uploads\/sites\/5\/2020\/05\/Bromma-logo_blue_RGB_SPA.png\",\"width\":512,\"height\":512,\"caption\":\"Bromma\"},\"image\":{\"@id\":\"https:\/\/bromma.com\/es\/#\/schema\/logo\/image\/\"}}]}<\/script>\n<!-- \/ Yoast SEO Premium plugin. -->","yoast_head_json":{"title":"SRG - Rotor para gr\u00faas de astillero y STS - Bromma","description":"El SRG es un rotor para uso en gr\u00faas STS y astillero que puede manejar spreaders de diferentes marcas. Gira la carga 90 grados en ambas direcciones e incluso puede llegar a 180 grados.","robots":{"index":"index","follow":"follow","max-snippet":"max-snippet:-1","max-image-preview":"max-image-preview:large","max-video-preview":"max-video-preview:-1"},"canonical":"https:\/\/bromma.com\/es\/products\/srg\/","og_locale":"es_ES","og_type":"article","og_title":"SRG - Rotor para gr\u00faas de astillero y STS","og_description":"El SRG es un rotor para uso en gr\u00faas STS y astillero que puede manejar spreaders de diferentes marcas. Gira la carga 90 grados en ambas direcciones e incluso puede llegar a 180 grados.","og_url":"https:\/\/bromma.com\/es\/products\/srg\/","og_site_name":"Bromma","og_image":[{"width":1920,"height":1080,"url":"https:\/\/bromma.com\/es\/wp-content\/uploads\/sites\/5\/2019\/06\/SRG_rotator.jpg","type":"image\/jpeg"}],"twitter_card":"summary_large_image","twitter_misc":{"Tiempo de lectura":"1 minuto"},"schema":{"@context":"https:\/\/schema.org","@graph":[{"@type":"WebPage","@id":"https:\/\/bromma.com\/es\/products\/srg\/","url":"https:\/\/bromma.com\/es\/products\/srg\/","name":"SRG - Rotor para gr\u00faas de astillero y STS - Bromma","isPartOf":{"@id":"https:\/\/bromma.com\/es\/#website"},"primaryImageOfPage":{"@id":"https:\/\/bromma.com\/es\/products\/srg\/#primaryimage"},"image":{"@id":"https:\/\/bromma.com\/es\/products\/srg\/#primaryimage"},"thumbnailUrl":"https:\/\/bromma.com\/es\/wp-content\/uploads\/sites\/5\/2019\/06\/SRG_rotator.jpg","datePublished":"2019-06-11T12:19:32+00:00","description":"El SRG es un rotor para uso en gr\u00faas STS y astillero que puede manejar spreaders de diferentes marcas. Gira la carga 90 grados en ambas direcciones e incluso puede llegar a 180 grados.","breadcrumb":{"@id":"https:\/\/bromma.com\/es\/products\/srg\/#breadcrumb"},"inLanguage":"es","potentialAction":[{"@type":"ReadAction","target":["https:\/\/bromma.com\/es\/products\/srg\/"]}]},{"@type":"ImageObject","inLanguage":"es","@id":"https:\/\/bromma.com\/es\/products\/srg\/#primaryimage","url":"https:\/\/bromma.com\/es\/wp-content\/uploads\/sites\/5\/2019\/06\/SRG_rotator.jpg","contentUrl":"https:\/\/bromma.com\/es\/wp-content\/uploads\/sites\/5\/2019\/06\/SRG_rotator.jpg","width":1920,"height":1080,"caption":"Rotor Bromma SRG"},{"@type":"BreadcrumbList","@id":"https:\/\/bromma.com\/es\/products\/srg\/#breadcrumb","itemListElement":[{"@type":"ListItem","position":1,"name":"Home","item":"https:\/\/bromma.com\/es\/"},{"@type":"ListItem","position":2,"name":"Productos","item":"https:\/\/bromma.com\/es\/products\/"},{"@type":"ListItem","position":3,"name":"SRG &#8211; Rotor para gr\u00faas de astillero y STS"}]},{"@type":"WebSite","@id":"https:\/\/bromma.com\/es\/#website","url":"https:\/\/bromma.com\/es\/","name":"Bromma","description":"Una tradici\u00f3n de innovaci\u00f3n","publisher":{"@id":"https:\/\/bromma.com\/es\/#organization"},"potentialAction":[{"@type":"SearchAction","target":{"@type":"EntryPoint","urlTemplate":"https:\/\/bromma.com\/es\/?s={search_term_string}"},"query-input":{"@type":"PropertyValueSpecification","valueRequired":true,"valueName":"search_term_string"}}],"inLanguage":"es"},{"@type":"Organization","@id":"https:\/\/bromma.com\/es\/#organization","name":"Bromma","url":"https:\/\/bromma.com\/es\/","logo":{"@type":"ImageObject","inLanguage":"es","@id":"https:\/\/bromma.com\/es\/#\/schema\/logo\/image\/","url":"https:\/\/bromma.com\/es\/wp-content\/uploads\/sites\/5\/2020\/05\/Bromma-logo_blue_RGB_SPA.png","contentUrl":"https:\/\/bromma.com\/es\/wp-content\/uploads\/sites\/5\/2020\/05\/Bromma-logo_blue_RGB_SPA.png","width":512,"height":512,"caption":"Bromma"},"image":{"@id":"https:\/\/bromma.com\/es\/#\/schema\/logo\/image\/"}}]}},"_links":{"self":[{"href":"https:\/\/bromma.com\/es\/wp-json\/wp\/v2\/product\/1026","targetHints":{"allow":["GET"]}}],"collection":[{"href":"https:\/\/bromma.com\/es\/wp-json\/wp\/v2\/product"}],"about":[{"href":"https:\/\/bromma.com\/es\/wp-json\/wp\/v2\/types\/product"}],"wp:featuredmedia":[{"embeddable":true,"href":"https:\/\/bromma.com\/es\/wp-json\/wp\/v2\/media\/1027"}],"wp:attachment":[{"href":"https:\/\/bromma.com\/es\/wp-json\/wp\/v2\/media?parent=1026"}],"wp:term":[{"taxonomy":"product_brand","embeddable":true,"href":"https:\/\/bromma.com\/es\/wp-json\/wp\/v2\/product_brand?post=1026"},{"taxonomy":"product_cat","embeddable":true,"href":"https:\/\/bromma.com\/es\/wp-json\/wp\/v2\/product_cat?post=1026"},{"taxonomy":"product_tag","embeddable":true,"href":"https:\/\/bromma.com\/es\/wp-json\/wp\/v2\/product_tag?post=1026"}],"curies":[{"name":"wp","href":"https:\/\/api.w.org\/{rel}","templated":true}]}}