{"id":1032,"date":"2019-06-11T16:41:40","date_gmt":"2019-06-11T14:41:40","guid":{"rendered":"https:\/\/brommadev.wpengine.com\/?post_type=product&amp;p=1032"},"modified":"2019-06-11T16:41:40","modified_gmt":"2019-06-11T14:41:40","slug":"yts45","status":"publish","type":"product","link":"https:\/\/bromma.com\/es\/products\/yts45\/","title":{"rendered":"YTS45"},"content":{"rendered":"<h4>Posibles combinaciones de contenedores: 20\u00b4, 30\u00b4, 40\u00b4, 45\u00b4, 2&#215;20\u00b4<\/h4>\n<p>El spreader twinlift puede mover dos contenedores de 20&#8242; completamente cargados desde una distancia de 0 a 1 metro mientras est\u00e1n bloqueados en los twistlocks y 1.6 metros bajo una carga de 2 x 25 toneladas m\u00e9tricas. Otras ventajas son el bajo nivel de ruido y el robusto dise\u00f1o. El spreader telesc\u00f3pico est\u00e1 construido con un chasis rectangular que permite la f\u00e1cil ubicaci\u00f3n de los contenedores. Como est\u00e1ndar, el spreader est\u00e1 equipado con argollas de elevaci\u00f3n de 4 x10 toneladas m\u00e9tricas en las esquinas de las vigas finales para cargas pesadas y para el manejo de contenedores da\u00f1ados.<\/p>\n<p>El spreader est\u00e1 dise\u00f1ado seg\u00fan la norma EN13001. Como todos los spreaders de Bromma, est\u00e1 fabricado en acero de alta calidad europeo, lo que garantiza un dise\u00f1o ligero y robusto. El spreader tiene un dise\u00f1o f\u00e1cil de usar y todos los componentes son muy accesibles para su inspecci\u00f3n y mantenimiento.<\/p>\n","protected":false},"excerpt":{"rendered":"<a href=\"https:\/\/bromma.com\/es\/products\/yts45\/\" class=\"excerpt\">YTS45 es un spreader hidr\u00e1ulico de gr\u00faa de astillero equipado con una unidad de doble elevaci\u00f3n retr\u00e1ctil para manejar dos contenedores de 20&#8242; al mismo tiempo, o uno 40&#8242; o 45&#8242;.\n<\/a><br><a href=\"https:\/\/bromma.com\/es\/products\/yts45\/\" class=\"excerptreadmore\">read more<\/a>","protected":false},"featured_media":1034,"template":"","meta":{"_et_pb_use_builder":"off","_et_pb_old_content":"","_et_gb_content_width":""},"product_brand":[],"product_cat":[55],"product_tag":[26,54,36,51],"class_list":{"0":"post-1032","1":"product","2":"type-product","3":"status-publish","4":"has-post-thumbnail","6":"product_cat-yard_spreaders","7":"product_tag-hydraulic","8":"product_tag-twin-lift","9":"product_tag-separating","10":"product_tag-telescopic","12":"first","13":"instock","14":"shipping-taxable","15":"product-type-simple"},"yoast_head":"<!-- This site is optimized with the Yoast SEO Premium plugin v27.2 (Yoast SEO v27.2) - https:\/\/yoast.com\/product\/yoast-seo-premium-wordpress\/ -->\n<title>YTS45 - Bromma<\/title>\n<meta name=\"description\" content=\"YTS45 es un spreader hidr\u00e1ulico de gr\u00faa de astillero equipado con una unidad de doble elevaci\u00f3n retr\u00e1ctil para manejar dos contenedores de 20&#039; al mismo tiempo, o uno 40&#039; o 45&#039;.\" \/>\n<meta name=\"robots\" content=\"index, follow, max-snippet:-1, max-image-preview:large, max-video-preview:-1\" \/>\n<link rel=\"canonical\" href=\"https:\/\/bromma.com\/es\/products\/yts45\/\" \/>\n<meta property=\"og:locale\" content=\"es_ES\" \/>\n<meta property=\"og:type\" content=\"article\" \/>\n<meta property=\"og:title\" content=\"YTS45\" \/>\n<meta property=\"og:description\" content=\"YTS45 es un spreader hidr\u00e1ulico de gr\u00faa de astillero equipado con una unidad de doble elevaci\u00f3n retr\u00e1ctil para manejar dos contenedores de 20&#039; al mismo tiempo, o uno 40&#039; o 45&#039;.\" \/>\n<meta property=\"og:url\" content=\"https:\/\/bromma.com\/es\/products\/yts45\/\" \/>\n<meta property=\"og:site_name\" content=\"Bromma\" \/>\n<meta property=\"og:image\" content=\"https:\/\/bromma.com\/es\/wp-content\/uploads\/sites\/5\/2019\/06\/YTS45_spreader.jpg\" \/>\n\t<meta property=\"og:image:width\" content=\"1920\" \/>\n\t<meta property=\"og:image:height\" content=\"1080\" \/>\n\t<meta property=\"og:image:type\" content=\"image\/jpeg\" \/>\n<meta name=\"twitter:card\" content=\"summary_large_image\" \/>\n<meta name=\"twitter:label1\" content=\"Tiempo de lectura\" \/>\n\t<meta name=\"twitter:data1\" content=\"1 minuto\" \/>\n<script type=\"application\/ld+json\" class=\"yoast-schema-graph\">{\"@context\":\"https:\/\/schema.org\",\"@graph\":[{\"@type\":\"WebPage\",\"@id\":\"https:\/\/bromma.com\/es\/products\/yts45\/\",\"url\":\"https:\/\/bromma.com\/es\/products\/yts45\/\",\"name\":\"YTS45 - Bromma\",\"isPartOf\":{\"@id\":\"https:\/\/bromma.com\/es\/#website\"},\"primaryImageOfPage\":{\"@id\":\"https:\/\/bromma.com\/es\/products\/yts45\/#primaryimage\"},\"image\":{\"@id\":\"https:\/\/bromma.com\/es\/products\/yts45\/#primaryimage\"},\"thumbnailUrl\":\"https:\/\/bromma.com\/es\/wp-content\/uploads\/sites\/5\/2019\/06\/YTS45_spreader.jpg\",\"datePublished\":\"2019-06-11T14:41:40+00:00\",\"description\":\"YTS45 es un spreader hidr\u00e1ulico de gr\u00faa de astillero equipado con una unidad de doble elevaci\u00f3n retr\u00e1ctil para manejar dos contenedores de 20' al mismo tiempo, o uno 40' o 45'.\",\"breadcrumb\":{\"@id\":\"https:\/\/bromma.com\/es\/products\/yts45\/#breadcrumb\"},\"inLanguage\":\"es\",\"potentialAction\":[{\"@type\":\"ReadAction\",\"target\":[\"https:\/\/bromma.com\/es\/products\/yts45\/\"]}]},{\"@type\":\"ImageObject\",\"inLanguage\":\"es\",\"@id\":\"https:\/\/bromma.com\/es\/products\/yts45\/#primaryimage\",\"url\":\"https:\/\/bromma.com\/es\/wp-content\/uploads\/sites\/5\/2019\/06\/YTS45_spreader.jpg\",\"contentUrl\":\"https:\/\/bromma.com\/es\/wp-content\/uploads\/sites\/5\/2019\/06\/YTS45_spreader.jpg\",\"width\":1920,\"height\":1080,\"caption\":\"Spreader Bromma YTS45\"},{\"@type\":\"BreadcrumbList\",\"@id\":\"https:\/\/bromma.com\/es\/products\/yts45\/#breadcrumb\",\"itemListElement\":[{\"@type\":\"ListItem\",\"position\":1,\"name\":\"Home\",\"item\":\"https:\/\/bromma.com\/es\/\"},{\"@type\":\"ListItem\",\"position\":2,\"name\":\"Productos\",\"item\":\"https:\/\/bromma.com\/es\/products\/\"},{\"@type\":\"ListItem\",\"position\":3,\"name\":\"YTS45\"}]},{\"@type\":\"WebSite\",\"@id\":\"https:\/\/bromma.com\/es\/#website\",\"url\":\"https:\/\/bromma.com\/es\/\",\"name\":\"Bromma\",\"description\":\"Una tradici\u00f3n de innovaci\u00f3n\",\"publisher\":{\"@id\":\"https:\/\/bromma.com\/es\/#organization\"},\"potentialAction\":[{\"@type\":\"SearchAction\",\"target\":{\"@type\":\"EntryPoint\",\"urlTemplate\":\"https:\/\/bromma.com\/es\/?s={search_term_string}\"},\"query-input\":{\"@type\":\"PropertyValueSpecification\",\"valueRequired\":true,\"valueName\":\"search_term_string\"}}],\"inLanguage\":\"es\"},{\"@type\":\"Organization\",\"@id\":\"https:\/\/bromma.com\/es\/#organization\",\"name\":\"Bromma\",\"url\":\"https:\/\/bromma.com\/es\/\",\"logo\":{\"@type\":\"ImageObject\",\"inLanguage\":\"es\",\"@id\":\"https:\/\/bromma.com\/es\/#\/schema\/logo\/image\/\",\"url\":\"https:\/\/bromma.com\/es\/wp-content\/uploads\/sites\/5\/2020\/05\/Bromma-logo_blue_RGB_SPA.png\",\"contentUrl\":\"https:\/\/bromma.com\/es\/wp-content\/uploads\/sites\/5\/2020\/05\/Bromma-logo_blue_RGB_SPA.png\",\"width\":512,\"height\":512,\"caption\":\"Bromma\"},\"image\":{\"@id\":\"https:\/\/bromma.com\/es\/#\/schema\/logo\/image\/\"}}]}<\/script>\n<!-- \/ Yoast SEO Premium plugin. -->","yoast_head_json":{"title":"YTS45 - Bromma","description":"YTS45 es un spreader hidr\u00e1ulico de gr\u00faa de astillero equipado con una unidad de doble elevaci\u00f3n retr\u00e1ctil para manejar dos contenedores de 20' al mismo tiempo, o uno 40' o 45'.","robots":{"index":"index","follow":"follow","max-snippet":"max-snippet:-1","max-image-preview":"max-image-preview:large","max-video-preview":"max-video-preview:-1"},"canonical":"https:\/\/bromma.com\/es\/products\/yts45\/","og_locale":"es_ES","og_type":"article","og_title":"YTS45","og_description":"YTS45 es un spreader hidr\u00e1ulico de gr\u00faa de astillero equipado con una unidad de doble elevaci\u00f3n retr\u00e1ctil para manejar dos contenedores de 20' al mismo tiempo, o uno 40' o 45'.","og_url":"https:\/\/bromma.com\/es\/products\/yts45\/","og_site_name":"Bromma","og_image":[{"width":1920,"height":1080,"url":"https:\/\/bromma.com\/es\/wp-content\/uploads\/sites\/5\/2019\/06\/YTS45_spreader.jpg","type":"image\/jpeg"}],"twitter_card":"summary_large_image","twitter_misc":{"Tiempo de lectura":"1 minuto"},"schema":{"@context":"https:\/\/schema.org","@graph":[{"@type":"WebPage","@id":"https:\/\/bromma.com\/es\/products\/yts45\/","url":"https:\/\/bromma.com\/es\/products\/yts45\/","name":"YTS45 - Bromma","isPartOf":{"@id":"https:\/\/bromma.com\/es\/#website"},"primaryImageOfPage":{"@id":"https:\/\/bromma.com\/es\/products\/yts45\/#primaryimage"},"image":{"@id":"https:\/\/bromma.com\/es\/products\/yts45\/#primaryimage"},"thumbnailUrl":"https:\/\/bromma.com\/es\/wp-content\/uploads\/sites\/5\/2019\/06\/YTS45_spreader.jpg","datePublished":"2019-06-11T14:41:40+00:00","description":"YTS45 es un spreader hidr\u00e1ulico de gr\u00faa de astillero equipado con una unidad de doble elevaci\u00f3n retr\u00e1ctil para manejar dos contenedores de 20' al mismo tiempo, o uno 40' o 45'.","breadcrumb":{"@id":"https:\/\/bromma.com\/es\/products\/yts45\/#breadcrumb"},"inLanguage":"es","potentialAction":[{"@type":"ReadAction","target":["https:\/\/bromma.com\/es\/products\/yts45\/"]}]},{"@type":"ImageObject","inLanguage":"es","@id":"https:\/\/bromma.com\/es\/products\/yts45\/#primaryimage","url":"https:\/\/bromma.com\/es\/wp-content\/uploads\/sites\/5\/2019\/06\/YTS45_spreader.jpg","contentUrl":"https:\/\/bromma.com\/es\/wp-content\/uploads\/sites\/5\/2019\/06\/YTS45_spreader.jpg","width":1920,"height":1080,"caption":"Spreader Bromma YTS45"},{"@type":"BreadcrumbList","@id":"https:\/\/bromma.com\/es\/products\/yts45\/#breadcrumb","itemListElement":[{"@type":"ListItem","position":1,"name":"Home","item":"https:\/\/bromma.com\/es\/"},{"@type":"ListItem","position":2,"name":"Productos","item":"https:\/\/bromma.com\/es\/products\/"},{"@type":"ListItem","position":3,"name":"YTS45"}]},{"@type":"WebSite","@id":"https:\/\/bromma.com\/es\/#website","url":"https:\/\/bromma.com\/es\/","name":"Bromma","description":"Una tradici\u00f3n de innovaci\u00f3n","publisher":{"@id":"https:\/\/bromma.com\/es\/#organization"},"potentialAction":[{"@type":"SearchAction","target":{"@type":"EntryPoint","urlTemplate":"https:\/\/bromma.com\/es\/?s={search_term_string}"},"query-input":{"@type":"PropertyValueSpecification","valueRequired":true,"valueName":"search_term_string"}}],"inLanguage":"es"},{"@type":"Organization","@id":"https:\/\/bromma.com\/es\/#organization","name":"Bromma","url":"https:\/\/bromma.com\/es\/","logo":{"@type":"ImageObject","inLanguage":"es","@id":"https:\/\/bromma.com\/es\/#\/schema\/logo\/image\/","url":"https:\/\/bromma.com\/es\/wp-content\/uploads\/sites\/5\/2020\/05\/Bromma-logo_blue_RGB_SPA.png","contentUrl":"https:\/\/bromma.com\/es\/wp-content\/uploads\/sites\/5\/2020\/05\/Bromma-logo_blue_RGB_SPA.png","width":512,"height":512,"caption":"Bromma"},"image":{"@id":"https:\/\/bromma.com\/es\/#\/schema\/logo\/image\/"}}]}},"_links":{"self":[{"href":"https:\/\/bromma.com\/es\/wp-json\/wp\/v2\/product\/1032","targetHints":{"allow":["GET"]}}],"collection":[{"href":"https:\/\/bromma.com\/es\/wp-json\/wp\/v2\/product"}],"about":[{"href":"https:\/\/bromma.com\/es\/wp-json\/wp\/v2\/types\/product"}],"wp:featuredmedia":[{"embeddable":true,"href":"https:\/\/bromma.com\/es\/wp-json\/wp\/v2\/media\/1034"}],"wp:attachment":[{"href":"https:\/\/bromma.com\/es\/wp-json\/wp\/v2\/media?parent=1032"}],"wp:term":[{"taxonomy":"product_brand","embeddable":true,"href":"https:\/\/bromma.com\/es\/wp-json\/wp\/v2\/product_brand?post=1032"},{"taxonomy":"product_cat","embeddable":true,"href":"https:\/\/bromma.com\/es\/wp-json\/wp\/v2\/product_cat?post=1032"},{"taxonomy":"product_tag","embeddable":true,"href":"https:\/\/bromma.com\/es\/wp-json\/wp\/v2\/product_tag?post=1032"}],"curies":[{"name":"wp","href":"https:\/\/api.w.org\/{rel}","templated":true}]}}