{"id":1039,"date":"2019-06-12T11:01:09","date_gmt":"2019-06-12T09:01:09","guid":{"rendered":"https:\/\/brommadev.wpengine.com\/?post_type=product&#038;p=1039"},"modified":"2020-05-05T10:18:42","modified_gmt":"2020-05-05T08:18:42","slug":"ytr40-ytr45","status":"publish","type":"product","link":"https:\/\/bromma.com\/es\/products\/ytr40-ytr45\/","title":{"rendered":"YTR40\/YTR45"},"content":{"rendered":"<h4>Posibles combinaciones de contenedores: 20\u00b4, 30\u00b4, 40\u00b4, (45\u00b4), 2&#215;20\u00b4<\/h4>\n<p>Los modelos Bromma YTR40 y YTR45 son gr\u00faas hidr\u00e1ulicas de gran capacidad de carga con estructura mec\u00e1nica calculada para 2 millones de ciclos. El dise\u00f1o ha sido bien comprobado y se basa estructuralmente en los spreaders para gr\u00faas p\u00f3rtico de muelle de Bromma. La doble capacidad de elevaci\u00f3n les permite manejar dos contenedores de 20&#8242; al mismo tiempo.<\/p>\n<p>El spreader est\u00e1 dise\u00f1ado seg\u00fan la norma EN13001. Como todos los spreaders de Bromma, est\u00e1 fabricado en acero de alta calidad europeo, lo que garantiza un dise\u00f1o ligero y robusto. El spreader tiene un dise\u00f1o f\u00e1cil de usar y todos los componentes son muy accesibles para su inspecci\u00f3n y mantenimiento.<\/p>\n","protected":false},"excerpt":{"rendered":"<a href=\"https:\/\/bromma.com\/es\/products\/ytr40-ytr45\/\" class=\"excerpt\">Los modelos Bromma YTR40 y YTR45 son gr\u00faas hidr\u00e1ulicas de gran capacidad de carga con estructura mec\u00e1nica calculada para 2 millones de ciclos.\n<\/a><br><a href=\"https:\/\/bromma.com\/es\/products\/ytr40-ytr45\/\" class=\"excerptreadmore\">read more<\/a>","protected":false},"featured_media":1040,"template":"","meta":{"_et_pb_use_builder":"off","_et_pb_old_content":"","_et_gb_content_width":""},"product_brand":[],"product_cat":[55],"product_tag":[26,54,51],"class_list":{"0":"post-1039","1":"product","2":"type-product","3":"status-publish","4":"has-post-thumbnail","6":"product_cat-yard_spreaders","7":"product_tag-hydraulic","8":"product_tag-twin-lift","9":"product_tag-telescopic","11":"first","12":"instock","13":"shipping-taxable","14":"product-type-simple"},"yoast_head":"<!-- This site is optimized with the Yoast SEO Premium plugin v27.5 (Yoast SEO v27.5) - https:\/\/yoast.com\/product\/yoast-seo-premium-wordpress\/ -->\n<title>YTR40\/YTR45 - Bromma<\/title>\n<meta name=\"description\" content=\"YTR45E y YTR40E son spreaders para gr\u00faas de carga pesada, totalmente el\u00e9ctricos y de doble elevaci\u00f3n, calculados para 2 millones de ciclos.\" \/>\n<meta name=\"robots\" content=\"index, follow, max-snippet:-1, max-image-preview:large, max-video-preview:-1\" \/>\n<link rel=\"canonical\" href=\"https:\/\/bromma.com\/es\/products\/ytr40-ytr45\/\" \/>\n<meta property=\"og:locale\" content=\"es_ES\" \/>\n<meta property=\"og:type\" content=\"article\" \/>\n<meta property=\"og:title\" content=\"YTR40\/YTR45\" \/>\n<meta property=\"og:description\" content=\"YTR45E y YTR40E son spreaders para gr\u00faas de carga pesada, totalmente el\u00e9ctricos y de doble elevaci\u00f3n, calculados para 2 millones de ciclos.\" \/>\n<meta property=\"og:url\" content=\"https:\/\/bromma.com\/es\/products\/ytr40-ytr45\/\" \/>\n<meta property=\"og:site_name\" content=\"Bromma\" \/>\n<meta property=\"article:modified_time\" content=\"2020-05-05T08:18:42+00:00\" \/>\n<meta property=\"og:image\" content=\"https:\/\/bromma.com\/es\/wp-content\/uploads\/sites\/5\/2019\/06\/YTR40_YTR45_spreaders.jpg\" \/>\n\t<meta property=\"og:image:width\" content=\"1920\" \/>\n\t<meta property=\"og:image:height\" content=\"1080\" \/>\n\t<meta property=\"og:image:type\" content=\"image\/jpeg\" \/>\n<meta name=\"twitter:card\" content=\"summary_large_image\" \/>\n<meta name=\"twitter:label1\" content=\"Tiempo de lectura\" \/>\n\t<meta name=\"twitter:data1\" content=\"1 minuto\" \/>\n<script type=\"application\/ld+json\" class=\"yoast-schema-graph\">{\"@context\":\"https:\\\/\\\/schema.org\",\"@graph\":[{\"@type\":\"WebPage\",\"@id\":\"https:\\\/\\\/bromma.com\\\/es\\\/products\\\/ytr40-ytr45\\\/\",\"url\":\"https:\\\/\\\/bromma.com\\\/es\\\/products\\\/ytr40-ytr45\\\/\",\"name\":\"YTR40\\\/YTR45 - Bromma\",\"isPartOf\":{\"@id\":\"https:\\\/\\\/bromma.com\\\/es\\\/#website\"},\"primaryImageOfPage\":{\"@id\":\"https:\\\/\\\/bromma.com\\\/es\\\/products\\\/ytr40-ytr45\\\/#primaryimage\"},\"image\":{\"@id\":\"https:\\\/\\\/bromma.com\\\/es\\\/products\\\/ytr40-ytr45\\\/#primaryimage\"},\"thumbnailUrl\":\"https:\\\/\\\/bromma.com\\\/es\\\/wp-content\\\/uploads\\\/sites\\\/5\\\/2019\\\/06\\\/YTR40_YTR45_spreaders.jpg\",\"datePublished\":\"2019-06-12T09:01:09+00:00\",\"dateModified\":\"2020-05-05T08:18:42+00:00\",\"description\":\"YTR45E y YTR40E son spreaders para gr\u00faas de carga pesada, totalmente el\u00e9ctricos y de doble elevaci\u00f3n, calculados para 2 millones de ciclos.\",\"breadcrumb\":{\"@id\":\"https:\\\/\\\/bromma.com\\\/es\\\/products\\\/ytr40-ytr45\\\/#breadcrumb\"},\"inLanguage\":\"es\",\"potentialAction\":[{\"@type\":\"ReadAction\",\"target\":[\"https:\\\/\\\/bromma.com\\\/es\\\/products\\\/ytr40-ytr45\\\/\"]}]},{\"@type\":\"ImageObject\",\"inLanguage\":\"es\",\"@id\":\"https:\\\/\\\/bromma.com\\\/es\\\/products\\\/ytr40-ytr45\\\/#primaryimage\",\"url\":\"https:\\\/\\\/bromma.com\\\/es\\\/wp-content\\\/uploads\\\/sites\\\/5\\\/2019\\\/06\\\/YTR40_YTR45_spreaders.jpg\",\"contentUrl\":\"https:\\\/\\\/bromma.com\\\/es\\\/wp-content\\\/uploads\\\/sites\\\/5\\\/2019\\\/06\\\/YTR40_YTR45_spreaders.jpg\",\"width\":1920,\"height\":1080,\"caption\":\"Spreader Bromma STR40\\\/YTR45\"},{\"@type\":\"BreadcrumbList\",\"@id\":\"https:\\\/\\\/bromma.com\\\/es\\\/products\\\/ytr40-ytr45\\\/#breadcrumb\",\"itemListElement\":[{\"@type\":\"ListItem\",\"position\":1,\"name\":\"Home\",\"item\":\"https:\\\/\\\/bromma.com\\\/es\\\/\"},{\"@type\":\"ListItem\",\"position\":2,\"name\":\"Productos\",\"item\":\"https:\\\/\\\/bromma.com\\\/es\\\/products\\\/\"},{\"@type\":\"ListItem\",\"position\":3,\"name\":\"YTR40\\\/YTR45\"}]},{\"@type\":\"WebSite\",\"@id\":\"https:\\\/\\\/bromma.com\\\/es\\\/#website\",\"url\":\"https:\\\/\\\/bromma.com\\\/es\\\/\",\"name\":\"Bromma\",\"description\":\"Una tradici\u00f3n de innovaci\u00f3n\",\"publisher\":{\"@id\":\"https:\\\/\\\/bromma.com\\\/es\\\/#organization\"},\"potentialAction\":[{\"@type\":\"SearchAction\",\"target\":{\"@type\":\"EntryPoint\",\"urlTemplate\":\"https:\\\/\\\/bromma.com\\\/es\\\/?s={search_term_string}\"},\"query-input\":{\"@type\":\"PropertyValueSpecification\",\"valueRequired\":true,\"valueName\":\"search_term_string\"}}],\"inLanguage\":\"es\"},{\"@type\":\"Organization\",\"@id\":\"https:\\\/\\\/bromma.com\\\/es\\\/#organization\",\"name\":\"Bromma\",\"url\":\"https:\\\/\\\/bromma.com\\\/es\\\/\",\"logo\":{\"@type\":\"ImageObject\",\"inLanguage\":\"es\",\"@id\":\"https:\\\/\\\/bromma.com\\\/es\\\/#\\\/schema\\\/logo\\\/image\\\/\",\"url\":\"https:\\\/\\\/bromma.com\\\/es\\\/wp-content\\\/uploads\\\/sites\\\/5\\\/2020\\\/05\\\/Bromma-logo_blue_RGB_SPA.png\",\"contentUrl\":\"https:\\\/\\\/bromma.com\\\/es\\\/wp-content\\\/uploads\\\/sites\\\/5\\\/2020\\\/05\\\/Bromma-logo_blue_RGB_SPA.png\",\"width\":512,\"height\":512,\"caption\":\"Bromma\"},\"image\":{\"@id\":\"https:\\\/\\\/bromma.com\\\/es\\\/#\\\/schema\\\/logo\\\/image\\\/\"}}]}<\/script>\n<!-- \/ Yoast SEO Premium plugin. -->","yoast_head_json":{"title":"YTR40\/YTR45 - Bromma","description":"YTR45E y YTR40E son spreaders para gr\u00faas de carga pesada, totalmente el\u00e9ctricos y de doble elevaci\u00f3n, calculados para 2 millones de ciclos.","robots":{"index":"index","follow":"follow","max-snippet":"max-snippet:-1","max-image-preview":"max-image-preview:large","max-video-preview":"max-video-preview:-1"},"canonical":"https:\/\/bromma.com\/es\/products\/ytr40-ytr45\/","og_locale":"es_ES","og_type":"article","og_title":"YTR40\/YTR45","og_description":"YTR45E y YTR40E son spreaders para gr\u00faas de carga pesada, totalmente el\u00e9ctricos y de doble elevaci\u00f3n, calculados para 2 millones de ciclos.","og_url":"https:\/\/bromma.com\/es\/products\/ytr40-ytr45\/","og_site_name":"Bromma","article_modified_time":"2020-05-05T08:18:42+00:00","og_image":[{"width":1920,"height":1080,"url":"https:\/\/bromma.com\/es\/wp-content\/uploads\/sites\/5\/2019\/06\/YTR40_YTR45_spreaders.jpg","type":"image\/jpeg"}],"twitter_card":"summary_large_image","twitter_misc":{"Tiempo de lectura":"1 minuto"},"schema":{"@context":"https:\/\/schema.org","@graph":[{"@type":"WebPage","@id":"https:\/\/bromma.com\/es\/products\/ytr40-ytr45\/","url":"https:\/\/bromma.com\/es\/products\/ytr40-ytr45\/","name":"YTR40\/YTR45 - Bromma","isPartOf":{"@id":"https:\/\/bromma.com\/es\/#website"},"primaryImageOfPage":{"@id":"https:\/\/bromma.com\/es\/products\/ytr40-ytr45\/#primaryimage"},"image":{"@id":"https:\/\/bromma.com\/es\/products\/ytr40-ytr45\/#primaryimage"},"thumbnailUrl":"https:\/\/bromma.com\/es\/wp-content\/uploads\/sites\/5\/2019\/06\/YTR40_YTR45_spreaders.jpg","datePublished":"2019-06-12T09:01:09+00:00","dateModified":"2020-05-05T08:18:42+00:00","description":"YTR45E y YTR40E son spreaders para gr\u00faas de carga pesada, totalmente el\u00e9ctricos y de doble elevaci\u00f3n, calculados para 2 millones de ciclos.","breadcrumb":{"@id":"https:\/\/bromma.com\/es\/products\/ytr40-ytr45\/#breadcrumb"},"inLanguage":"es","potentialAction":[{"@type":"ReadAction","target":["https:\/\/bromma.com\/es\/products\/ytr40-ytr45\/"]}]},{"@type":"ImageObject","inLanguage":"es","@id":"https:\/\/bromma.com\/es\/products\/ytr40-ytr45\/#primaryimage","url":"https:\/\/bromma.com\/es\/wp-content\/uploads\/sites\/5\/2019\/06\/YTR40_YTR45_spreaders.jpg","contentUrl":"https:\/\/bromma.com\/es\/wp-content\/uploads\/sites\/5\/2019\/06\/YTR40_YTR45_spreaders.jpg","width":1920,"height":1080,"caption":"Spreader Bromma STR40\/YTR45"},{"@type":"BreadcrumbList","@id":"https:\/\/bromma.com\/es\/products\/ytr40-ytr45\/#breadcrumb","itemListElement":[{"@type":"ListItem","position":1,"name":"Home","item":"https:\/\/bromma.com\/es\/"},{"@type":"ListItem","position":2,"name":"Productos","item":"https:\/\/bromma.com\/es\/products\/"},{"@type":"ListItem","position":3,"name":"YTR40\/YTR45"}]},{"@type":"WebSite","@id":"https:\/\/bromma.com\/es\/#website","url":"https:\/\/bromma.com\/es\/","name":"Bromma","description":"Una tradici\u00f3n de innovaci\u00f3n","publisher":{"@id":"https:\/\/bromma.com\/es\/#organization"},"potentialAction":[{"@type":"SearchAction","target":{"@type":"EntryPoint","urlTemplate":"https:\/\/bromma.com\/es\/?s={search_term_string}"},"query-input":{"@type":"PropertyValueSpecification","valueRequired":true,"valueName":"search_term_string"}}],"inLanguage":"es"},{"@type":"Organization","@id":"https:\/\/bromma.com\/es\/#organization","name":"Bromma","url":"https:\/\/bromma.com\/es\/","logo":{"@type":"ImageObject","inLanguage":"es","@id":"https:\/\/bromma.com\/es\/#\/schema\/logo\/image\/","url":"https:\/\/bromma.com\/es\/wp-content\/uploads\/sites\/5\/2020\/05\/Bromma-logo_blue_RGB_SPA.png","contentUrl":"https:\/\/bromma.com\/es\/wp-content\/uploads\/sites\/5\/2020\/05\/Bromma-logo_blue_RGB_SPA.png","width":512,"height":512,"caption":"Bromma"},"image":{"@id":"https:\/\/bromma.com\/es\/#\/schema\/logo\/image\/"}}]}},"_links":{"self":[{"href":"https:\/\/bromma.com\/es\/wp-json\/wp\/v2\/product\/1039","targetHints":{"allow":["GET"]}}],"collection":[{"href":"https:\/\/bromma.com\/es\/wp-json\/wp\/v2\/product"}],"about":[{"href":"https:\/\/bromma.com\/es\/wp-json\/wp\/v2\/types\/product"}],"wp:featuredmedia":[{"embeddable":true,"href":"https:\/\/bromma.com\/es\/wp-json\/wp\/v2\/media\/1040"}],"wp:attachment":[{"href":"https:\/\/bromma.com\/es\/wp-json\/wp\/v2\/media?parent=1039"}],"wp:term":[{"taxonomy":"product_brand","embeddable":true,"href":"https:\/\/bromma.com\/es\/wp-json\/wp\/v2\/product_brand?post=1039"},{"taxonomy":"product_cat","embeddable":true,"href":"https:\/\/bromma.com\/es\/wp-json\/wp\/v2\/product_cat?post=1039"},{"taxonomy":"product_tag","embeddable":true,"href":"https:\/\/bromma.com\/es\/wp-json\/wp\/v2\/product_tag?post=1039"}],"curies":[{"name":"wp","href":"https:\/\/api.w.org\/{rel}","templated":true}]}}