{"id":1047,"date":"2019-03-12T15:04:29","date_gmt":"2019-03-12T14:04:29","guid":{"rendered":"https:\/\/brommadev.wpengine.com\/?post_type=product&amp;p=1047"},"modified":"2019-03-12T15:04:29","modified_gmt":"2019-03-12T14:04:29","slug":"autolubrication-system","status":"publish","type":"product","link":"https:\/\/bromma.com\/es\/products\/autolubrication-system\/","title":{"rendered":"Sistema de autolubricaci\u00f3n"},"content":{"rendered":"<p>Los indicadores de bajo nivel activan el sistema que lleva a cabo las tareas de lubricaci\u00f3n cr\u00edticas dise\u00f1adas para mantener las operaciones en los \u00f3ptimos niveles.<\/p>\n<div id=\"attachment_1048\" style=\"width: 390px\" class=\"wp-caption alignnone\"><img loading=\"lazy\" decoding=\"async\" aria-describedby=\"caption-attachment-1048\" class=\"wp-image-1048\" src=\"https:\/\/bromma.com\/es\/wp-content\/uploads\/sites\/5\/2019\/06\/Upgrade_Autolubrication_System.png\" alt=\"Upgrade Autolubrication System\" width=\"380\" height=\"329\" \/><p id=\"caption-attachment-1048\" class=\"wp-caption-text\">Lubricaci\u00f3n mediante bloques divisores<\/p><\/div>\n<p>Los beneficios de tener la actualizaci\u00f3n del Sistema de Autolubricaci\u00f3n son:<\/p>\n<ul>\n<li>Todos los puntos de lubricaci\u00f3n se lubricaci\u00f3n autom\u00e1ticamente, de este modo se reduce la necesidad de servicio y mantenimiento<\/li>\n<li>El ciclo de lubricaci\u00f3n predeterminado se puede ajustar para acomodar las necesidades de la terminal<\/li>\n<li>El sistema es operado por medio del sistema de control del spreader<\/li>\n<\/ul>\n<h4>ALCANCE DE TRABAJO<\/h4>\n<p>El alcance de trabajo para el suministro e instalaci\u00f3n de la mejora del sistema de autolubricaci\u00f3n incluye:<\/p>\n<ul>\n<li>Instalaci\u00f3n del sistema de autolubricaci\u00f3n<\/li>\n<li>Instalaci\u00f3n del programa de sincronizaci\u00f3n<\/li>\n<li>Prueba del equipo<\/li>\n<li>Revisi\u00f3n de esquemas existentes<\/li>\n<li>Revisi\u00f3n de manuales del spreader<\/li>\n<\/ul>\n<h4>PIEZAS INCLUIDAS<\/h4>\n<p>Las siguientes piezas se incluyen en la oferta de mejora del sistema de autolubricaci\u00f3n:<\/p>\n<ul>\n<li>Sistema de autolubricaci\u00f3n<\/li>\n<li>Bloque divisor<\/li>\n<li>Mangueras<\/li>\n<\/ul>\n<h4>ART\u00cdCULOS ADICIONALES INCLUIDOS EN EL ALCANCE DEL TRABAJO<\/h4>\n<p>Los siguientes art\u00edculos adicionales se incluyen en la mejora del sistema de autolubricaci\u00f3n:<\/p>\n<ul>\n<li>Actualizaci\u00f3n de software en la computadora del puerto que se va a usar para conectar el spreader<\/li>\n<li>Capacitaci\u00f3n en el sistema de autolubricaci\u00f3n<\/li>\n<\/ul>\n<h4>TIEMPO DE ESPERA DE INSTALACI\u00d3N Y MATERIAL<\/h4>\n<ul>\n<li><span style=\"color: #005697\"><strong>Tiempo de espera de material:<\/strong><\/span> 5 semanas (Exw Bromma Malasia)<\/li>\n<li><span style=\"color: #005697\"><strong>Tiempo de espera de instalaci\u00f3n: <\/strong><\/span>3 d\u00edas (por spreader)<\/li>\n<\/ul>\n<h4>PRECIO Y ENTREGA<\/h4>\n<p><strong>Contacte a su representante local de Bromma para conocer el precio y el tiempo de espera de entrega.<\/strong><\/p>\n","protected":false},"excerpt":{"rendered":"<a href=\"https:\/\/bromma.com\/es\/products\/autolubrication-system\/\" class=\"excerpt\">El sistema de autolubricaci\u00f3n de Bromma est\u00e1 dise\u00f1ado para optimizar la vida \u00fatil del spreader mediante la lubricaci\u00f3n autom\u00e1tica de las \u00e1reas cr\u00edticas de los spreaders.\n<\/a><br><a href=\"https:\/\/bromma.com\/es\/products\/autolubrication-system\/\" class=\"excerptreadmore\">read more<\/a>","protected":false},"featured_media":1053,"template":"","meta":{"_et_pb_use_builder":"","_et_pb_old_content":"","_et_gb_content_width":""},"product_brand":[],"product_cat":[44],"product_tag":[],"class_list":{"0":"post-1047","1":"product","2":"type-product","3":"status-publish","4":"has-post-thumbnail","6":"product_cat-spreader-upgrades","8":"first","9":"instock","10":"shipping-taxable","11":"product-type-simple"},"yoast_head":"<!-- This site is optimized with the Yoast SEO Premium plugin v27.2 (Yoast SEO v27.2) - https:\/\/yoast.com\/product\/yoast-seo-premium-wordpress\/ -->\n<title>Sistema de autolubricaci\u00f3n - Bromma<\/title>\n<meta name=\"robots\" content=\"index, follow, max-snippet:-1, max-image-preview:large, max-video-preview:-1\" \/>\n<link rel=\"canonical\" href=\"https:\/\/bromma.com\/es\/products\/autolubrication-system\/\" \/>\n<meta property=\"og:locale\" content=\"es_ES\" \/>\n<meta property=\"og:type\" content=\"article\" \/>\n<meta property=\"og:title\" content=\"Sistema de autolubricaci\u00f3n\" \/>\n<meta property=\"og:description\" content=\"El sistema de autolubricaci\u00f3n de Bromma est\u00e1 dise\u00f1ado para optimizar la vida \u00fatil del spreader mediante la lubricaci\u00f3n autom\u00e1tica de las \u00e1reas cr\u00edticas de los spreaders.\" \/>\n<meta property=\"og:url\" content=\"https:\/\/bromma.com\/es\/products\/autolubrication-system\/\" \/>\n<meta property=\"og:site_name\" content=\"Bromma\" \/>\n<meta property=\"og:image\" content=\"https:\/\/bromma.com\/es\/wp-content\/uploads\/sites\/5\/2019\/06\/Upgrade_Autolubrication_System-1.jpg\" \/>\n\t<meta property=\"og:image:width\" content=\"1920\" \/>\n\t<meta property=\"og:image:height\" content=\"1080\" \/>\n\t<meta property=\"og:image:type\" content=\"image\/jpeg\" \/>\n<meta name=\"twitter:card\" content=\"summary_large_image\" \/>\n<meta name=\"twitter:label1\" content=\"Tiempo de lectura\" \/>\n\t<meta name=\"twitter:data1\" content=\"1 minuto\" \/>\n<script type=\"application\/ld+json\" class=\"yoast-schema-graph\">{\"@context\":\"https:\/\/schema.org\",\"@graph\":[{\"@type\":\"WebPage\",\"@id\":\"https:\/\/bromma.com\/es\/products\/autolubrication-system\/\",\"url\":\"https:\/\/bromma.com\/es\/products\/autolubrication-system\/\",\"name\":\"Sistema de autolubricaci\u00f3n - Bromma\",\"isPartOf\":{\"@id\":\"https:\/\/bromma.com\/es\/#website\"},\"primaryImageOfPage\":{\"@id\":\"https:\/\/bromma.com\/es\/products\/autolubrication-system\/#primaryimage\"},\"image\":{\"@id\":\"https:\/\/bromma.com\/es\/products\/autolubrication-system\/#primaryimage\"},\"thumbnailUrl\":\"https:\/\/bromma.com\/es\/wp-content\/uploads\/sites\/5\/2019\/06\/Upgrade_Autolubrication_System-1.jpg\",\"datePublished\":\"2019-03-12T14:04:29+00:00\",\"breadcrumb\":{\"@id\":\"https:\/\/bromma.com\/es\/products\/autolubrication-system\/#breadcrumb\"},\"inLanguage\":\"es\",\"potentialAction\":[{\"@type\":\"ReadAction\",\"target\":[\"https:\/\/bromma.com\/es\/products\/autolubrication-system\/\"]}]},{\"@type\":\"ImageObject\",\"inLanguage\":\"es\",\"@id\":\"https:\/\/bromma.com\/es\/products\/autolubrication-system\/#primaryimage\",\"url\":\"https:\/\/bromma.com\/es\/wp-content\/uploads\/sites\/5\/2019\/06\/Upgrade_Autolubrication_System-1.jpg\",\"contentUrl\":\"https:\/\/bromma.com\/es\/wp-content\/uploads\/sites\/5\/2019\/06\/Upgrade_Autolubrication_System-1.jpg\",\"width\":1920,\"height\":1080,\"caption\":\"Mejora del sistema de autolubricaci\u00f3n\"},{\"@type\":\"BreadcrumbList\",\"@id\":\"https:\/\/bromma.com\/es\/products\/autolubrication-system\/#breadcrumb\",\"itemListElement\":[{\"@type\":\"ListItem\",\"position\":1,\"name\":\"Home\",\"item\":\"https:\/\/bromma.com\/es\/\"},{\"@type\":\"ListItem\",\"position\":2,\"name\":\"Productos\",\"item\":\"https:\/\/bromma.com\/es\/products\/\"},{\"@type\":\"ListItem\",\"position\":3,\"name\":\"Sistema de autolubricaci\u00f3n\"}]},{\"@type\":\"WebSite\",\"@id\":\"https:\/\/bromma.com\/es\/#website\",\"url\":\"https:\/\/bromma.com\/es\/\",\"name\":\"Bromma\",\"description\":\"Una tradici\u00f3n de innovaci\u00f3n\",\"publisher\":{\"@id\":\"https:\/\/bromma.com\/es\/#organization\"},\"potentialAction\":[{\"@type\":\"SearchAction\",\"target\":{\"@type\":\"EntryPoint\",\"urlTemplate\":\"https:\/\/bromma.com\/es\/?s={search_term_string}\"},\"query-input\":{\"@type\":\"PropertyValueSpecification\",\"valueRequired\":true,\"valueName\":\"search_term_string\"}}],\"inLanguage\":\"es\"},{\"@type\":\"Organization\",\"@id\":\"https:\/\/bromma.com\/es\/#organization\",\"name\":\"Bromma\",\"url\":\"https:\/\/bromma.com\/es\/\",\"logo\":{\"@type\":\"ImageObject\",\"inLanguage\":\"es\",\"@id\":\"https:\/\/bromma.com\/es\/#\/schema\/logo\/image\/\",\"url\":\"https:\/\/bromma.com\/es\/wp-content\/uploads\/sites\/5\/2020\/05\/Bromma-logo_blue_RGB_SPA.png\",\"contentUrl\":\"https:\/\/bromma.com\/es\/wp-content\/uploads\/sites\/5\/2020\/05\/Bromma-logo_blue_RGB_SPA.png\",\"width\":512,\"height\":512,\"caption\":\"Bromma\"},\"image\":{\"@id\":\"https:\/\/bromma.com\/es\/#\/schema\/logo\/image\/\"}}]}<\/script>\n<!-- \/ Yoast SEO Premium plugin. -->","yoast_head_json":{"title":"Sistema de autolubricaci\u00f3n - Bromma","robots":{"index":"index","follow":"follow","max-snippet":"max-snippet:-1","max-image-preview":"max-image-preview:large","max-video-preview":"max-video-preview:-1"},"canonical":"https:\/\/bromma.com\/es\/products\/autolubrication-system\/","og_locale":"es_ES","og_type":"article","og_title":"Sistema de autolubricaci\u00f3n","og_description":"El sistema de autolubricaci\u00f3n de Bromma est\u00e1 dise\u00f1ado para optimizar la vida \u00fatil del spreader mediante la lubricaci\u00f3n autom\u00e1tica de las \u00e1reas cr\u00edticas de los spreaders.","og_url":"https:\/\/bromma.com\/es\/products\/autolubrication-system\/","og_site_name":"Bromma","og_image":[{"width":1920,"height":1080,"url":"https:\/\/bromma.com\/es\/wp-content\/uploads\/sites\/5\/2019\/06\/Upgrade_Autolubrication_System-1.jpg","type":"image\/jpeg"}],"twitter_card":"summary_large_image","twitter_misc":{"Tiempo de lectura":"1 minuto"},"schema":{"@context":"https:\/\/schema.org","@graph":[{"@type":"WebPage","@id":"https:\/\/bromma.com\/es\/products\/autolubrication-system\/","url":"https:\/\/bromma.com\/es\/products\/autolubrication-system\/","name":"Sistema de autolubricaci\u00f3n - Bromma","isPartOf":{"@id":"https:\/\/bromma.com\/es\/#website"},"primaryImageOfPage":{"@id":"https:\/\/bromma.com\/es\/products\/autolubrication-system\/#primaryimage"},"image":{"@id":"https:\/\/bromma.com\/es\/products\/autolubrication-system\/#primaryimage"},"thumbnailUrl":"https:\/\/bromma.com\/es\/wp-content\/uploads\/sites\/5\/2019\/06\/Upgrade_Autolubrication_System-1.jpg","datePublished":"2019-03-12T14:04:29+00:00","breadcrumb":{"@id":"https:\/\/bromma.com\/es\/products\/autolubrication-system\/#breadcrumb"},"inLanguage":"es","potentialAction":[{"@type":"ReadAction","target":["https:\/\/bromma.com\/es\/products\/autolubrication-system\/"]}]},{"@type":"ImageObject","inLanguage":"es","@id":"https:\/\/bromma.com\/es\/products\/autolubrication-system\/#primaryimage","url":"https:\/\/bromma.com\/es\/wp-content\/uploads\/sites\/5\/2019\/06\/Upgrade_Autolubrication_System-1.jpg","contentUrl":"https:\/\/bromma.com\/es\/wp-content\/uploads\/sites\/5\/2019\/06\/Upgrade_Autolubrication_System-1.jpg","width":1920,"height":1080,"caption":"Mejora del sistema de autolubricaci\u00f3n"},{"@type":"BreadcrumbList","@id":"https:\/\/bromma.com\/es\/products\/autolubrication-system\/#breadcrumb","itemListElement":[{"@type":"ListItem","position":1,"name":"Home","item":"https:\/\/bromma.com\/es\/"},{"@type":"ListItem","position":2,"name":"Productos","item":"https:\/\/bromma.com\/es\/products\/"},{"@type":"ListItem","position":3,"name":"Sistema de autolubricaci\u00f3n"}]},{"@type":"WebSite","@id":"https:\/\/bromma.com\/es\/#website","url":"https:\/\/bromma.com\/es\/","name":"Bromma","description":"Una tradici\u00f3n de innovaci\u00f3n","publisher":{"@id":"https:\/\/bromma.com\/es\/#organization"},"potentialAction":[{"@type":"SearchAction","target":{"@type":"EntryPoint","urlTemplate":"https:\/\/bromma.com\/es\/?s={search_term_string}"},"query-input":{"@type":"PropertyValueSpecification","valueRequired":true,"valueName":"search_term_string"}}],"inLanguage":"es"},{"@type":"Organization","@id":"https:\/\/bromma.com\/es\/#organization","name":"Bromma","url":"https:\/\/bromma.com\/es\/","logo":{"@type":"ImageObject","inLanguage":"es","@id":"https:\/\/bromma.com\/es\/#\/schema\/logo\/image\/","url":"https:\/\/bromma.com\/es\/wp-content\/uploads\/sites\/5\/2020\/05\/Bromma-logo_blue_RGB_SPA.png","contentUrl":"https:\/\/bromma.com\/es\/wp-content\/uploads\/sites\/5\/2020\/05\/Bromma-logo_blue_RGB_SPA.png","width":512,"height":512,"caption":"Bromma"},"image":{"@id":"https:\/\/bromma.com\/es\/#\/schema\/logo\/image\/"}}]}},"_links":{"self":[{"href":"https:\/\/bromma.com\/es\/wp-json\/wp\/v2\/product\/1047","targetHints":{"allow":["GET"]}}],"collection":[{"href":"https:\/\/bromma.com\/es\/wp-json\/wp\/v2\/product"}],"about":[{"href":"https:\/\/bromma.com\/es\/wp-json\/wp\/v2\/types\/product"}],"wp:featuredmedia":[{"embeddable":true,"href":"https:\/\/bromma.com\/es\/wp-json\/wp\/v2\/media\/1053"}],"wp:attachment":[{"href":"https:\/\/bromma.com\/es\/wp-json\/wp\/v2\/media?parent=1047"}],"wp:term":[{"taxonomy":"product_brand","embeddable":true,"href":"https:\/\/bromma.com\/es\/wp-json\/wp\/v2\/product_brand?post=1047"},{"taxonomy":"product_cat","embeddable":true,"href":"https:\/\/bromma.com\/es\/wp-json\/wp\/v2\/product_cat?post=1047"},{"taxonomy":"product_tag","embeddable":true,"href":"https:\/\/bromma.com\/es\/wp-json\/wp\/v2\/product_tag?post=1047"}],"curies":[{"name":"wp","href":"https:\/\/api.w.org\/{rel}","templated":true}]}}