{"id":1070,"date":"2019-03-12T17:44:51","date_gmt":"2019-03-12T16:44:51","guid":{"rendered":"https:\/\/brommadev.wpengine.com\/?post_type=product&amp;p=1070"},"modified":"2019-03-12T17:44:51","modified_gmt":"2019-03-12T16:44:51","slug":"digsy-relay-scs%c2%b2-non-canopen-to-scu-with-rml","status":"publish","type":"product","link":"https:\/\/bromma.com\/es\/products\/digsy-relay-scs%c2%b2-non-canopen-to-scu-with-rml\/","title":{"rendered":"Mejora de Digsy Relay SCS\u00b2 (no CANopen) a SCU con RML"},"content":{"rendered":"<p>La unidad de control del spreader (SCU) de Bromma es un sistema desarrollado que se centra en la funcionalidad principal necesaria para controlar y operar un spreader Bromma. La SCU se monta en el interior del armario el\u00e9ctrico y consiste en dos elementos b\u00e1sicos; un PLC montado en el spreader y un software de control de spreader que controla las funciones del mismo.<\/p>\n<p><strong>El resultado es un solo sistema de control optimizado para controlar el spreader. <\/strong><\/p>\n<p>La unidad de registro de monitoreo remoto (RML) proporciona informaci\u00f3n de diagn\u00f3stico esencial del spreader desde la unidad del spreader conectada a \u00e9l. Se monta cerca del armario el\u00e9ctrico y tiene un alcance de comunicaci\u00f3n de aproximadamente 50 metros (dependiendo del entorno).<\/p>\n<p>Se puede acceder a la informaci\u00f3n del spreader a trav\u00e9s de una p\u00e1gina web cifrada desde cualquier computadora port\u00e1til, tableta o tel\u00e9fono inteligente con WIFI. Esto permite que el personal de servicio y mantenimiento revise y analice los datos para poder mejorar la productividad del spreader.<\/p>\n<p>Las ventajas de tener una mejora del sistema de control Digsy, rel\u00e9 o SCS2 (no-CANopen) a SCU con RML incluyen lo siguiente:<\/p>\n<ul>\n<li>La SCU se comunica con el PLC de la gr\u00faa a trav\u00e9s de una interfaz de E\/S paralela, y una interfaz de bus CAN serial, brindando soporte a DS444 y BCAN.<\/li>\n<li>Se usa una interfaz de bus de CAN separada para gestionar las E\/S integradas; es decir, sensores, actuadores, etc., lo cual minimiza la necesidad de cajas de empalmes, rel\u00e9s, cableado y terminales.<\/li>\n<li>El software es desarrollado mediante el uso de los probados bloques de funci\u00f3n de Bromma as\u00ed como las funciones del sistema, minimizando as\u00ed las necesidades de configuraci\u00f3n.<\/li>\n<li>Las aplicaciones que controlan el spreader se pueden adaptar f\u00e1cilmente seg\u00fan los requisitos del cliente.<\/li>\n<li>El RML proporciona las se\u00f1ales de diagn\u00f3stico cruciales y los comandos de la interfaz de la gr\u00faa se supervisan y visualizan en tiempo real.<\/li>\n<li>Los s\u00edmbolos claros y el texto mostrado permiten una r\u00e1pida comprensi\u00f3n del tipo de evento y acci\u00f3n que se requieren.<\/li>\n<li>El archivo de registro de diagn\u00f3stico permanente puede almacenar hasta aproximadamente 1,8 millones de eventos, que se pueden utilizar para su an\u00e1lisis posterior.<\/li>\n<\/ul>\n<h4>ALCANCE DE TRABAJO<\/h4>\n<p>El alcance del trabajo en el suministro e instalaci\u00f3n de la mejora del sistema de control Digsy, rel\u00e9 o SCS2 (no-CANopen) a SCU con RML se lista a continuaci\u00f3n:<\/p>\n<ul>\n<li>Escritura de programas para spreader o grupo de spreaders<\/li>\n<li>Escritura de instrucciones para la instalaci\u00f3n<\/li>\n<li>Instrucciones de montaje con soldadura<\/li>\n<li>Extracci\u00f3n de piezas usadas<\/li>\n<li>Instalaci\u00f3n de nuevas piezas seg\u00fan las instrucciones<\/li>\n<li>Conexi\u00f3n de todos los componentes<\/li>\n<li>Descarga de programa de spreader al PLC<\/li>\n<li>Revisi\u00f3n de esquemas existentes<\/li>\n<li>Revisi\u00f3n de manuales del spreader<\/li>\n<li>Comprobaci\u00f3n de todas las funciones<\/li>\n<\/ul>\n<h4>PIEZAS INCLUIDAS<\/h4>\n<p>Las siguientes piezas est\u00e1n incluidas en la oferta de mejora del sistema de control Digsy, rel\u00e9 o SCS2 (no-CANopen) a SCU con RML:<\/p>\n<ul>\n<li>PLC de SCU<\/li>\n<li>Cable de control de SCU<\/li>\n<li>RML<\/li>\n<li>Programa del spreader convertido y actualizado<\/li>\n<li>Cables CANopen<\/li>\n<li>Codificador CAN (para el posicionamiento de APS)<\/li>\n<li>Tablas CR9056<\/li>\n<li>Clavijas<\/li>\n<li>Interruptores de proximidad (para el posicionamiento de DPS)<\/li>\n<li>Cables y marcas de art\u00edculo<\/li>\n<li>M\u00f3dulos de E\/S<\/li>\n<li>Cubiertas de protecci\u00f3n de HTS<\/li>\n<li>Armario X100<\/li>\n<li>Armario X1 <\/li>\n<li>Rel\u00e9s de corriente<\/li>\n<li>Interruptores de proximidad<\/li>\n<li>L\u00e1mparas de LED<\/li>\n<li>Resistores<\/li>\n<li>Adaptadores de prensaestopas<\/li>\n<li>Cables el\u00e9ctricos<\/li>\n<li>Conectores<\/li>\n<\/ul>\n<h4>ART\u00cdCULOS ADICIONALES INCLUIDOS EN EL ALCANCE DEL TRABAJO<\/h4>\n<p>Los siguientes art\u00edculos adicionales se incluyen en la mejora del sistema de control Digsy, rel\u00e9 o SCS2 (no-CANopen) a SCU con RML:<\/p>\n<ul>\n<li>Instalaci\u00f3n de software en la computadora del puerto que se utilizar\u00e1 para conectar el spreader<\/li>\n<li>Actualizaci\u00f3n de firmware de los componentes y del sistema de control del spreader<\/li>\n<li>Formaci\u00f3n de SCU y RML<\/li>\n<\/ul>\n<h4>TIEMPO DE ESPERA DE INSTALACI\u00d3N Y MATERIAL<\/h4>\n<p>Contacte a su representante local de Bromma para conocer el tiempo de espera de materiales e instalaci\u00f3n.<\/p>\n<h4>PRECIO Y ENTREGA<\/h4>\n<p><strong>Contacte a su representante local de Bromma para conocer el precio y el tiempo de espera de entrega.<\/strong><\/p>\n","protected":false},"excerpt":{"rendered":"<a href=\"https:\/\/bromma.com\/es\/products\/digsy-relay-scs%c2%b2-non-canopen-to-scu-with-rml\/\" class=\"excerpt\">La mejora del sistema de control Digsy, rel\u00e9 o SCS\u00b2 (no-CANopen) a SCU con RML ofrece una mejor soluci\u00f3n para el control del spreader, la supervisi\u00f3n y la eficiencia de soluci\u00f3n de problemas.\n<\/a><br><a href=\"https:\/\/bromma.com\/es\/products\/digsy-relay-scs%c2%b2-non-canopen-to-scu-with-rml\/\" class=\"excerptreadmore\">read more<\/a>","protected":false},"featured_media":1072,"template":"","meta":{"_et_pb_use_builder":"","_et_pb_old_content":"","_et_gb_content_width":""},"product_brand":[],"product_cat":[44],"product_tag":[],"class_list":{"0":"post-1070","1":"product","2":"type-product","3":"status-publish","4":"has-post-thumbnail","6":"product_cat-spreader-upgrades","8":"first","9":"instock","10":"shipping-taxable","11":"product-type-simple"},"yoast_head":"<!-- This site is optimized with the Yoast SEO Premium plugin v27.2 (Yoast SEO v27.2) - https:\/\/yoast.com\/product\/yoast-seo-premium-wordpress\/ -->\n<title>Mejora de Digsy Relay SCS\u00b2 (no CANopen) a SCU con RML - Bromma<\/title>\n<meta name=\"robots\" content=\"index, follow, max-snippet:-1, max-image-preview:large, max-video-preview:-1\" \/>\n<link rel=\"canonical\" href=\"https:\/\/bromma.com\/es\/products\/digsy-relay-scs\u00b2-non-canopen-to-scu-with-rml\/\" \/>\n<meta property=\"og:locale\" content=\"es_ES\" \/>\n<meta property=\"og:type\" content=\"article\" \/>\n<meta property=\"og:title\" content=\"Mejora de Digsy Relay SCS\u00b2 (no CANopen) a SCU con RML\" \/>\n<meta property=\"og:description\" content=\"La mejora del sistema de control Digsy, rel\u00e9 o SCS\u00b2 (no-CANopen) a SCU con RML ofrece una mejor soluci\u00f3n para el control del spreader, la supervisi\u00f3n y la eficiencia de soluci\u00f3n de problemas.\" \/>\n<meta property=\"og:url\" content=\"https:\/\/bromma.com\/es\/products\/digsy-relay-scs\u00b2-non-canopen-to-scu-with-rml\/\" \/>\n<meta property=\"og:site_name\" content=\"Bromma\" \/>\n<meta property=\"og:image\" content=\"https:\/\/bromma.com\/es\/wp-content\/uploads\/sites\/5\/2019\/06\/Upgrade_Digsy-Relay-SCS2_non-CANopen_to_SCU_with_RML-1.jpg\" \/>\n\t<meta property=\"og:image:width\" content=\"1920\" \/>\n\t<meta property=\"og:image:height\" content=\"1080\" \/>\n\t<meta property=\"og:image:type\" content=\"image\/jpeg\" \/>\n<meta name=\"twitter:card\" content=\"summary_large_image\" \/>\n<meta name=\"twitter:label1\" content=\"Tiempo de lectura\" \/>\n\t<meta name=\"twitter:data1\" content=\"4 minutos\" \/>\n<script type=\"application\/ld+json\" class=\"yoast-schema-graph\">{\"@context\":\"https:\/\/schema.org\",\"@graph\":[{\"@type\":\"WebPage\",\"@id\":\"https:\/\/bromma.com\/es\/products\/digsy-relay-scs%c2%b2-non-canopen-to-scu-with-rml\/\",\"url\":\"https:\/\/bromma.com\/es\/products\/digsy-relay-scs%c2%b2-non-canopen-to-scu-with-rml\/\",\"name\":\"Mejora de Digsy Relay SCS\u00b2 (no CANopen) a SCU con RML - Bromma\",\"isPartOf\":{\"@id\":\"https:\/\/bromma.com\/es\/#website\"},\"primaryImageOfPage\":{\"@id\":\"https:\/\/bromma.com\/es\/products\/digsy-relay-scs%c2%b2-non-canopen-to-scu-with-rml\/#primaryimage\"},\"image\":{\"@id\":\"https:\/\/bromma.com\/es\/products\/digsy-relay-scs%c2%b2-non-canopen-to-scu-with-rml\/#primaryimage\"},\"thumbnailUrl\":\"https:\/\/bromma.com\/es\/wp-content\/uploads\/sites\/5\/2019\/06\/Upgrade_Digsy-Relay-SCS2_non-CANopen_to_SCU_with_RML-1.jpg\",\"datePublished\":\"2019-03-12T16:44:51+00:00\",\"breadcrumb\":{\"@id\":\"https:\/\/bromma.com\/es\/products\/digsy-relay-scs%c2%b2-non-canopen-to-scu-with-rml\/#breadcrumb\"},\"inLanguage\":\"es\",\"potentialAction\":[{\"@type\":\"ReadAction\",\"target\":[\"https:\/\/bromma.com\/es\/products\/digsy-relay-scs%c2%b2-non-canopen-to-scu-with-rml\/\"]}]},{\"@type\":\"ImageObject\",\"inLanguage\":\"es\",\"@id\":\"https:\/\/bromma.com\/es\/products\/digsy-relay-scs%c2%b2-non-canopen-to-scu-with-rml\/#primaryimage\",\"url\":\"https:\/\/bromma.com\/es\/wp-content\/uploads\/sites\/5\/2019\/06\/Upgrade_Digsy-Relay-SCS2_non-CANopen_to_SCU_with_RML-1.jpg\",\"contentUrl\":\"https:\/\/bromma.com\/es\/wp-content\/uploads\/sites\/5\/2019\/06\/Upgrade_Digsy-Relay-SCS2_non-CANopen_to_SCU_with_RML-1.jpg\",\"width\":1920,\"height\":1080,\"caption\":\"Mejora de Digsy Relay SCS&#xb2; (no CANopen) a SCU con RML\"},{\"@type\":\"BreadcrumbList\",\"@id\":\"https:\/\/bromma.com\/es\/products\/digsy-relay-scs%c2%b2-non-canopen-to-scu-with-rml\/#breadcrumb\",\"itemListElement\":[{\"@type\":\"ListItem\",\"position\":1,\"name\":\"Home\",\"item\":\"https:\/\/bromma.com\/es\/\"},{\"@type\":\"ListItem\",\"position\":2,\"name\":\"Productos\",\"item\":\"https:\/\/bromma.com\/es\/products\/\"},{\"@type\":\"ListItem\",\"position\":3,\"name\":\"Mejora de Digsy Relay SCS\u00b2 (no CANopen) a SCU con RML\"}]},{\"@type\":\"WebSite\",\"@id\":\"https:\/\/bromma.com\/es\/#website\",\"url\":\"https:\/\/bromma.com\/es\/\",\"name\":\"Bromma\",\"description\":\"Una tradici\u00f3n de innovaci\u00f3n\",\"publisher\":{\"@id\":\"https:\/\/bromma.com\/es\/#organization\"},\"potentialAction\":[{\"@type\":\"SearchAction\",\"target\":{\"@type\":\"EntryPoint\",\"urlTemplate\":\"https:\/\/bromma.com\/es\/?s={search_term_string}\"},\"query-input\":{\"@type\":\"PropertyValueSpecification\",\"valueRequired\":true,\"valueName\":\"search_term_string\"}}],\"inLanguage\":\"es\"},{\"@type\":\"Organization\",\"@id\":\"https:\/\/bromma.com\/es\/#organization\",\"name\":\"Bromma\",\"url\":\"https:\/\/bromma.com\/es\/\",\"logo\":{\"@type\":\"ImageObject\",\"inLanguage\":\"es\",\"@id\":\"https:\/\/bromma.com\/es\/#\/schema\/logo\/image\/\",\"url\":\"https:\/\/bromma.com\/es\/wp-content\/uploads\/sites\/5\/2020\/05\/Bromma-logo_blue_RGB_SPA.png\",\"contentUrl\":\"https:\/\/bromma.com\/es\/wp-content\/uploads\/sites\/5\/2020\/05\/Bromma-logo_blue_RGB_SPA.png\",\"width\":512,\"height\":512,\"caption\":\"Bromma\"},\"image\":{\"@id\":\"https:\/\/bromma.com\/es\/#\/schema\/logo\/image\/\"}}]}<\/script>\n<!-- \/ Yoast SEO Premium plugin. -->","yoast_head_json":{"title":"Mejora de Digsy Relay SCS\u00b2 (no CANopen) a SCU con RML - Bromma","robots":{"index":"index","follow":"follow","max-snippet":"max-snippet:-1","max-image-preview":"max-image-preview:large","max-video-preview":"max-video-preview:-1"},"canonical":"https:\/\/bromma.com\/es\/products\/digsy-relay-scs\u00b2-non-canopen-to-scu-with-rml\/","og_locale":"es_ES","og_type":"article","og_title":"Mejora de Digsy Relay SCS\u00b2 (no CANopen) a SCU con RML","og_description":"La mejora del sistema de control Digsy, rel\u00e9 o SCS\u00b2 (no-CANopen) a SCU con RML ofrece una mejor soluci\u00f3n para el control del spreader, la supervisi\u00f3n y la eficiencia de soluci\u00f3n de problemas.","og_url":"https:\/\/bromma.com\/es\/products\/digsy-relay-scs\u00b2-non-canopen-to-scu-with-rml\/","og_site_name":"Bromma","og_image":[{"width":1920,"height":1080,"url":"https:\/\/bromma.com\/es\/wp-content\/uploads\/sites\/5\/2019\/06\/Upgrade_Digsy-Relay-SCS2_non-CANopen_to_SCU_with_RML-1.jpg","type":"image\/jpeg"}],"twitter_card":"summary_large_image","twitter_misc":{"Tiempo de lectura":"4 minutos"},"schema":{"@context":"https:\/\/schema.org","@graph":[{"@type":"WebPage","@id":"https:\/\/bromma.com\/es\/products\/digsy-relay-scs%c2%b2-non-canopen-to-scu-with-rml\/","url":"https:\/\/bromma.com\/es\/products\/digsy-relay-scs%c2%b2-non-canopen-to-scu-with-rml\/","name":"Mejora de Digsy Relay SCS\u00b2 (no CANopen) a SCU con RML - Bromma","isPartOf":{"@id":"https:\/\/bromma.com\/es\/#website"},"primaryImageOfPage":{"@id":"https:\/\/bromma.com\/es\/products\/digsy-relay-scs%c2%b2-non-canopen-to-scu-with-rml\/#primaryimage"},"image":{"@id":"https:\/\/bromma.com\/es\/products\/digsy-relay-scs%c2%b2-non-canopen-to-scu-with-rml\/#primaryimage"},"thumbnailUrl":"https:\/\/bromma.com\/es\/wp-content\/uploads\/sites\/5\/2019\/06\/Upgrade_Digsy-Relay-SCS2_non-CANopen_to_SCU_with_RML-1.jpg","datePublished":"2019-03-12T16:44:51+00:00","breadcrumb":{"@id":"https:\/\/bromma.com\/es\/products\/digsy-relay-scs%c2%b2-non-canopen-to-scu-with-rml\/#breadcrumb"},"inLanguage":"es","potentialAction":[{"@type":"ReadAction","target":["https:\/\/bromma.com\/es\/products\/digsy-relay-scs%c2%b2-non-canopen-to-scu-with-rml\/"]}]},{"@type":"ImageObject","inLanguage":"es","@id":"https:\/\/bromma.com\/es\/products\/digsy-relay-scs%c2%b2-non-canopen-to-scu-with-rml\/#primaryimage","url":"https:\/\/bromma.com\/es\/wp-content\/uploads\/sites\/5\/2019\/06\/Upgrade_Digsy-Relay-SCS2_non-CANopen_to_SCU_with_RML-1.jpg","contentUrl":"https:\/\/bromma.com\/es\/wp-content\/uploads\/sites\/5\/2019\/06\/Upgrade_Digsy-Relay-SCS2_non-CANopen_to_SCU_with_RML-1.jpg","width":1920,"height":1080,"caption":"Mejora de Digsy Relay SCS&#xb2; (no CANopen) a SCU con RML"},{"@type":"BreadcrumbList","@id":"https:\/\/bromma.com\/es\/products\/digsy-relay-scs%c2%b2-non-canopen-to-scu-with-rml\/#breadcrumb","itemListElement":[{"@type":"ListItem","position":1,"name":"Home","item":"https:\/\/bromma.com\/es\/"},{"@type":"ListItem","position":2,"name":"Productos","item":"https:\/\/bromma.com\/es\/products\/"},{"@type":"ListItem","position":3,"name":"Mejora de Digsy Relay SCS\u00b2 (no CANopen) a SCU con RML"}]},{"@type":"WebSite","@id":"https:\/\/bromma.com\/es\/#website","url":"https:\/\/bromma.com\/es\/","name":"Bromma","description":"Una tradici\u00f3n de innovaci\u00f3n","publisher":{"@id":"https:\/\/bromma.com\/es\/#organization"},"potentialAction":[{"@type":"SearchAction","target":{"@type":"EntryPoint","urlTemplate":"https:\/\/bromma.com\/es\/?s={search_term_string}"},"query-input":{"@type":"PropertyValueSpecification","valueRequired":true,"valueName":"search_term_string"}}],"inLanguage":"es"},{"@type":"Organization","@id":"https:\/\/bromma.com\/es\/#organization","name":"Bromma","url":"https:\/\/bromma.com\/es\/","logo":{"@type":"ImageObject","inLanguage":"es","@id":"https:\/\/bromma.com\/es\/#\/schema\/logo\/image\/","url":"https:\/\/bromma.com\/es\/wp-content\/uploads\/sites\/5\/2020\/05\/Bromma-logo_blue_RGB_SPA.png","contentUrl":"https:\/\/bromma.com\/es\/wp-content\/uploads\/sites\/5\/2020\/05\/Bromma-logo_blue_RGB_SPA.png","width":512,"height":512,"caption":"Bromma"},"image":{"@id":"https:\/\/bromma.com\/es\/#\/schema\/logo\/image\/"}}]}},"_links":{"self":[{"href":"https:\/\/bromma.com\/es\/wp-json\/wp\/v2\/product\/1070","targetHints":{"allow":["GET"]}}],"collection":[{"href":"https:\/\/bromma.com\/es\/wp-json\/wp\/v2\/product"}],"about":[{"href":"https:\/\/bromma.com\/es\/wp-json\/wp\/v2\/types\/product"}],"wp:featuredmedia":[{"embeddable":true,"href":"https:\/\/bromma.com\/es\/wp-json\/wp\/v2\/media\/1072"}],"wp:attachment":[{"href":"https:\/\/bromma.com\/es\/wp-json\/wp\/v2\/media?parent=1070"}],"wp:term":[{"taxonomy":"product_brand","embeddable":true,"href":"https:\/\/bromma.com\/es\/wp-json\/wp\/v2\/product_brand?post=1070"},{"taxonomy":"product_cat","embeddable":true,"href":"https:\/\/bromma.com\/es\/wp-json\/wp\/v2\/product_cat?post=1070"},{"taxonomy":"product_tag","embeddable":true,"href":"https:\/\/bromma.com\/es\/wp-json\/wp\/v2\/product_tag?post=1070"}],"curies":[{"name":"wp","href":"https:\/\/api.w.org\/{rel}","templated":true}]}}