{"id":1081,"date":"2019-03-12T20:24:09","date_gmt":"2019-03-12T19:24:09","guid":{"rendered":"https:\/\/brommadev.wpengine.com\/?post_type=product&amp;p=1081"},"modified":"2019-03-12T20:24:09","modified_gmt":"2019-03-12T19:24:09","slug":"flipper-arm-flat-shaft","status":"publish","type":"product","link":"https:\/\/bromma.com\/es\/products\/flipper-arm-flat-shaft\/","title":{"rendered":"Eje plano del brazo Flipper"},"content":{"rendered":"<p>La actualizaci\u00f3n del collar de eje plano del brazo Bromma Flipper se puede aplicar a todos los spreaders de barco a tierra para aumentar la resistencia y durabilidad de las aletas. El dise\u00f1o mejorado se basa en dos superficies planas en el eje de salida de la caja de engranajes, que se conectan con un dise\u00f1o de collar correspondiente en los brazos de la aleta para una transmisi\u00f3n de par eficiente y segura.<\/p>\n<p>Beneficios de la actualizaci\u00f3n del dise\u00f1o del eje plano del brazo Flipper:<\/p>\n<ul>\n<li>Reduce el tiempo de inactividad y aumenta la productividad.<\/li>\n<li>Aumenta la confiabilidad.<\/li>\n<\/ul>\n<h4>ALCANCE DE TRABAJO<\/h4>\n<p>El alcance del trabajo para el suministro e instalaci\u00f3n de la actualizaci\u00f3n de dise\u00f1o del eje plano del brazo Flipper incluye:<\/p>\n<ul>\n<li>Desmontar el brazo Flipper<\/li>\n<li>Desmontar la caja de engranajes<\/li>\n<li>Instalar un nuevo brazo Flipper<\/li>\n<li>Instalar una nueva pieza interna de la caja de engranajes<\/li>\n<li>Comprobaci\u00f3n de todas las funciones<\/li>\n<li>Revisar los planos<\/li>\n<li>Revisi\u00f3n de manuales del spreader<\/li>\n<\/ul>\n<h4>PIEZAS INCLUIDAS<\/h4>\n<p>Las siguientes piezas est\u00e1n incluidas en la oferta de actualizaci\u00f3n del eje plano del brazo Flipper:<\/p>\n<ul>\n<li>Brazo Flipper<\/li>\n<li>Eje<\/li>\n<li>Conjunto de rodamientos<\/li>\n<li>Rodamientos GE70ES 2RS<\/li>\n<li>Llave 20 x 12 x 45<\/li>\n<li>Tornillo MLC6S 8 x 16<\/li>\n<li>Arandela Nord-Lock M8<\/li>\n<\/ul>\n<h4>ART\u00cdCULOS ADICIONALES INCLUIDOS EN EL ALCANCE DEL TRABAJO<\/h4>\n<p>Los siguientes art\u00edculos adicionales se incluyen en la actualizaci\u00f3n del eje plano del brazo Flipper:<\/p>\n<ul>\n<li>Capacitaci\u00f3n para la instalaci\u00f3n de la actualizaci\u00f3n del eje plano del brazo Flipper<\/li>\n<\/ul>\n<h4>TIEMPO DE ESPERA DE INSTALACI\u00d3N Y MATERIAL<\/h4>\n<ul>\n<li><strong>Tiempo de espera de material:<\/strong> 5 semanas (Exw Bromma Malasia)<\/li>\n<li><strong>Tiempo de espera de instalaci\u00f3n:<\/strong> 3 d\u00edas (por spreader, incluidas las pruebas)<\/li>\n<\/ul>\n<h4>PRECIO Y ENTREGA<\/h4>\n<p><strong>P\u00f3ngase en contacto con su representante local de Bromma para conocer el precio y el plazo de entrega.<\/strong><\/p>\n","protected":false},"excerpt":{"rendered":"<a href=\"https:\/\/bromma.com\/es\/products\/flipper-arm-flat-shaft\/\" class=\"excerpt\">Para una mayor resistencia y durabilidad de los Flipper.\n<\/a><br><a href=\"https:\/\/bromma.com\/es\/products\/flipper-arm-flat-shaft\/\" class=\"excerptreadmore\">read more<\/a>","protected":false},"featured_media":1082,"template":"","meta":{"_et_pb_use_builder":"","_et_pb_old_content":"","_et_gb_content_width":""},"product_brand":[],"product_cat":[44],"product_tag":[],"class_list":{"0":"post-1081","1":"product","2":"type-product","3":"status-publish","4":"has-post-thumbnail","6":"product_cat-spreader-upgrades","8":"first","9":"instock","10":"shipping-taxable","11":"product-type-simple"},"yoast_head":"<!-- This site is optimized with the Yoast SEO Premium plugin v27.2 (Yoast SEO v27.2) - https:\/\/yoast.com\/product\/yoast-seo-premium-wordpress\/ -->\n<title>Eje plano del brazo Flipper - Bromma<\/title>\n<meta name=\"robots\" content=\"index, follow, max-snippet:-1, max-image-preview:large, max-video-preview:-1\" \/>\n<link rel=\"canonical\" href=\"https:\/\/bromma.com\/es\/products\/flipper-arm-flat-shaft\/\" \/>\n<meta property=\"og:locale\" content=\"es_ES\" \/>\n<meta property=\"og:type\" content=\"article\" \/>\n<meta property=\"og:title\" content=\"Eje plano del brazo Flipper\" \/>\n<meta property=\"og:description\" content=\"Para una mayor resistencia y durabilidad de los Flipper.\" \/>\n<meta property=\"og:url\" content=\"https:\/\/bromma.com\/es\/products\/flipper-arm-flat-shaft\/\" \/>\n<meta property=\"og:site_name\" content=\"Bromma\" \/>\n<meta property=\"og:image\" content=\"https:\/\/bromma.com\/es\/wp-content\/uploads\/sites\/5\/2019\/06\/Upgrade_Flipper_Arm_Flat_Shaft-1.png\" \/>\n\t<meta property=\"og:image:width\" content=\"1920\" \/>\n\t<meta property=\"og:image:height\" content=\"1080\" \/>\n\t<meta property=\"og:image:type\" content=\"image\/png\" \/>\n<meta name=\"twitter:card\" content=\"summary_large_image\" \/>\n<meta name=\"twitter:label1\" content=\"Tiempo de lectura\" \/>\n\t<meta name=\"twitter:data1\" content=\"2 minutos\" \/>\n<script type=\"application\/ld+json\" class=\"yoast-schema-graph\">{\"@context\":\"https:\/\/schema.org\",\"@graph\":[{\"@type\":\"WebPage\",\"@id\":\"https:\/\/bromma.com\/es\/products\/flipper-arm-flat-shaft\/\",\"url\":\"https:\/\/bromma.com\/es\/products\/flipper-arm-flat-shaft\/\",\"name\":\"Eje plano del brazo Flipper - Bromma\",\"isPartOf\":{\"@id\":\"https:\/\/bromma.com\/es\/#website\"},\"primaryImageOfPage\":{\"@id\":\"https:\/\/bromma.com\/es\/products\/flipper-arm-flat-shaft\/#primaryimage\"},\"image\":{\"@id\":\"https:\/\/bromma.com\/es\/products\/flipper-arm-flat-shaft\/#primaryimage\"},\"thumbnailUrl\":\"https:\/\/bromma.com\/es\/wp-content\/uploads\/sites\/5\/2019\/06\/Upgrade_Flipper_Arm_Flat_Shaft-1.png\",\"datePublished\":\"2019-03-12T19:24:09+00:00\",\"breadcrumb\":{\"@id\":\"https:\/\/bromma.com\/es\/products\/flipper-arm-flat-shaft\/#breadcrumb\"},\"inLanguage\":\"es\",\"potentialAction\":[{\"@type\":\"ReadAction\",\"target\":[\"https:\/\/bromma.com\/es\/products\/flipper-arm-flat-shaft\/\"]}]},{\"@type\":\"ImageObject\",\"inLanguage\":\"es\",\"@id\":\"https:\/\/bromma.com\/es\/products\/flipper-arm-flat-shaft\/#primaryimage\",\"url\":\"https:\/\/bromma.com\/es\/wp-content\/uploads\/sites\/5\/2019\/06\/Upgrade_Flipper_Arm_Flat_Shaft-1.png\",\"contentUrl\":\"https:\/\/bromma.com\/es\/wp-content\/uploads\/sites\/5\/2019\/06\/Upgrade_Flipper_Arm_Flat_Shaft-1.png\",\"width\":1920,\"height\":1080},{\"@type\":\"BreadcrumbList\",\"@id\":\"https:\/\/bromma.com\/es\/products\/flipper-arm-flat-shaft\/#breadcrumb\",\"itemListElement\":[{\"@type\":\"ListItem\",\"position\":1,\"name\":\"Home\",\"item\":\"https:\/\/bromma.com\/es\/\"},{\"@type\":\"ListItem\",\"position\":2,\"name\":\"Productos\",\"item\":\"https:\/\/bromma.com\/es\/products\/\"},{\"@type\":\"ListItem\",\"position\":3,\"name\":\"Eje plano del brazo Flipper\"}]},{\"@type\":\"WebSite\",\"@id\":\"https:\/\/bromma.com\/es\/#website\",\"url\":\"https:\/\/bromma.com\/es\/\",\"name\":\"Bromma\",\"description\":\"Una tradici\u00f3n de innovaci\u00f3n\",\"publisher\":{\"@id\":\"https:\/\/bromma.com\/es\/#organization\"},\"potentialAction\":[{\"@type\":\"SearchAction\",\"target\":{\"@type\":\"EntryPoint\",\"urlTemplate\":\"https:\/\/bromma.com\/es\/?s={search_term_string}\"},\"query-input\":{\"@type\":\"PropertyValueSpecification\",\"valueRequired\":true,\"valueName\":\"search_term_string\"}}],\"inLanguage\":\"es\"},{\"@type\":\"Organization\",\"@id\":\"https:\/\/bromma.com\/es\/#organization\",\"name\":\"Bromma\",\"url\":\"https:\/\/bromma.com\/es\/\",\"logo\":{\"@type\":\"ImageObject\",\"inLanguage\":\"es\",\"@id\":\"https:\/\/bromma.com\/es\/#\/schema\/logo\/image\/\",\"url\":\"https:\/\/bromma.com\/es\/wp-content\/uploads\/sites\/5\/2020\/05\/Bromma-logo_blue_RGB_SPA.png\",\"contentUrl\":\"https:\/\/bromma.com\/es\/wp-content\/uploads\/sites\/5\/2020\/05\/Bromma-logo_blue_RGB_SPA.png\",\"width\":512,\"height\":512,\"caption\":\"Bromma\"},\"image\":{\"@id\":\"https:\/\/bromma.com\/es\/#\/schema\/logo\/image\/\"}}]}<\/script>\n<!-- \/ Yoast SEO Premium plugin. -->","yoast_head_json":{"title":"Eje plano del brazo Flipper - Bromma","robots":{"index":"index","follow":"follow","max-snippet":"max-snippet:-1","max-image-preview":"max-image-preview:large","max-video-preview":"max-video-preview:-1"},"canonical":"https:\/\/bromma.com\/es\/products\/flipper-arm-flat-shaft\/","og_locale":"es_ES","og_type":"article","og_title":"Eje plano del brazo Flipper","og_description":"Para una mayor resistencia y durabilidad de los Flipper.","og_url":"https:\/\/bromma.com\/es\/products\/flipper-arm-flat-shaft\/","og_site_name":"Bromma","og_image":[{"width":1920,"height":1080,"url":"https:\/\/bromma.com\/es\/wp-content\/uploads\/sites\/5\/2019\/06\/Upgrade_Flipper_Arm_Flat_Shaft-1.png","type":"image\/png"}],"twitter_card":"summary_large_image","twitter_misc":{"Tiempo de lectura":"2 minutos"},"schema":{"@context":"https:\/\/schema.org","@graph":[{"@type":"WebPage","@id":"https:\/\/bromma.com\/es\/products\/flipper-arm-flat-shaft\/","url":"https:\/\/bromma.com\/es\/products\/flipper-arm-flat-shaft\/","name":"Eje plano del brazo Flipper - Bromma","isPartOf":{"@id":"https:\/\/bromma.com\/es\/#website"},"primaryImageOfPage":{"@id":"https:\/\/bromma.com\/es\/products\/flipper-arm-flat-shaft\/#primaryimage"},"image":{"@id":"https:\/\/bromma.com\/es\/products\/flipper-arm-flat-shaft\/#primaryimage"},"thumbnailUrl":"https:\/\/bromma.com\/es\/wp-content\/uploads\/sites\/5\/2019\/06\/Upgrade_Flipper_Arm_Flat_Shaft-1.png","datePublished":"2019-03-12T19:24:09+00:00","breadcrumb":{"@id":"https:\/\/bromma.com\/es\/products\/flipper-arm-flat-shaft\/#breadcrumb"},"inLanguage":"es","potentialAction":[{"@type":"ReadAction","target":["https:\/\/bromma.com\/es\/products\/flipper-arm-flat-shaft\/"]}]},{"@type":"ImageObject","inLanguage":"es","@id":"https:\/\/bromma.com\/es\/products\/flipper-arm-flat-shaft\/#primaryimage","url":"https:\/\/bromma.com\/es\/wp-content\/uploads\/sites\/5\/2019\/06\/Upgrade_Flipper_Arm_Flat_Shaft-1.png","contentUrl":"https:\/\/bromma.com\/es\/wp-content\/uploads\/sites\/5\/2019\/06\/Upgrade_Flipper_Arm_Flat_Shaft-1.png","width":1920,"height":1080},{"@type":"BreadcrumbList","@id":"https:\/\/bromma.com\/es\/products\/flipper-arm-flat-shaft\/#breadcrumb","itemListElement":[{"@type":"ListItem","position":1,"name":"Home","item":"https:\/\/bromma.com\/es\/"},{"@type":"ListItem","position":2,"name":"Productos","item":"https:\/\/bromma.com\/es\/products\/"},{"@type":"ListItem","position":3,"name":"Eje plano del brazo Flipper"}]},{"@type":"WebSite","@id":"https:\/\/bromma.com\/es\/#website","url":"https:\/\/bromma.com\/es\/","name":"Bromma","description":"Una tradici\u00f3n de innovaci\u00f3n","publisher":{"@id":"https:\/\/bromma.com\/es\/#organization"},"potentialAction":[{"@type":"SearchAction","target":{"@type":"EntryPoint","urlTemplate":"https:\/\/bromma.com\/es\/?s={search_term_string}"},"query-input":{"@type":"PropertyValueSpecification","valueRequired":true,"valueName":"search_term_string"}}],"inLanguage":"es"},{"@type":"Organization","@id":"https:\/\/bromma.com\/es\/#organization","name":"Bromma","url":"https:\/\/bromma.com\/es\/","logo":{"@type":"ImageObject","inLanguage":"es","@id":"https:\/\/bromma.com\/es\/#\/schema\/logo\/image\/","url":"https:\/\/bromma.com\/es\/wp-content\/uploads\/sites\/5\/2020\/05\/Bromma-logo_blue_RGB_SPA.png","contentUrl":"https:\/\/bromma.com\/es\/wp-content\/uploads\/sites\/5\/2020\/05\/Bromma-logo_blue_RGB_SPA.png","width":512,"height":512,"caption":"Bromma"},"image":{"@id":"https:\/\/bromma.com\/es\/#\/schema\/logo\/image\/"}}]}},"_links":{"self":[{"href":"https:\/\/bromma.com\/es\/wp-json\/wp\/v2\/product\/1081","targetHints":{"allow":["GET"]}}],"collection":[{"href":"https:\/\/bromma.com\/es\/wp-json\/wp\/v2\/product"}],"about":[{"href":"https:\/\/bromma.com\/es\/wp-json\/wp\/v2\/types\/product"}],"wp:featuredmedia":[{"embeddable":true,"href":"https:\/\/bromma.com\/es\/wp-json\/wp\/v2\/media\/1082"}],"wp:attachment":[{"href":"https:\/\/bromma.com\/es\/wp-json\/wp\/v2\/media?parent=1081"}],"wp:term":[{"taxonomy":"product_brand","embeddable":true,"href":"https:\/\/bromma.com\/es\/wp-json\/wp\/v2\/product_brand?post=1081"},{"taxonomy":"product_cat","embeddable":true,"href":"https:\/\/bromma.com\/es\/wp-json\/wp\/v2\/product_cat?post=1081"},{"taxonomy":"product_tag","embeddable":true,"href":"https:\/\/bromma.com\/es\/wp-json\/wp\/v2\/product_tag?post=1081"}],"curies":[{"name":"wp","href":"https:\/\/api.w.org\/{rel}","templated":true}]}}