{"id":1087,"date":"2019-03-12T20:50:22","date_gmt":"2019-03-12T19:50:22","guid":{"rendered":"https:\/\/brommadev.wpengine.com\/?post_type=product&amp;p=1087"},"modified":"2019-03-12T20:50:22","modified_gmt":"2019-03-12T19:50:22","slug":"upgrade-scs%c2%b2-canopen-to-scs%e2%81%b4","status":"publish","type":"product","link":"https:\/\/bromma.com\/es\/products\/upgrade-scs%c2%b2-canopen-to-scs%e2%81%b4\/","title":{"rendered":"Mejora de SCS\u00b2 CANopen a SCS\u2074"},"content":{"rendered":"<p>SCS\u2074 ofrece a los usuarios mensajes claros y detallados en su idioma nativo, gui\u00e1ndoles sobre qu\u00e9 hacer durante la resoluci\u00f3n de problemas o qu\u00e9 buscar durante la supervisi\u00f3n del spreader, a diferencia de SCS\u00b2, que solo muestra c\u00f3digos de error.<\/p>\n<p>Esta informaci\u00f3n de diagn\u00f3stico precisa es la clave para acortar el tiempo de inactividad y eliminar la necesidad de cambios en el spreader que consumen demasiado tiempo.<\/p>\n<p>La informaci\u00f3n de funcionamiento, como eventos, alarmas y datos de tendencia, se almacena en SCS\u2074 incluso despu\u00e9s de que se haya desconectado el spreader.<\/p>\n<p>Esto proporciona al personal de servicio y mantenimiento la oportunidad de revisar y analizar los datos para poder mejorar la productividad del spreader.<\/p>\n<p>El robusto sistema de control SCS\u2074 est\u00e1 montado en el bastidor principal del spreader y es de f\u00e1cil acceso para los usuarios.<\/p>\n<p><strong>Los beneficios de tener una actualizaci\u00f3n de SCS\u00b2 CANopen a SCS\u2074 incluyen:<\/strong><\/p>\n<ul>\n<li><strong><span style=\"color: #005697\">Memoria de respaldo y bater\u00eda externa<\/span><br \/>\n<\/strong>Toda la informaci\u00f3n, incluido el programa de control, los par\u00e1metros y los contadores, se almacenan en la memoria de respaldo para aliviar la improbable situaci\u00f3n en la que se necesite reemplazar una pantalla. La bater\u00eda externa de f\u00e1cil acceso se encuentra detr\u00e1s de la unidad SCS\u2074<\/li>\n<li><strong><span style=\"color: #005697\">Monitor de visualizaci\u00f3n<\/span><br \/>\n<\/strong>El monitor de visualizaci\u00f3n muestra varios par\u00e1metros y datos de funcionamiento. SCS\u2074 incluye un potente monitor con pantalla t\u00e1ctil que ofrece una mayor facilidad de uso, diagn\u00f3sticos avanzados y pron\u00f3sticos de los spreaders.<strong><br \/>\n<\/strong><\/li>\n<li><span style=\"color: #005697\"><strong>Ajuste en l\u00ednea<\/strong><\/span><br \/>\nLos operadores pueden ajustar los par\u00e1metros del spreader en l\u00ednea o  revertirlos a los ajustes de f\u00e1brica.<\/li>\n<li><strong><span style=\"color: #005697\">Visualizaci\u00f3n de los datos del tiempo de ejecuci\u00f3n y del spreader<\/span><br \/>\n<\/strong>Proporciona informaci\u00f3n detallada tal como las alarmas de los eventos y los datos de registro para ayudar al personal a realizar el mantenimiento de forma m\u00e1s precisa y eficiente.<strong><br \/>\n<\/strong><\/li>\n<li><strong><span style=\"color: #005697\">Estado de las comunicaciones de las interfaces del bus de campo<\/span><br \/>\n<\/strong>Las comunicaciones avanzadas est\u00e1n en el coraz\u00f3n del control de spreaders SCS\u2074 El estado de la comunicaci\u00f3n de las interfaces del bus de campo garantiza el flujo seguro de la informaci\u00f3n entre el SCS\u2074, el spreader y la gr\u00faa.<strong><br \/>\n<\/strong><\/li>\n<li><strong><span style=\"color: #005697\">Sensor y v\u00e1lvulas del spreader<\/span><br \/>\n<\/strong>Todos los sensores y v\u00e1lvulas del spreader se muestran en la pantalla para controlar su precisi\u00f3n.<strong><br \/>\n<\/strong><\/li>\n<li><span style=\"color: #005697\"><strong>Compatibilidad<\/strong><\/span><br \/>\nLa tecnolog\u00eda actualizada en el sistema de control SCS\u2074 garantiza que los spreaders sean compatibles con futuros lanzamientos de productos.<\/li>\n<\/ul>\n<h4>ALCANCE DE TRABAJO<\/h4>\n<p>El alcance del trabajo en el suministro e instalaci\u00f3n de la actualizaci\u00f3n de CANopen a SCS\u2074 de SCS\u00b2 es el siguiente:<\/p>\n<ul>\n<li>Reescritura del programa en CoDeSys 3.5 para spreaders\/grupo de spreaders<\/li>\n<li>Revisi\u00f3n de los esquemas existentes<\/li>\n<li>Revisi\u00f3n de los manuales del spreader<\/li>\n<li>Extracci\u00f3n de piezas existentes que tienen que sustituirse<\/li>\n<li>Montaje y conexi\u00f3n de todas las piezas listadas<\/li>\n<li>Instalaci\u00f3n del soporte para SCS4<\/li>\n<li>Instalaci\u00f3n de la bater\u00eda<\/li>\n<li>Instalaci\u00f3n de la memoria<\/li>\n<li>Instalaci\u00f3n de SCS\u2074 PLC<\/li>\n<li>Instalaci\u00f3n de cableado nuevo<\/li>\n<li>Instalaci\u00f3n de software en SCS4<\/li>\n<li>Comprobaci\u00f3n de todas las funciones<\/li>\n<\/ul>\n<h4>PIEZAS INCLUIDAS<\/h4>\n<p>Las siguientes piezas est\u00e1n incluidas en la oferta de actualizaci\u00f3n de CANopen de SCS\u00b2 a SCS\u2074:<\/p>\n<ul>\n<li>SCS\u2074 PLC<\/li>\n<li>Bater\u00eda SCS\u2074 (montada en la parte posterior de la carcasa)<\/li>\n<li>Memoria SCS\u2074 (montada en la parte posterior de la carcasa)<\/li>\n<li>Montaje de SCS\u2074<\/li>\n<li>Cable de alimentaci\u00f3n SCS\u2074<\/li>\n<li>Programa del spreader convertido y actualizado<\/li>\n<li>Armario X100<\/li>\n<li>Cables CANopen<\/li>\n<li>Cable de Ethernet<\/li>\n<li>CR9056<\/li>\n<li>Codificador CAN<\/li>\n<li>Placa fijada con pernos<\/li>\n<li>Clavijas<\/li>\n<li>Interruptores de proximidad<\/li>\n<\/ul>\n<h4>ART\u00cdCULOS ADICIONALES INCLUIDOS EN EL ALCANCE DEL TRABAJO<\/h4>\n<p>Los siguientes art\u00edculos adicionales est\u00e1n incluidos en la actualizaci\u00f3n de SCS\u2074:<\/p>\n<ul>\n<li>Actualizaci\u00f3n de software en la computadora del puerto que se va a usar para conectar el spreader<\/li>\n<li>Actualizaci\u00f3n de firmware de los componentes y del sistema de control del spreader<\/li>\n<li>Capacitaci\u00f3n en SCS\u2074 <\/li>\n<\/ul>\n<h4>TIEMPO DE ESPERA DE INSTALACI\u00d3N Y MATERIAL<\/h4>\n<p><strong>Contacte a su representante local de Bromma para conocer el tiempo de espera de materiales e instalaci\u00f3n.<\/strong><\/p>\n<h4>PRECIO Y ENTREGA<\/h4>\n<p><strong>Contacte a su representante local de Bromma para conocer el precio y el tiempo de espera de entrega.<\/strong><\/p>\n","protected":false},"excerpt":{"rendered":"<a href=\"https:\/\/bromma.com\/es\/products\/upgrade-scs%c2%b2-canopen-to-scs%e2%81%b4\/\" class=\"excerpt\">La mejora de SCS\u00b2 CANopen a SCS\u2074 ofrece una gran soluci\u00f3n para el control de spreaders, la supervisi\u00f3n y la eficiencia en la resoluci\u00f3n de problemas.\n<\/a><br><a href=\"https:\/\/bromma.com\/es\/products\/upgrade-scs%c2%b2-canopen-to-scs%e2%81%b4\/\" class=\"excerptreadmore\">read more<\/a>","protected":false},"featured_media":1088,"template":"","meta":{"_et_pb_use_builder":"","_et_pb_old_content":"","_et_gb_content_width":""},"product_brand":[],"product_cat":[44],"product_tag":[],"class_list":{"0":"post-1087","1":"product","2":"type-product","3":"status-publish","4":"has-post-thumbnail","6":"product_cat-spreader-upgrades","8":"first","9":"instock","10":"shipping-taxable","11":"product-type-simple"},"yoast_head":"<!-- This site is optimized with the Yoast SEO Premium plugin v27.2 (Yoast SEO v27.2) - https:\/\/yoast.com\/product\/yoast-seo-premium-wordpress\/ -->\n<title>Mejora de SCS\u00b2 CANopen a SCS\u2074 - Bromma<\/title>\n<meta name=\"robots\" content=\"index, follow, max-snippet:-1, max-image-preview:large, max-video-preview:-1\" \/>\n<link rel=\"canonical\" href=\"https:\/\/bromma.com\/es\/products\/upgrade-scs\u00b2-canopen-to-scs\u2074\/\" \/>\n<meta property=\"og:locale\" content=\"es_ES\" \/>\n<meta property=\"og:type\" content=\"article\" \/>\n<meta property=\"og:title\" content=\"Mejora de SCS\u00b2 CANopen a SCS\u2074\" \/>\n<meta property=\"og:description\" content=\"La mejora de SCS\u00b2 CANopen a SCS\u2074 ofrece una gran soluci\u00f3n para el control de spreaders, la supervisi\u00f3n y la eficiencia en la resoluci\u00f3n de problemas.\" \/>\n<meta property=\"og:url\" content=\"https:\/\/bromma.com\/es\/products\/upgrade-scs\u00b2-canopen-to-scs\u2074\/\" \/>\n<meta property=\"og:site_name\" content=\"Bromma\" \/>\n<meta property=\"og:image\" content=\"https:\/\/bromma.com\/es\/wp-content\/uploads\/sites\/5\/2019\/06\/Upgrade_SCS2_CANopen_to_SCS4-1.png\" \/>\n\t<meta property=\"og:image:width\" content=\"1920\" \/>\n\t<meta property=\"og:image:height\" content=\"1080\" \/>\n\t<meta property=\"og:image:type\" content=\"image\/png\" \/>\n<meta name=\"twitter:card\" content=\"summary_large_image\" \/>\n<meta name=\"twitter:label1\" content=\"Tiempo de lectura\" \/>\n\t<meta name=\"twitter:data1\" content=\"4 minutos\" \/>\n<script type=\"application\/ld+json\" class=\"yoast-schema-graph\">{\"@context\":\"https:\/\/schema.org\",\"@graph\":[{\"@type\":\"WebPage\",\"@id\":\"https:\/\/bromma.com\/es\/products\/upgrade-scs%c2%b2-canopen-to-scs%e2%81%b4\/\",\"url\":\"https:\/\/bromma.com\/es\/products\/upgrade-scs%c2%b2-canopen-to-scs%e2%81%b4\/\",\"name\":\"Mejora de SCS\u00b2 CANopen a SCS\u2074 - Bromma\",\"isPartOf\":{\"@id\":\"https:\/\/bromma.com\/es\/#website\"},\"primaryImageOfPage\":{\"@id\":\"https:\/\/bromma.com\/es\/products\/upgrade-scs%c2%b2-canopen-to-scs%e2%81%b4\/#primaryimage\"},\"image\":{\"@id\":\"https:\/\/bromma.com\/es\/products\/upgrade-scs%c2%b2-canopen-to-scs%e2%81%b4\/#primaryimage\"},\"thumbnailUrl\":\"https:\/\/bromma.com\/es\/wp-content\/uploads\/sites\/5\/2019\/06\/Upgrade_SCS2_CANopen_to_SCS4-1.png\",\"datePublished\":\"2019-03-12T19:50:22+00:00\",\"breadcrumb\":{\"@id\":\"https:\/\/bromma.com\/es\/products\/upgrade-scs%c2%b2-canopen-to-scs%e2%81%b4\/#breadcrumb\"},\"inLanguage\":\"es\",\"potentialAction\":[{\"@type\":\"ReadAction\",\"target\":[\"https:\/\/bromma.com\/es\/products\/upgrade-scs%c2%b2-canopen-to-scs%e2%81%b4\/\"]}]},{\"@type\":\"ImageObject\",\"inLanguage\":\"es\",\"@id\":\"https:\/\/bromma.com\/es\/products\/upgrade-scs%c2%b2-canopen-to-scs%e2%81%b4\/#primaryimage\",\"url\":\"https:\/\/bromma.com\/es\/wp-content\/uploads\/sites\/5\/2019\/06\/Upgrade_SCS2_CANopen_to_SCS4-1.png\",\"contentUrl\":\"https:\/\/bromma.com\/es\/wp-content\/uploads\/sites\/5\/2019\/06\/Upgrade_SCS2_CANopen_to_SCS4-1.png\",\"width\":1920,\"height\":1080,\"caption\":\"Mejora de SCS&#xb2; CANopen a SCS&#x2074;\"},{\"@type\":\"BreadcrumbList\",\"@id\":\"https:\/\/bromma.com\/es\/products\/upgrade-scs%c2%b2-canopen-to-scs%e2%81%b4\/#breadcrumb\",\"itemListElement\":[{\"@type\":\"ListItem\",\"position\":1,\"name\":\"Home\",\"item\":\"https:\/\/bromma.com\/es\/\"},{\"@type\":\"ListItem\",\"position\":2,\"name\":\"Productos\",\"item\":\"https:\/\/bromma.com\/es\/products\/\"},{\"@type\":\"ListItem\",\"position\":3,\"name\":\"Mejora de SCS\u00b2 CANopen a SCS\u2074\"}]},{\"@type\":\"WebSite\",\"@id\":\"https:\/\/bromma.com\/es\/#website\",\"url\":\"https:\/\/bromma.com\/es\/\",\"name\":\"Bromma\",\"description\":\"Una tradici\u00f3n de innovaci\u00f3n\",\"publisher\":{\"@id\":\"https:\/\/bromma.com\/es\/#organization\"},\"potentialAction\":[{\"@type\":\"SearchAction\",\"target\":{\"@type\":\"EntryPoint\",\"urlTemplate\":\"https:\/\/bromma.com\/es\/?s={search_term_string}\"},\"query-input\":{\"@type\":\"PropertyValueSpecification\",\"valueRequired\":true,\"valueName\":\"search_term_string\"}}],\"inLanguage\":\"es\"},{\"@type\":\"Organization\",\"@id\":\"https:\/\/bromma.com\/es\/#organization\",\"name\":\"Bromma\",\"url\":\"https:\/\/bromma.com\/es\/\",\"logo\":{\"@type\":\"ImageObject\",\"inLanguage\":\"es\",\"@id\":\"https:\/\/bromma.com\/es\/#\/schema\/logo\/image\/\",\"url\":\"https:\/\/bromma.com\/es\/wp-content\/uploads\/sites\/5\/2020\/05\/Bromma-logo_blue_RGB_SPA.png\",\"contentUrl\":\"https:\/\/bromma.com\/es\/wp-content\/uploads\/sites\/5\/2020\/05\/Bromma-logo_blue_RGB_SPA.png\",\"width\":512,\"height\":512,\"caption\":\"Bromma\"},\"image\":{\"@id\":\"https:\/\/bromma.com\/es\/#\/schema\/logo\/image\/\"}}]}<\/script>\n<!-- \/ Yoast SEO Premium plugin. -->","yoast_head_json":{"title":"Mejora de SCS\u00b2 CANopen a SCS\u2074 - Bromma","robots":{"index":"index","follow":"follow","max-snippet":"max-snippet:-1","max-image-preview":"max-image-preview:large","max-video-preview":"max-video-preview:-1"},"canonical":"https:\/\/bromma.com\/es\/products\/upgrade-scs\u00b2-canopen-to-scs\u2074\/","og_locale":"es_ES","og_type":"article","og_title":"Mejora de SCS\u00b2 CANopen a SCS\u2074","og_description":"La mejora de SCS\u00b2 CANopen a SCS\u2074 ofrece una gran soluci\u00f3n para el control de spreaders, la supervisi\u00f3n y la eficiencia en la resoluci\u00f3n de problemas.","og_url":"https:\/\/bromma.com\/es\/products\/upgrade-scs\u00b2-canopen-to-scs\u2074\/","og_site_name":"Bromma","og_image":[{"width":1920,"height":1080,"url":"https:\/\/bromma.com\/es\/wp-content\/uploads\/sites\/5\/2019\/06\/Upgrade_SCS2_CANopen_to_SCS4-1.png","type":"image\/png"}],"twitter_card":"summary_large_image","twitter_misc":{"Tiempo de lectura":"4 minutos"},"schema":{"@context":"https:\/\/schema.org","@graph":[{"@type":"WebPage","@id":"https:\/\/bromma.com\/es\/products\/upgrade-scs%c2%b2-canopen-to-scs%e2%81%b4\/","url":"https:\/\/bromma.com\/es\/products\/upgrade-scs%c2%b2-canopen-to-scs%e2%81%b4\/","name":"Mejora de SCS\u00b2 CANopen a SCS\u2074 - Bromma","isPartOf":{"@id":"https:\/\/bromma.com\/es\/#website"},"primaryImageOfPage":{"@id":"https:\/\/bromma.com\/es\/products\/upgrade-scs%c2%b2-canopen-to-scs%e2%81%b4\/#primaryimage"},"image":{"@id":"https:\/\/bromma.com\/es\/products\/upgrade-scs%c2%b2-canopen-to-scs%e2%81%b4\/#primaryimage"},"thumbnailUrl":"https:\/\/bromma.com\/es\/wp-content\/uploads\/sites\/5\/2019\/06\/Upgrade_SCS2_CANopen_to_SCS4-1.png","datePublished":"2019-03-12T19:50:22+00:00","breadcrumb":{"@id":"https:\/\/bromma.com\/es\/products\/upgrade-scs%c2%b2-canopen-to-scs%e2%81%b4\/#breadcrumb"},"inLanguage":"es","potentialAction":[{"@type":"ReadAction","target":["https:\/\/bromma.com\/es\/products\/upgrade-scs%c2%b2-canopen-to-scs%e2%81%b4\/"]}]},{"@type":"ImageObject","inLanguage":"es","@id":"https:\/\/bromma.com\/es\/products\/upgrade-scs%c2%b2-canopen-to-scs%e2%81%b4\/#primaryimage","url":"https:\/\/bromma.com\/es\/wp-content\/uploads\/sites\/5\/2019\/06\/Upgrade_SCS2_CANopen_to_SCS4-1.png","contentUrl":"https:\/\/bromma.com\/es\/wp-content\/uploads\/sites\/5\/2019\/06\/Upgrade_SCS2_CANopen_to_SCS4-1.png","width":1920,"height":1080,"caption":"Mejora de SCS&#xb2; CANopen a SCS&#x2074;"},{"@type":"BreadcrumbList","@id":"https:\/\/bromma.com\/es\/products\/upgrade-scs%c2%b2-canopen-to-scs%e2%81%b4\/#breadcrumb","itemListElement":[{"@type":"ListItem","position":1,"name":"Home","item":"https:\/\/bromma.com\/es\/"},{"@type":"ListItem","position":2,"name":"Productos","item":"https:\/\/bromma.com\/es\/products\/"},{"@type":"ListItem","position":3,"name":"Mejora de SCS\u00b2 CANopen a SCS\u2074"}]},{"@type":"WebSite","@id":"https:\/\/bromma.com\/es\/#website","url":"https:\/\/bromma.com\/es\/","name":"Bromma","description":"Una tradici\u00f3n de innovaci\u00f3n","publisher":{"@id":"https:\/\/bromma.com\/es\/#organization"},"potentialAction":[{"@type":"SearchAction","target":{"@type":"EntryPoint","urlTemplate":"https:\/\/bromma.com\/es\/?s={search_term_string}"},"query-input":{"@type":"PropertyValueSpecification","valueRequired":true,"valueName":"search_term_string"}}],"inLanguage":"es"},{"@type":"Organization","@id":"https:\/\/bromma.com\/es\/#organization","name":"Bromma","url":"https:\/\/bromma.com\/es\/","logo":{"@type":"ImageObject","inLanguage":"es","@id":"https:\/\/bromma.com\/es\/#\/schema\/logo\/image\/","url":"https:\/\/bromma.com\/es\/wp-content\/uploads\/sites\/5\/2020\/05\/Bromma-logo_blue_RGB_SPA.png","contentUrl":"https:\/\/bromma.com\/es\/wp-content\/uploads\/sites\/5\/2020\/05\/Bromma-logo_blue_RGB_SPA.png","width":512,"height":512,"caption":"Bromma"},"image":{"@id":"https:\/\/bromma.com\/es\/#\/schema\/logo\/image\/"}}]}},"_links":{"self":[{"href":"https:\/\/bromma.com\/es\/wp-json\/wp\/v2\/product\/1087","targetHints":{"allow":["GET"]}}],"collection":[{"href":"https:\/\/bromma.com\/es\/wp-json\/wp\/v2\/product"}],"about":[{"href":"https:\/\/bromma.com\/es\/wp-json\/wp\/v2\/types\/product"}],"wp:featuredmedia":[{"embeddable":true,"href":"https:\/\/bromma.com\/es\/wp-json\/wp\/v2\/media\/1088"}],"wp:attachment":[{"href":"https:\/\/bromma.com\/es\/wp-json\/wp\/v2\/media?parent=1087"}],"wp:term":[{"taxonomy":"product_brand","embeddable":true,"href":"https:\/\/bromma.com\/es\/wp-json\/wp\/v2\/product_brand?post=1087"},{"taxonomy":"product_cat","embeddable":true,"href":"https:\/\/bromma.com\/es\/wp-json\/wp\/v2\/product_cat?post=1087"},{"taxonomy":"product_tag","embeddable":true,"href":"https:\/\/bromma.com\/es\/wp-json\/wp\/v2\/product_tag?post=1087"}],"curies":[{"name":"wp","href":"https:\/\/api.w.org\/{rel}","templated":true}]}}