{"id":1267,"date":"2019-03-14T14:01:55","date_gmt":"2019-03-14T13:01:55","guid":{"rendered":"https:\/\/brommadev.wpengine.com\/?post_type=product&amp;p=1267"},"modified":"2019-03-14T14:01:55","modified_gmt":"2019-03-14T13:01:55","slug":"upgrade-spring-steel-flipper-arm","status":"publish","type":"product","link":"https:\/\/bromma.com\/es\/products\/upgrade-spring-steel-flipper-arm\/","title":{"rendered":"Actualizaci\u00f3n &#8211; Brazo Spring Steel Flipper"},"content":{"rendered":"<p>Compuesto de tres partes separadas, este dise\u00f1o acelera el reemplazo o la reparaci\u00f3n de piezas. Se puede montar f\u00e1cilmente en los spreaders y es adecuado tanto para la caja de transmisi\u00f3n como para la aplicaci\u00f3n SB18.<\/p>\n<p>El brazo Flipper de acero con resorte est\u00e1 disponible como opci\u00f3n para los nuevos spreaders, o como actualizaci\u00f3n de los spreaders ya en funcionamiento (diferentes tipos de brazos flipper para caja de transmisi\u00f3n y aplicaci\u00f3n SB18).<\/p>\n<p><strong>Beneficios de tener la actualizaci\u00f3n del dise\u00f1o del brazo Flipper de acero con resorte:<\/strong><\/p>\n<ul>\n<li>La caja de transmisi\u00f3n de la aleta est\u00e1 protegida de colisiones de alto impacto.<\/li>\n<li>La cadena de seguridad entre el brazo y la cuchara asegura que la cuchara est\u00e9 asegurada.<\/li>\n<li>F\u00e1cil sustituci\u00f3n y reparaci\u00f3n de piezas.<\/li>\n<li>Duradero y con pocos puntos de fallo.<\/li>\n<li>La actualizaci\u00f3n al brazo Flipper de acero con resorte se realiza sin cambiar la caja de transmisi\u00f3n de la aleta existente.<\/li>\n<\/ul>\n<h4>ALCANCE DE TRABAJO<\/h4>\n<p>El alcance del trabajo para el suministro y la instalaci\u00f3n de la actualizaci\u00f3n del dise\u00f1o del brazo Flipper de acero con resorte incluye:<\/p>\n<ul>\n<li>Desmontaje del brazo de la aleta de la caja de transmisi\u00f3n existente<\/li>\n<li>Instalaci\u00f3n del nuevo brazo Flipper de acero con resorte<\/li>\n<li>Comprobaci\u00f3n de todas las funciones<\/li>\n<li>Revisi\u00f3n de esquemas existentes<\/li>\n<li>Revisi\u00f3n de manuales del spreader<\/li>\n<\/ul>\n<h4 class=\"p1\">PIEZAS INCLUIDAS<\/h4>\n<p>Las siguientes piezas est\u00e1n incluidas en la oferta de actualizaci\u00f3n del brazo Flipper de acero con resorte:<\/p>\n<ul>\n<li>Brazo Flipper de acero con resorte<\/li>\n<li>Placas de calce<\/li>\n<li>Buffers<\/li>\n<\/ul>\n<h4>ART\u00cdCULOS ADICIONALES INCLUIDOS EN EL ALCANCE DEL TRABAJO<\/h4>\n<p>Los siguientes art\u00edculos adicionales se incluyen en la actualizaci\u00f3n del brazo Flipper de acero con resorte:<\/p>\n<ul>\n<li>Capacitaci\u00f3n en el mantenimiento del brazo Flipper de acero con resorte<\/li>\n<\/ul>\n<h4>TIEMPO DE ESPERA DE INSTALACI\u00d3N Y MATERIAL<\/h4>\n<ul>\n<li>Tiempo de espera de material: 5 semanas (Exw Bromma Malasia)<\/li>\n<li>Tiempo de espera de instalaci\u00f3n: 3 d\u00edas (por spreader, incluidas las pruebas)<\/li>\n<\/ul>\n<h4>PRECIO Y ENTREGA<\/h4>\n<p><strong>P\u00f3ngase en contacto con su representante local de Bromma para conocer el precio y el plazo de entrega.<\/strong><\/p>\n","protected":false},"excerpt":{"rendered":"<a href=\"https:\/\/bromma.com\/es\/products\/upgrade-spring-steel-flipper-arm\/\" class=\"excerpt\">Dise\u00f1ado para aumentar la productividad al facilitar la colocaci\u00f3n en contenedores, el brazo Spring Steel Flipper es una alternativa al brazo Flipper est\u00e1ndar.\n<\/a><br><a href=\"https:\/\/bromma.com\/es\/products\/upgrade-spring-steel-flipper-arm\/\" class=\"excerptreadmore\">read more<\/a>","protected":false},"featured_media":1268,"template":"","meta":{"_et_pb_use_builder":"","_et_pb_old_content":"","_et_gb_content_width":""},"product_brand":[],"product_cat":[44],"product_tag":[],"class_list":{"0":"post-1267","1":"product","2":"type-product","3":"status-publish","4":"has-post-thumbnail","6":"product_cat-spreader-upgrades","8":"first","9":"instock","10":"shipping-taxable","11":"product-type-simple"},"yoast_head":"<!-- This site is optimized with the Yoast SEO Premium plugin v27.2 (Yoast SEO v27.2) - https:\/\/yoast.com\/product\/yoast-seo-premium-wordpress\/ -->\n<title>Actualizaci\u00f3n - Brazo Spring Steel Flipper - Bromma<\/title>\n<meta name=\"robots\" content=\"index, follow, max-snippet:-1, max-image-preview:large, max-video-preview:-1\" \/>\n<link rel=\"canonical\" href=\"https:\/\/bromma.com\/es\/products\/upgrade-spring-steel-flipper-arm\/\" \/>\n<meta property=\"og:locale\" content=\"es_ES\" \/>\n<meta property=\"og:type\" content=\"article\" \/>\n<meta property=\"og:title\" content=\"Actualizaci\u00f3n - Brazo Spring Steel Flipper\" \/>\n<meta property=\"og:description\" content=\"Dise\u00f1ado para aumentar la productividad al facilitar la colocaci\u00f3n en contenedores, el brazo Spring Steel Flipper es una alternativa al brazo Flipper est\u00e1ndar.\" \/>\n<meta property=\"og:url\" content=\"https:\/\/bromma.com\/es\/products\/upgrade-spring-steel-flipper-arm\/\" \/>\n<meta property=\"og:site_name\" content=\"Bromma\" \/>\n<meta property=\"og:image\" content=\"https:\/\/bromma.com\/es\/wp-content\/uploads\/sites\/5\/2019\/06\/Upgrade_Spring_Steel_Flipper_Arm-1.png\" \/>\n\t<meta property=\"og:image:width\" content=\"1920\" \/>\n\t<meta property=\"og:image:height\" content=\"1080\" \/>\n\t<meta property=\"og:image:type\" content=\"image\/png\" \/>\n<meta name=\"twitter:card\" content=\"summary_large_image\" \/>\n<meta name=\"twitter:label1\" content=\"Tiempo de lectura\" \/>\n\t<meta name=\"twitter:data1\" content=\"2 minutos\" \/>\n<script type=\"application\/ld+json\" class=\"yoast-schema-graph\">{\"@context\":\"https:\/\/schema.org\",\"@graph\":[{\"@type\":\"WebPage\",\"@id\":\"https:\/\/bromma.com\/es\/products\/upgrade-spring-steel-flipper-arm\/\",\"url\":\"https:\/\/bromma.com\/es\/products\/upgrade-spring-steel-flipper-arm\/\",\"name\":\"Actualizaci\u00f3n - Brazo Spring Steel Flipper - Bromma\",\"isPartOf\":{\"@id\":\"https:\/\/bromma.com\/es\/#website\"},\"primaryImageOfPage\":{\"@id\":\"https:\/\/bromma.com\/es\/products\/upgrade-spring-steel-flipper-arm\/#primaryimage\"},\"image\":{\"@id\":\"https:\/\/bromma.com\/es\/products\/upgrade-spring-steel-flipper-arm\/#primaryimage\"},\"thumbnailUrl\":\"https:\/\/bromma.com\/es\/wp-content\/uploads\/sites\/5\/2019\/06\/Upgrade_Spring_Steel_Flipper_Arm-1.png\",\"datePublished\":\"2019-03-14T13:01:55+00:00\",\"breadcrumb\":{\"@id\":\"https:\/\/bromma.com\/es\/products\/upgrade-spring-steel-flipper-arm\/#breadcrumb\"},\"inLanguage\":\"es\",\"potentialAction\":[{\"@type\":\"ReadAction\",\"target\":[\"https:\/\/bromma.com\/es\/products\/upgrade-spring-steel-flipper-arm\/\"]}]},{\"@type\":\"ImageObject\",\"inLanguage\":\"es\",\"@id\":\"https:\/\/bromma.com\/es\/products\/upgrade-spring-steel-flipper-arm\/#primaryimage\",\"url\":\"https:\/\/bromma.com\/es\/wp-content\/uploads\/sites\/5\/2019\/06\/Upgrade_Spring_Steel_Flipper_Arm-1.png\",\"contentUrl\":\"https:\/\/bromma.com\/es\/wp-content\/uploads\/sites\/5\/2019\/06\/Upgrade_Spring_Steel_Flipper_Arm-1.png\",\"width\":1920,\"height\":1080},{\"@type\":\"BreadcrumbList\",\"@id\":\"https:\/\/bromma.com\/es\/products\/upgrade-spring-steel-flipper-arm\/#breadcrumb\",\"itemListElement\":[{\"@type\":\"ListItem\",\"position\":1,\"name\":\"Home\",\"item\":\"https:\/\/bromma.com\/es\/\"},{\"@type\":\"ListItem\",\"position\":2,\"name\":\"Productos\",\"item\":\"https:\/\/bromma.com\/es\/products\/\"},{\"@type\":\"ListItem\",\"position\":3,\"name\":\"Actualizaci\u00f3n &#8211; Brazo Spring Steel Flipper\"}]},{\"@type\":\"WebSite\",\"@id\":\"https:\/\/bromma.com\/es\/#website\",\"url\":\"https:\/\/bromma.com\/es\/\",\"name\":\"Bromma\",\"description\":\"Una tradici\u00f3n de innovaci\u00f3n\",\"publisher\":{\"@id\":\"https:\/\/bromma.com\/es\/#organization\"},\"potentialAction\":[{\"@type\":\"SearchAction\",\"target\":{\"@type\":\"EntryPoint\",\"urlTemplate\":\"https:\/\/bromma.com\/es\/?s={search_term_string}\"},\"query-input\":{\"@type\":\"PropertyValueSpecification\",\"valueRequired\":true,\"valueName\":\"search_term_string\"}}],\"inLanguage\":\"es\"},{\"@type\":\"Organization\",\"@id\":\"https:\/\/bromma.com\/es\/#organization\",\"name\":\"Bromma\",\"url\":\"https:\/\/bromma.com\/es\/\",\"logo\":{\"@type\":\"ImageObject\",\"inLanguage\":\"es\",\"@id\":\"https:\/\/bromma.com\/es\/#\/schema\/logo\/image\/\",\"url\":\"https:\/\/bromma.com\/es\/wp-content\/uploads\/sites\/5\/2020\/05\/Bromma-logo_blue_RGB_SPA.png\",\"contentUrl\":\"https:\/\/bromma.com\/es\/wp-content\/uploads\/sites\/5\/2020\/05\/Bromma-logo_blue_RGB_SPA.png\",\"width\":512,\"height\":512,\"caption\":\"Bromma\"},\"image\":{\"@id\":\"https:\/\/bromma.com\/es\/#\/schema\/logo\/image\/\"}}]}<\/script>\n<!-- \/ Yoast SEO Premium plugin. -->","yoast_head_json":{"title":"Actualizaci\u00f3n - Brazo Spring Steel Flipper - Bromma","robots":{"index":"index","follow":"follow","max-snippet":"max-snippet:-1","max-image-preview":"max-image-preview:large","max-video-preview":"max-video-preview:-1"},"canonical":"https:\/\/bromma.com\/es\/products\/upgrade-spring-steel-flipper-arm\/","og_locale":"es_ES","og_type":"article","og_title":"Actualizaci\u00f3n - Brazo Spring Steel Flipper","og_description":"Dise\u00f1ado para aumentar la productividad al facilitar la colocaci\u00f3n en contenedores, el brazo Spring Steel Flipper es una alternativa al brazo Flipper est\u00e1ndar.","og_url":"https:\/\/bromma.com\/es\/products\/upgrade-spring-steel-flipper-arm\/","og_site_name":"Bromma","og_image":[{"width":1920,"height":1080,"url":"https:\/\/bromma.com\/es\/wp-content\/uploads\/sites\/5\/2019\/06\/Upgrade_Spring_Steel_Flipper_Arm-1.png","type":"image\/png"}],"twitter_card":"summary_large_image","twitter_misc":{"Tiempo de lectura":"2 minutos"},"schema":{"@context":"https:\/\/schema.org","@graph":[{"@type":"WebPage","@id":"https:\/\/bromma.com\/es\/products\/upgrade-spring-steel-flipper-arm\/","url":"https:\/\/bromma.com\/es\/products\/upgrade-spring-steel-flipper-arm\/","name":"Actualizaci\u00f3n - Brazo Spring Steel Flipper - Bromma","isPartOf":{"@id":"https:\/\/bromma.com\/es\/#website"},"primaryImageOfPage":{"@id":"https:\/\/bromma.com\/es\/products\/upgrade-spring-steel-flipper-arm\/#primaryimage"},"image":{"@id":"https:\/\/bromma.com\/es\/products\/upgrade-spring-steel-flipper-arm\/#primaryimage"},"thumbnailUrl":"https:\/\/bromma.com\/es\/wp-content\/uploads\/sites\/5\/2019\/06\/Upgrade_Spring_Steel_Flipper_Arm-1.png","datePublished":"2019-03-14T13:01:55+00:00","breadcrumb":{"@id":"https:\/\/bromma.com\/es\/products\/upgrade-spring-steel-flipper-arm\/#breadcrumb"},"inLanguage":"es","potentialAction":[{"@type":"ReadAction","target":["https:\/\/bromma.com\/es\/products\/upgrade-spring-steel-flipper-arm\/"]}]},{"@type":"ImageObject","inLanguage":"es","@id":"https:\/\/bromma.com\/es\/products\/upgrade-spring-steel-flipper-arm\/#primaryimage","url":"https:\/\/bromma.com\/es\/wp-content\/uploads\/sites\/5\/2019\/06\/Upgrade_Spring_Steel_Flipper_Arm-1.png","contentUrl":"https:\/\/bromma.com\/es\/wp-content\/uploads\/sites\/5\/2019\/06\/Upgrade_Spring_Steel_Flipper_Arm-1.png","width":1920,"height":1080},{"@type":"BreadcrumbList","@id":"https:\/\/bromma.com\/es\/products\/upgrade-spring-steel-flipper-arm\/#breadcrumb","itemListElement":[{"@type":"ListItem","position":1,"name":"Home","item":"https:\/\/bromma.com\/es\/"},{"@type":"ListItem","position":2,"name":"Productos","item":"https:\/\/bromma.com\/es\/products\/"},{"@type":"ListItem","position":3,"name":"Actualizaci\u00f3n &#8211; Brazo Spring Steel Flipper"}]},{"@type":"WebSite","@id":"https:\/\/bromma.com\/es\/#website","url":"https:\/\/bromma.com\/es\/","name":"Bromma","description":"Una tradici\u00f3n de innovaci\u00f3n","publisher":{"@id":"https:\/\/bromma.com\/es\/#organization"},"potentialAction":[{"@type":"SearchAction","target":{"@type":"EntryPoint","urlTemplate":"https:\/\/bromma.com\/es\/?s={search_term_string}"},"query-input":{"@type":"PropertyValueSpecification","valueRequired":true,"valueName":"search_term_string"}}],"inLanguage":"es"},{"@type":"Organization","@id":"https:\/\/bromma.com\/es\/#organization","name":"Bromma","url":"https:\/\/bromma.com\/es\/","logo":{"@type":"ImageObject","inLanguage":"es","@id":"https:\/\/bromma.com\/es\/#\/schema\/logo\/image\/","url":"https:\/\/bromma.com\/es\/wp-content\/uploads\/sites\/5\/2020\/05\/Bromma-logo_blue_RGB_SPA.png","contentUrl":"https:\/\/bromma.com\/es\/wp-content\/uploads\/sites\/5\/2020\/05\/Bromma-logo_blue_RGB_SPA.png","width":512,"height":512,"caption":"Bromma"},"image":{"@id":"https:\/\/bromma.com\/es\/#\/schema\/logo\/image\/"}}]}},"_links":{"self":[{"href":"https:\/\/bromma.com\/es\/wp-json\/wp\/v2\/product\/1267","targetHints":{"allow":["GET"]}}],"collection":[{"href":"https:\/\/bromma.com\/es\/wp-json\/wp\/v2\/product"}],"about":[{"href":"https:\/\/bromma.com\/es\/wp-json\/wp\/v2\/types\/product"}],"wp:featuredmedia":[{"embeddable":true,"href":"https:\/\/bromma.com\/es\/wp-json\/wp\/v2\/media\/1268"}],"wp:attachment":[{"href":"https:\/\/bromma.com\/es\/wp-json\/wp\/v2\/media?parent=1267"}],"wp:term":[{"taxonomy":"product_brand","embeddable":true,"href":"https:\/\/bromma.com\/es\/wp-json\/wp\/v2\/product_brand?post=1267"},{"taxonomy":"product_cat","embeddable":true,"href":"https:\/\/bromma.com\/es\/wp-json\/wp\/v2\/product_cat?post=1267"},{"taxonomy":"product_tag","embeddable":true,"href":"https:\/\/bromma.com\/es\/wp-json\/wp\/v2\/product_tag?post=1267"}],"curies":[{"name":"wp","href":"https:\/\/api.w.org\/{rel}","templated":true}]}}