{"id":1272,"date":"2019-03-14T14:11:09","date_gmt":"2019-03-14T13:11:09","guid":{"rendered":"https:\/\/brommadev.wpengine.com\/?post_type=product&amp;p=1272"},"modified":"2019-03-14T14:11:09","modified_gmt":"2019-03-14T13:11:09","slug":"upgrade-ttds","status":"publish","type":"product","link":"https:\/\/bromma.com\/es\/products\/upgrade-ttds\/","title":{"rendered":"Mejora \u2013 TTDS"},"content":{"rendered":"<p><strong>Los &#8220;costos&#8221; asociados a un accidente de veinte doble pueden ser elevados:<\/strong><\/p>\n<ul>\n<li>Riesgo de posibles lesiones.<\/li>\n<li>Da\u00f1os a contenedores y al spreader.<\/li>\n<li>Da\u00f1o consecuente al buque portacontenedores, con el consiguiente retraso en el programa de embarque.<\/li>\n<li>Da\u00f1os econ\u00f3micos por p\u00e9rdida o rotura del contenido del contenedor del cliente.<\/li>\n<li>Riesgo de responsabilidad legal.<\/li>\n<\/ul>\n<p>El TTDS est\u00e1 disponible tanto como opci\u00f3n para los nuevos spreaders o como una mejora de los spreaders que ya est\u00e1n en funcionamiento.<\/p>\n<h4>ALCANCE DE TRABAJO<\/h4>\n<p>El alcance de trabajo en el suministro e instalaci\u00f3n de la mejora de TTDS se lista a continuaci\u00f3n:<\/p>\n<ul>\n<li>Modificaci\u00f3n del programa del spreader (o grupo de spreaders).<\/li>\n<li>Revisi\u00f3n de los esquemas existentes.<\/li>\n<li>Revisi\u00f3n de los manuales del spreader.<\/li>\n<li>Conexi\u00f3n del TTDS al sistema el\u00e9ctrico del spreader.<\/li>\n<li>Soldadura del soporte (si no est\u00e1 disponible).<\/li>\n<li>Comprobaci\u00f3n de los sensores y del soporte del TTDS.<\/li>\n<li>Conexi\u00f3n del X13 CANopen.<\/li>\n<li>Compruebe todas las funciones.<\/li>\n<li>Realizar la capacitaci\u00f3n.<\/li>\n<\/ul>\n<h4>PIEZAS INCLUIDAS<\/h4>\n<p>Las siguientes piezas se incluyen en la mejora del TTDS:<\/p>\n<ul>\n<li>Accesorio para el kit<\/li>\n<li>Conjunto de cubierta<\/li>\n<li>Siete (7) sensores infrarrojos<\/li>\n<li>Hardware<\/li>\n<li>Buffers<\/li>\n<li>Abrazaderas<\/li>\n<li>Placas fijadas con pernos<\/li>\n<li>Cables<\/li>\n<li>Marcas<\/li>\n<\/ul>\n<h4>ART\u00cdCULOS ADICIONALES INCLUIDOS EN EL ALCANCE DEL TRABAJO<\/h4>\n<p>Los siguientes art\u00edculos se incluyen en la mejora del TTDS:<\/p>\n<ul>\n<li>Actualizaci\u00f3n de software en la computadora del puerto que se va a usar para conectar el spreader<\/li>\n<li>Actualizaci\u00f3n de firmware de los componentes en los sistemas de control del spreader<\/li>\n<li>Capacitaci\u00f3n de TTDS.<\/li>\n<\/ul>\n<h4>TIEMPO DE ESPERA DE INSTALACI\u00d3N Y MATERIAL<\/h4>\n<ul>\n<li>Tiempo de espera de material: 5 semanas (Exw Bromma Malasia)<\/li>\n<li>Tiempo de espera de instalaci\u00f3n: 3 d\u00edas (por spreader)<\/li>\n<\/ul>\n<h4>PRECIO Y ENTREGA<\/h4>\n<p><strong>Contacte a su representante local de Bromma para conocer el precio y el tiempo de espera de entrega.<\/strong><\/p>\n","protected":false},"excerpt":{"rendered":"<a href=\"https:\/\/bromma.com\/es\/products\/upgrade-ttds\/\" class=\"excerpt\">El TTDS (Sistema de detecci\u00f3n de dos contenedores de 20 pies) de Bromma asiste al operador de la gr\u00faa a detectar una situaci\u00f3n de peligro de dos contenedores de 20 pies debajo de un spreader posicionados en la posici\u00f3n de 40 pies, un riesgo muy real y una situaci\u00f3n de izaje potencialmente peligrosa.\n<\/a><br><a href=\"https:\/\/bromma.com\/es\/products\/upgrade-ttds\/\" class=\"excerptreadmore\">read more<\/a>","protected":false},"featured_media":825,"template":"","meta":{"_et_pb_use_builder":"","_et_pb_old_content":"","_et_gb_content_width":""},"product_brand":[],"product_cat":[44],"product_tag":[],"class_list":{"0":"post-1272","1":"product","2":"type-product","3":"status-publish","4":"has-post-thumbnail","6":"product_cat-spreader-upgrades","8":"first","9":"instock","10":"shipping-taxable","11":"product-type-simple"},"yoast_head":"<!-- This site is optimized with the Yoast SEO Premium plugin v27.2 (Yoast SEO v27.2) - https:\/\/yoast.com\/product\/yoast-seo-premium-wordpress\/ -->\n<title>Mejora \u2013 TTDS - Bromma<\/title>\n<meta name=\"robots\" content=\"index, follow, max-snippet:-1, max-image-preview:large, max-video-preview:-1\" \/>\n<link rel=\"canonical\" href=\"https:\/\/bromma.com\/es\/products\/upgrade-ttds\/\" \/>\n<meta property=\"og:locale\" content=\"es_ES\" \/>\n<meta property=\"og:type\" content=\"article\" \/>\n<meta property=\"og:title\" content=\"Mejora \u2013 TTDS\" \/>\n<meta property=\"og:description\" content=\"El TTDS (Sistema de detecci\u00f3n de dos contenedores de 20 pies) de Bromma asiste al operador de la gr\u00faa a detectar una situaci\u00f3n de peligro de dos contenedores de 20 pies debajo de un spreader posicionados en la posici\u00f3n de 40 pies, un riesgo muy real y una situaci\u00f3n de izaje potencialmente peligrosa.\" \/>\n<meta property=\"og:url\" content=\"https:\/\/bromma.com\/es\/products\/upgrade-ttds\/\" \/>\n<meta property=\"og:site_name\" content=\"Bromma\" \/>\n<meta property=\"og:image\" content=\"https:\/\/bromma.com\/es\/wp-content\/uploads\/sites\/5\/2019\/06\/833_TTDS.jpg\" \/>\n\t<meta property=\"og:image:width\" content=\"1920\" \/>\n\t<meta property=\"og:image:height\" content=\"1080\" \/>\n\t<meta property=\"og:image:type\" content=\"image\/jpeg\" \/>\n<meta name=\"twitter:card\" content=\"summary_large_image\" \/>\n<meta name=\"twitter:label1\" content=\"Tiempo de lectura\" \/>\n\t<meta name=\"twitter:data1\" content=\"2 minutos\" \/>\n<script type=\"application\/ld+json\" class=\"yoast-schema-graph\">{\"@context\":\"https:\/\/schema.org\",\"@graph\":[{\"@type\":\"WebPage\",\"@id\":\"https:\/\/bromma.com\/es\/products\/upgrade-ttds\/\",\"url\":\"https:\/\/bromma.com\/es\/products\/upgrade-ttds\/\",\"name\":\"Mejora \u2013 TTDS - Bromma\",\"isPartOf\":{\"@id\":\"https:\/\/bromma.com\/es\/#website\"},\"primaryImageOfPage\":{\"@id\":\"https:\/\/bromma.com\/es\/products\/upgrade-ttds\/#primaryimage\"},\"image\":{\"@id\":\"https:\/\/bromma.com\/es\/products\/upgrade-ttds\/#primaryimage\"},\"thumbnailUrl\":\"https:\/\/bromma.com\/es\/wp-content\/uploads\/sites\/5\/2019\/06\/833_TTDS.jpg\",\"datePublished\":\"2019-03-14T13:11:09+00:00\",\"breadcrumb\":{\"@id\":\"https:\/\/bromma.com\/es\/products\/upgrade-ttds\/#breadcrumb\"},\"inLanguage\":\"es\",\"potentialAction\":[{\"@type\":\"ReadAction\",\"target\":[\"https:\/\/bromma.com\/es\/products\/upgrade-ttds\/\"]}]},{\"@type\":\"ImageObject\",\"inLanguage\":\"es\",\"@id\":\"https:\/\/bromma.com\/es\/products\/upgrade-ttds\/#primaryimage\",\"url\":\"https:\/\/bromma.com\/es\/wp-content\/uploads\/sites\/5\/2019\/06\/833_TTDS.jpg\",\"contentUrl\":\"https:\/\/bromma.com\/es\/wp-content\/uploads\/sites\/5\/2019\/06\/833_TTDS.jpg\",\"width\":1920,\"height\":1080,\"caption\":\"TTDS (Sistema de detecci\u00f3n de dos contenedores de 20 pies)\"},{\"@type\":\"BreadcrumbList\",\"@id\":\"https:\/\/bromma.com\/es\/products\/upgrade-ttds\/#breadcrumb\",\"itemListElement\":[{\"@type\":\"ListItem\",\"position\":1,\"name\":\"Home\",\"item\":\"https:\/\/bromma.com\/es\/\"},{\"@type\":\"ListItem\",\"position\":2,\"name\":\"Productos\",\"item\":\"https:\/\/bromma.com\/es\/products\/\"},{\"@type\":\"ListItem\",\"position\":3,\"name\":\"Mejora \u2013 TTDS\"}]},{\"@type\":\"WebSite\",\"@id\":\"https:\/\/bromma.com\/es\/#website\",\"url\":\"https:\/\/bromma.com\/es\/\",\"name\":\"Bromma\",\"description\":\"Una tradici\u00f3n de innovaci\u00f3n\",\"publisher\":{\"@id\":\"https:\/\/bromma.com\/es\/#organization\"},\"potentialAction\":[{\"@type\":\"SearchAction\",\"target\":{\"@type\":\"EntryPoint\",\"urlTemplate\":\"https:\/\/bromma.com\/es\/?s={search_term_string}\"},\"query-input\":{\"@type\":\"PropertyValueSpecification\",\"valueRequired\":true,\"valueName\":\"search_term_string\"}}],\"inLanguage\":\"es\"},{\"@type\":\"Organization\",\"@id\":\"https:\/\/bromma.com\/es\/#organization\",\"name\":\"Bromma\",\"url\":\"https:\/\/bromma.com\/es\/\",\"logo\":{\"@type\":\"ImageObject\",\"inLanguage\":\"es\",\"@id\":\"https:\/\/bromma.com\/es\/#\/schema\/logo\/image\/\",\"url\":\"https:\/\/bromma.com\/es\/wp-content\/uploads\/sites\/5\/2020\/05\/Bromma-logo_blue_RGB_SPA.png\",\"contentUrl\":\"https:\/\/bromma.com\/es\/wp-content\/uploads\/sites\/5\/2020\/05\/Bromma-logo_blue_RGB_SPA.png\",\"width\":512,\"height\":512,\"caption\":\"Bromma\"},\"image\":{\"@id\":\"https:\/\/bromma.com\/es\/#\/schema\/logo\/image\/\"}}]}<\/script>\n<!-- \/ Yoast SEO Premium plugin. -->","yoast_head_json":{"title":"Mejora \u2013 TTDS - Bromma","robots":{"index":"index","follow":"follow","max-snippet":"max-snippet:-1","max-image-preview":"max-image-preview:large","max-video-preview":"max-video-preview:-1"},"canonical":"https:\/\/bromma.com\/es\/products\/upgrade-ttds\/","og_locale":"es_ES","og_type":"article","og_title":"Mejora \u2013 TTDS","og_description":"El TTDS (Sistema de detecci\u00f3n de dos contenedores de 20 pies) de Bromma asiste al operador de la gr\u00faa a detectar una situaci\u00f3n de peligro de dos contenedores de 20 pies debajo de un spreader posicionados en la posici\u00f3n de 40 pies, un riesgo muy real y una situaci\u00f3n de izaje potencialmente peligrosa.","og_url":"https:\/\/bromma.com\/es\/products\/upgrade-ttds\/","og_site_name":"Bromma","og_image":[{"width":1920,"height":1080,"url":"https:\/\/bromma.com\/es\/wp-content\/uploads\/sites\/5\/2019\/06\/833_TTDS.jpg","type":"image\/jpeg"}],"twitter_card":"summary_large_image","twitter_misc":{"Tiempo de lectura":"2 minutos"},"schema":{"@context":"https:\/\/schema.org","@graph":[{"@type":"WebPage","@id":"https:\/\/bromma.com\/es\/products\/upgrade-ttds\/","url":"https:\/\/bromma.com\/es\/products\/upgrade-ttds\/","name":"Mejora \u2013 TTDS - Bromma","isPartOf":{"@id":"https:\/\/bromma.com\/es\/#website"},"primaryImageOfPage":{"@id":"https:\/\/bromma.com\/es\/products\/upgrade-ttds\/#primaryimage"},"image":{"@id":"https:\/\/bromma.com\/es\/products\/upgrade-ttds\/#primaryimage"},"thumbnailUrl":"https:\/\/bromma.com\/es\/wp-content\/uploads\/sites\/5\/2019\/06\/833_TTDS.jpg","datePublished":"2019-03-14T13:11:09+00:00","breadcrumb":{"@id":"https:\/\/bromma.com\/es\/products\/upgrade-ttds\/#breadcrumb"},"inLanguage":"es","potentialAction":[{"@type":"ReadAction","target":["https:\/\/bromma.com\/es\/products\/upgrade-ttds\/"]}]},{"@type":"ImageObject","inLanguage":"es","@id":"https:\/\/bromma.com\/es\/products\/upgrade-ttds\/#primaryimage","url":"https:\/\/bromma.com\/es\/wp-content\/uploads\/sites\/5\/2019\/06\/833_TTDS.jpg","contentUrl":"https:\/\/bromma.com\/es\/wp-content\/uploads\/sites\/5\/2019\/06\/833_TTDS.jpg","width":1920,"height":1080,"caption":"TTDS (Sistema de detecci\u00f3n de dos contenedores de 20 pies)"},{"@type":"BreadcrumbList","@id":"https:\/\/bromma.com\/es\/products\/upgrade-ttds\/#breadcrumb","itemListElement":[{"@type":"ListItem","position":1,"name":"Home","item":"https:\/\/bromma.com\/es\/"},{"@type":"ListItem","position":2,"name":"Productos","item":"https:\/\/bromma.com\/es\/products\/"},{"@type":"ListItem","position":3,"name":"Mejora \u2013 TTDS"}]},{"@type":"WebSite","@id":"https:\/\/bromma.com\/es\/#website","url":"https:\/\/bromma.com\/es\/","name":"Bromma","description":"Una tradici\u00f3n de innovaci\u00f3n","publisher":{"@id":"https:\/\/bromma.com\/es\/#organization"},"potentialAction":[{"@type":"SearchAction","target":{"@type":"EntryPoint","urlTemplate":"https:\/\/bromma.com\/es\/?s={search_term_string}"},"query-input":{"@type":"PropertyValueSpecification","valueRequired":true,"valueName":"search_term_string"}}],"inLanguage":"es"},{"@type":"Organization","@id":"https:\/\/bromma.com\/es\/#organization","name":"Bromma","url":"https:\/\/bromma.com\/es\/","logo":{"@type":"ImageObject","inLanguage":"es","@id":"https:\/\/bromma.com\/es\/#\/schema\/logo\/image\/","url":"https:\/\/bromma.com\/es\/wp-content\/uploads\/sites\/5\/2020\/05\/Bromma-logo_blue_RGB_SPA.png","contentUrl":"https:\/\/bromma.com\/es\/wp-content\/uploads\/sites\/5\/2020\/05\/Bromma-logo_blue_RGB_SPA.png","width":512,"height":512,"caption":"Bromma"},"image":{"@id":"https:\/\/bromma.com\/es\/#\/schema\/logo\/image\/"}}]}},"_links":{"self":[{"href":"https:\/\/bromma.com\/es\/wp-json\/wp\/v2\/product\/1272","targetHints":{"allow":["GET"]}}],"collection":[{"href":"https:\/\/bromma.com\/es\/wp-json\/wp\/v2\/product"}],"about":[{"href":"https:\/\/bromma.com\/es\/wp-json\/wp\/v2\/types\/product"}],"wp:featuredmedia":[{"embeddable":true,"href":"https:\/\/bromma.com\/es\/wp-json\/wp\/v2\/media\/825"}],"wp:attachment":[{"href":"https:\/\/bromma.com\/es\/wp-json\/wp\/v2\/media?parent=1272"}],"wp:term":[{"taxonomy":"product_brand","embeddable":true,"href":"https:\/\/bromma.com\/es\/wp-json\/wp\/v2\/product_brand?post=1272"},{"taxonomy":"product_cat","embeddable":true,"href":"https:\/\/bromma.com\/es\/wp-json\/wp\/v2\/product_cat?post=1272"},{"taxonomy":"product_tag","embeddable":true,"href":"https:\/\/bromma.com\/es\/wp-json\/wp\/v2\/product_tag?post=1272"}],"curies":[{"name":"wp","href":"https:\/\/api.w.org\/{rel}","templated":true}]}}