{"id":1276,"date":"2019-03-14T14:23:00","date_gmt":"2019-03-14T13:23:00","guid":{"rendered":"https:\/\/brommadev.wpengine.com\/?post_type=product&amp;p=1276"},"modified":"2019-03-14T14:23:00","modified_gmt":"2019-03-14T13:23:00","slug":"upgrade-ysx40e-45e","status":"publish","type":"product","link":"https:\/\/bromma.com\/es\/products\/upgrade-ysx40e-45e\/","title":{"rendered":"Mejora \u2013 YSX40E\/45E"},"content":{"rendered":"<p>La actualizaci\u00f3n es v\u00e1lida para los spreaders YSX40E\/45E entregados por Bromma en o antes de 2010.<\/p>\n<p><strong>Los beneficios de tener la actualizaci\u00f3n YSX40E\/45E incluyen:<\/strong><\/p>\n<ul>\n<li>Reducci\u00f3n del mantenimiento<\/li>\n<li>Mayor confiabilidad<\/li>\n<li>Accesibilidad m\u00e1s simple para el mantenimiento<\/li>\n<\/ul>\n<h4>ALCANCE DE TRABAJO<\/h4>\n<p>El alcance del trabajo para la actualizaci\u00f3n de YSX40E\/45E incluye:<\/p>\n<ul>\n<li>Modernizaci\u00f3n del motor y la caja de transmisi\u00f3n Twistlock del spreader<\/li>\n<li>Modernizaci\u00f3n del engranaje telesc\u00f3pico del spreader<\/li>\n<li>Modificaci\u00f3n del programa del spreader (si procede)<\/li>\n<li>Revisi\u00f3n de esquemas existentes<\/li>\n<li>Revisi\u00f3n de manuales del spreader<\/li>\n<li>Comprobaci\u00f3n de todas las funciones<\/li>\n<li>Realizaci\u00f3n de la capacitaci\u00f3n<\/li>\n<\/ul>\n<h4>PIEZAS INCLUIDAS<\/h4>\n<p>Los siguientes est\u00e1n incluidos en la oferta de actualizaci\u00f3n de YSX40E\/45E:<\/p>\n<ul>\n<li>Varillaje\n<ul>\n<li>Nuevo dise\u00f1o con varillaje fijo.<\/li>\n<li>Los sensores para las se\u00f1ales de bloqueo\/desbloqueo ahora est\u00e1n posicionados directamente en los twistlocks.<\/li>\n<li>El movimiento es controlado por topes integrados (en lugar de sensores ajustables).<\/li>\n<\/ul>\n<\/li>\n<li>Brida\n<ul>\n<li>Nuevo dise\u00f1o de la caja de engranajes para soportar el impacto exterior.<\/li>\n<li>Se usa una brida s\u00f3lida y se obtiene un menor apalancamiento con un motor compacto.<\/li>\n<\/ul>\n<\/li>\n<li>Posicionamiento\n<ul>\n<li>El motor se detiene en las posiciones definidas usando sensores (como antes) pero ahora se evita un mayor movimiento por medio de una caja de engranajes de bloqueo autom\u00e1tico o por medio de un mejor posicionamiento del freno.<\/li>\n<\/ul>\n<\/li>\n<li>Accesibilidad\n<ul>\n<li>La caja de engranajes se monta en la parte superior con un f\u00e1cil acceso al motor incluso cuando est\u00e1 en la posici\u00f3n de 20\u2019.<\/li>\n<li>El motor y la clavija de la caja se ubican en la parte superior de la viga del extremo y est\u00e1n protegidos con una cubierta plana.<\/li>\n<\/ul>\n<\/li>\n<\/ul>\n<h4>ART\u00cdCULOS ADICIONALES INCLUIDOS EN EL ALCANCE DEL TRABAJO<\/h4>\n<p>Los siguientes elementos adicionales se incluyen en la actualizaci\u00f3n de YSX40E\/45E:<\/p>\n<ul>\n<li>Actualizaci\u00f3n del software en la computadora del puerto que se utilizar\u00e1 para conectarse al spreader (si procede)<\/li>\n<li>Actualizaci\u00f3n del firmware de los componentes y de los sistemas de control del spreader (si procede)<\/li>\n<\/ul>\n<h4>TIEMPO DE ESPERA DE INSTALACI\u00d3N Y MATERIAL<\/h4>\n<p>Contacte a su representante local de Bromma para conocer el tiempo de espera de materiales e instalaci\u00f3n.<\/p>\n<h4>PRECIO Y ENTREGA<\/h4>\n<p><strong>Contacte a su representante local de Bromma para conocer el precio y el tiempo de espera de entrega.<\/strong><\/p>\n","protected":false},"excerpt":{"rendered":"<a href=\"https:\/\/bromma.com\/es\/products\/upgrade-ysx40e-45e\/\" class=\"excerpt\">Los spreaders mejorados YSX40E\/45E son accionados de forma el\u00e9ctrica completamente y se usan en gr\u00faas de apilado. Han sido desarrollados por Bromma para aumentar la eficiencia operacional, la productividad y la seguridad, reduciendo as\u00ed los costos de mantenimiento.\n<\/a><br><a href=\"https:\/\/bromma.com\/es\/products\/upgrade-ysx40e-45e\/\" class=\"excerptreadmore\">read more<\/a>","protected":false},"featured_media":920,"template":"","meta":{"_et_pb_use_builder":"","_et_pb_old_content":"","_et_gb_content_width":""},"product_brand":[],"product_cat":[44],"product_tag":[],"class_list":{"0":"post-1276","1":"product","2":"type-product","3":"status-publish","4":"has-post-thumbnail","6":"product_cat-spreader-upgrades","8":"first","9":"instock","10":"shipping-taxable","11":"product-type-simple"},"yoast_head":"<!-- This site is optimized with the Yoast SEO Premium plugin v27.2 (Yoast SEO v27.2) - https:\/\/yoast.com\/product\/yoast-seo-premium-wordpress\/ -->\n<title>Mejora \u2013 YSX40E\/45E - Bromma<\/title>\n<meta name=\"robots\" content=\"index, follow, max-snippet:-1, max-image-preview:large, max-video-preview:-1\" \/>\n<link rel=\"canonical\" href=\"https:\/\/bromma.com\/es\/products\/upgrade-ysx40e-45e\/\" \/>\n<meta property=\"og:locale\" content=\"es_ES\" \/>\n<meta property=\"og:type\" content=\"article\" \/>\n<meta property=\"og:title\" content=\"Mejora \u2013 YSX40E\/45E\" \/>\n<meta property=\"og:description\" content=\"Los spreaders mejorados YSX40E\/45E son accionados de forma el\u00e9ctrica completamente y se usan en gr\u00faas de apilado. Han sido desarrollados por Bromma para aumentar la eficiencia operacional, la productividad y la seguridad, reduciendo as\u00ed los costos de mantenimiento.\" \/>\n<meta property=\"og:url\" content=\"https:\/\/bromma.com\/es\/products\/upgrade-ysx40e-45e\/\" \/>\n<meta property=\"og:site_name\" content=\"Bromma\" \/>\n<meta property=\"og:image\" content=\"https:\/\/bromma.com\/es\/wp-content\/uploads\/sites\/5\/2019\/06\/YSX40E_YSX45E_spreader.jpg\" \/>\n\t<meta property=\"og:image:width\" content=\"1920\" \/>\n\t<meta property=\"og:image:height\" content=\"1080\" \/>\n\t<meta property=\"og:image:type\" content=\"image\/jpeg\" \/>\n<meta name=\"twitter:card\" content=\"summary_large_image\" \/>\n<meta name=\"twitter:label1\" content=\"Tiempo de lectura\" \/>\n\t<meta name=\"twitter:data1\" content=\"2 minutos\" \/>\n<script type=\"application\/ld+json\" class=\"yoast-schema-graph\">{\"@context\":\"https:\/\/schema.org\",\"@graph\":[{\"@type\":\"WebPage\",\"@id\":\"https:\/\/bromma.com\/es\/products\/upgrade-ysx40e-45e\/\",\"url\":\"https:\/\/bromma.com\/es\/products\/upgrade-ysx40e-45e\/\",\"name\":\"Mejora \u2013 YSX40E\/45E - Bromma\",\"isPartOf\":{\"@id\":\"https:\/\/bromma.com\/es\/#website\"},\"primaryImageOfPage\":{\"@id\":\"https:\/\/bromma.com\/es\/products\/upgrade-ysx40e-45e\/#primaryimage\"},\"image\":{\"@id\":\"https:\/\/bromma.com\/es\/products\/upgrade-ysx40e-45e\/#primaryimage\"},\"thumbnailUrl\":\"https:\/\/bromma.com\/es\/wp-content\/uploads\/sites\/5\/2019\/06\/YSX40E_YSX45E_spreader.jpg\",\"datePublished\":\"2019-03-14T13:23:00+00:00\",\"breadcrumb\":{\"@id\":\"https:\/\/bromma.com\/es\/products\/upgrade-ysx40e-45e\/#breadcrumb\"},\"inLanguage\":\"es\",\"potentialAction\":[{\"@type\":\"ReadAction\",\"target\":[\"https:\/\/bromma.com\/es\/products\/upgrade-ysx40e-45e\/\"]}]},{\"@type\":\"ImageObject\",\"inLanguage\":\"es\",\"@id\":\"https:\/\/bromma.com\/es\/products\/upgrade-ysx40e-45e\/#primaryimage\",\"url\":\"https:\/\/bromma.com\/es\/wp-content\/uploads\/sites\/5\/2019\/06\/YSX40E_YSX45E_spreader.jpg\",\"contentUrl\":\"https:\/\/bromma.com\/es\/wp-content\/uploads\/sites\/5\/2019\/06\/YSX40E_YSX45E_spreader.jpg\",\"width\":1920,\"height\":1080,\"caption\":\"Spreader YSX40E YSX45E\"},{\"@type\":\"BreadcrumbList\",\"@id\":\"https:\/\/bromma.com\/es\/products\/upgrade-ysx40e-45e\/#breadcrumb\",\"itemListElement\":[{\"@type\":\"ListItem\",\"position\":1,\"name\":\"Home\",\"item\":\"https:\/\/bromma.com\/es\/\"},{\"@type\":\"ListItem\",\"position\":2,\"name\":\"Productos\",\"item\":\"https:\/\/bromma.com\/es\/products\/\"},{\"@type\":\"ListItem\",\"position\":3,\"name\":\"Mejora \u2013 YSX40E\/45E\"}]},{\"@type\":\"WebSite\",\"@id\":\"https:\/\/bromma.com\/es\/#website\",\"url\":\"https:\/\/bromma.com\/es\/\",\"name\":\"Bromma\",\"description\":\"Una tradici\u00f3n de innovaci\u00f3n\",\"publisher\":{\"@id\":\"https:\/\/bromma.com\/es\/#organization\"},\"potentialAction\":[{\"@type\":\"SearchAction\",\"target\":{\"@type\":\"EntryPoint\",\"urlTemplate\":\"https:\/\/bromma.com\/es\/?s={search_term_string}\"},\"query-input\":{\"@type\":\"PropertyValueSpecification\",\"valueRequired\":true,\"valueName\":\"search_term_string\"}}],\"inLanguage\":\"es\"},{\"@type\":\"Organization\",\"@id\":\"https:\/\/bromma.com\/es\/#organization\",\"name\":\"Bromma\",\"url\":\"https:\/\/bromma.com\/es\/\",\"logo\":{\"@type\":\"ImageObject\",\"inLanguage\":\"es\",\"@id\":\"https:\/\/bromma.com\/es\/#\/schema\/logo\/image\/\",\"url\":\"https:\/\/bromma.com\/es\/wp-content\/uploads\/sites\/5\/2020\/05\/Bromma-logo_blue_RGB_SPA.png\",\"contentUrl\":\"https:\/\/bromma.com\/es\/wp-content\/uploads\/sites\/5\/2020\/05\/Bromma-logo_blue_RGB_SPA.png\",\"width\":512,\"height\":512,\"caption\":\"Bromma\"},\"image\":{\"@id\":\"https:\/\/bromma.com\/es\/#\/schema\/logo\/image\/\"}}]}<\/script>\n<!-- \/ Yoast SEO Premium plugin. -->","yoast_head_json":{"title":"Mejora \u2013 YSX40E\/45E - Bromma","robots":{"index":"index","follow":"follow","max-snippet":"max-snippet:-1","max-image-preview":"max-image-preview:large","max-video-preview":"max-video-preview:-1"},"canonical":"https:\/\/bromma.com\/es\/products\/upgrade-ysx40e-45e\/","og_locale":"es_ES","og_type":"article","og_title":"Mejora \u2013 YSX40E\/45E","og_description":"Los spreaders mejorados YSX40E\/45E son accionados de forma el\u00e9ctrica completamente y se usan en gr\u00faas de apilado. Han sido desarrollados por Bromma para aumentar la eficiencia operacional, la productividad y la seguridad, reduciendo as\u00ed los costos de mantenimiento.","og_url":"https:\/\/bromma.com\/es\/products\/upgrade-ysx40e-45e\/","og_site_name":"Bromma","og_image":[{"width":1920,"height":1080,"url":"https:\/\/bromma.com\/es\/wp-content\/uploads\/sites\/5\/2019\/06\/YSX40E_YSX45E_spreader.jpg","type":"image\/jpeg"}],"twitter_card":"summary_large_image","twitter_misc":{"Tiempo de lectura":"2 minutos"},"schema":{"@context":"https:\/\/schema.org","@graph":[{"@type":"WebPage","@id":"https:\/\/bromma.com\/es\/products\/upgrade-ysx40e-45e\/","url":"https:\/\/bromma.com\/es\/products\/upgrade-ysx40e-45e\/","name":"Mejora \u2013 YSX40E\/45E - Bromma","isPartOf":{"@id":"https:\/\/bromma.com\/es\/#website"},"primaryImageOfPage":{"@id":"https:\/\/bromma.com\/es\/products\/upgrade-ysx40e-45e\/#primaryimage"},"image":{"@id":"https:\/\/bromma.com\/es\/products\/upgrade-ysx40e-45e\/#primaryimage"},"thumbnailUrl":"https:\/\/bromma.com\/es\/wp-content\/uploads\/sites\/5\/2019\/06\/YSX40E_YSX45E_spreader.jpg","datePublished":"2019-03-14T13:23:00+00:00","breadcrumb":{"@id":"https:\/\/bromma.com\/es\/products\/upgrade-ysx40e-45e\/#breadcrumb"},"inLanguage":"es","potentialAction":[{"@type":"ReadAction","target":["https:\/\/bromma.com\/es\/products\/upgrade-ysx40e-45e\/"]}]},{"@type":"ImageObject","inLanguage":"es","@id":"https:\/\/bromma.com\/es\/products\/upgrade-ysx40e-45e\/#primaryimage","url":"https:\/\/bromma.com\/es\/wp-content\/uploads\/sites\/5\/2019\/06\/YSX40E_YSX45E_spreader.jpg","contentUrl":"https:\/\/bromma.com\/es\/wp-content\/uploads\/sites\/5\/2019\/06\/YSX40E_YSX45E_spreader.jpg","width":1920,"height":1080,"caption":"Spreader YSX40E YSX45E"},{"@type":"BreadcrumbList","@id":"https:\/\/bromma.com\/es\/products\/upgrade-ysx40e-45e\/#breadcrumb","itemListElement":[{"@type":"ListItem","position":1,"name":"Home","item":"https:\/\/bromma.com\/es\/"},{"@type":"ListItem","position":2,"name":"Productos","item":"https:\/\/bromma.com\/es\/products\/"},{"@type":"ListItem","position":3,"name":"Mejora \u2013 YSX40E\/45E"}]},{"@type":"WebSite","@id":"https:\/\/bromma.com\/es\/#website","url":"https:\/\/bromma.com\/es\/","name":"Bromma","description":"Una tradici\u00f3n de innovaci\u00f3n","publisher":{"@id":"https:\/\/bromma.com\/es\/#organization"},"potentialAction":[{"@type":"SearchAction","target":{"@type":"EntryPoint","urlTemplate":"https:\/\/bromma.com\/es\/?s={search_term_string}"},"query-input":{"@type":"PropertyValueSpecification","valueRequired":true,"valueName":"search_term_string"}}],"inLanguage":"es"},{"@type":"Organization","@id":"https:\/\/bromma.com\/es\/#organization","name":"Bromma","url":"https:\/\/bromma.com\/es\/","logo":{"@type":"ImageObject","inLanguage":"es","@id":"https:\/\/bromma.com\/es\/#\/schema\/logo\/image\/","url":"https:\/\/bromma.com\/es\/wp-content\/uploads\/sites\/5\/2020\/05\/Bromma-logo_blue_RGB_SPA.png","contentUrl":"https:\/\/bromma.com\/es\/wp-content\/uploads\/sites\/5\/2020\/05\/Bromma-logo_blue_RGB_SPA.png","width":512,"height":512,"caption":"Bromma"},"image":{"@id":"https:\/\/bromma.com\/es\/#\/schema\/logo\/image\/"}}]}},"_links":{"self":[{"href":"https:\/\/bromma.com\/es\/wp-json\/wp\/v2\/product\/1276","targetHints":{"allow":["GET"]}}],"collection":[{"href":"https:\/\/bromma.com\/es\/wp-json\/wp\/v2\/product"}],"about":[{"href":"https:\/\/bromma.com\/es\/wp-json\/wp\/v2\/types\/product"}],"wp:featuredmedia":[{"embeddable":true,"href":"https:\/\/bromma.com\/es\/wp-json\/wp\/v2\/media\/920"}],"wp:attachment":[{"href":"https:\/\/bromma.com\/es\/wp-json\/wp\/v2\/media?parent=1276"}],"wp:term":[{"taxonomy":"product_brand","embeddable":true,"href":"https:\/\/bromma.com\/es\/wp-json\/wp\/v2\/product_brand?post=1276"},{"taxonomy":"product_cat","embeddable":true,"href":"https:\/\/bromma.com\/es\/wp-json\/wp\/v2\/product_cat?post=1276"},{"taxonomy":"product_tag","embeddable":true,"href":"https:\/\/bromma.com\/es\/wp-json\/wp\/v2\/product_tag?post=1276"}],"curies":[{"name":"wp","href":"https:\/\/api.w.org\/{rel}","templated":true}]}}