{"id":1974,"date":"2023-09-07T15:48:05","date_gmt":"2023-09-07T13:48:05","guid":{"rendered":"https:\/\/brommadev.wpengine.com\/es\/?post_type=product&#038;p=1974"},"modified":"2023-09-07T15:58:01","modified_gmt":"2023-09-07T13:58:01","slug":"sts45e-g2-plus","status":"publish","type":"product","link":"https:\/\/bromma.com\/es\/products\/sts45e-g2-plus\/","title":{"rendered":"STS45E G2 PLUS"},"content":{"rendered":"<p>PEl nuevo spreader de doble elevaci\u00f3n totalmente el\u00e9ctrico STS45E G2 PLUS est\u00e1 dise\u00f1ado para ayudar a las terminales a lograr sus objetivos ambientales sin sacrificar la productividad o la eficiencia. El spreader totalmente el\u00e9ctrico STS de Bromma es el spreader el\u00e9ctrico m\u00e1s r\u00e1pido del mercado, con un posicionamiento preciso y una mayor velocidad al utilizar la funci\u00f3n del telescopio y de doble separaci\u00f3n. Tambi\u00e9n es m\u00e1s silencioso gracias a que no posee un bloque de alimentaci\u00f3n hidr\u00e1ulico en funcionamiento continuo. Entonces, si una terminal necesita reducir el nivel de ruido, el nuevo spreader totalmente el\u00e9ctrico STS de Bromma es un gran paso en la direcci\u00f3n correcta. Al optar por un spreader totalmente el\u00e9ctrico para las operaciones de muelle, las terminales tambi\u00e9n pueden aprovechar una reducci\u00f3n del consumo de electricidad de hasta un 90%, lo cual permite ahorrar costos operativos y evita cualquier riesgo relacionado con fugas hidr\u00e1ulicas.<\/p>\n","protected":false},"excerpt":{"rendered":"<a href=\"https:\/\/bromma.com\/es\/products\/sts45e-g2-plus\/\" class=\"excerpt\">El spreader totalmente el\u00e9ctrico STS45E G2 PLUS es la combinaci\u00f3n ideal para lograr un manejo de contenedores avanzado en el cuidado del medio ambiente, altamente productivo y vers\u00e1til. Est\u00e1 dise\u00f1ado para cumplir con las m\u00e1s altas especificaciones. Al optar por un spreader totalmente el\u00e9ctrico para las operaciones de muelle, las terminales tambi\u00e9n pueden aprovechar una reducci\u00f3n del consumo de electricidad de hasta un 90%, lo cual permite ahorrar costos operativos y evita cualquier riesgo relacionado con fugas hidr\u00e1ulicas.\n<\/a><br><a href=\"https:\/\/bromma.com\/es\/products\/sts45e-g2-plus\/\" class=\"excerptreadmore\">read more<\/a>","protected":false},"featured_media":1975,"template":"","meta":{"_et_pb_use_builder":"off","_et_pb_old_content":"","_et_gb_content_width":""},"product_brand":[],"product_cat":[45],"product_tag":[54,51,20],"class_list":{"0":"post-1974","1":"product","2":"type-product","3":"status-publish","4":"has-post-thumbnail","6":"product_cat-sts-spreaders","7":"product_tag-twin-lift","8":"product_tag-telescopic","9":"product_tag-all-electric","11":"first","12":"instock","13":"shipping-taxable","14":"product-type-simple"},"yoast_head":"<!-- This site is optimized with the Yoast SEO Premium plugin v27.2 (Yoast SEO v27.2) - https:\/\/yoast.com\/product\/yoast-seo-premium-wordpress\/ -->\n<title>STS45E G2 PLUS - Bromma<\/title>\n<meta name=\"description\" content=\"STS45E es un spreader de doble elevaci\u00f3n totalmente el\u00e9ctrico para uso en gr\u00faas STS. Este spreader pesa solo 11.7 toneladas m\u00e9tricas y consume menos energ\u00eda que sus competidores.\" \/>\n<meta name=\"robots\" content=\"index, follow, max-snippet:-1, max-image-preview:large, max-video-preview:-1\" \/>\n<link rel=\"canonical\" href=\"https:\/\/bromma.com\/es\/products\/sts45e-g2-plus\/\" \/>\n<meta property=\"og:locale\" content=\"es_ES\" \/>\n<meta property=\"og:type\" content=\"article\" \/>\n<meta property=\"og:title\" content=\"STS45E G2 PLUS\" \/>\n<meta property=\"og:description\" content=\"STS45E es un spreader de doble elevaci\u00f3n totalmente el\u00e9ctrico para uso en gr\u00faas STS. Este spreader pesa solo 11.7 toneladas m\u00e9tricas y consume menos energ\u00eda que sus competidores.\" \/>\n<meta property=\"og:url\" content=\"https:\/\/bromma.com\/es\/products\/sts45e-g2-plus\/\" \/>\n<meta property=\"og:site_name\" content=\"Bromma\" \/>\n<meta property=\"article:modified_time\" content=\"2023-09-07T13:58:01+00:00\" \/>\n<meta property=\"og:image\" content=\"https:\/\/bromma.com\/es\/wp-content\/uploads\/sites\/5\/2023\/09\/01_STS45E-G2-Cover-Rendered-Image-V02-1-1024x683.png\" \/>\n\t<meta property=\"og:image:width\" content=\"1024\" \/>\n\t<meta property=\"og:image:height\" content=\"683\" \/>\n\t<meta property=\"og:image:type\" content=\"image\/png\" \/>\n<meta name=\"twitter:card\" content=\"summary_large_image\" \/>\n<meta name=\"twitter:label1\" content=\"Tiempo de lectura\" \/>\n\t<meta name=\"twitter:data1\" content=\"1 minuto\" \/>\n<script type=\"application\/ld+json\" class=\"yoast-schema-graph\">{\"@context\":\"https:\/\/schema.org\",\"@graph\":[{\"@type\":\"WebPage\",\"@id\":\"https:\/\/bromma.com\/es\/products\/sts45e-g2-plus\/\",\"url\":\"https:\/\/bromma.com\/es\/products\/sts45e-g2-plus\/\",\"name\":\"STS45E G2 PLUS - Bromma\",\"isPartOf\":{\"@id\":\"https:\/\/bromma.com\/es\/#website\"},\"primaryImageOfPage\":{\"@id\":\"https:\/\/bromma.com\/es\/products\/sts45e-g2-plus\/#primaryimage\"},\"image\":{\"@id\":\"https:\/\/bromma.com\/es\/products\/sts45e-g2-plus\/#primaryimage\"},\"thumbnailUrl\":\"https:\/\/bromma.com\/es\/wp-content\/uploads\/sites\/5\/2023\/09\/01_STS45E-G2-Cover-Rendered-Image-V02-1.png\",\"datePublished\":\"2023-09-07T13:48:05+00:00\",\"dateModified\":\"2023-09-07T13:58:01+00:00\",\"description\":\"STS45E es un spreader de doble elevaci\u00f3n totalmente el\u00e9ctrico para uso en gr\u00faas STS. Este spreader pesa solo 11.7 toneladas m\u00e9tricas y consume menos energ\u00eda que sus competidores.\",\"breadcrumb\":{\"@id\":\"https:\/\/bromma.com\/es\/products\/sts45e-g2-plus\/#breadcrumb\"},\"inLanguage\":\"es\",\"potentialAction\":[{\"@type\":\"ReadAction\",\"target\":[\"https:\/\/bromma.com\/es\/products\/sts45e-g2-plus\/\"]}]},{\"@type\":\"ImageObject\",\"inLanguage\":\"es\",\"@id\":\"https:\/\/bromma.com\/es\/products\/sts45e-g2-plus\/#primaryimage\",\"url\":\"https:\/\/bromma.com\/es\/wp-content\/uploads\/sites\/5\/2023\/09\/01_STS45E-G2-Cover-Rendered-Image-V02-1.png\",\"contentUrl\":\"https:\/\/bromma.com\/es\/wp-content\/uploads\/sites\/5\/2023\/09\/01_STS45E-G2-Cover-Rendered-Image-V02-1.png\",\"width\":4500,\"height\":3000},{\"@type\":\"BreadcrumbList\",\"@id\":\"https:\/\/bromma.com\/es\/products\/sts45e-g2-plus\/#breadcrumb\",\"itemListElement\":[{\"@type\":\"ListItem\",\"position\":1,\"name\":\"Home\",\"item\":\"https:\/\/bromma.com\/es\/\"},{\"@type\":\"ListItem\",\"position\":2,\"name\":\"Productos\",\"item\":\"https:\/\/bromma.com\/es\/products\/\"},{\"@type\":\"ListItem\",\"position\":3,\"name\":\"STS45E G2 PLUS\"}]},{\"@type\":\"WebSite\",\"@id\":\"https:\/\/bromma.com\/es\/#website\",\"url\":\"https:\/\/bromma.com\/es\/\",\"name\":\"Bromma\",\"description\":\"Una tradici\u00f3n de innovaci\u00f3n\",\"publisher\":{\"@id\":\"https:\/\/bromma.com\/es\/#organization\"},\"potentialAction\":[{\"@type\":\"SearchAction\",\"target\":{\"@type\":\"EntryPoint\",\"urlTemplate\":\"https:\/\/bromma.com\/es\/?s={search_term_string}\"},\"query-input\":{\"@type\":\"PropertyValueSpecification\",\"valueRequired\":true,\"valueName\":\"search_term_string\"}}],\"inLanguage\":\"es\"},{\"@type\":\"Organization\",\"@id\":\"https:\/\/bromma.com\/es\/#organization\",\"name\":\"Bromma\",\"url\":\"https:\/\/bromma.com\/es\/\",\"logo\":{\"@type\":\"ImageObject\",\"inLanguage\":\"es\",\"@id\":\"https:\/\/bromma.com\/es\/#\/schema\/logo\/image\/\",\"url\":\"https:\/\/bromma.com\/es\/wp-content\/uploads\/sites\/5\/2020\/05\/Bromma-logo_blue_RGB_SPA.png\",\"contentUrl\":\"https:\/\/bromma.com\/es\/wp-content\/uploads\/sites\/5\/2020\/05\/Bromma-logo_blue_RGB_SPA.png\",\"width\":512,\"height\":512,\"caption\":\"Bromma\"},\"image\":{\"@id\":\"https:\/\/bromma.com\/es\/#\/schema\/logo\/image\/\"}}]}<\/script>\n<!-- \/ Yoast SEO Premium plugin. -->","yoast_head_json":{"title":"STS45E G2 PLUS - Bromma","description":"STS45E es un spreader de doble elevaci\u00f3n totalmente el\u00e9ctrico para uso en gr\u00faas STS. Este spreader pesa solo 11.7 toneladas m\u00e9tricas y consume menos energ\u00eda que sus competidores.","robots":{"index":"index","follow":"follow","max-snippet":"max-snippet:-1","max-image-preview":"max-image-preview:large","max-video-preview":"max-video-preview:-1"},"canonical":"https:\/\/bromma.com\/es\/products\/sts45e-g2-plus\/","og_locale":"es_ES","og_type":"article","og_title":"STS45E G2 PLUS","og_description":"STS45E es un spreader de doble elevaci\u00f3n totalmente el\u00e9ctrico para uso en gr\u00faas STS. Este spreader pesa solo 11.7 toneladas m\u00e9tricas y consume menos energ\u00eda que sus competidores.","og_url":"https:\/\/bromma.com\/es\/products\/sts45e-g2-plus\/","og_site_name":"Bromma","article_modified_time":"2023-09-07T13:58:01+00:00","og_image":[{"width":1024,"height":683,"url":"https:\/\/bromma.com\/es\/wp-content\/uploads\/sites\/5\/2023\/09\/01_STS45E-G2-Cover-Rendered-Image-V02-1-1024x683.png","type":"image\/png"}],"twitter_card":"summary_large_image","twitter_misc":{"Tiempo de lectura":"1 minuto"},"schema":{"@context":"https:\/\/schema.org","@graph":[{"@type":"WebPage","@id":"https:\/\/bromma.com\/es\/products\/sts45e-g2-plus\/","url":"https:\/\/bromma.com\/es\/products\/sts45e-g2-plus\/","name":"STS45E G2 PLUS - Bromma","isPartOf":{"@id":"https:\/\/bromma.com\/es\/#website"},"primaryImageOfPage":{"@id":"https:\/\/bromma.com\/es\/products\/sts45e-g2-plus\/#primaryimage"},"image":{"@id":"https:\/\/bromma.com\/es\/products\/sts45e-g2-plus\/#primaryimage"},"thumbnailUrl":"https:\/\/bromma.com\/es\/wp-content\/uploads\/sites\/5\/2023\/09\/01_STS45E-G2-Cover-Rendered-Image-V02-1.png","datePublished":"2023-09-07T13:48:05+00:00","dateModified":"2023-09-07T13:58:01+00:00","description":"STS45E es un spreader de doble elevaci\u00f3n totalmente el\u00e9ctrico para uso en gr\u00faas STS. Este spreader pesa solo 11.7 toneladas m\u00e9tricas y consume menos energ\u00eda que sus competidores.","breadcrumb":{"@id":"https:\/\/bromma.com\/es\/products\/sts45e-g2-plus\/#breadcrumb"},"inLanguage":"es","potentialAction":[{"@type":"ReadAction","target":["https:\/\/bromma.com\/es\/products\/sts45e-g2-plus\/"]}]},{"@type":"ImageObject","inLanguage":"es","@id":"https:\/\/bromma.com\/es\/products\/sts45e-g2-plus\/#primaryimage","url":"https:\/\/bromma.com\/es\/wp-content\/uploads\/sites\/5\/2023\/09\/01_STS45E-G2-Cover-Rendered-Image-V02-1.png","contentUrl":"https:\/\/bromma.com\/es\/wp-content\/uploads\/sites\/5\/2023\/09\/01_STS45E-G2-Cover-Rendered-Image-V02-1.png","width":4500,"height":3000},{"@type":"BreadcrumbList","@id":"https:\/\/bromma.com\/es\/products\/sts45e-g2-plus\/#breadcrumb","itemListElement":[{"@type":"ListItem","position":1,"name":"Home","item":"https:\/\/bromma.com\/es\/"},{"@type":"ListItem","position":2,"name":"Productos","item":"https:\/\/bromma.com\/es\/products\/"},{"@type":"ListItem","position":3,"name":"STS45E G2 PLUS"}]},{"@type":"WebSite","@id":"https:\/\/bromma.com\/es\/#website","url":"https:\/\/bromma.com\/es\/","name":"Bromma","description":"Una tradici\u00f3n de innovaci\u00f3n","publisher":{"@id":"https:\/\/bromma.com\/es\/#organization"},"potentialAction":[{"@type":"SearchAction","target":{"@type":"EntryPoint","urlTemplate":"https:\/\/bromma.com\/es\/?s={search_term_string}"},"query-input":{"@type":"PropertyValueSpecification","valueRequired":true,"valueName":"search_term_string"}}],"inLanguage":"es"},{"@type":"Organization","@id":"https:\/\/bromma.com\/es\/#organization","name":"Bromma","url":"https:\/\/bromma.com\/es\/","logo":{"@type":"ImageObject","inLanguage":"es","@id":"https:\/\/bromma.com\/es\/#\/schema\/logo\/image\/","url":"https:\/\/bromma.com\/es\/wp-content\/uploads\/sites\/5\/2020\/05\/Bromma-logo_blue_RGB_SPA.png","contentUrl":"https:\/\/bromma.com\/es\/wp-content\/uploads\/sites\/5\/2020\/05\/Bromma-logo_blue_RGB_SPA.png","width":512,"height":512,"caption":"Bromma"},"image":{"@id":"https:\/\/bromma.com\/es\/#\/schema\/logo\/image\/"}}]}},"_links":{"self":[{"href":"https:\/\/bromma.com\/es\/wp-json\/wp\/v2\/product\/1974","targetHints":{"allow":["GET"]}}],"collection":[{"href":"https:\/\/bromma.com\/es\/wp-json\/wp\/v2\/product"}],"about":[{"href":"https:\/\/bromma.com\/es\/wp-json\/wp\/v2\/types\/product"}],"wp:featuredmedia":[{"embeddable":true,"href":"https:\/\/bromma.com\/es\/wp-json\/wp\/v2\/media\/1975"}],"wp:attachment":[{"href":"https:\/\/bromma.com\/es\/wp-json\/wp\/v2\/media?parent=1974"}],"wp:term":[{"taxonomy":"product_brand","embeddable":true,"href":"https:\/\/bromma.com\/es\/wp-json\/wp\/v2\/product_brand?post=1974"},{"taxonomy":"product_cat","embeddable":true,"href":"https:\/\/bromma.com\/es\/wp-json\/wp\/v2\/product_cat?post=1974"},{"taxonomy":"product_tag","embeddable":true,"href":"https:\/\/bromma.com\/es\/wp-json\/wp\/v2\/product_tag?post=1974"}],"curies":[{"name":"wp","href":"https:\/\/api.w.org\/{rel}","templated":true}]}}