{"id":822,"date":"2019-06-04T17:33:29","date_gmt":"2019-06-04T15:33:29","guid":{"rendered":"https:\/\/brommadev.wpengine.com\/?post_type=product&amp;p=822"},"modified":"2019-06-04T17:33:29","modified_gmt":"2019-06-04T15:33:29","slug":"load-sensing-system","status":"publish","type":"product","link":"https:\/\/bromma.com\/es\/products\/load-sensing-system\/","title":{"rendered":"Sistema de detecci\u00f3n de carga"},"content":{"rendered":"<p>El sistema de medici\u00f3n de peso de contenedores de Bromma pesa los contenedores con alta precisi\u00f3n como parte del ciclo de elevaci\u00f3n normal. La aplicaci\u00f3n puede pesar contenedores individuales cuando son elevados, incluso en el modo doble. El sistema y el proceso de medici\u00f3n de peso no tendr\u00e1n ning\u00fan efecto en las necesidades de recursos de transporte ni en los flujos operacionales de la terminal. En adici\u00f3n al peso del contenedor y a la carga moment\u00e1nea, el sistema tambi\u00e9n mide la excentricidad, es decir, detecta la ubicaci\u00f3n del centro de gravedad del contenedor cargado. Los niveles de advertencia y alarma se pueden establecer bas\u00e1ndose en la excentricidad. Los datos del sistema de pesaje de contenedores se env\u00edan a trav\u00e9s del cable de la gr\u00faa al PLC de la gr\u00faa. Los datos se pueden integrar en la l\u00f3gica del PLC de la gr\u00faa y tambi\u00e9n se pueden transferir a otros sistemas si est\u00e1n disponibles en dichas conexiones. Esto incluye el Sistema operativo de la terminal (TOS, por sus siglas en ingl\u00e9s) como ejemplo de dicho sistema.<\/p>\n<h4>Certificaci\u00f3n<\/h4>\n<p>Se requiere generalmente la certificaci\u00f3n de un sistema de medici\u00f3n de peso en todo el mundo seg\u00fan la legislaci\u00f3n local, aun cuando los detalles y el procedimiento de cada pa\u00eds sean distintos. La certificaci\u00f3n es realizada por autoridades reguladoras o institutos independientes de terceros acreditados por dichas autoridades.<\/p>\n<p>La certificaci\u00f3n de un sistema de medici\u00f3n de peso no puede ser emitida por un proveedor de equipos ya que la certificaci\u00f3n incluye no solamente al equipo, sino tambi\u00e9n el uso, el mantenimiento y la calibraci\u00f3n del sistema.<\/p>\n<p>El proveedor puede ayudar y simplificar el proceso de certificaci\u00f3n si proporciona un certificado de Aprobaci\u00f3n de tipo. Las aprobaciones de tipo son emitidas por terceros independientes, normalmente acreditados por autoridades regulatorias, quienes certifican que el sistema cumple con los est\u00e1ndares y el rendimiento especificado por el proveedor.<\/p>\n<p>El sistema de medici\u00f3n de peso de contenedor de Bromma ha sido evaluado en un programa de examinaci\u00f3n de tipo extensivo a trav\u00e9s de una instituci\u00f3n independiente y acreditada, el Instituto de Investigaci\u00f3n T\u00e9cnica SP de Suecia. La examinaci\u00f3n abarc\u00f3 una serie de pruebas de laboratorio, revisiones de documentaci\u00f3n, evaluaci\u00f3n del software y una prueba de campo. De este modo, el sistema de pesaje de contenedores Bromma ha obtenido los certificados OIML R51 y 2014\/32\/EU (MID).<\/p>\n","protected":false},"excerpt":{"rendered":"<a href=\"https:\/\/bromma.com\/es\/products\/load-sensing-system\/\" class=\"excerpt\">El sistema de detecci\u00f3n de carga de Bromma facilita el pesaje de contenedores durante la operaci\u00f3n normal de la gr\u00faa como parte del ciclo de elevaci\u00f3n de la gr\u00faa. De este modo, el sistema de pesaje de contenedores Bromma ha obtenido los certificados OIML R51 y 2014\/32\/EU (MID).\n<\/a><br><a href=\"https:\/\/bromma.com\/es\/products\/load-sensing-system\/\" class=\"excerptreadmore\">read more<\/a>","protected":false},"featured_media":823,"template":"","meta":{"_et_pb_use_builder":"off","_et_pb_old_content":"","_et_gb_content_width":""},"product_brand":[],"product_cat":[21],"product_tag":[],"class_list":{"0":"post-822","1":"product","2":"type-product","3":"status-publish","4":"has-post-thumbnail","6":"product_cat-ancillary-equipment-and-options","8":"first","9":"instock","10":"shipping-taxable","11":"product-type-simple"},"yoast_head":"<!-- This site is optimized with the Yoast SEO Premium plugin v27.2 (Yoast SEO v27.2) - https:\/\/yoast.com\/product\/yoast-seo-premium-wordpress\/ -->\n<title>Sistema de detecci\u00f3n de carga - Bromma<\/title>\n<meta name=\"robots\" content=\"index, follow, max-snippet:-1, max-image-preview:large, max-video-preview:-1\" \/>\n<link rel=\"canonical\" href=\"https:\/\/bromma.com\/es\/products\/load-sensing-system\/\" \/>\n<meta property=\"og:locale\" content=\"es_ES\" \/>\n<meta property=\"og:type\" content=\"article\" \/>\n<meta property=\"og:title\" content=\"Sistema de detecci\u00f3n de carga\" \/>\n<meta property=\"og:description\" content=\"El sistema de detecci\u00f3n de carga de Bromma facilita el pesaje de contenedores durante la operaci\u00f3n normal de la gr\u00faa como parte del ciclo de elevaci\u00f3n de la gr\u00faa. De este modo, el sistema de pesaje de contenedores Bromma ha obtenido los certificados OIML R51 y 2014\/32\/EU (MID).\" \/>\n<meta property=\"og:url\" content=\"https:\/\/bromma.com\/es\/products\/load-sensing-system\/\" \/>\n<meta property=\"og:site_name\" content=\"Bromma\" \/>\n<meta property=\"og:image\" content=\"https:\/\/bromma.com\/es\/wp-content\/uploads\/sites\/5\/2019\/06\/833_LoadSensingSystem.jpg\" \/>\n\t<meta property=\"og:image:width\" content=\"1920\" \/>\n\t<meta property=\"og:image:height\" content=\"1080\" \/>\n\t<meta property=\"og:image:type\" content=\"image\/jpeg\" \/>\n<meta name=\"twitter:card\" content=\"summary_large_image\" \/>\n<meta name=\"twitter:label1\" content=\"Tiempo de lectura\" \/>\n\t<meta name=\"twitter:data1\" content=\"2 minutos\" \/>\n<script type=\"application\/ld+json\" class=\"yoast-schema-graph\">{\"@context\":\"https:\/\/schema.org\",\"@graph\":[{\"@type\":\"WebPage\",\"@id\":\"https:\/\/bromma.com\/es\/products\/load-sensing-system\/\",\"url\":\"https:\/\/bromma.com\/es\/products\/load-sensing-system\/\",\"name\":\"Sistema de detecci\u00f3n de carga - Bromma\",\"isPartOf\":{\"@id\":\"https:\/\/bromma.com\/es\/#website\"},\"primaryImageOfPage\":{\"@id\":\"https:\/\/bromma.com\/es\/products\/load-sensing-system\/#primaryimage\"},\"image\":{\"@id\":\"https:\/\/bromma.com\/es\/products\/load-sensing-system\/#primaryimage\"},\"thumbnailUrl\":\"https:\/\/bromma.com\/es\/wp-content\/uploads\/sites\/5\/2019\/06\/833_LoadSensingSystem.jpg\",\"datePublished\":\"2019-06-04T15:33:29+00:00\",\"breadcrumb\":{\"@id\":\"https:\/\/bromma.com\/es\/products\/load-sensing-system\/#breadcrumb\"},\"inLanguage\":\"es\",\"potentialAction\":[{\"@type\":\"ReadAction\",\"target\":[\"https:\/\/bromma.com\/es\/products\/load-sensing-system\/\"]}]},{\"@type\":\"ImageObject\",\"inLanguage\":\"es\",\"@id\":\"https:\/\/bromma.com\/es\/products\/load-sensing-system\/#primaryimage\",\"url\":\"https:\/\/bromma.com\/es\/wp-content\/uploads\/sites\/5\/2019\/06\/833_LoadSensingSystem.jpg\",\"contentUrl\":\"https:\/\/bromma.com\/es\/wp-content\/uploads\/sites\/5\/2019\/06\/833_LoadSensingSystem.jpg\",\"width\":1920,\"height\":1080,\"caption\":\"Sistema de detecci\u00f3n de carga\"},{\"@type\":\"BreadcrumbList\",\"@id\":\"https:\/\/bromma.com\/es\/products\/load-sensing-system\/#breadcrumb\",\"itemListElement\":[{\"@type\":\"ListItem\",\"position\":1,\"name\":\"Home\",\"item\":\"https:\/\/bromma.com\/es\/\"},{\"@type\":\"ListItem\",\"position\":2,\"name\":\"Productos\",\"item\":\"https:\/\/bromma.com\/es\/products\/\"},{\"@type\":\"ListItem\",\"position\":3,\"name\":\"Sistema de detecci\u00f3n de carga\"}]},{\"@type\":\"WebSite\",\"@id\":\"https:\/\/bromma.com\/es\/#website\",\"url\":\"https:\/\/bromma.com\/es\/\",\"name\":\"Bromma\",\"description\":\"Una tradici\u00f3n de innovaci\u00f3n\",\"publisher\":{\"@id\":\"https:\/\/bromma.com\/es\/#organization\"},\"potentialAction\":[{\"@type\":\"SearchAction\",\"target\":{\"@type\":\"EntryPoint\",\"urlTemplate\":\"https:\/\/bromma.com\/es\/?s={search_term_string}\"},\"query-input\":{\"@type\":\"PropertyValueSpecification\",\"valueRequired\":true,\"valueName\":\"search_term_string\"}}],\"inLanguage\":\"es\"},{\"@type\":\"Organization\",\"@id\":\"https:\/\/bromma.com\/es\/#organization\",\"name\":\"Bromma\",\"url\":\"https:\/\/bromma.com\/es\/\",\"logo\":{\"@type\":\"ImageObject\",\"inLanguage\":\"es\",\"@id\":\"https:\/\/bromma.com\/es\/#\/schema\/logo\/image\/\",\"url\":\"https:\/\/bromma.com\/es\/wp-content\/uploads\/sites\/5\/2020\/05\/Bromma-logo_blue_RGB_SPA.png\",\"contentUrl\":\"https:\/\/bromma.com\/es\/wp-content\/uploads\/sites\/5\/2020\/05\/Bromma-logo_blue_RGB_SPA.png\",\"width\":512,\"height\":512,\"caption\":\"Bromma\"},\"image\":{\"@id\":\"https:\/\/bromma.com\/es\/#\/schema\/logo\/image\/\"}}]}<\/script>\n<!-- \/ Yoast SEO Premium plugin. -->","yoast_head_json":{"title":"Sistema de detecci\u00f3n de carga - Bromma","robots":{"index":"index","follow":"follow","max-snippet":"max-snippet:-1","max-image-preview":"max-image-preview:large","max-video-preview":"max-video-preview:-1"},"canonical":"https:\/\/bromma.com\/es\/products\/load-sensing-system\/","og_locale":"es_ES","og_type":"article","og_title":"Sistema de detecci\u00f3n de carga","og_description":"El sistema de detecci\u00f3n de carga de Bromma facilita el pesaje de contenedores durante la operaci\u00f3n normal de la gr\u00faa como parte del ciclo de elevaci\u00f3n de la gr\u00faa. De este modo, el sistema de pesaje de contenedores Bromma ha obtenido los certificados OIML R51 y 2014\/32\/EU (MID).","og_url":"https:\/\/bromma.com\/es\/products\/load-sensing-system\/","og_site_name":"Bromma","og_image":[{"width":1920,"height":1080,"url":"https:\/\/bromma.com\/es\/wp-content\/uploads\/sites\/5\/2019\/06\/833_LoadSensingSystem.jpg","type":"image\/jpeg"}],"twitter_card":"summary_large_image","twitter_misc":{"Tiempo de lectura":"2 minutos"},"schema":{"@context":"https:\/\/schema.org","@graph":[{"@type":"WebPage","@id":"https:\/\/bromma.com\/es\/products\/load-sensing-system\/","url":"https:\/\/bromma.com\/es\/products\/load-sensing-system\/","name":"Sistema de detecci\u00f3n de carga - Bromma","isPartOf":{"@id":"https:\/\/bromma.com\/es\/#website"},"primaryImageOfPage":{"@id":"https:\/\/bromma.com\/es\/products\/load-sensing-system\/#primaryimage"},"image":{"@id":"https:\/\/bromma.com\/es\/products\/load-sensing-system\/#primaryimage"},"thumbnailUrl":"https:\/\/bromma.com\/es\/wp-content\/uploads\/sites\/5\/2019\/06\/833_LoadSensingSystem.jpg","datePublished":"2019-06-04T15:33:29+00:00","breadcrumb":{"@id":"https:\/\/bromma.com\/es\/products\/load-sensing-system\/#breadcrumb"},"inLanguage":"es","potentialAction":[{"@type":"ReadAction","target":["https:\/\/bromma.com\/es\/products\/load-sensing-system\/"]}]},{"@type":"ImageObject","inLanguage":"es","@id":"https:\/\/bromma.com\/es\/products\/load-sensing-system\/#primaryimage","url":"https:\/\/bromma.com\/es\/wp-content\/uploads\/sites\/5\/2019\/06\/833_LoadSensingSystem.jpg","contentUrl":"https:\/\/bromma.com\/es\/wp-content\/uploads\/sites\/5\/2019\/06\/833_LoadSensingSystem.jpg","width":1920,"height":1080,"caption":"Sistema de detecci\u00f3n de carga"},{"@type":"BreadcrumbList","@id":"https:\/\/bromma.com\/es\/products\/load-sensing-system\/#breadcrumb","itemListElement":[{"@type":"ListItem","position":1,"name":"Home","item":"https:\/\/bromma.com\/es\/"},{"@type":"ListItem","position":2,"name":"Productos","item":"https:\/\/bromma.com\/es\/products\/"},{"@type":"ListItem","position":3,"name":"Sistema de detecci\u00f3n de carga"}]},{"@type":"WebSite","@id":"https:\/\/bromma.com\/es\/#website","url":"https:\/\/bromma.com\/es\/","name":"Bromma","description":"Una tradici\u00f3n de innovaci\u00f3n","publisher":{"@id":"https:\/\/bromma.com\/es\/#organization"},"potentialAction":[{"@type":"SearchAction","target":{"@type":"EntryPoint","urlTemplate":"https:\/\/bromma.com\/es\/?s={search_term_string}"},"query-input":{"@type":"PropertyValueSpecification","valueRequired":true,"valueName":"search_term_string"}}],"inLanguage":"es"},{"@type":"Organization","@id":"https:\/\/bromma.com\/es\/#organization","name":"Bromma","url":"https:\/\/bromma.com\/es\/","logo":{"@type":"ImageObject","inLanguage":"es","@id":"https:\/\/bromma.com\/es\/#\/schema\/logo\/image\/","url":"https:\/\/bromma.com\/es\/wp-content\/uploads\/sites\/5\/2020\/05\/Bromma-logo_blue_RGB_SPA.png","contentUrl":"https:\/\/bromma.com\/es\/wp-content\/uploads\/sites\/5\/2020\/05\/Bromma-logo_blue_RGB_SPA.png","width":512,"height":512,"caption":"Bromma"},"image":{"@id":"https:\/\/bromma.com\/es\/#\/schema\/logo\/image\/"}}]}},"_links":{"self":[{"href":"https:\/\/bromma.com\/es\/wp-json\/wp\/v2\/product\/822","targetHints":{"allow":["GET"]}}],"collection":[{"href":"https:\/\/bromma.com\/es\/wp-json\/wp\/v2\/product"}],"about":[{"href":"https:\/\/bromma.com\/es\/wp-json\/wp\/v2\/types\/product"}],"wp:featuredmedia":[{"embeddable":true,"href":"https:\/\/bromma.com\/es\/wp-json\/wp\/v2\/media\/823"}],"wp:attachment":[{"href":"https:\/\/bromma.com\/es\/wp-json\/wp\/v2\/media?parent=822"}],"wp:term":[{"taxonomy":"product_brand","embeddable":true,"href":"https:\/\/bromma.com\/es\/wp-json\/wp\/v2\/product_brand?post=822"},{"taxonomy":"product_cat","embeddable":true,"href":"https:\/\/bromma.com\/es\/wp-json\/wp\/v2\/product_cat?post=822"},{"taxonomy":"product_tag","embeddable":true,"href":"https:\/\/bromma.com\/es\/wp-json\/wp\/v2\/product_tag?post=822"}],"curies":[{"name":"wp","href":"https:\/\/api.w.org\/{rel}","templated":true}]}}