{"id":824,"date":"2019-06-04T17:49:22","date_gmt":"2019-06-04T15:49:22","guid":{"rendered":"https:\/\/brommadev.wpengine.com\/?post_type=product&#038;p=824"},"modified":"2023-09-07T15:46:08","modified_gmt":"2023-09-07T13:46:08","slug":"ttds","status":"publish","type":"product","link":"https:\/\/bromma.com\/es\/products\/ttds\/","title":{"rendered":"TTDS &#8211; Sistema de detecci\u00f3n Twin Twenty"},"content":{"rendered":"<p>El sistema TTDS de Bromma &#8211; Twin Twenty Detection System, es una herramienta para ayudar al operador de la gr\u00faa a detectar una situaci\u00f3n peligrosa de dos contenedores de 20 pies debajo de un spreader colocado en la posici\u00f3n de 40 pies, lo que supone un riesgo muy real y una situaci\u00f3n de izado potencialmente peligrosa. El sistema est\u00e1 dise\u00f1ado para detectar la existencia de dos contenedores de 20 pies en una celda de un barco de 40 pies detectando el espacio entre los dos contenedores. La tecnolog\u00eda TTDS de Bromma gira en torno a siete sensores fotoel\u00e9ctricos. Cinco se utilizan para detectar un hueco. Dos para detectar la existencia de los contenedores.\u00a0TTDS es un accesorio para los nuevos spreaders, pero tambi\u00e9n se puede adaptar f\u00e1cilmente a sus spreaders antiguos.<\/p>\n<h4>Razones clave para especificar TTDS<\/h4>\n<ul>\n<li>Seguridad. Con TTDS se evitan las peligrosas elevaciones de dos contenedores de 20 pies en una posici\u00f3n de 40 pies.<\/li>\n<li>Con TTDS tiene la capacidad de detectar una gr\u00faa insegura de veinte doble, incluso sin hueco.<\/li>\n<li>Los &#8220;costos&#8221; asociados a un accidente de veinte doble pueden ser elevados. Da\u00f1os por accidente a los contenedores y al spreader, con el consiguiente da\u00f1o al buque portacontenedores, con el consiguiente retraso en el programa de embarque. Da\u00f1os econ\u00f3micos por p\u00e9rdida o rotura del contenido del contenedor del cliente. Riesgo de da\u00f1os por responsabilidad legal.<\/li>\n<\/ul>\n","protected":false},"excerpt":{"rendered":"<a href=\"https:\/\/bromma.com\/es\/products\/ttds\/\" class=\"excerpt\">El sistema TTDS de Bromma es una herramienta para ayudar al operador de la gr\u00faa a detectar una situaci\u00f3n peligrosa. El sistema est\u00e1 dise\u00f1ado para detectar la presencia de dos contenedores de 20 pies en una celda de un barco de 40 pies mediante la identificaci\u00f3n del espacio entre los dos contenedores. La tecnolog\u00eda TTDS de Bromma se basa en siete sensores fotoel\u00e9ctricos.\n<\/a><br><a href=\"https:\/\/bromma.com\/es\/products\/ttds\/\" class=\"excerptreadmore\">read more<\/a>","protected":false},"featured_media":825,"template":"","meta":{"_et_pb_use_builder":"off","_et_pb_old_content":"","_et_gb_content_width":""},"product_brand":[],"product_cat":[21],"product_tag":[],"class_list":{"0":"post-824","1":"product","2":"type-product","3":"status-publish","4":"has-post-thumbnail","6":"product_cat-ancillary-equipment-and-options","8":"first","9":"instock","10":"shipping-taxable","11":"product-type-simple"},"yoast_head":"<!-- This site is optimized with the Yoast SEO Premium plugin v27.2 (Yoast SEO v27.2) - https:\/\/yoast.com\/product\/yoast-seo-premium-wordpress\/ -->\n<title>TTDS - Sistema de detecci\u00f3n Twin Twenty - Bromma<\/title>\n<meta name=\"robots\" content=\"index, follow, max-snippet:-1, max-image-preview:large, max-video-preview:-1\" \/>\n<link rel=\"canonical\" href=\"https:\/\/bromma.com\/es\/products\/ttds\/\" \/>\n<meta property=\"og:locale\" content=\"es_ES\" \/>\n<meta property=\"og:type\" content=\"article\" \/>\n<meta property=\"og:title\" content=\"TTDS - Sistema de detecci\u00f3n Twin Twenty\" \/>\n<meta property=\"og:description\" content=\"El sistema TTDS de Bromma es una herramienta para ayudar al operador de la gr\u00faa a detectar una situaci\u00f3n peligrosa. El sistema est\u00e1 dise\u00f1ado para detectar la presencia de dos contenedores de 20 pies en una celda de un barco de 40 pies mediante la identificaci\u00f3n del espacio entre los dos contenedores. La tecnolog\u00eda TTDS de Bromma se basa en siete sensores fotoel\u00e9ctricos.\" \/>\n<meta property=\"og:url\" content=\"https:\/\/bromma.com\/es\/products\/ttds\/\" \/>\n<meta property=\"og:site_name\" content=\"Bromma\" \/>\n<meta property=\"article:modified_time\" content=\"2023-09-07T13:46:08+00:00\" \/>\n<meta property=\"og:image\" content=\"https:\/\/bromma.com\/es\/wp-content\/uploads\/sites\/5\/2019\/06\/833_TTDS.jpg\" \/>\n\t<meta property=\"og:image:width\" content=\"1920\" \/>\n\t<meta property=\"og:image:height\" content=\"1080\" \/>\n\t<meta property=\"og:image:type\" content=\"image\/jpeg\" \/>\n<meta name=\"twitter:card\" content=\"summary_large_image\" \/>\n<meta name=\"twitter:label1\" content=\"Tiempo de lectura\" \/>\n\t<meta name=\"twitter:data1\" content=\"2 minutos\" \/>\n<script type=\"application\/ld+json\" class=\"yoast-schema-graph\">{\"@context\":\"https:\/\/schema.org\",\"@graph\":[{\"@type\":\"WebPage\",\"@id\":\"https:\/\/bromma.com\/es\/products\/ttds\/\",\"url\":\"https:\/\/bromma.com\/es\/products\/ttds\/\",\"name\":\"TTDS - Sistema de detecci\u00f3n Twin Twenty - Bromma\",\"isPartOf\":{\"@id\":\"https:\/\/bromma.com\/es\/#website\"},\"primaryImageOfPage\":{\"@id\":\"https:\/\/bromma.com\/es\/products\/ttds\/#primaryimage\"},\"image\":{\"@id\":\"https:\/\/bromma.com\/es\/products\/ttds\/#primaryimage\"},\"thumbnailUrl\":\"https:\/\/bromma.com\/es\/wp-content\/uploads\/sites\/5\/2019\/06\/833_TTDS.jpg\",\"datePublished\":\"2019-06-04T15:49:22+00:00\",\"dateModified\":\"2023-09-07T13:46:08+00:00\",\"breadcrumb\":{\"@id\":\"https:\/\/bromma.com\/es\/products\/ttds\/#breadcrumb\"},\"inLanguage\":\"es\",\"potentialAction\":[{\"@type\":\"ReadAction\",\"target\":[\"https:\/\/bromma.com\/es\/products\/ttds\/\"]}]},{\"@type\":\"ImageObject\",\"inLanguage\":\"es\",\"@id\":\"https:\/\/bromma.com\/es\/products\/ttds\/#primaryimage\",\"url\":\"https:\/\/bromma.com\/es\/wp-content\/uploads\/sites\/5\/2019\/06\/833_TTDS.jpg\",\"contentUrl\":\"https:\/\/bromma.com\/es\/wp-content\/uploads\/sites\/5\/2019\/06\/833_TTDS.jpg\",\"width\":1920,\"height\":1080,\"caption\":\"TTDS (Sistema de detecci\u00f3n de dos contenedores de 20 pies)\"},{\"@type\":\"BreadcrumbList\",\"@id\":\"https:\/\/bromma.com\/es\/products\/ttds\/#breadcrumb\",\"itemListElement\":[{\"@type\":\"ListItem\",\"position\":1,\"name\":\"Home\",\"item\":\"https:\/\/bromma.com\/es\/\"},{\"@type\":\"ListItem\",\"position\":2,\"name\":\"Productos\",\"item\":\"https:\/\/bromma.com\/es\/products\/\"},{\"@type\":\"ListItem\",\"position\":3,\"name\":\"TTDS &#8211; Sistema de detecci\u00f3n Twin Twenty\"}]},{\"@type\":\"WebSite\",\"@id\":\"https:\/\/bromma.com\/es\/#website\",\"url\":\"https:\/\/bromma.com\/es\/\",\"name\":\"Bromma\",\"description\":\"Una tradici\u00f3n de innovaci\u00f3n\",\"publisher\":{\"@id\":\"https:\/\/bromma.com\/es\/#organization\"},\"potentialAction\":[{\"@type\":\"SearchAction\",\"target\":{\"@type\":\"EntryPoint\",\"urlTemplate\":\"https:\/\/bromma.com\/es\/?s={search_term_string}\"},\"query-input\":{\"@type\":\"PropertyValueSpecification\",\"valueRequired\":true,\"valueName\":\"search_term_string\"}}],\"inLanguage\":\"es\"},{\"@type\":\"Organization\",\"@id\":\"https:\/\/bromma.com\/es\/#organization\",\"name\":\"Bromma\",\"url\":\"https:\/\/bromma.com\/es\/\",\"logo\":{\"@type\":\"ImageObject\",\"inLanguage\":\"es\",\"@id\":\"https:\/\/bromma.com\/es\/#\/schema\/logo\/image\/\",\"url\":\"https:\/\/bromma.com\/es\/wp-content\/uploads\/sites\/5\/2020\/05\/Bromma-logo_blue_RGB_SPA.png\",\"contentUrl\":\"https:\/\/bromma.com\/es\/wp-content\/uploads\/sites\/5\/2020\/05\/Bromma-logo_blue_RGB_SPA.png\",\"width\":512,\"height\":512,\"caption\":\"Bromma\"},\"image\":{\"@id\":\"https:\/\/bromma.com\/es\/#\/schema\/logo\/image\/\"}}]}<\/script>\n<!-- \/ Yoast SEO Premium plugin. -->","yoast_head_json":{"title":"TTDS - Sistema de detecci\u00f3n Twin Twenty - Bromma","robots":{"index":"index","follow":"follow","max-snippet":"max-snippet:-1","max-image-preview":"max-image-preview:large","max-video-preview":"max-video-preview:-1"},"canonical":"https:\/\/bromma.com\/es\/products\/ttds\/","og_locale":"es_ES","og_type":"article","og_title":"TTDS - Sistema de detecci\u00f3n Twin Twenty","og_description":"El sistema TTDS de Bromma es una herramienta para ayudar al operador de la gr\u00faa a detectar una situaci\u00f3n peligrosa. El sistema est\u00e1 dise\u00f1ado para detectar la presencia de dos contenedores de 20 pies en una celda de un barco de 40 pies mediante la identificaci\u00f3n del espacio entre los dos contenedores. La tecnolog\u00eda TTDS de Bromma se basa en siete sensores fotoel\u00e9ctricos.","og_url":"https:\/\/bromma.com\/es\/products\/ttds\/","og_site_name":"Bromma","article_modified_time":"2023-09-07T13:46:08+00:00","og_image":[{"width":1920,"height":1080,"url":"https:\/\/bromma.com\/es\/wp-content\/uploads\/sites\/5\/2019\/06\/833_TTDS.jpg","type":"image\/jpeg"}],"twitter_card":"summary_large_image","twitter_misc":{"Tiempo de lectura":"2 minutos"},"schema":{"@context":"https:\/\/schema.org","@graph":[{"@type":"WebPage","@id":"https:\/\/bromma.com\/es\/products\/ttds\/","url":"https:\/\/bromma.com\/es\/products\/ttds\/","name":"TTDS - Sistema de detecci\u00f3n Twin Twenty - Bromma","isPartOf":{"@id":"https:\/\/bromma.com\/es\/#website"},"primaryImageOfPage":{"@id":"https:\/\/bromma.com\/es\/products\/ttds\/#primaryimage"},"image":{"@id":"https:\/\/bromma.com\/es\/products\/ttds\/#primaryimage"},"thumbnailUrl":"https:\/\/bromma.com\/es\/wp-content\/uploads\/sites\/5\/2019\/06\/833_TTDS.jpg","datePublished":"2019-06-04T15:49:22+00:00","dateModified":"2023-09-07T13:46:08+00:00","breadcrumb":{"@id":"https:\/\/bromma.com\/es\/products\/ttds\/#breadcrumb"},"inLanguage":"es","potentialAction":[{"@type":"ReadAction","target":["https:\/\/bromma.com\/es\/products\/ttds\/"]}]},{"@type":"ImageObject","inLanguage":"es","@id":"https:\/\/bromma.com\/es\/products\/ttds\/#primaryimage","url":"https:\/\/bromma.com\/es\/wp-content\/uploads\/sites\/5\/2019\/06\/833_TTDS.jpg","contentUrl":"https:\/\/bromma.com\/es\/wp-content\/uploads\/sites\/5\/2019\/06\/833_TTDS.jpg","width":1920,"height":1080,"caption":"TTDS (Sistema de detecci\u00f3n de dos contenedores de 20 pies)"},{"@type":"BreadcrumbList","@id":"https:\/\/bromma.com\/es\/products\/ttds\/#breadcrumb","itemListElement":[{"@type":"ListItem","position":1,"name":"Home","item":"https:\/\/bromma.com\/es\/"},{"@type":"ListItem","position":2,"name":"Productos","item":"https:\/\/bromma.com\/es\/products\/"},{"@type":"ListItem","position":3,"name":"TTDS &#8211; Sistema de detecci\u00f3n Twin Twenty"}]},{"@type":"WebSite","@id":"https:\/\/bromma.com\/es\/#website","url":"https:\/\/bromma.com\/es\/","name":"Bromma","description":"Una tradici\u00f3n de innovaci\u00f3n","publisher":{"@id":"https:\/\/bromma.com\/es\/#organization"},"potentialAction":[{"@type":"SearchAction","target":{"@type":"EntryPoint","urlTemplate":"https:\/\/bromma.com\/es\/?s={search_term_string}"},"query-input":{"@type":"PropertyValueSpecification","valueRequired":true,"valueName":"search_term_string"}}],"inLanguage":"es"},{"@type":"Organization","@id":"https:\/\/bromma.com\/es\/#organization","name":"Bromma","url":"https:\/\/bromma.com\/es\/","logo":{"@type":"ImageObject","inLanguage":"es","@id":"https:\/\/bromma.com\/es\/#\/schema\/logo\/image\/","url":"https:\/\/bromma.com\/es\/wp-content\/uploads\/sites\/5\/2020\/05\/Bromma-logo_blue_RGB_SPA.png","contentUrl":"https:\/\/bromma.com\/es\/wp-content\/uploads\/sites\/5\/2020\/05\/Bromma-logo_blue_RGB_SPA.png","width":512,"height":512,"caption":"Bromma"},"image":{"@id":"https:\/\/bromma.com\/es\/#\/schema\/logo\/image\/"}}]}},"_links":{"self":[{"href":"https:\/\/bromma.com\/es\/wp-json\/wp\/v2\/product\/824","targetHints":{"allow":["GET"]}}],"collection":[{"href":"https:\/\/bromma.com\/es\/wp-json\/wp\/v2\/product"}],"about":[{"href":"https:\/\/bromma.com\/es\/wp-json\/wp\/v2\/types\/product"}],"wp:featuredmedia":[{"embeddable":true,"href":"https:\/\/bromma.com\/es\/wp-json\/wp\/v2\/media\/825"}],"wp:attachment":[{"href":"https:\/\/bromma.com\/es\/wp-json\/wp\/v2\/media?parent=824"}],"wp:term":[{"taxonomy":"product_brand","embeddable":true,"href":"https:\/\/bromma.com\/es\/wp-json\/wp\/v2\/product_brand?post=824"},{"taxonomy":"product_cat","embeddable":true,"href":"https:\/\/bromma.com\/es\/wp-json\/wp\/v2\/product_cat?post=824"},{"taxonomy":"product_tag","embeddable":true,"href":"https:\/\/bromma.com\/es\/wp-json\/wp\/v2\/product_tag?post=824"}],"curies":[{"name":"wp","href":"https:\/\/api.w.org\/{rel}","templated":true}]}}