{"id":826,"date":"2019-06-04T18:05:46","date_gmt":"2019-06-04T16:05:46","guid":{"rendered":"https:\/\/brommadev.wpengine.com\/?post_type=product&amp;p=826"},"modified":"2019-06-04T18:05:46","modified_gmt":"2019-06-04T16:05:46","slug":"scu-spreader-control-unit","status":"publish","type":"product","link":"https:\/\/bromma.com\/es\/products\/scu-spreader-control-unit\/","title":{"rendered":"SCU &#8211; Unidad de control de spreaders"},"content":{"rendered":"<p>La SCU consiste en dos elementos b\u00e1sicos; un PLC montado en el spreader y un software de control de spreader que controla las funciones del mismo. El resultado es un solo sistema de control optimizado para controlar el spreader. La SCU Bromma es el sistema de control preferido para la mayor\u00eda de los spreaders de gr\u00faa Bromma.<\/p>\n<p>La SCU se puede ampliar con una unidad de registro de control remoto (RML) que proporciona acceso a la informaci\u00f3n de su spreader Bromma en una p\u00e1gina web accesible desde cualquier computadora port\u00e1til, tableta o tel\u00e9fono con conexi\u00f3n WiFi. El RML proporciona informaci\u00f3n de diagn\u00f3stico especial del spreader desde la unidad del spreader al que est\u00e1 conectada.<\/p>\n","protected":false},"excerpt":{"rendered":"<a href=\"https:\/\/bromma.com\/es\/products\/scu-spreader-control-unit\/\" class=\"excerpt\">La unidad de control de spreaders de Bromma (SCU) es un sistema de control de spreaders desarrollado con el objetivo principal de controlar y operar un spreader de Bromma.\n<\/a><br><a href=\"https:\/\/bromma.com\/es\/products\/scu-spreader-control-unit\/\" class=\"excerptreadmore\">read more<\/a>","protected":false},"featured_media":1030,"template":"","meta":{"_et_pb_use_builder":"off","_et_pb_old_content":"","_et_gb_content_width":""},"product_brand":[],"product_cat":[21],"product_tag":[],"class_list":{"0":"post-826","1":"product","2":"type-product","3":"status-publish","4":"has-post-thumbnail","6":"product_cat-ancillary-equipment-and-options","8":"first","9":"instock","10":"shipping-taxable","11":"product-type-simple"},"yoast_head":"<!-- This site is optimized with the Yoast SEO Premium plugin v27.2 (Yoast SEO v27.2) - https:\/\/yoast.com\/product\/yoast-seo-premium-wordpress\/ -->\n<title>SCU - Unidad de control de spreaders - Bromma<\/title>\n<meta name=\"description\" content=\"La unidad de control de spreaders de Bromma (SCU) es un sistema de control de spreaders desarrollado con el objetivo principal de controlar y operar un spreader de Bromma.\" \/>\n<meta name=\"robots\" content=\"index, follow, max-snippet:-1, max-image-preview:large, max-video-preview:-1\" \/>\n<link rel=\"canonical\" href=\"https:\/\/bromma.com\/es\/products\/scu-spreader-control-unit\/\" \/>\n<meta property=\"og:locale\" content=\"es_ES\" \/>\n<meta property=\"og:type\" content=\"article\" \/>\n<meta property=\"og:title\" content=\"SCU - Unidad de control de spreaders\" \/>\n<meta property=\"og:description\" content=\"La unidad de control de spreaders de Bromma (SCU) es un sistema de control de spreaders desarrollado con el objetivo principal de controlar y operar un spreader de Bromma.\" \/>\n<meta property=\"og:url\" content=\"https:\/\/bromma.com\/es\/products\/scu-spreader-control-unit\/\" \/>\n<meta property=\"og:site_name\" content=\"Bromma\" \/>\n<meta property=\"og:image\" content=\"https:\/\/bromma.com\/es\/wp-content\/uploads\/sites\/5\/2019\/06\/SCU.jpg\" \/>\n\t<meta property=\"og:image:width\" content=\"1920\" \/>\n\t<meta property=\"og:image:height\" content=\"1080\" \/>\n\t<meta property=\"og:image:type\" content=\"image\/jpeg\" \/>\n<meta name=\"twitter:card\" content=\"summary_large_image\" \/>\n<meta name=\"twitter:label1\" content=\"Tiempo de lectura\" \/>\n\t<meta name=\"twitter:data1\" content=\"1 minuto\" \/>\n<script type=\"application\/ld+json\" class=\"yoast-schema-graph\">{\"@context\":\"https:\/\/schema.org\",\"@graph\":[{\"@type\":\"WebPage\",\"@id\":\"https:\/\/bromma.com\/es\/products\/scu-spreader-control-unit\/\",\"url\":\"https:\/\/bromma.com\/es\/products\/scu-spreader-control-unit\/\",\"name\":\"SCU - Unidad de control de spreaders - Bromma\",\"isPartOf\":{\"@id\":\"https:\/\/bromma.com\/es\/#website\"},\"primaryImageOfPage\":{\"@id\":\"https:\/\/bromma.com\/es\/products\/scu-spreader-control-unit\/#primaryimage\"},\"image\":{\"@id\":\"https:\/\/bromma.com\/es\/products\/scu-spreader-control-unit\/#primaryimage\"},\"thumbnailUrl\":\"https:\/\/bromma.com\/es\/wp-content\/uploads\/sites\/5\/2019\/06\/SCU.jpg\",\"datePublished\":\"2019-06-04T16:05:46+00:00\",\"description\":\"La unidad de control de spreaders de Bromma (SCU) es un sistema de control de spreaders desarrollado con el objetivo principal de controlar y operar un spreader de Bromma.\",\"breadcrumb\":{\"@id\":\"https:\/\/bromma.com\/es\/products\/scu-spreader-control-unit\/#breadcrumb\"},\"inLanguage\":\"es\",\"potentialAction\":[{\"@type\":\"ReadAction\",\"target\":[\"https:\/\/bromma.com\/es\/products\/scu-spreader-control-unit\/\"]}]},{\"@type\":\"ImageObject\",\"inLanguage\":\"es\",\"@id\":\"https:\/\/bromma.com\/es\/products\/scu-spreader-control-unit\/#primaryimage\",\"url\":\"https:\/\/bromma.com\/es\/wp-content\/uploads\/sites\/5\/2019\/06\/SCU.jpg\",\"contentUrl\":\"https:\/\/bromma.com\/es\/wp-content\/uploads\/sites\/5\/2019\/06\/SCU.jpg\",\"width\":1920,\"height\":1080,\"caption\":\"Unidad de control de spreaders Bromma\"},{\"@type\":\"BreadcrumbList\",\"@id\":\"https:\/\/bromma.com\/es\/products\/scu-spreader-control-unit\/#breadcrumb\",\"itemListElement\":[{\"@type\":\"ListItem\",\"position\":1,\"name\":\"Home\",\"item\":\"https:\/\/bromma.com\/es\/\"},{\"@type\":\"ListItem\",\"position\":2,\"name\":\"Productos\",\"item\":\"https:\/\/bromma.com\/es\/products\/\"},{\"@type\":\"ListItem\",\"position\":3,\"name\":\"SCU &#8211; Unidad de control de spreaders\"}]},{\"@type\":\"WebSite\",\"@id\":\"https:\/\/bromma.com\/es\/#website\",\"url\":\"https:\/\/bromma.com\/es\/\",\"name\":\"Bromma\",\"description\":\"Una tradici\u00f3n de innovaci\u00f3n\",\"publisher\":{\"@id\":\"https:\/\/bromma.com\/es\/#organization\"},\"potentialAction\":[{\"@type\":\"SearchAction\",\"target\":{\"@type\":\"EntryPoint\",\"urlTemplate\":\"https:\/\/bromma.com\/es\/?s={search_term_string}\"},\"query-input\":{\"@type\":\"PropertyValueSpecification\",\"valueRequired\":true,\"valueName\":\"search_term_string\"}}],\"inLanguage\":\"es\"},{\"@type\":\"Organization\",\"@id\":\"https:\/\/bromma.com\/es\/#organization\",\"name\":\"Bromma\",\"url\":\"https:\/\/bromma.com\/es\/\",\"logo\":{\"@type\":\"ImageObject\",\"inLanguage\":\"es\",\"@id\":\"https:\/\/bromma.com\/es\/#\/schema\/logo\/image\/\",\"url\":\"https:\/\/bromma.com\/es\/wp-content\/uploads\/sites\/5\/2020\/05\/Bromma-logo_blue_RGB_SPA.png\",\"contentUrl\":\"https:\/\/bromma.com\/es\/wp-content\/uploads\/sites\/5\/2020\/05\/Bromma-logo_blue_RGB_SPA.png\",\"width\":512,\"height\":512,\"caption\":\"Bromma\"},\"image\":{\"@id\":\"https:\/\/bromma.com\/es\/#\/schema\/logo\/image\/\"}}]}<\/script>\n<!-- \/ Yoast SEO Premium plugin. -->","yoast_head_json":{"title":"SCU - Unidad de control de spreaders - Bromma","description":"La unidad de control de spreaders de Bromma (SCU) es un sistema de control de spreaders desarrollado con el objetivo principal de controlar y operar un spreader de Bromma.","robots":{"index":"index","follow":"follow","max-snippet":"max-snippet:-1","max-image-preview":"max-image-preview:large","max-video-preview":"max-video-preview:-1"},"canonical":"https:\/\/bromma.com\/es\/products\/scu-spreader-control-unit\/","og_locale":"es_ES","og_type":"article","og_title":"SCU - Unidad de control de spreaders","og_description":"La unidad de control de spreaders de Bromma (SCU) es un sistema de control de spreaders desarrollado con el objetivo principal de controlar y operar un spreader de Bromma.","og_url":"https:\/\/bromma.com\/es\/products\/scu-spreader-control-unit\/","og_site_name":"Bromma","og_image":[{"width":1920,"height":1080,"url":"https:\/\/bromma.com\/es\/wp-content\/uploads\/sites\/5\/2019\/06\/SCU.jpg","type":"image\/jpeg"}],"twitter_card":"summary_large_image","twitter_misc":{"Tiempo de lectura":"1 minuto"},"schema":{"@context":"https:\/\/schema.org","@graph":[{"@type":"WebPage","@id":"https:\/\/bromma.com\/es\/products\/scu-spreader-control-unit\/","url":"https:\/\/bromma.com\/es\/products\/scu-spreader-control-unit\/","name":"SCU - Unidad de control de spreaders - Bromma","isPartOf":{"@id":"https:\/\/bromma.com\/es\/#website"},"primaryImageOfPage":{"@id":"https:\/\/bromma.com\/es\/products\/scu-spreader-control-unit\/#primaryimage"},"image":{"@id":"https:\/\/bromma.com\/es\/products\/scu-spreader-control-unit\/#primaryimage"},"thumbnailUrl":"https:\/\/bromma.com\/es\/wp-content\/uploads\/sites\/5\/2019\/06\/SCU.jpg","datePublished":"2019-06-04T16:05:46+00:00","description":"La unidad de control de spreaders de Bromma (SCU) es un sistema de control de spreaders desarrollado con el objetivo principal de controlar y operar un spreader de Bromma.","breadcrumb":{"@id":"https:\/\/bromma.com\/es\/products\/scu-spreader-control-unit\/#breadcrumb"},"inLanguage":"es","potentialAction":[{"@type":"ReadAction","target":["https:\/\/bromma.com\/es\/products\/scu-spreader-control-unit\/"]}]},{"@type":"ImageObject","inLanguage":"es","@id":"https:\/\/bromma.com\/es\/products\/scu-spreader-control-unit\/#primaryimage","url":"https:\/\/bromma.com\/es\/wp-content\/uploads\/sites\/5\/2019\/06\/SCU.jpg","contentUrl":"https:\/\/bromma.com\/es\/wp-content\/uploads\/sites\/5\/2019\/06\/SCU.jpg","width":1920,"height":1080,"caption":"Unidad de control de spreaders Bromma"},{"@type":"BreadcrumbList","@id":"https:\/\/bromma.com\/es\/products\/scu-spreader-control-unit\/#breadcrumb","itemListElement":[{"@type":"ListItem","position":1,"name":"Home","item":"https:\/\/bromma.com\/es\/"},{"@type":"ListItem","position":2,"name":"Productos","item":"https:\/\/bromma.com\/es\/products\/"},{"@type":"ListItem","position":3,"name":"SCU &#8211; Unidad de control de spreaders"}]},{"@type":"WebSite","@id":"https:\/\/bromma.com\/es\/#website","url":"https:\/\/bromma.com\/es\/","name":"Bromma","description":"Una tradici\u00f3n de innovaci\u00f3n","publisher":{"@id":"https:\/\/bromma.com\/es\/#organization"},"potentialAction":[{"@type":"SearchAction","target":{"@type":"EntryPoint","urlTemplate":"https:\/\/bromma.com\/es\/?s={search_term_string}"},"query-input":{"@type":"PropertyValueSpecification","valueRequired":true,"valueName":"search_term_string"}}],"inLanguage":"es"},{"@type":"Organization","@id":"https:\/\/bromma.com\/es\/#organization","name":"Bromma","url":"https:\/\/bromma.com\/es\/","logo":{"@type":"ImageObject","inLanguage":"es","@id":"https:\/\/bromma.com\/es\/#\/schema\/logo\/image\/","url":"https:\/\/bromma.com\/es\/wp-content\/uploads\/sites\/5\/2020\/05\/Bromma-logo_blue_RGB_SPA.png","contentUrl":"https:\/\/bromma.com\/es\/wp-content\/uploads\/sites\/5\/2020\/05\/Bromma-logo_blue_RGB_SPA.png","width":512,"height":512,"caption":"Bromma"},"image":{"@id":"https:\/\/bromma.com\/es\/#\/schema\/logo\/image\/"}}]}},"_links":{"self":[{"href":"https:\/\/bromma.com\/es\/wp-json\/wp\/v2\/product\/826","targetHints":{"allow":["GET"]}}],"collection":[{"href":"https:\/\/bromma.com\/es\/wp-json\/wp\/v2\/product"}],"about":[{"href":"https:\/\/bromma.com\/es\/wp-json\/wp\/v2\/types\/product"}],"wp:featuredmedia":[{"embeddable":true,"href":"https:\/\/bromma.com\/es\/wp-json\/wp\/v2\/media\/1030"}],"wp:attachment":[{"href":"https:\/\/bromma.com\/es\/wp-json\/wp\/v2\/media?parent=826"}],"wp:term":[{"taxonomy":"product_brand","embeddable":true,"href":"https:\/\/bromma.com\/es\/wp-json\/wp\/v2\/product_brand?post=826"},{"taxonomy":"product_cat","embeddable":true,"href":"https:\/\/bromma.com\/es\/wp-json\/wp\/v2\/product_cat?post=826"},{"taxonomy":"product_tag","embeddable":true,"href":"https:\/\/bromma.com\/es\/wp-json\/wp\/v2\/product_tag?post=826"}],"curies":[{"name":"wp","href":"https:\/\/api.w.org\/{rel}","templated":true}]}}