{"id":827,"date":"2019-06-04T18:10:25","date_gmt":"2019-06-04T16:10:25","guid":{"rendered":"https:\/\/brommadev.wpengine.com\/?post_type=product&amp;p=827"},"modified":"2019-06-04T18:10:25","modified_gmt":"2019-06-04T16:10:25","slug":"his-height-indication-system","status":"publish","type":"product","link":"https:\/\/bromma.com\/es\/products\/his-height-indication-system\/","title":{"rendered":"HIS &#8211; Sistema de indicaci\u00f3n de altura"},"content":{"rendered":"<p>El sistema ultras\u00f3nico mide la distancia entre el spreader y el contenedor, y env\u00eda una se\u00f1al a la gr\u00faa para que se desacelere, ayudando al operador de la gr\u00faa a no aterrizar demasiado fuerte en el contenedor. El sistema es de gran valor especialmente cuando se trata de aterrizar en la celda del barco, donde es m\u00e1s dif\u00edcil para el operador medir visualmente la distancia restante, o en spreaders con gr\u00faa de m\u00e1stil, donde la cabina de la gr\u00faa est\u00e1 muy lejos de la embarcaci\u00f3n. HIS ayuda al operador de la gr\u00faa a acercarse al contenedor a una velocidad adecuada, al tiempo que le permite limitar los impactos fuertes. Est\u00e1 dise\u00f1ado para limitar los aterrizajes bruscos en el contenedor, una caracter\u00edstica que es especialmente valiosa en las gr\u00faas de alta velocidad.<\/p>\n","protected":false},"excerpt":{"rendered":"<a href=\"https:\/\/bromma.com\/es\/products\/his-height-indication-system\/\" class=\"excerpt\">El sistema de indicaci\u00f3n de altura de Bromma, HIS, ayuda al operador de la gr\u00faa a no depositar demasiado fuerte el contenedor. HIS aumenta la productividad y la seguridad y puede adaptarse f\u00e1cilmente a cualquier spreader Bromma.\n<\/a><br><a href=\"https:\/\/bromma.com\/es\/products\/his-height-indication-system\/\" class=\"excerptreadmore\">read more<\/a>","protected":false},"featured_media":828,"template":"","meta":{"_et_pb_use_builder":"off","_et_pb_old_content":"","_et_gb_content_width":""},"product_brand":[],"product_cat":[21,44],"product_tag":[],"class_list":{"0":"post-827","1":"product","2":"type-product","3":"status-publish","4":"has-post-thumbnail","6":"product_cat-ancillary-equipment-and-options","7":"product_cat-spreader-upgrades","9":"first","10":"instock","11":"shipping-taxable","12":"product-type-simple"},"yoast_head":"<!-- This site is optimized with the Yoast SEO Premium plugin v27.2 (Yoast SEO v27.2) - https:\/\/yoast.com\/product\/yoast-seo-premium-wordpress\/ -->\n<title>HIS - Sistema de indicaci\u00f3n de altura - Bromma<\/title>\n<meta name=\"robots\" content=\"index, follow, max-snippet:-1, max-image-preview:large, max-video-preview:-1\" \/>\n<link rel=\"canonical\" href=\"https:\/\/bromma.com\/es\/products\/his-height-indication-system\/\" \/>\n<meta property=\"og:locale\" content=\"es_ES\" \/>\n<meta property=\"og:type\" content=\"article\" \/>\n<meta property=\"og:title\" content=\"HIS - Sistema de indicaci\u00f3n de altura\" \/>\n<meta property=\"og:description\" content=\"El sistema de indicaci\u00f3n de altura de Bromma, HIS, ayuda al operador de la gr\u00faa a no depositar demasiado fuerte el contenedor. HIS aumenta la productividad y la seguridad y puede adaptarse f\u00e1cilmente a cualquier spreader Bromma.\" \/>\n<meta property=\"og:url\" content=\"https:\/\/bromma.com\/es\/products\/his-height-indication-system\/\" \/>\n<meta property=\"og:site_name\" content=\"Bromma\" \/>\n<meta property=\"og:image\" content=\"https:\/\/bromma.com\/es\/wp-content\/uploads\/sites\/5\/2019\/06\/HIS_476.jpg\" \/>\n\t<meta property=\"og:image:width\" content=\"1920\" \/>\n\t<meta property=\"og:image:height\" content=\"1080\" \/>\n\t<meta property=\"og:image:type\" content=\"image\/jpeg\" \/>\n<meta name=\"twitter:card\" content=\"summary_large_image\" \/>\n<meta name=\"twitter:label1\" content=\"Tiempo de lectura\" \/>\n\t<meta name=\"twitter:data1\" content=\"1 minuto\" \/>\n<script type=\"application\/ld+json\" class=\"yoast-schema-graph\">{\"@context\":\"https:\/\/schema.org\",\"@graph\":[{\"@type\":\"WebPage\",\"@id\":\"https:\/\/bromma.com\/es\/products\/his-height-indication-system\/\",\"url\":\"https:\/\/bromma.com\/es\/products\/his-height-indication-system\/\",\"name\":\"HIS - Sistema de indicaci\u00f3n de altura - Bromma\",\"isPartOf\":{\"@id\":\"https:\/\/bromma.com\/es\/#website\"},\"primaryImageOfPage\":{\"@id\":\"https:\/\/bromma.com\/es\/products\/his-height-indication-system\/#primaryimage\"},\"image\":{\"@id\":\"https:\/\/bromma.com\/es\/products\/his-height-indication-system\/#primaryimage\"},\"thumbnailUrl\":\"https:\/\/bromma.com\/es\/wp-content\/uploads\/sites\/5\/2019\/06\/HIS_476.jpg\",\"datePublished\":\"2019-06-04T16:10:25+00:00\",\"breadcrumb\":{\"@id\":\"https:\/\/bromma.com\/es\/products\/his-height-indication-system\/#breadcrumb\"},\"inLanguage\":\"es\",\"potentialAction\":[{\"@type\":\"ReadAction\",\"target\":[\"https:\/\/bromma.com\/es\/products\/his-height-indication-system\/\"]}]},{\"@type\":\"ImageObject\",\"inLanguage\":\"es\",\"@id\":\"https:\/\/bromma.com\/es\/products\/his-height-indication-system\/#primaryimage\",\"url\":\"https:\/\/bromma.com\/es\/wp-content\/uploads\/sites\/5\/2019\/06\/HIS_476.jpg\",\"contentUrl\":\"https:\/\/bromma.com\/es\/wp-content\/uploads\/sites\/5\/2019\/06\/HIS_476.jpg\",\"width\":1920,\"height\":1080,\"caption\":\"HIS (sistema de indicaci\u00f3n de altura)\"},{\"@type\":\"BreadcrumbList\",\"@id\":\"https:\/\/bromma.com\/es\/products\/his-height-indication-system\/#breadcrumb\",\"itemListElement\":[{\"@type\":\"ListItem\",\"position\":1,\"name\":\"Home\",\"item\":\"https:\/\/bromma.com\/es\/\"},{\"@type\":\"ListItem\",\"position\":2,\"name\":\"Productos\",\"item\":\"https:\/\/bromma.com\/es\/products\/\"},{\"@type\":\"ListItem\",\"position\":3,\"name\":\"HIS &#8211; Sistema de indicaci\u00f3n de altura\"}]},{\"@type\":\"WebSite\",\"@id\":\"https:\/\/bromma.com\/es\/#website\",\"url\":\"https:\/\/bromma.com\/es\/\",\"name\":\"Bromma\",\"description\":\"Una tradici\u00f3n de innovaci\u00f3n\",\"publisher\":{\"@id\":\"https:\/\/bromma.com\/es\/#organization\"},\"potentialAction\":[{\"@type\":\"SearchAction\",\"target\":{\"@type\":\"EntryPoint\",\"urlTemplate\":\"https:\/\/bromma.com\/es\/?s={search_term_string}\"},\"query-input\":{\"@type\":\"PropertyValueSpecification\",\"valueRequired\":true,\"valueName\":\"search_term_string\"}}],\"inLanguage\":\"es\"},{\"@type\":\"Organization\",\"@id\":\"https:\/\/bromma.com\/es\/#organization\",\"name\":\"Bromma\",\"url\":\"https:\/\/bromma.com\/es\/\",\"logo\":{\"@type\":\"ImageObject\",\"inLanguage\":\"es\",\"@id\":\"https:\/\/bromma.com\/es\/#\/schema\/logo\/image\/\",\"url\":\"https:\/\/bromma.com\/es\/wp-content\/uploads\/sites\/5\/2020\/05\/Bromma-logo_blue_RGB_SPA.png\",\"contentUrl\":\"https:\/\/bromma.com\/es\/wp-content\/uploads\/sites\/5\/2020\/05\/Bromma-logo_blue_RGB_SPA.png\",\"width\":512,\"height\":512,\"caption\":\"Bromma\"},\"image\":{\"@id\":\"https:\/\/bromma.com\/es\/#\/schema\/logo\/image\/\"}}]}<\/script>\n<!-- \/ Yoast SEO Premium plugin. -->","yoast_head_json":{"title":"HIS - Sistema de indicaci\u00f3n de altura - Bromma","robots":{"index":"index","follow":"follow","max-snippet":"max-snippet:-1","max-image-preview":"max-image-preview:large","max-video-preview":"max-video-preview:-1"},"canonical":"https:\/\/bromma.com\/es\/products\/his-height-indication-system\/","og_locale":"es_ES","og_type":"article","og_title":"HIS - Sistema de indicaci\u00f3n de altura","og_description":"El sistema de indicaci\u00f3n de altura de Bromma, HIS, ayuda al operador de la gr\u00faa a no depositar demasiado fuerte el contenedor. HIS aumenta la productividad y la seguridad y puede adaptarse f\u00e1cilmente a cualquier spreader Bromma.","og_url":"https:\/\/bromma.com\/es\/products\/his-height-indication-system\/","og_site_name":"Bromma","og_image":[{"width":1920,"height":1080,"url":"https:\/\/bromma.com\/es\/wp-content\/uploads\/sites\/5\/2019\/06\/HIS_476.jpg","type":"image\/jpeg"}],"twitter_card":"summary_large_image","twitter_misc":{"Tiempo de lectura":"1 minuto"},"schema":{"@context":"https:\/\/schema.org","@graph":[{"@type":"WebPage","@id":"https:\/\/bromma.com\/es\/products\/his-height-indication-system\/","url":"https:\/\/bromma.com\/es\/products\/his-height-indication-system\/","name":"HIS - Sistema de indicaci\u00f3n de altura - Bromma","isPartOf":{"@id":"https:\/\/bromma.com\/es\/#website"},"primaryImageOfPage":{"@id":"https:\/\/bromma.com\/es\/products\/his-height-indication-system\/#primaryimage"},"image":{"@id":"https:\/\/bromma.com\/es\/products\/his-height-indication-system\/#primaryimage"},"thumbnailUrl":"https:\/\/bromma.com\/es\/wp-content\/uploads\/sites\/5\/2019\/06\/HIS_476.jpg","datePublished":"2019-06-04T16:10:25+00:00","breadcrumb":{"@id":"https:\/\/bromma.com\/es\/products\/his-height-indication-system\/#breadcrumb"},"inLanguage":"es","potentialAction":[{"@type":"ReadAction","target":["https:\/\/bromma.com\/es\/products\/his-height-indication-system\/"]}]},{"@type":"ImageObject","inLanguage":"es","@id":"https:\/\/bromma.com\/es\/products\/his-height-indication-system\/#primaryimage","url":"https:\/\/bromma.com\/es\/wp-content\/uploads\/sites\/5\/2019\/06\/HIS_476.jpg","contentUrl":"https:\/\/bromma.com\/es\/wp-content\/uploads\/sites\/5\/2019\/06\/HIS_476.jpg","width":1920,"height":1080,"caption":"HIS (sistema de indicaci\u00f3n de altura)"},{"@type":"BreadcrumbList","@id":"https:\/\/bromma.com\/es\/products\/his-height-indication-system\/#breadcrumb","itemListElement":[{"@type":"ListItem","position":1,"name":"Home","item":"https:\/\/bromma.com\/es\/"},{"@type":"ListItem","position":2,"name":"Productos","item":"https:\/\/bromma.com\/es\/products\/"},{"@type":"ListItem","position":3,"name":"HIS &#8211; Sistema de indicaci\u00f3n de altura"}]},{"@type":"WebSite","@id":"https:\/\/bromma.com\/es\/#website","url":"https:\/\/bromma.com\/es\/","name":"Bromma","description":"Una tradici\u00f3n de innovaci\u00f3n","publisher":{"@id":"https:\/\/bromma.com\/es\/#organization"},"potentialAction":[{"@type":"SearchAction","target":{"@type":"EntryPoint","urlTemplate":"https:\/\/bromma.com\/es\/?s={search_term_string}"},"query-input":{"@type":"PropertyValueSpecification","valueRequired":true,"valueName":"search_term_string"}}],"inLanguage":"es"},{"@type":"Organization","@id":"https:\/\/bromma.com\/es\/#organization","name":"Bromma","url":"https:\/\/bromma.com\/es\/","logo":{"@type":"ImageObject","inLanguage":"es","@id":"https:\/\/bromma.com\/es\/#\/schema\/logo\/image\/","url":"https:\/\/bromma.com\/es\/wp-content\/uploads\/sites\/5\/2020\/05\/Bromma-logo_blue_RGB_SPA.png","contentUrl":"https:\/\/bromma.com\/es\/wp-content\/uploads\/sites\/5\/2020\/05\/Bromma-logo_blue_RGB_SPA.png","width":512,"height":512,"caption":"Bromma"},"image":{"@id":"https:\/\/bromma.com\/es\/#\/schema\/logo\/image\/"}}]}},"_links":{"self":[{"href":"https:\/\/bromma.com\/es\/wp-json\/wp\/v2\/product\/827","targetHints":{"allow":["GET"]}}],"collection":[{"href":"https:\/\/bromma.com\/es\/wp-json\/wp\/v2\/product"}],"about":[{"href":"https:\/\/bromma.com\/es\/wp-json\/wp\/v2\/types\/product"}],"wp:featuredmedia":[{"embeddable":true,"href":"https:\/\/bromma.com\/es\/wp-json\/wp\/v2\/media\/828"}],"wp:attachment":[{"href":"https:\/\/bromma.com\/es\/wp-json\/wp\/v2\/media?parent=827"}],"wp:term":[{"taxonomy":"product_brand","embeddable":true,"href":"https:\/\/bromma.com\/es\/wp-json\/wp\/v2\/product_brand?post=827"},{"taxonomy":"product_cat","embeddable":true,"href":"https:\/\/bromma.com\/es\/wp-json\/wp\/v2\/product_cat?post=827"},{"taxonomy":"product_tag","embeddable":true,"href":"https:\/\/bromma.com\/es\/wp-json\/wp\/v2\/product_tag?post=827"}],"curies":[{"name":"wp","href":"https:\/\/api.w.org\/{rel}","templated":true}]}}