{"id":918,"date":"2019-06-05T13:44:09","date_gmt":"2019-06-05T11:44:09","guid":{"rendered":"https:\/\/brommadev.wpengine.com\/?post_type=product&amp;p=918"},"modified":"2019-06-05T13:44:09","modified_gmt":"2019-06-05T11:44:09","slug":"ysx40e-ysx45e","status":"publish","type":"product","link":"https:\/\/bromma.com\/es\/products\/ysx40e-ysx45e\/","title":{"rendered":"YSX40E\/YSX45E"},"content":{"rendered":"<h4>Posibles combinaciones de contenedores: 20\u00b4, 30\u00b4, 40\u00b4, (45\u00b4)<\/h4>\n<p>YSX45E es perfectamente adecuado para su uso en aplicaciones ASC. Con menos puntos de servicio, menor peso y ausencia de sistemas hidr\u00e1ulicos, este spreader se caracteriza por su alta disponibilidad, f\u00e1cil mantenimiento y mayor durabilidad. YSX40E e YSX45E ofrecen un alto rendimiento de productividad, larga vida \u00fatil y m\u00e1xima seguridad. Sin embargo, son sorprendentemente ligeros, en muchos casos varias toneladas m\u00e9tricas m\u00e1s ligeros que los spreaders comparables del mercado.<\/p>\n<p>El spreader est\u00e1 dise\u00f1ado seg\u00fan la norma EN13001. Como todos los spreaders de Bromma, est\u00e1 fabricado en acero de alta calidad europeo, lo que garantiza un dise\u00f1o ligero y robusto. El spreader tiene un dise\u00f1o f\u00e1cil de usar y todos los componentes son muy accesibles para su inspecci\u00f3n y mantenimiento.<\/p>\n","protected":false},"excerpt":{"rendered":"<a href=\"https:\/\/bromma.com\/es\/products\/ysx40e-ysx45e\/\" class=\"excerpt\">YSX45E y YSX40E son spreaders telesc\u00f3picos de alcance medio totalmente el\u00e9ctricas, calculadas para dos millones de ciclos.\n<\/a><br><a href=\"https:\/\/bromma.com\/es\/products\/ysx40e-ysx45e\/\" class=\"excerptreadmore\">read more<\/a>","protected":false},"featured_media":920,"template":"","meta":{"_et_pb_use_builder":"off","_et_pb_old_content":"","_et_gb_content_width":""},"product_brand":[],"product_cat":[55],"product_tag":[51,20],"class_list":{"0":"post-918","1":"product","2":"type-product","3":"status-publish","4":"has-post-thumbnail","6":"product_cat-yard_spreaders","7":"product_tag-telescopic","8":"product_tag-all-electric","10":"first","11":"instock","12":"shipping-taxable","13":"product-type-simple"},"yoast_head":"<!-- This site is optimized with the Yoast SEO Premium plugin v27.5 (Yoast SEO v27.5) - https:\/\/yoast.com\/product\/yoast-seo-premium-wordpress\/ -->\n<title>YSX40E\/YSX45E - Bromma<\/title>\n<meta name=\"robots\" content=\"index, follow, max-snippet:-1, max-image-preview:large, max-video-preview:-1\" \/>\n<link rel=\"canonical\" href=\"https:\/\/bromma.com\/es\/products\/ysx40e-ysx45e\/\" \/>\n<meta property=\"og:locale\" content=\"es_ES\" \/>\n<meta property=\"og:type\" content=\"article\" \/>\n<meta property=\"og:title\" content=\"YSX40E\/YSX45E\" \/>\n<meta property=\"og:description\" content=\"YSX45E y YSX40E son spreaders telesc\u00f3picos de alcance medio totalmente el\u00e9ctricas, calculadas para dos millones de ciclos.\" \/>\n<meta property=\"og:url\" content=\"https:\/\/bromma.com\/es\/products\/ysx40e-ysx45e\/\" \/>\n<meta property=\"og:site_name\" content=\"Bromma\" \/>\n<meta property=\"og:image\" content=\"https:\/\/bromma.com\/es\/wp-content\/uploads\/sites\/5\/2019\/06\/YSX40E_YSX45E_spreader.jpg\" \/>\n\t<meta property=\"og:image:width\" content=\"1920\" \/>\n\t<meta property=\"og:image:height\" content=\"1080\" \/>\n\t<meta property=\"og:image:type\" content=\"image\/jpeg\" \/>\n<meta name=\"twitter:card\" content=\"summary_large_image\" \/>\n<meta name=\"twitter:label1\" content=\"Tiempo de lectura\" \/>\n\t<meta name=\"twitter:data1\" content=\"1 minuto\" \/>\n<script type=\"application\/ld+json\" class=\"yoast-schema-graph\">{\"@context\":\"https:\\\/\\\/schema.org\",\"@graph\":[{\"@type\":\"WebPage\",\"@id\":\"https:\\\/\\\/bromma.com\\\/es\\\/products\\\/ysx40e-ysx45e\\\/\",\"url\":\"https:\\\/\\\/bromma.com\\\/es\\\/products\\\/ysx40e-ysx45e\\\/\",\"name\":\"YSX40E\\\/YSX45E - Bromma\",\"isPartOf\":{\"@id\":\"https:\\\/\\\/bromma.com\\\/es\\\/#website\"},\"primaryImageOfPage\":{\"@id\":\"https:\\\/\\\/bromma.com\\\/es\\\/products\\\/ysx40e-ysx45e\\\/#primaryimage\"},\"image\":{\"@id\":\"https:\\\/\\\/bromma.com\\\/es\\\/products\\\/ysx40e-ysx45e\\\/#primaryimage\"},\"thumbnailUrl\":\"https:\\\/\\\/bromma.com\\\/es\\\/wp-content\\\/uploads\\\/sites\\\/5\\\/2019\\\/06\\\/YSX40E_YSX45E_spreader.jpg\",\"datePublished\":\"2019-06-05T11:44:09+00:00\",\"breadcrumb\":{\"@id\":\"https:\\\/\\\/bromma.com\\\/es\\\/products\\\/ysx40e-ysx45e\\\/#breadcrumb\"},\"inLanguage\":\"es\",\"potentialAction\":[{\"@type\":\"ReadAction\",\"target\":[\"https:\\\/\\\/bromma.com\\\/es\\\/products\\\/ysx40e-ysx45e\\\/\"]}]},{\"@type\":\"ImageObject\",\"inLanguage\":\"es\",\"@id\":\"https:\\\/\\\/bromma.com\\\/es\\\/products\\\/ysx40e-ysx45e\\\/#primaryimage\",\"url\":\"https:\\\/\\\/bromma.com\\\/es\\\/wp-content\\\/uploads\\\/sites\\\/5\\\/2019\\\/06\\\/YSX40E_YSX45E_spreader.jpg\",\"contentUrl\":\"https:\\\/\\\/bromma.com\\\/es\\\/wp-content\\\/uploads\\\/sites\\\/5\\\/2019\\\/06\\\/YSX40E_YSX45E_spreader.jpg\",\"width\":1920,\"height\":1080,\"caption\":\"Spreader YSX40E YSX45E\"},{\"@type\":\"BreadcrumbList\",\"@id\":\"https:\\\/\\\/bromma.com\\\/es\\\/products\\\/ysx40e-ysx45e\\\/#breadcrumb\",\"itemListElement\":[{\"@type\":\"ListItem\",\"position\":1,\"name\":\"Home\",\"item\":\"https:\\\/\\\/bromma.com\\\/es\\\/\"},{\"@type\":\"ListItem\",\"position\":2,\"name\":\"Productos\",\"item\":\"https:\\\/\\\/bromma.com\\\/es\\\/products\\\/\"},{\"@type\":\"ListItem\",\"position\":3,\"name\":\"YSX40E\\\/YSX45E\"}]},{\"@type\":\"WebSite\",\"@id\":\"https:\\\/\\\/bromma.com\\\/es\\\/#website\",\"url\":\"https:\\\/\\\/bromma.com\\\/es\\\/\",\"name\":\"Bromma\",\"description\":\"Una tradici\u00f3n de innovaci\u00f3n\",\"publisher\":{\"@id\":\"https:\\\/\\\/bromma.com\\\/es\\\/#organization\"},\"potentialAction\":[{\"@type\":\"SearchAction\",\"target\":{\"@type\":\"EntryPoint\",\"urlTemplate\":\"https:\\\/\\\/bromma.com\\\/es\\\/?s={search_term_string}\"},\"query-input\":{\"@type\":\"PropertyValueSpecification\",\"valueRequired\":true,\"valueName\":\"search_term_string\"}}],\"inLanguage\":\"es\"},{\"@type\":\"Organization\",\"@id\":\"https:\\\/\\\/bromma.com\\\/es\\\/#organization\",\"name\":\"Bromma\",\"url\":\"https:\\\/\\\/bromma.com\\\/es\\\/\",\"logo\":{\"@type\":\"ImageObject\",\"inLanguage\":\"es\",\"@id\":\"https:\\\/\\\/bromma.com\\\/es\\\/#\\\/schema\\\/logo\\\/image\\\/\",\"url\":\"https:\\\/\\\/bromma.com\\\/es\\\/wp-content\\\/uploads\\\/sites\\\/5\\\/2020\\\/05\\\/Bromma-logo_blue_RGB_SPA.png\",\"contentUrl\":\"https:\\\/\\\/bromma.com\\\/es\\\/wp-content\\\/uploads\\\/sites\\\/5\\\/2020\\\/05\\\/Bromma-logo_blue_RGB_SPA.png\",\"width\":512,\"height\":512,\"caption\":\"Bromma\"},\"image\":{\"@id\":\"https:\\\/\\\/bromma.com\\\/es\\\/#\\\/schema\\\/logo\\\/image\\\/\"}}]}<\/script>\n<!-- \/ Yoast SEO Premium plugin. -->","yoast_head_json":{"title":"YSX40E\/YSX45E - Bromma","robots":{"index":"index","follow":"follow","max-snippet":"max-snippet:-1","max-image-preview":"max-image-preview:large","max-video-preview":"max-video-preview:-1"},"canonical":"https:\/\/bromma.com\/es\/products\/ysx40e-ysx45e\/","og_locale":"es_ES","og_type":"article","og_title":"YSX40E\/YSX45E","og_description":"YSX45E y YSX40E son spreaders telesc\u00f3picos de alcance medio totalmente el\u00e9ctricas, calculadas para dos millones de ciclos.","og_url":"https:\/\/bromma.com\/es\/products\/ysx40e-ysx45e\/","og_site_name":"Bromma","og_image":[{"width":1920,"height":1080,"url":"https:\/\/bromma.com\/es\/wp-content\/uploads\/sites\/5\/2019\/06\/YSX40E_YSX45E_spreader.jpg","type":"image\/jpeg"}],"twitter_card":"summary_large_image","twitter_misc":{"Tiempo de lectura":"1 minuto"},"schema":{"@context":"https:\/\/schema.org","@graph":[{"@type":"WebPage","@id":"https:\/\/bromma.com\/es\/products\/ysx40e-ysx45e\/","url":"https:\/\/bromma.com\/es\/products\/ysx40e-ysx45e\/","name":"YSX40E\/YSX45E - Bromma","isPartOf":{"@id":"https:\/\/bromma.com\/es\/#website"},"primaryImageOfPage":{"@id":"https:\/\/bromma.com\/es\/products\/ysx40e-ysx45e\/#primaryimage"},"image":{"@id":"https:\/\/bromma.com\/es\/products\/ysx40e-ysx45e\/#primaryimage"},"thumbnailUrl":"https:\/\/bromma.com\/es\/wp-content\/uploads\/sites\/5\/2019\/06\/YSX40E_YSX45E_spreader.jpg","datePublished":"2019-06-05T11:44:09+00:00","breadcrumb":{"@id":"https:\/\/bromma.com\/es\/products\/ysx40e-ysx45e\/#breadcrumb"},"inLanguage":"es","potentialAction":[{"@type":"ReadAction","target":["https:\/\/bromma.com\/es\/products\/ysx40e-ysx45e\/"]}]},{"@type":"ImageObject","inLanguage":"es","@id":"https:\/\/bromma.com\/es\/products\/ysx40e-ysx45e\/#primaryimage","url":"https:\/\/bromma.com\/es\/wp-content\/uploads\/sites\/5\/2019\/06\/YSX40E_YSX45E_spreader.jpg","contentUrl":"https:\/\/bromma.com\/es\/wp-content\/uploads\/sites\/5\/2019\/06\/YSX40E_YSX45E_spreader.jpg","width":1920,"height":1080,"caption":"Spreader YSX40E YSX45E"},{"@type":"BreadcrumbList","@id":"https:\/\/bromma.com\/es\/products\/ysx40e-ysx45e\/#breadcrumb","itemListElement":[{"@type":"ListItem","position":1,"name":"Home","item":"https:\/\/bromma.com\/es\/"},{"@type":"ListItem","position":2,"name":"Productos","item":"https:\/\/bromma.com\/es\/products\/"},{"@type":"ListItem","position":3,"name":"YSX40E\/YSX45E"}]},{"@type":"WebSite","@id":"https:\/\/bromma.com\/es\/#website","url":"https:\/\/bromma.com\/es\/","name":"Bromma","description":"Una tradici\u00f3n de innovaci\u00f3n","publisher":{"@id":"https:\/\/bromma.com\/es\/#organization"},"potentialAction":[{"@type":"SearchAction","target":{"@type":"EntryPoint","urlTemplate":"https:\/\/bromma.com\/es\/?s={search_term_string}"},"query-input":{"@type":"PropertyValueSpecification","valueRequired":true,"valueName":"search_term_string"}}],"inLanguage":"es"},{"@type":"Organization","@id":"https:\/\/bromma.com\/es\/#organization","name":"Bromma","url":"https:\/\/bromma.com\/es\/","logo":{"@type":"ImageObject","inLanguage":"es","@id":"https:\/\/bromma.com\/es\/#\/schema\/logo\/image\/","url":"https:\/\/bromma.com\/es\/wp-content\/uploads\/sites\/5\/2020\/05\/Bromma-logo_blue_RGB_SPA.png","contentUrl":"https:\/\/bromma.com\/es\/wp-content\/uploads\/sites\/5\/2020\/05\/Bromma-logo_blue_RGB_SPA.png","width":512,"height":512,"caption":"Bromma"},"image":{"@id":"https:\/\/bromma.com\/es\/#\/schema\/logo\/image\/"}}]}},"_links":{"self":[{"href":"https:\/\/bromma.com\/es\/wp-json\/wp\/v2\/product\/918","targetHints":{"allow":["GET"]}}],"collection":[{"href":"https:\/\/bromma.com\/es\/wp-json\/wp\/v2\/product"}],"about":[{"href":"https:\/\/bromma.com\/es\/wp-json\/wp\/v2\/types\/product"}],"wp:featuredmedia":[{"embeddable":true,"href":"https:\/\/bromma.com\/es\/wp-json\/wp\/v2\/media\/920"}],"wp:attachment":[{"href":"https:\/\/bromma.com\/es\/wp-json\/wp\/v2\/media?parent=918"}],"wp:term":[{"taxonomy":"product_brand","embeddable":true,"href":"https:\/\/bromma.com\/es\/wp-json\/wp\/v2\/product_brand?post=918"},{"taxonomy":"product_cat","embeddable":true,"href":"https:\/\/bromma.com\/es\/wp-json\/wp\/v2\/product_cat?post=918"},{"taxonomy":"product_tag","embeddable":true,"href":"https:\/\/bromma.com\/es\/wp-json\/wp\/v2\/product_tag?post=918"}],"curies":[{"name":"wp","href":"https:\/\/api.w.org\/{rel}","templated":true}]}}