{"id":923,"date":"2019-06-07T11:25:58","date_gmt":"2019-06-07T09:25:58","guid":{"rendered":"https:\/\/brommadev.wpengine.com\/?post_type=product&amp;p=923"},"modified":"2019-06-07T11:25:58","modified_gmt":"2019-06-07T09:25:58","slug":"str40-str45","status":"publish","type":"product","link":"https:\/\/bromma.com\/es\/products\/str40-str45\/","title":{"rendered":"STR40\/STR45"},"content":{"rendered":"<h4>Posibles combinaciones de contenedores: 20\u00b4, 30\u00b4, 40\u00b4, (45\u00b4), 2&#215;20\u00b4<\/h4>\n<p>STR40\/STR45 son buenas alternativas para los terminales m\u00e1s peque\u00f1os y menos ocupados, pero tambi\u00e9n son buenos spreaders de reserva si el spreader habitual est\u00e1 fuera de servicio. El spreader est\u00e1 dise\u00f1ado seg\u00fan la norma EN13001. Como todos los spreaders de Bromma, est\u00e1 fabricado en acero de alta calidad europeo, lo que garantiza un dise\u00f1o ligero y robusto. El spreader tiene un dise\u00f1o f\u00e1cil de usar y todos los componentes son muy accesibles para su inspecci\u00f3n y mantenimiento.<\/p>\n","protected":false},"excerpt":{"rendered":"<a href=\"https:\/\/bromma.com\/es\/products\/str40-str45\/\" class=\"excerpt\">STR40\/STR45 son spreaders hidr\u00e1ulicos telesc\u00f3picos de doble elevaci\u00f3n STS. Pueden levantar una amplia combinaci\u00f3n de contenedores y, por lo tanto, proporcionar mejoras significativas en la productividad.\n<\/a><br><a href=\"https:\/\/bromma.com\/es\/products\/str40-str45\/\" class=\"excerptreadmore\">read more<\/a>","protected":false},"featured_media":924,"template":"","meta":{"_et_pb_use_builder":"off","_et_pb_old_content":"","_et_gb_content_width":""},"product_brand":[],"product_cat":[45],"product_tag":[26,54,51],"class_list":{"0":"post-923","1":"product","2":"type-product","3":"status-publish","4":"has-post-thumbnail","6":"product_cat-sts-spreaders","7":"product_tag-hydraulic","8":"product_tag-twin-lift","9":"product_tag-telescopic","11":"first","12":"instock","13":"shipping-taxable","14":"product-type-simple"},"yoast_head":"<!-- This site is optimized with the Yoast SEO Premium plugin v27.2 (Yoast SEO v27.2) - https:\/\/yoast.com\/product\/yoast-seo-premium-wordpress\/ -->\n<title>STR40\/STR45 - Bromma<\/title>\n<meta name=\"description\" content=\"STR40\/STR45 son spreaders hidr\u00e1ulicos telesc\u00f3picos de doble elevaci\u00f3n STS. Pueden levantar una amplia combinaci\u00f3n de contenedores y, por lo tanto, proporcionar mejoras significativas en la productividad.\" \/>\n<meta name=\"robots\" content=\"index, follow, max-snippet:-1, max-image-preview:large, max-video-preview:-1\" \/>\n<link rel=\"canonical\" href=\"https:\/\/bromma.com\/es\/products\/str40-str45\/\" \/>\n<meta property=\"og:locale\" content=\"es_ES\" \/>\n<meta property=\"og:type\" content=\"article\" \/>\n<meta property=\"og:title\" content=\"STR40\/STR45\" \/>\n<meta property=\"og:description\" content=\"STR40\/STR45 son spreaders hidr\u00e1ulicos telesc\u00f3picos de doble elevaci\u00f3n STS. Pueden levantar una amplia combinaci\u00f3n de contenedores y, por lo tanto, proporcionar mejoras significativas en la productividad.\" \/>\n<meta property=\"og:url\" content=\"https:\/\/bromma.com\/es\/products\/str40-str45\/\" \/>\n<meta property=\"og:site_name\" content=\"Bromma\" \/>\n<meta property=\"og:image\" content=\"https:\/\/bromma.com\/es\/wp-content\/uploads\/sites\/5\/2019\/06\/STR40_STR45_spreader.jpg\" \/>\n\t<meta property=\"og:image:width\" content=\"1920\" \/>\n\t<meta property=\"og:image:height\" content=\"1080\" \/>\n\t<meta property=\"og:image:type\" content=\"image\/jpeg\" \/>\n<meta name=\"twitter:card\" content=\"summary_large_image\" \/>\n<script type=\"application\/ld+json\" class=\"yoast-schema-graph\">{\"@context\":\"https:\/\/schema.org\",\"@graph\":[{\"@type\":\"WebPage\",\"@id\":\"https:\/\/bromma.com\/es\/products\/str40-str45\/\",\"url\":\"https:\/\/bromma.com\/es\/products\/str40-str45\/\",\"name\":\"STR40\/STR45 - Bromma\",\"isPartOf\":{\"@id\":\"https:\/\/bromma.com\/es\/#website\"},\"primaryImageOfPage\":{\"@id\":\"https:\/\/bromma.com\/es\/products\/str40-str45\/#primaryimage\"},\"image\":{\"@id\":\"https:\/\/bromma.com\/es\/products\/str40-str45\/#primaryimage\"},\"thumbnailUrl\":\"https:\/\/bromma.com\/es\/wp-content\/uploads\/sites\/5\/2019\/06\/STR40_STR45_spreader.jpg\",\"datePublished\":\"2019-06-07T09:25:58+00:00\",\"description\":\"STR40\/STR45 son spreaders hidr\u00e1ulicos telesc\u00f3picos de doble elevaci\u00f3n STS. Pueden levantar una amplia combinaci\u00f3n de contenedores y, por lo tanto, proporcionar mejoras significativas en la productividad.\",\"breadcrumb\":{\"@id\":\"https:\/\/bromma.com\/es\/products\/str40-str45\/#breadcrumb\"},\"inLanguage\":\"es\",\"potentialAction\":[{\"@type\":\"ReadAction\",\"target\":[\"https:\/\/bromma.com\/es\/products\/str40-str45\/\"]}]},{\"@type\":\"ImageObject\",\"inLanguage\":\"es\",\"@id\":\"https:\/\/bromma.com\/es\/products\/str40-str45\/#primaryimage\",\"url\":\"https:\/\/bromma.com\/es\/wp-content\/uploads\/sites\/5\/2019\/06\/STR40_STR45_spreader.jpg\",\"contentUrl\":\"https:\/\/bromma.com\/es\/wp-content\/uploads\/sites\/5\/2019\/06\/STR40_STR45_spreader.jpg\",\"width\":1920,\"height\":1080,\"caption\":\"Spreader Bromma STR40\/45\"},{\"@type\":\"BreadcrumbList\",\"@id\":\"https:\/\/bromma.com\/es\/products\/str40-str45\/#breadcrumb\",\"itemListElement\":[{\"@type\":\"ListItem\",\"position\":1,\"name\":\"Home\",\"item\":\"https:\/\/bromma.com\/es\/\"},{\"@type\":\"ListItem\",\"position\":2,\"name\":\"Productos\",\"item\":\"https:\/\/bromma.com\/es\/products\/\"},{\"@type\":\"ListItem\",\"position\":3,\"name\":\"STR40\/STR45\"}]},{\"@type\":\"WebSite\",\"@id\":\"https:\/\/bromma.com\/es\/#website\",\"url\":\"https:\/\/bromma.com\/es\/\",\"name\":\"Bromma\",\"description\":\"Una tradici\u00f3n de innovaci\u00f3n\",\"publisher\":{\"@id\":\"https:\/\/bromma.com\/es\/#organization\"},\"potentialAction\":[{\"@type\":\"SearchAction\",\"target\":{\"@type\":\"EntryPoint\",\"urlTemplate\":\"https:\/\/bromma.com\/es\/?s={search_term_string}\"},\"query-input\":{\"@type\":\"PropertyValueSpecification\",\"valueRequired\":true,\"valueName\":\"search_term_string\"}}],\"inLanguage\":\"es\"},{\"@type\":\"Organization\",\"@id\":\"https:\/\/bromma.com\/es\/#organization\",\"name\":\"Bromma\",\"url\":\"https:\/\/bromma.com\/es\/\",\"logo\":{\"@type\":\"ImageObject\",\"inLanguage\":\"es\",\"@id\":\"https:\/\/bromma.com\/es\/#\/schema\/logo\/image\/\",\"url\":\"https:\/\/bromma.com\/es\/wp-content\/uploads\/sites\/5\/2020\/05\/Bromma-logo_blue_RGB_SPA.png\",\"contentUrl\":\"https:\/\/bromma.com\/es\/wp-content\/uploads\/sites\/5\/2020\/05\/Bromma-logo_blue_RGB_SPA.png\",\"width\":512,\"height\":512,\"caption\":\"Bromma\"},\"image\":{\"@id\":\"https:\/\/bromma.com\/es\/#\/schema\/logo\/image\/\"}}]}<\/script>\n<!-- \/ Yoast SEO Premium plugin. -->","yoast_head_json":{"title":"STR40\/STR45 - Bromma","description":"STR40\/STR45 son spreaders hidr\u00e1ulicos telesc\u00f3picos de doble elevaci\u00f3n STS. Pueden levantar una amplia combinaci\u00f3n de contenedores y, por lo tanto, proporcionar mejoras significativas en la productividad.","robots":{"index":"index","follow":"follow","max-snippet":"max-snippet:-1","max-image-preview":"max-image-preview:large","max-video-preview":"max-video-preview:-1"},"canonical":"https:\/\/bromma.com\/es\/products\/str40-str45\/","og_locale":"es_ES","og_type":"article","og_title":"STR40\/STR45","og_description":"STR40\/STR45 son spreaders hidr\u00e1ulicos telesc\u00f3picos de doble elevaci\u00f3n STS. Pueden levantar una amplia combinaci\u00f3n de contenedores y, por lo tanto, proporcionar mejoras significativas en la productividad.","og_url":"https:\/\/bromma.com\/es\/products\/str40-str45\/","og_site_name":"Bromma","og_image":[{"width":1920,"height":1080,"url":"https:\/\/bromma.com\/es\/wp-content\/uploads\/sites\/5\/2019\/06\/STR40_STR45_spreader.jpg","type":"image\/jpeg"}],"twitter_card":"summary_large_image","schema":{"@context":"https:\/\/schema.org","@graph":[{"@type":"WebPage","@id":"https:\/\/bromma.com\/es\/products\/str40-str45\/","url":"https:\/\/bromma.com\/es\/products\/str40-str45\/","name":"STR40\/STR45 - Bromma","isPartOf":{"@id":"https:\/\/bromma.com\/es\/#website"},"primaryImageOfPage":{"@id":"https:\/\/bromma.com\/es\/products\/str40-str45\/#primaryimage"},"image":{"@id":"https:\/\/bromma.com\/es\/products\/str40-str45\/#primaryimage"},"thumbnailUrl":"https:\/\/bromma.com\/es\/wp-content\/uploads\/sites\/5\/2019\/06\/STR40_STR45_spreader.jpg","datePublished":"2019-06-07T09:25:58+00:00","description":"STR40\/STR45 son spreaders hidr\u00e1ulicos telesc\u00f3picos de doble elevaci\u00f3n STS. Pueden levantar una amplia combinaci\u00f3n de contenedores y, por lo tanto, proporcionar mejoras significativas en la productividad.","breadcrumb":{"@id":"https:\/\/bromma.com\/es\/products\/str40-str45\/#breadcrumb"},"inLanguage":"es","potentialAction":[{"@type":"ReadAction","target":["https:\/\/bromma.com\/es\/products\/str40-str45\/"]}]},{"@type":"ImageObject","inLanguage":"es","@id":"https:\/\/bromma.com\/es\/products\/str40-str45\/#primaryimage","url":"https:\/\/bromma.com\/es\/wp-content\/uploads\/sites\/5\/2019\/06\/STR40_STR45_spreader.jpg","contentUrl":"https:\/\/bromma.com\/es\/wp-content\/uploads\/sites\/5\/2019\/06\/STR40_STR45_spreader.jpg","width":1920,"height":1080,"caption":"Spreader Bromma STR40\/45"},{"@type":"BreadcrumbList","@id":"https:\/\/bromma.com\/es\/products\/str40-str45\/#breadcrumb","itemListElement":[{"@type":"ListItem","position":1,"name":"Home","item":"https:\/\/bromma.com\/es\/"},{"@type":"ListItem","position":2,"name":"Productos","item":"https:\/\/bromma.com\/es\/products\/"},{"@type":"ListItem","position":3,"name":"STR40\/STR45"}]},{"@type":"WebSite","@id":"https:\/\/bromma.com\/es\/#website","url":"https:\/\/bromma.com\/es\/","name":"Bromma","description":"Una tradici\u00f3n de innovaci\u00f3n","publisher":{"@id":"https:\/\/bromma.com\/es\/#organization"},"potentialAction":[{"@type":"SearchAction","target":{"@type":"EntryPoint","urlTemplate":"https:\/\/bromma.com\/es\/?s={search_term_string}"},"query-input":{"@type":"PropertyValueSpecification","valueRequired":true,"valueName":"search_term_string"}}],"inLanguage":"es"},{"@type":"Organization","@id":"https:\/\/bromma.com\/es\/#organization","name":"Bromma","url":"https:\/\/bromma.com\/es\/","logo":{"@type":"ImageObject","inLanguage":"es","@id":"https:\/\/bromma.com\/es\/#\/schema\/logo\/image\/","url":"https:\/\/bromma.com\/es\/wp-content\/uploads\/sites\/5\/2020\/05\/Bromma-logo_blue_RGB_SPA.png","contentUrl":"https:\/\/bromma.com\/es\/wp-content\/uploads\/sites\/5\/2020\/05\/Bromma-logo_blue_RGB_SPA.png","width":512,"height":512,"caption":"Bromma"},"image":{"@id":"https:\/\/bromma.com\/es\/#\/schema\/logo\/image\/"}}]}},"_links":{"self":[{"href":"https:\/\/bromma.com\/es\/wp-json\/wp\/v2\/product\/923","targetHints":{"allow":["GET"]}}],"collection":[{"href":"https:\/\/bromma.com\/es\/wp-json\/wp\/v2\/product"}],"about":[{"href":"https:\/\/bromma.com\/es\/wp-json\/wp\/v2\/types\/product"}],"wp:featuredmedia":[{"embeddable":true,"href":"https:\/\/bromma.com\/es\/wp-json\/wp\/v2\/media\/924"}],"wp:attachment":[{"href":"https:\/\/bromma.com\/es\/wp-json\/wp\/v2\/media?parent=923"}],"wp:term":[{"taxonomy":"product_brand","embeddable":true,"href":"https:\/\/bromma.com\/es\/wp-json\/wp\/v2\/product_brand?post=923"},{"taxonomy":"product_cat","embeddable":true,"href":"https:\/\/bromma.com\/es\/wp-json\/wp\/v2\/product_cat?post=923"},{"taxonomy":"product_tag","embeddable":true,"href":"https:\/\/bromma.com\/es\/wp-json\/wp\/v2\/product_tag?post=923"}],"curies":[{"name":"wp","href":"https:\/\/api.w.org\/{rel}","templated":true}]}}