{"id":926,"date":"2019-06-07T12:16:37","date_gmt":"2019-06-07T10:16:37","guid":{"rendered":"https:\/\/brommadev.wpengine.com\/?post_type=product&amp;p=926"},"modified":"2019-06-07T12:16:37","modified_gmt":"2019-06-07T10:16:37","slug":"sts45-light-weight","status":"publish","type":"product","link":"https:\/\/bromma.com\/es\/products\/sts45-light-weight\/","title":{"rendered":"STS45 peso ligero"},"content":{"rendered":"<h4>Posibles combinaciones de contenedores: 20\u00b4, 40\u00b4, 45\u00b4, 2&#215;20\u00b4<\/h4>\n<p>Se trata de uno de los spreaders m\u00e1s vers\u00e1tiles y flexibles del mercado, la funci\u00f3n twin-lift permite elevar una amplia variedad de tama\u00f1os y combinaciones de contenedores.\u00a0El spreader est\u00e1 dise\u00f1ado seg\u00fan la norma EN13001. Como todos los spreaders de Bromma, est\u00e1 fabricado en acero de alta calidad europeo, lo que garantiza un dise\u00f1o ligero y robusto. El spreader tiene un dise\u00f1o f\u00e1cil de usar y todos los componentes son muy accesibles para su inspecci\u00f3n y mantenimiento.<\/p>\n","protected":false},"excerpt":{"rendered":"<a href=\"https:\/\/bromma.com\/es\/products\/sts45-light-weight\/\" class=\"excerpt\">STS45LW de Bromma es un spreader de izaje de separaci\u00f3n doble y peso ligero, ideal para usarse en gr\u00faas STS que est\u00e1n clasificadas para izar menos peso. STS45LW pesa solo 10.5 toneladas m\u00e9tricas, lo cual es aproximadamente 2.2 toneladas m\u00e9tricas menos que un STS45 tradicional.\n<\/a><br><a href=\"https:\/\/bromma.com\/es\/products\/sts45-light-weight\/\" class=\"excerptreadmore\">read more<\/a>","protected":false},"featured_media":927,"template":"","meta":{"_et_pb_use_builder":"off","_et_pb_old_content":"","_et_gb_content_width":""},"product_brand":[],"product_cat":[45],"product_tag":[26,54,51],"class_list":{"0":"post-926","1":"product","2":"type-product","3":"status-publish","4":"has-post-thumbnail","6":"product_cat-sts-spreaders","7":"product_tag-hydraulic","8":"product_tag-twin-lift","9":"product_tag-telescopic","11":"first","12":"instock","13":"shipping-taxable","14":"product-type-simple"},"yoast_head":"<!-- This site is optimized with the Yoast SEO Premium plugin v27.2 (Yoast SEO v27.2) - https:\/\/yoast.com\/product\/yoast-seo-premium-wordpress\/ -->\n<title>STS45 peso ligero - Bromma<\/title>\n<meta name=\"description\" content=\"STS45LW de Bromma es un spreader de izaje de separaci\u00f3n doble y peso ligero, ideal para usarse en gr\u00faas STS que est\u00e1n clasificadas para izar menos peso.\" \/>\n<meta name=\"robots\" content=\"index, follow, max-snippet:-1, max-image-preview:large, max-video-preview:-1\" \/>\n<link rel=\"canonical\" href=\"https:\/\/bromma.com\/es\/products\/sts45-light-weight\/\" \/>\n<meta property=\"og:locale\" content=\"es_ES\" \/>\n<meta property=\"og:type\" content=\"article\" \/>\n<meta property=\"og:title\" content=\"STS45 peso ligero\" \/>\n<meta property=\"og:description\" content=\"STS45LW de Bromma es un spreader de izaje de separaci\u00f3n doble y peso ligero, ideal para usarse en gr\u00faas STS que est\u00e1n clasificadas para izar menos peso.\" \/>\n<meta property=\"og:url\" content=\"https:\/\/bromma.com\/es\/products\/sts45-light-weight\/\" \/>\n<meta property=\"og:site_name\" content=\"Bromma\" \/>\n<meta property=\"og:image\" content=\"https:\/\/bromma.com\/es\/wp-content\/uploads\/sites\/5\/2019\/06\/STS45LW_spreader.jpg\" \/>\n\t<meta property=\"og:image:width\" content=\"1920\" \/>\n\t<meta property=\"og:image:height\" content=\"1080\" \/>\n\t<meta property=\"og:image:type\" content=\"image\/jpeg\" \/>\n<meta name=\"twitter:card\" content=\"summary_large_image\" \/>\n<script type=\"application\/ld+json\" class=\"yoast-schema-graph\">{\"@context\":\"https:\/\/schema.org\",\"@graph\":[{\"@type\":\"WebPage\",\"@id\":\"https:\/\/bromma.com\/es\/products\/sts45-light-weight\/\",\"url\":\"https:\/\/bromma.com\/es\/products\/sts45-light-weight\/\",\"name\":\"STS45 peso ligero - Bromma\",\"isPartOf\":{\"@id\":\"https:\/\/bromma.com\/es\/#website\"},\"primaryImageOfPage\":{\"@id\":\"https:\/\/bromma.com\/es\/products\/sts45-light-weight\/#primaryimage\"},\"image\":{\"@id\":\"https:\/\/bromma.com\/es\/products\/sts45-light-weight\/#primaryimage\"},\"thumbnailUrl\":\"https:\/\/bromma.com\/es\/wp-content\/uploads\/sites\/5\/2019\/06\/STS45LW_spreader.jpg\",\"datePublished\":\"2019-06-07T10:16:37+00:00\",\"description\":\"STS45LW de Bromma es un spreader de izaje de separaci\u00f3n doble y peso ligero, ideal para usarse en gr\u00faas STS que est\u00e1n clasificadas para izar menos peso.\",\"breadcrumb\":{\"@id\":\"https:\/\/bromma.com\/es\/products\/sts45-light-weight\/#breadcrumb\"},\"inLanguage\":\"es\",\"potentialAction\":[{\"@type\":\"ReadAction\",\"target\":[\"https:\/\/bromma.com\/es\/products\/sts45-light-weight\/\"]}]},{\"@type\":\"ImageObject\",\"inLanguage\":\"es\",\"@id\":\"https:\/\/bromma.com\/es\/products\/sts45-light-weight\/#primaryimage\",\"url\":\"https:\/\/bromma.com\/es\/wp-content\/uploads\/sites\/5\/2019\/06\/STS45LW_spreader.jpg\",\"contentUrl\":\"https:\/\/bromma.com\/es\/wp-content\/uploads\/sites\/5\/2019\/06\/STS45LW_spreader.jpg\",\"width\":1920,\"height\":1080,\"caption\":\"Spreader ligero Bromma STS45\"},{\"@type\":\"BreadcrumbList\",\"@id\":\"https:\/\/bromma.com\/es\/products\/sts45-light-weight\/#breadcrumb\",\"itemListElement\":[{\"@type\":\"ListItem\",\"position\":1,\"name\":\"Home\",\"item\":\"https:\/\/bromma.com\/es\/\"},{\"@type\":\"ListItem\",\"position\":2,\"name\":\"Productos\",\"item\":\"https:\/\/bromma.com\/es\/products\/\"},{\"@type\":\"ListItem\",\"position\":3,\"name\":\"STS45 peso ligero\"}]},{\"@type\":\"WebSite\",\"@id\":\"https:\/\/bromma.com\/es\/#website\",\"url\":\"https:\/\/bromma.com\/es\/\",\"name\":\"Bromma\",\"description\":\"Una tradici\u00f3n de innovaci\u00f3n\",\"publisher\":{\"@id\":\"https:\/\/bromma.com\/es\/#organization\"},\"potentialAction\":[{\"@type\":\"SearchAction\",\"target\":{\"@type\":\"EntryPoint\",\"urlTemplate\":\"https:\/\/bromma.com\/es\/?s={search_term_string}\"},\"query-input\":{\"@type\":\"PropertyValueSpecification\",\"valueRequired\":true,\"valueName\":\"search_term_string\"}}],\"inLanguage\":\"es\"},{\"@type\":\"Organization\",\"@id\":\"https:\/\/bromma.com\/es\/#organization\",\"name\":\"Bromma\",\"url\":\"https:\/\/bromma.com\/es\/\",\"logo\":{\"@type\":\"ImageObject\",\"inLanguage\":\"es\",\"@id\":\"https:\/\/bromma.com\/es\/#\/schema\/logo\/image\/\",\"url\":\"https:\/\/bromma.com\/es\/wp-content\/uploads\/sites\/5\/2020\/05\/Bromma-logo_blue_RGB_SPA.png\",\"contentUrl\":\"https:\/\/bromma.com\/es\/wp-content\/uploads\/sites\/5\/2020\/05\/Bromma-logo_blue_RGB_SPA.png\",\"width\":512,\"height\":512,\"caption\":\"Bromma\"},\"image\":{\"@id\":\"https:\/\/bromma.com\/es\/#\/schema\/logo\/image\/\"}}]}<\/script>\n<!-- \/ Yoast SEO Premium plugin. -->","yoast_head_json":{"title":"STS45 peso ligero - Bromma","description":"STS45LW de Bromma es un spreader de izaje de separaci\u00f3n doble y peso ligero, ideal para usarse en gr\u00faas STS que est\u00e1n clasificadas para izar menos peso.","robots":{"index":"index","follow":"follow","max-snippet":"max-snippet:-1","max-image-preview":"max-image-preview:large","max-video-preview":"max-video-preview:-1"},"canonical":"https:\/\/bromma.com\/es\/products\/sts45-light-weight\/","og_locale":"es_ES","og_type":"article","og_title":"STS45 peso ligero","og_description":"STS45LW de Bromma es un spreader de izaje de separaci\u00f3n doble y peso ligero, ideal para usarse en gr\u00faas STS que est\u00e1n clasificadas para izar menos peso.","og_url":"https:\/\/bromma.com\/es\/products\/sts45-light-weight\/","og_site_name":"Bromma","og_image":[{"width":1920,"height":1080,"url":"https:\/\/bromma.com\/es\/wp-content\/uploads\/sites\/5\/2019\/06\/STS45LW_spreader.jpg","type":"image\/jpeg"}],"twitter_card":"summary_large_image","schema":{"@context":"https:\/\/schema.org","@graph":[{"@type":"WebPage","@id":"https:\/\/bromma.com\/es\/products\/sts45-light-weight\/","url":"https:\/\/bromma.com\/es\/products\/sts45-light-weight\/","name":"STS45 peso ligero - Bromma","isPartOf":{"@id":"https:\/\/bromma.com\/es\/#website"},"primaryImageOfPage":{"@id":"https:\/\/bromma.com\/es\/products\/sts45-light-weight\/#primaryimage"},"image":{"@id":"https:\/\/bromma.com\/es\/products\/sts45-light-weight\/#primaryimage"},"thumbnailUrl":"https:\/\/bromma.com\/es\/wp-content\/uploads\/sites\/5\/2019\/06\/STS45LW_spreader.jpg","datePublished":"2019-06-07T10:16:37+00:00","description":"STS45LW de Bromma es un spreader de izaje de separaci\u00f3n doble y peso ligero, ideal para usarse en gr\u00faas STS que est\u00e1n clasificadas para izar menos peso.","breadcrumb":{"@id":"https:\/\/bromma.com\/es\/products\/sts45-light-weight\/#breadcrumb"},"inLanguage":"es","potentialAction":[{"@type":"ReadAction","target":["https:\/\/bromma.com\/es\/products\/sts45-light-weight\/"]}]},{"@type":"ImageObject","inLanguage":"es","@id":"https:\/\/bromma.com\/es\/products\/sts45-light-weight\/#primaryimage","url":"https:\/\/bromma.com\/es\/wp-content\/uploads\/sites\/5\/2019\/06\/STS45LW_spreader.jpg","contentUrl":"https:\/\/bromma.com\/es\/wp-content\/uploads\/sites\/5\/2019\/06\/STS45LW_spreader.jpg","width":1920,"height":1080,"caption":"Spreader ligero Bromma STS45"},{"@type":"BreadcrumbList","@id":"https:\/\/bromma.com\/es\/products\/sts45-light-weight\/#breadcrumb","itemListElement":[{"@type":"ListItem","position":1,"name":"Home","item":"https:\/\/bromma.com\/es\/"},{"@type":"ListItem","position":2,"name":"Productos","item":"https:\/\/bromma.com\/es\/products\/"},{"@type":"ListItem","position":3,"name":"STS45 peso ligero"}]},{"@type":"WebSite","@id":"https:\/\/bromma.com\/es\/#website","url":"https:\/\/bromma.com\/es\/","name":"Bromma","description":"Una tradici\u00f3n de innovaci\u00f3n","publisher":{"@id":"https:\/\/bromma.com\/es\/#organization"},"potentialAction":[{"@type":"SearchAction","target":{"@type":"EntryPoint","urlTemplate":"https:\/\/bromma.com\/es\/?s={search_term_string}"},"query-input":{"@type":"PropertyValueSpecification","valueRequired":true,"valueName":"search_term_string"}}],"inLanguage":"es"},{"@type":"Organization","@id":"https:\/\/bromma.com\/es\/#organization","name":"Bromma","url":"https:\/\/bromma.com\/es\/","logo":{"@type":"ImageObject","inLanguage":"es","@id":"https:\/\/bromma.com\/es\/#\/schema\/logo\/image\/","url":"https:\/\/bromma.com\/es\/wp-content\/uploads\/sites\/5\/2020\/05\/Bromma-logo_blue_RGB_SPA.png","contentUrl":"https:\/\/bromma.com\/es\/wp-content\/uploads\/sites\/5\/2020\/05\/Bromma-logo_blue_RGB_SPA.png","width":512,"height":512,"caption":"Bromma"},"image":{"@id":"https:\/\/bromma.com\/es\/#\/schema\/logo\/image\/"}}]}},"_links":{"self":[{"href":"https:\/\/bromma.com\/es\/wp-json\/wp\/v2\/product\/926","targetHints":{"allow":["GET"]}}],"collection":[{"href":"https:\/\/bromma.com\/es\/wp-json\/wp\/v2\/product"}],"about":[{"href":"https:\/\/bromma.com\/es\/wp-json\/wp\/v2\/types\/product"}],"wp:featuredmedia":[{"embeddable":true,"href":"https:\/\/bromma.com\/es\/wp-json\/wp\/v2\/media\/927"}],"wp:attachment":[{"href":"https:\/\/bromma.com\/es\/wp-json\/wp\/v2\/media?parent=926"}],"wp:term":[{"taxonomy":"product_brand","embeddable":true,"href":"https:\/\/bromma.com\/es\/wp-json\/wp\/v2\/product_brand?post=926"},{"taxonomy":"product_cat","embeddable":true,"href":"https:\/\/bromma.com\/es\/wp-json\/wp\/v2\/product_cat?post=926"},{"taxonomy":"product_tag","embeddable":true,"href":"https:\/\/bromma.com\/es\/wp-json\/wp\/v2\/product_tag?post=926"}],"curies":[{"name":"wp","href":"https:\/\/api.w.org\/{rel}","templated":true}]}}