{"id":928,"date":"2019-06-07T12:32:19","date_gmt":"2019-06-07T10:32:19","guid":{"rendered":"https:\/\/brommadev.wpengine.com\/?post_type=product&amp;p=928"},"modified":"2019-06-07T12:32:19","modified_gmt":"2019-06-07T10:32:19","slug":"ssx40e-ssx45e","status":"publish","type":"product","link":"https:\/\/bromma.com\/es\/products\/ssx40e-ssx45e\/","title":{"rendered":"SSX40E\/SSX45E"},"content":{"rendered":"<h4>Posibles combinaciones de contenedores: 20\u00b4, 30\u00b4, 40\u00b4, (45\u00b4)<\/h4>\n<p>Los spreaders SSX40E\/SSX45E de un solo elevador de Bromma ofrecen resistencia, confiabilidad y durabilidad, adem\u00e1s de la ventaja de menores costos durante su vida \u00fatil. En estos spreaders totalmente el\u00e9ctricos, muchos de los puntos de servicio han sido eliminados. No hay un bloque de alimentaci\u00f3n del sistema hidr\u00e1ulico ni mangueras. No hay fluidos o filtros de aceite que reemplazar.<\/p>\n<p>El spreader est\u00e1 dise\u00f1ado seg\u00fan la norma EN13001. Como todos los spreaders de Bromma, est\u00e1 fabricado en acero de alta calidad europeo, lo que garantiza un dise\u00f1o ligero y robusto. El spreader tiene un dise\u00f1o f\u00e1cil de usar y todos los componentes son muy accesibles para su inspecci\u00f3n y mantenimiento.<\/p>\n","protected":false},"excerpt":{"rendered":"<a href=\"https:\/\/bromma.com\/es\/products\/ssx40e-ssx45e\/\" class=\"excerpt\">SSX45E\/SSX40E son spreaders de gr\u00faa STS telesc\u00f3picos de elevaci\u00f3n simple totalmente el\u00e9ctricos. Dise\u00f1ado para entornos de rendimiento inferior o superior y para funcionar en las gr\u00faas de alta velocidad.\n<\/a><br><a href=\"https:\/\/bromma.com\/es\/products\/ssx40e-ssx45e\/\" class=\"excerptreadmore\">read more<\/a>","protected":false},"featured_media":929,"template":"","meta":{"_et_pb_use_builder":"off","_et_pb_old_content":"","_et_gb_content_width":""},"product_brand":[],"product_cat":[45],"product_tag":[40,20],"class_list":{"0":"post-928","1":"product","2":"type-product","3":"status-publish","4":"has-post-thumbnail","6":"product_cat-sts-spreaders","7":"product_tag-single-lift","8":"product_tag-all-electric","10":"first","11":"instock","12":"shipping-taxable","13":"product-type-simple"},"yoast_head":"<!-- This site is optimized with the Yoast SEO Premium plugin v27.2 (Yoast SEO v27.2) - https:\/\/yoast.com\/product\/yoast-seo-premium-wordpress\/ -->\n<title>SSX40E\/SSX45E - Bromma<\/title>\n<meta name=\"description\" content=\"SSX45E\/SSX40E son spreaders de gr\u00faa STS telesc\u00f3picos de elevaci\u00f3n simple totalmente el\u00e9ctricos. Dise\u00f1ado para entornos de rendimiento inferior o superior y para funcionar en las gr\u00faas de alta velocidad.\" \/>\n<meta name=\"robots\" content=\"index, follow, max-snippet:-1, max-image-preview:large, max-video-preview:-1\" \/>\n<link rel=\"canonical\" href=\"https:\/\/bromma.com\/es\/products\/ssx40e-ssx45e\/\" \/>\n<meta property=\"og:locale\" content=\"es_ES\" \/>\n<meta property=\"og:type\" content=\"article\" \/>\n<meta property=\"og:title\" content=\"SSX40E\/SSX45E\" \/>\n<meta property=\"og:description\" content=\"SSX45E\/SSX40E son spreaders de gr\u00faa STS telesc\u00f3picos de elevaci\u00f3n simple totalmente el\u00e9ctricos. Dise\u00f1ado para entornos de rendimiento inferior o superior y para funcionar en las gr\u00faas de alta velocidad.\" \/>\n<meta property=\"og:url\" content=\"https:\/\/bromma.com\/es\/products\/ssx40e-ssx45e\/\" \/>\n<meta property=\"og:site_name\" content=\"Bromma\" \/>\n<meta property=\"og:image\" content=\"https:\/\/bromma.com\/es\/wp-content\/uploads\/sites\/5\/2019\/06\/SSX40E_SSX45E_spreader.jpg\" \/>\n\t<meta property=\"og:image:width\" content=\"1920\" \/>\n\t<meta property=\"og:image:height\" content=\"1080\" \/>\n\t<meta property=\"og:image:type\" content=\"image\/jpeg\" \/>\n<meta name=\"twitter:card\" content=\"summary_large_image\" \/>\n<meta name=\"twitter:label1\" content=\"Tiempo de lectura\" \/>\n\t<meta name=\"twitter:data1\" content=\"1 minuto\" \/>\n<script type=\"application\/ld+json\" class=\"yoast-schema-graph\">{\"@context\":\"https:\/\/schema.org\",\"@graph\":[{\"@type\":\"WebPage\",\"@id\":\"https:\/\/bromma.com\/es\/products\/ssx40e-ssx45e\/\",\"url\":\"https:\/\/bromma.com\/es\/products\/ssx40e-ssx45e\/\",\"name\":\"SSX40E\/SSX45E - Bromma\",\"isPartOf\":{\"@id\":\"https:\/\/bromma.com\/es\/#website\"},\"primaryImageOfPage\":{\"@id\":\"https:\/\/bromma.com\/es\/products\/ssx40e-ssx45e\/#primaryimage\"},\"image\":{\"@id\":\"https:\/\/bromma.com\/es\/products\/ssx40e-ssx45e\/#primaryimage\"},\"thumbnailUrl\":\"https:\/\/bromma.com\/es\/wp-content\/uploads\/sites\/5\/2019\/06\/SSX40E_SSX45E_spreader.jpg\",\"datePublished\":\"2019-06-07T10:32:19+00:00\",\"description\":\"SSX45E\/SSX40E son spreaders de gr\u00faa STS telesc\u00f3picos de elevaci\u00f3n simple totalmente el\u00e9ctricos. Dise\u00f1ado para entornos de rendimiento inferior o superior y para funcionar en las gr\u00faas de alta velocidad.\",\"breadcrumb\":{\"@id\":\"https:\/\/bromma.com\/es\/products\/ssx40e-ssx45e\/#breadcrumb\"},\"inLanguage\":\"es\",\"potentialAction\":[{\"@type\":\"ReadAction\",\"target\":[\"https:\/\/bromma.com\/es\/products\/ssx40e-ssx45e\/\"]}]},{\"@type\":\"ImageObject\",\"inLanguage\":\"es\",\"@id\":\"https:\/\/bromma.com\/es\/products\/ssx40e-ssx45e\/#primaryimage\",\"url\":\"https:\/\/bromma.com\/es\/wp-content\/uploads\/sites\/5\/2019\/06\/SSX40E_SSX45E_spreader.jpg\",\"contentUrl\":\"https:\/\/bromma.com\/es\/wp-content\/uploads\/sites\/5\/2019\/06\/SSX40E_SSX45E_spreader.jpg\",\"width\":1920,\"height\":1080,\"caption\":\"Spreaders Bromma SSX40E\/SSX45E\"},{\"@type\":\"BreadcrumbList\",\"@id\":\"https:\/\/bromma.com\/es\/products\/ssx40e-ssx45e\/#breadcrumb\",\"itemListElement\":[{\"@type\":\"ListItem\",\"position\":1,\"name\":\"Home\",\"item\":\"https:\/\/bromma.com\/es\/\"},{\"@type\":\"ListItem\",\"position\":2,\"name\":\"Productos\",\"item\":\"https:\/\/bromma.com\/es\/products\/\"},{\"@type\":\"ListItem\",\"position\":3,\"name\":\"SSX40E\/SSX45E\"}]},{\"@type\":\"WebSite\",\"@id\":\"https:\/\/bromma.com\/es\/#website\",\"url\":\"https:\/\/bromma.com\/es\/\",\"name\":\"Bromma\",\"description\":\"Una tradici\u00f3n de innovaci\u00f3n\",\"publisher\":{\"@id\":\"https:\/\/bromma.com\/es\/#organization\"},\"potentialAction\":[{\"@type\":\"SearchAction\",\"target\":{\"@type\":\"EntryPoint\",\"urlTemplate\":\"https:\/\/bromma.com\/es\/?s={search_term_string}\"},\"query-input\":{\"@type\":\"PropertyValueSpecification\",\"valueRequired\":true,\"valueName\":\"search_term_string\"}}],\"inLanguage\":\"es\"},{\"@type\":\"Organization\",\"@id\":\"https:\/\/bromma.com\/es\/#organization\",\"name\":\"Bromma\",\"url\":\"https:\/\/bromma.com\/es\/\",\"logo\":{\"@type\":\"ImageObject\",\"inLanguage\":\"es\",\"@id\":\"https:\/\/bromma.com\/es\/#\/schema\/logo\/image\/\",\"url\":\"https:\/\/bromma.com\/es\/wp-content\/uploads\/sites\/5\/2020\/05\/Bromma-logo_blue_RGB_SPA.png\",\"contentUrl\":\"https:\/\/bromma.com\/es\/wp-content\/uploads\/sites\/5\/2020\/05\/Bromma-logo_blue_RGB_SPA.png\",\"width\":512,\"height\":512,\"caption\":\"Bromma\"},\"image\":{\"@id\":\"https:\/\/bromma.com\/es\/#\/schema\/logo\/image\/\"}}]}<\/script>\n<!-- \/ Yoast SEO Premium plugin. -->","yoast_head_json":{"title":"SSX40E\/SSX45E - Bromma","description":"SSX45E\/SSX40E son spreaders de gr\u00faa STS telesc\u00f3picos de elevaci\u00f3n simple totalmente el\u00e9ctricos. Dise\u00f1ado para entornos de rendimiento inferior o superior y para funcionar en las gr\u00faas de alta velocidad.","robots":{"index":"index","follow":"follow","max-snippet":"max-snippet:-1","max-image-preview":"max-image-preview:large","max-video-preview":"max-video-preview:-1"},"canonical":"https:\/\/bromma.com\/es\/products\/ssx40e-ssx45e\/","og_locale":"es_ES","og_type":"article","og_title":"SSX40E\/SSX45E","og_description":"SSX45E\/SSX40E son spreaders de gr\u00faa STS telesc\u00f3picos de elevaci\u00f3n simple totalmente el\u00e9ctricos. Dise\u00f1ado para entornos de rendimiento inferior o superior y para funcionar en las gr\u00faas de alta velocidad.","og_url":"https:\/\/bromma.com\/es\/products\/ssx40e-ssx45e\/","og_site_name":"Bromma","og_image":[{"width":1920,"height":1080,"url":"https:\/\/bromma.com\/es\/wp-content\/uploads\/sites\/5\/2019\/06\/SSX40E_SSX45E_spreader.jpg","type":"image\/jpeg"}],"twitter_card":"summary_large_image","twitter_misc":{"Tiempo de lectura":"1 minuto"},"schema":{"@context":"https:\/\/schema.org","@graph":[{"@type":"WebPage","@id":"https:\/\/bromma.com\/es\/products\/ssx40e-ssx45e\/","url":"https:\/\/bromma.com\/es\/products\/ssx40e-ssx45e\/","name":"SSX40E\/SSX45E - Bromma","isPartOf":{"@id":"https:\/\/bromma.com\/es\/#website"},"primaryImageOfPage":{"@id":"https:\/\/bromma.com\/es\/products\/ssx40e-ssx45e\/#primaryimage"},"image":{"@id":"https:\/\/bromma.com\/es\/products\/ssx40e-ssx45e\/#primaryimage"},"thumbnailUrl":"https:\/\/bromma.com\/es\/wp-content\/uploads\/sites\/5\/2019\/06\/SSX40E_SSX45E_spreader.jpg","datePublished":"2019-06-07T10:32:19+00:00","description":"SSX45E\/SSX40E son spreaders de gr\u00faa STS telesc\u00f3picos de elevaci\u00f3n simple totalmente el\u00e9ctricos. Dise\u00f1ado para entornos de rendimiento inferior o superior y para funcionar en las gr\u00faas de alta velocidad.","breadcrumb":{"@id":"https:\/\/bromma.com\/es\/products\/ssx40e-ssx45e\/#breadcrumb"},"inLanguage":"es","potentialAction":[{"@type":"ReadAction","target":["https:\/\/bromma.com\/es\/products\/ssx40e-ssx45e\/"]}]},{"@type":"ImageObject","inLanguage":"es","@id":"https:\/\/bromma.com\/es\/products\/ssx40e-ssx45e\/#primaryimage","url":"https:\/\/bromma.com\/es\/wp-content\/uploads\/sites\/5\/2019\/06\/SSX40E_SSX45E_spreader.jpg","contentUrl":"https:\/\/bromma.com\/es\/wp-content\/uploads\/sites\/5\/2019\/06\/SSX40E_SSX45E_spreader.jpg","width":1920,"height":1080,"caption":"Spreaders Bromma SSX40E\/SSX45E"},{"@type":"BreadcrumbList","@id":"https:\/\/bromma.com\/es\/products\/ssx40e-ssx45e\/#breadcrumb","itemListElement":[{"@type":"ListItem","position":1,"name":"Home","item":"https:\/\/bromma.com\/es\/"},{"@type":"ListItem","position":2,"name":"Productos","item":"https:\/\/bromma.com\/es\/products\/"},{"@type":"ListItem","position":3,"name":"SSX40E\/SSX45E"}]},{"@type":"WebSite","@id":"https:\/\/bromma.com\/es\/#website","url":"https:\/\/bromma.com\/es\/","name":"Bromma","description":"Una tradici\u00f3n de innovaci\u00f3n","publisher":{"@id":"https:\/\/bromma.com\/es\/#organization"},"potentialAction":[{"@type":"SearchAction","target":{"@type":"EntryPoint","urlTemplate":"https:\/\/bromma.com\/es\/?s={search_term_string}"},"query-input":{"@type":"PropertyValueSpecification","valueRequired":true,"valueName":"search_term_string"}}],"inLanguage":"es"},{"@type":"Organization","@id":"https:\/\/bromma.com\/es\/#organization","name":"Bromma","url":"https:\/\/bromma.com\/es\/","logo":{"@type":"ImageObject","inLanguage":"es","@id":"https:\/\/bromma.com\/es\/#\/schema\/logo\/image\/","url":"https:\/\/bromma.com\/es\/wp-content\/uploads\/sites\/5\/2020\/05\/Bromma-logo_blue_RGB_SPA.png","contentUrl":"https:\/\/bromma.com\/es\/wp-content\/uploads\/sites\/5\/2020\/05\/Bromma-logo_blue_RGB_SPA.png","width":512,"height":512,"caption":"Bromma"},"image":{"@id":"https:\/\/bromma.com\/es\/#\/schema\/logo\/image\/"}}]}},"_links":{"self":[{"href":"https:\/\/bromma.com\/es\/wp-json\/wp\/v2\/product\/928","targetHints":{"allow":["GET"]}}],"collection":[{"href":"https:\/\/bromma.com\/es\/wp-json\/wp\/v2\/product"}],"about":[{"href":"https:\/\/bromma.com\/es\/wp-json\/wp\/v2\/types\/product"}],"wp:featuredmedia":[{"embeddable":true,"href":"https:\/\/bromma.com\/es\/wp-json\/wp\/v2\/media\/929"}],"wp:attachment":[{"href":"https:\/\/bromma.com\/es\/wp-json\/wp\/v2\/media?parent=928"}],"wp:term":[{"taxonomy":"product_brand","embeddable":true,"href":"https:\/\/bromma.com\/es\/wp-json\/wp\/v2\/product_brand?post=928"},{"taxonomy":"product_cat","embeddable":true,"href":"https:\/\/bromma.com\/es\/wp-json\/wp\/v2\/product_cat?post=928"},{"taxonomy":"product_tag","embeddable":true,"href":"https:\/\/bromma.com\/es\/wp-json\/wp\/v2\/product_tag?post=928"}],"curies":[{"name":"wp","href":"https:\/\/api.w.org\/{rel}","templated":true}]}}