{"id":932,"date":"2019-06-07T12:55:42","date_gmt":"2019-06-07T10:55:42","guid":{"rendered":"https:\/\/brommadev.wpengine.com\/?post_type=product&amp;p=932"},"modified":"2019-06-07T12:55:42","modified_gmt":"2019-06-07T10:55:42","slug":"tandem-quattro","status":"publish","type":"product","link":"https:\/\/bromma.com\/es\/products\/tandem-quattro\/","title":{"rendered":"Tandem Quattro"},"content":{"rendered":"<h4>Posibles combinaciones de contenedores: 20\u00b4, 40\u00b4, 45\u00b4, 4&#215;20\u00b4, 2&#215;40\u00b4, 2&#215;45\u00b4, 2&#215;20\u00b4+ 1&#215;40\u00b4, 2&#215;20\u00b4+ 1&#215;45\u00b4<\/h4>\n<p>El spreader Tandem Quattro tambi\u00e9n ofrece otra ventaja: la capacidad de hacer desplazamientos laterales en spreaders individuales, lo cual es \u00fatil cuando el chasis o el contenedor en el piso no se encuentra totalmente alineado en la direcci\u00f3n longitudinal. Dado que Tandem Quattro nunca entrar\u00e1 en 20\u00b4, el bastidor principal de los spreaders en t\u00e1ndem es m\u00e1s largo que en un spreader telesc\u00f3pico est\u00e1ndar.<\/p>\n<p>La limitaci\u00f3n de Tandem Quattro es que no puede levantar ni un solo contenedor de 20\u00b4solo. En consecuencia, si se coloca un contenedor de 20\u00b4de forma que solo pueda ser manipulado por \u00e9l mismo, Tandem Quattro tendr\u00e1 que ser cambiado por otro spreader que pueda realizar esta elevaci\u00f3n simple. Debido a esta limitaci\u00f3n, Tandem Quattro es especialmente adecuado para terminales de contenedores que tienen un alto porcentaje de contenedores de 40&#8242; y 45&#8242;, y un bajo porcentaje de contenedores de 20&#8242; que est\u00e1n ubicados de tal manera que necesitan ser cargados\/descargados en modo montacargas.<\/p>\n<p>El spreader est\u00e1 dise\u00f1ado seg\u00fan la norma EN13001. Como todos los spreaders de Bromma, est\u00e1 fabricado en acero de alta calidad europeo, lo que garantiza un dise\u00f1o ligero y robusto. El spreader tiene un dise\u00f1o f\u00e1cil de usar y todos los componentes son muy accesibles para su inspecci\u00f3n y mantenimiento.<\/p>\n","protected":false},"excerpt":{"rendered":"<a href=\"https:\/\/bromma.com\/es\/products\/tandem-quattro\/\" class=\"excerpt\">Tandem Quattro ofrece una alta capacidad y flexibilidad, incluyendo la capacidad de manejar cuatro contenedores de 20&#8242; a la vez (dos 20&#8242;) debajo de cada spreader, pero con un bajo peso del spreader.\n<\/a><br><a href=\"https:\/\/bromma.com\/es\/products\/tandem-quattro\/\" class=\"excerptreadmore\">read more<\/a>","protected":false},"featured_media":933,"template":"","meta":{"_et_pb_use_builder":"off","_et_pb_old_content":"","_et_gb_content_width":""},"product_brand":[],"product_cat":[45],"product_tag":[26,54,49,51],"class_list":{"0":"post-932","1":"product","2":"type-product","3":"status-publish","4":"has-post-thumbnail","6":"product_cat-sts-spreaders","7":"product_tag-hydraulic","8":"product_tag-twin-lift","9":"product_tag-tandem","10":"product_tag-telescopic","12":"first","13":"instock","14":"shipping-taxable","15":"product-type-simple"},"yoast_head":"<!-- This site is optimized with the Yoast SEO Premium plugin v27.2 (Yoast SEO v27.2) - https:\/\/yoast.com\/product\/yoast-seo-premium-wordpress\/ -->\n<title>Tandem Quattro - Bromma<\/title>\n<meta name=\"description\" content=\"Tandem Quattro ofrece una alta capacidad y flexibilidad, incluyendo la capacidad de manejar cuatro contenedores de 20&#039; a la vez (dos 20&#039;) debajo de cada spreader, pero con un bajo peso del spreader.\" \/>\n<meta name=\"robots\" content=\"index, follow, max-snippet:-1, max-image-preview:large, max-video-preview:-1\" \/>\n<link rel=\"canonical\" href=\"https:\/\/bromma.com\/es\/products\/tandem-quattro\/\" \/>\n<meta property=\"og:locale\" content=\"es_ES\" \/>\n<meta property=\"og:type\" content=\"article\" \/>\n<meta property=\"og:title\" content=\"Tandem Quattro\" \/>\n<meta property=\"og:description\" content=\"Tandem Quattro ofrece una alta capacidad y flexibilidad, incluyendo la capacidad de manejar cuatro contenedores de 20&#039; a la vez (dos 20&#039;) debajo de cada spreader, pero con un bajo peso del spreader.\" \/>\n<meta property=\"og:url\" content=\"https:\/\/bromma.com\/es\/products\/tandem-quattro\/\" \/>\n<meta property=\"og:site_name\" content=\"Bromma\" \/>\n<meta property=\"og:image\" content=\"https:\/\/bromma.com\/es\/wp-content\/uploads\/sites\/5\/2019\/06\/TandemQuattro_spreader.jpg\" \/>\n\t<meta property=\"og:image:width\" content=\"1920\" \/>\n\t<meta property=\"og:image:height\" content=\"1080\" \/>\n\t<meta property=\"og:image:type\" content=\"image\/jpeg\" \/>\n<meta name=\"twitter:card\" content=\"summary_large_image\" \/>\n<meta name=\"twitter:label1\" content=\"Tiempo de lectura\" \/>\n\t<meta name=\"twitter:data1\" content=\"1 minuto\" \/>\n<script type=\"application\/ld+json\" class=\"yoast-schema-graph\">{\"@context\":\"https:\/\/schema.org\",\"@graph\":[{\"@type\":\"WebPage\",\"@id\":\"https:\/\/bromma.com\/es\/products\/tandem-quattro\/\",\"url\":\"https:\/\/bromma.com\/es\/products\/tandem-quattro\/\",\"name\":\"Tandem Quattro - Bromma\",\"isPartOf\":{\"@id\":\"https:\/\/bromma.com\/es\/#website\"},\"primaryImageOfPage\":{\"@id\":\"https:\/\/bromma.com\/es\/products\/tandem-quattro\/#primaryimage\"},\"image\":{\"@id\":\"https:\/\/bromma.com\/es\/products\/tandem-quattro\/#primaryimage\"},\"thumbnailUrl\":\"https:\/\/bromma.com\/es\/wp-content\/uploads\/sites\/5\/2019\/06\/TandemQuattro_spreader.jpg\",\"datePublished\":\"2019-06-07T10:55:42+00:00\",\"description\":\"Tandem Quattro ofrece una alta capacidad y flexibilidad, incluyendo la capacidad de manejar cuatro contenedores de 20' a la vez (dos 20') debajo de cada spreader, pero con un bajo peso del spreader.\",\"breadcrumb\":{\"@id\":\"https:\/\/bromma.com\/es\/products\/tandem-quattro\/#breadcrumb\"},\"inLanguage\":\"es\",\"potentialAction\":[{\"@type\":\"ReadAction\",\"target\":[\"https:\/\/bromma.com\/es\/products\/tandem-quattro\/\"]}]},{\"@type\":\"ImageObject\",\"inLanguage\":\"es\",\"@id\":\"https:\/\/bromma.com\/es\/products\/tandem-quattro\/#primaryimage\",\"url\":\"https:\/\/bromma.com\/es\/wp-content\/uploads\/sites\/5\/2019\/06\/TandemQuattro_spreader.jpg\",\"contentUrl\":\"https:\/\/bromma.com\/es\/wp-content\/uploads\/sites\/5\/2019\/06\/TandemQuattro_spreader.jpg\",\"width\":1920,\"height\":1080,\"caption\":\"Bromma t\u00e1ndem quattro\"},{\"@type\":\"BreadcrumbList\",\"@id\":\"https:\/\/bromma.com\/es\/products\/tandem-quattro\/#breadcrumb\",\"itemListElement\":[{\"@type\":\"ListItem\",\"position\":1,\"name\":\"Home\",\"item\":\"https:\/\/bromma.com\/es\/\"},{\"@type\":\"ListItem\",\"position\":2,\"name\":\"Productos\",\"item\":\"https:\/\/bromma.com\/es\/products\/\"},{\"@type\":\"ListItem\",\"position\":3,\"name\":\"Tandem Quattro\"}]},{\"@type\":\"WebSite\",\"@id\":\"https:\/\/bromma.com\/es\/#website\",\"url\":\"https:\/\/bromma.com\/es\/\",\"name\":\"Bromma\",\"description\":\"Una tradici\u00f3n de innovaci\u00f3n\",\"publisher\":{\"@id\":\"https:\/\/bromma.com\/es\/#organization\"},\"potentialAction\":[{\"@type\":\"SearchAction\",\"target\":{\"@type\":\"EntryPoint\",\"urlTemplate\":\"https:\/\/bromma.com\/es\/?s={search_term_string}\"},\"query-input\":{\"@type\":\"PropertyValueSpecification\",\"valueRequired\":true,\"valueName\":\"search_term_string\"}}],\"inLanguage\":\"es\"},{\"@type\":\"Organization\",\"@id\":\"https:\/\/bromma.com\/es\/#organization\",\"name\":\"Bromma\",\"url\":\"https:\/\/bromma.com\/es\/\",\"logo\":{\"@type\":\"ImageObject\",\"inLanguage\":\"es\",\"@id\":\"https:\/\/bromma.com\/es\/#\/schema\/logo\/image\/\",\"url\":\"https:\/\/bromma.com\/es\/wp-content\/uploads\/sites\/5\/2020\/05\/Bromma-logo_blue_RGB_SPA.png\",\"contentUrl\":\"https:\/\/bromma.com\/es\/wp-content\/uploads\/sites\/5\/2020\/05\/Bromma-logo_blue_RGB_SPA.png\",\"width\":512,\"height\":512,\"caption\":\"Bromma\"},\"image\":{\"@id\":\"https:\/\/bromma.com\/es\/#\/schema\/logo\/image\/\"}}]}<\/script>\n<!-- \/ Yoast SEO Premium plugin. -->","yoast_head_json":{"title":"Tandem Quattro - Bromma","description":"Tandem Quattro ofrece una alta capacidad y flexibilidad, incluyendo la capacidad de manejar cuatro contenedores de 20' a la vez (dos 20') debajo de cada spreader, pero con un bajo peso del spreader.","robots":{"index":"index","follow":"follow","max-snippet":"max-snippet:-1","max-image-preview":"max-image-preview:large","max-video-preview":"max-video-preview:-1"},"canonical":"https:\/\/bromma.com\/es\/products\/tandem-quattro\/","og_locale":"es_ES","og_type":"article","og_title":"Tandem Quattro","og_description":"Tandem Quattro ofrece una alta capacidad y flexibilidad, incluyendo la capacidad de manejar cuatro contenedores de 20' a la vez (dos 20') debajo de cada spreader, pero con un bajo peso del spreader.","og_url":"https:\/\/bromma.com\/es\/products\/tandem-quattro\/","og_site_name":"Bromma","og_image":[{"width":1920,"height":1080,"url":"https:\/\/bromma.com\/es\/wp-content\/uploads\/sites\/5\/2019\/06\/TandemQuattro_spreader.jpg","type":"image\/jpeg"}],"twitter_card":"summary_large_image","twitter_misc":{"Tiempo de lectura":"1 minuto"},"schema":{"@context":"https:\/\/schema.org","@graph":[{"@type":"WebPage","@id":"https:\/\/bromma.com\/es\/products\/tandem-quattro\/","url":"https:\/\/bromma.com\/es\/products\/tandem-quattro\/","name":"Tandem Quattro - Bromma","isPartOf":{"@id":"https:\/\/bromma.com\/es\/#website"},"primaryImageOfPage":{"@id":"https:\/\/bromma.com\/es\/products\/tandem-quattro\/#primaryimage"},"image":{"@id":"https:\/\/bromma.com\/es\/products\/tandem-quattro\/#primaryimage"},"thumbnailUrl":"https:\/\/bromma.com\/es\/wp-content\/uploads\/sites\/5\/2019\/06\/TandemQuattro_spreader.jpg","datePublished":"2019-06-07T10:55:42+00:00","description":"Tandem Quattro ofrece una alta capacidad y flexibilidad, incluyendo la capacidad de manejar cuatro contenedores de 20' a la vez (dos 20') debajo de cada spreader, pero con un bajo peso del spreader.","breadcrumb":{"@id":"https:\/\/bromma.com\/es\/products\/tandem-quattro\/#breadcrumb"},"inLanguage":"es","potentialAction":[{"@type":"ReadAction","target":["https:\/\/bromma.com\/es\/products\/tandem-quattro\/"]}]},{"@type":"ImageObject","inLanguage":"es","@id":"https:\/\/bromma.com\/es\/products\/tandem-quattro\/#primaryimage","url":"https:\/\/bromma.com\/es\/wp-content\/uploads\/sites\/5\/2019\/06\/TandemQuattro_spreader.jpg","contentUrl":"https:\/\/bromma.com\/es\/wp-content\/uploads\/sites\/5\/2019\/06\/TandemQuattro_spreader.jpg","width":1920,"height":1080,"caption":"Bromma t\u00e1ndem quattro"},{"@type":"BreadcrumbList","@id":"https:\/\/bromma.com\/es\/products\/tandem-quattro\/#breadcrumb","itemListElement":[{"@type":"ListItem","position":1,"name":"Home","item":"https:\/\/bromma.com\/es\/"},{"@type":"ListItem","position":2,"name":"Productos","item":"https:\/\/bromma.com\/es\/products\/"},{"@type":"ListItem","position":3,"name":"Tandem Quattro"}]},{"@type":"WebSite","@id":"https:\/\/bromma.com\/es\/#website","url":"https:\/\/bromma.com\/es\/","name":"Bromma","description":"Una tradici\u00f3n de innovaci\u00f3n","publisher":{"@id":"https:\/\/bromma.com\/es\/#organization"},"potentialAction":[{"@type":"SearchAction","target":{"@type":"EntryPoint","urlTemplate":"https:\/\/bromma.com\/es\/?s={search_term_string}"},"query-input":{"@type":"PropertyValueSpecification","valueRequired":true,"valueName":"search_term_string"}}],"inLanguage":"es"},{"@type":"Organization","@id":"https:\/\/bromma.com\/es\/#organization","name":"Bromma","url":"https:\/\/bromma.com\/es\/","logo":{"@type":"ImageObject","inLanguage":"es","@id":"https:\/\/bromma.com\/es\/#\/schema\/logo\/image\/","url":"https:\/\/bromma.com\/es\/wp-content\/uploads\/sites\/5\/2020\/05\/Bromma-logo_blue_RGB_SPA.png","contentUrl":"https:\/\/bromma.com\/es\/wp-content\/uploads\/sites\/5\/2020\/05\/Bromma-logo_blue_RGB_SPA.png","width":512,"height":512,"caption":"Bromma"},"image":{"@id":"https:\/\/bromma.com\/es\/#\/schema\/logo\/image\/"}}]}},"_links":{"self":[{"href":"https:\/\/bromma.com\/es\/wp-json\/wp\/v2\/product\/932","targetHints":{"allow":["GET"]}}],"collection":[{"href":"https:\/\/bromma.com\/es\/wp-json\/wp\/v2\/product"}],"about":[{"href":"https:\/\/bromma.com\/es\/wp-json\/wp\/v2\/types\/product"}],"wp:featuredmedia":[{"embeddable":true,"href":"https:\/\/bromma.com\/es\/wp-json\/wp\/v2\/media\/933"}],"wp:attachment":[{"href":"https:\/\/bromma.com\/es\/wp-json\/wp\/v2\/media?parent=932"}],"wp:term":[{"taxonomy":"product_brand","embeddable":true,"href":"https:\/\/bromma.com\/es\/wp-json\/wp\/v2\/product_brand?post=932"},{"taxonomy":"product_cat","embeddable":true,"href":"https:\/\/bromma.com\/es\/wp-json\/wp\/v2\/product_cat?post=932"},{"taxonomy":"product_tag","embeddable":true,"href":"https:\/\/bromma.com\/es\/wp-json\/wp\/v2\/product_tag?post=932"}],"curies":[{"name":"wp","href":"https:\/\/api.w.org\/{rel}","templated":true}]}}