{"id":934,"date":"2019-06-07T13:02:28","date_gmt":"2019-06-07T11:02:28","guid":{"rendered":"https:\/\/brommadev.wpengine.com\/?post_type=product&amp;p=934"},"modified":"2019-06-07T13:02:28","modified_gmt":"2019-06-07T11:02:28","slug":"tandem-quattro-2","status":"publish","type":"product","link":"https:\/\/bromma.com\/es\/products\/tandem-quattro-2\/","title":{"rendered":"Tandem 40\/45"},"content":{"rendered":"<p>[et_pb_section admin_label=&#8221;section&#8221;]<br \/>\n\t\t[et_pb_row admin_label=&#8221;row&#8221;]<br \/>\n\t\t\t[et_pb_column type=&#8221;4_4&#8243;][et_pb_text admin_label=&#8221;Text&#8221;]<\/p>\n<h4>Posibles combinaciones de contenedores Tandem 45:<br \/>\n20\u00b4, 40\u00b4, 45\u00b4, 2&#215;20\u00b4, 1&#215;20\u00b4+1&#215;40\u00b4, 1&#215;20\u00b4+1&#215;45\u00b4, 2&#215;40\u00b4, 2&#215;45\u00b4, 1&#215;40\u00b4+ 1&#215;45\u00b4<\/h4>\n<h4>Posibles combinaciones de contenedores Tandem 40:<br \/>\n20\u00b4, 2&#215;20\u00b4, 40\u00b4, 2&#215;20\u00b4, 3&#215;20\u00b4, 4&#215;20\u00b4, 2&#215;20\u00b4+1&#215;40\u00b4, 2&#215;40\u00b4<\/h4>\n<p>Este Tandem telesc\u00f3pico ofrece una alta productividad por ciclo de elevaci\u00f3n sin ning\u00fan tipo de &#8220;inconveniente&#8221; en t\u00e9rminos de tiempo de inactividad debido a interrupciones. Este spreader tambi\u00e9n se basa en el probado dise\u00f1o del spreader Bromma, ya que utiliza el spreader Bromma SSX40\/45 como base est\u00e1ndar. La capacidad del spreader es de 70 toneladas m\u00e9tricas debajo del spreader. Si una terminal planea utilizar la capacidad total de 70 toneladas m\u00e9tricas bajo el spreader, la capacidad de la gr\u00faa tendr\u00e1 que ser de aproximadamente 100 toneladas m\u00e9tricas en las sogas. Como tal, el Tandem telesc\u00f3pico puede utilizarse sin restricciones en muchas gr\u00faas de contenedores de \u00faltima generaci\u00f3n en servicio actualmente. Los clientes que manejan muy pocos contenedores de 45 pies pueden considerar la versi\u00f3n de 40 pies del Tandem telesc\u00f3pico. Esto ahorrar\u00e1 aproximadamente 2 toneladas m\u00e9tricas en peso del spreader.<\/p>\n<p>Los clientes con un alto n\u00famero de contenedores vac\u00edos de 40&#8242; pueden querer dar una consideraci\u00f3n especial a las ventajas de productividad del Tandem telesc\u00f3pico. Al seleccionar el Tandem telesc\u00f3pico, los clientes deben tener en cuenta que cuando se manipulan las gu\u00edas celulares de twin-20 lado a lado en gu\u00edas celulares de 40 y 45 pies, solo pueden utilizar el soporte de uno de los extremos de las gu\u00edas celulares.<\/p>\n<p>El spreader est\u00e1 dise\u00f1ado seg\u00fan la norma EN13001. Como todos los spreaders de Bromma, est\u00e1 fabricado en acero de alta calidad europeo, lo que garantiza un dise\u00f1o ligero y robusto. El spreader tiene un dise\u00f1o f\u00e1cil de usar y todos los componentes son muy accesibles para su inspecci\u00f3n y mantenimiento.[\/et_pb_text][\/et_pb_column]<br \/>\n\t\t[\/et_pb_row]<br \/>\n\t[\/et_pb_section]<\/p>\n","protected":false},"excerpt":{"rendered":"<a href=\"https:\/\/bromma.com\/es\/products\/tandem-quattro-2\/\" class=\"excerpt\">El spreader telesc\u00f3pico Bromma Tandem de 40&#8217;\/45&#8242; tiene una gran ventaja en versatilidad, ya que puede manejar todos los tama\u00f1os de contenedores. Este spreader puede izar contenedores de 20&#8242;, 40&#8242; o 45&#8242; uno al lado del otro en modo T\u00e1ndem, sin necesidad, como en la versi\u00f3n de longitud fija, de un cambio peri\u00f3dico.\n<\/a><br><a href=\"https:\/\/bromma.com\/es\/products\/tandem-quattro-2\/\" class=\"excerptreadmore\">read more<\/a>","protected":false},"featured_media":935,"template":"","meta":{"_et_pb_use_builder":"on","_et_pb_old_content":"<h4>Posibles combinaciones de contenedores Tandem 45:\n20\u00b4, 40\u00b4, 45\u00b4, 2x20\u00b4, 1x20\u00b4+1x40\u00b4, 1x20\u00b4+1x45\u00b4, 2x40\u00b4, 2x45\u00b4, 1x40\u00b4+ 1x45\u00b4<\/h4>\n<h4>Posibles combinaciones de contenedores Tandem 40:\n20\u00b4, 2x20\u00b4, 40\u00b4, 2x20\u00b4, 3x20\u00b4, 4x20\u00b4, 2x20\u00b4+1x40\u00b4, 2x40\u00b4<\/h4>\nEste Tandem telesc\u00f3pico ofrece una alta productividad por ciclo de elevaci\u00f3n sin ning\u00fan tipo de \"inconveniente\" en t\u00e9rminos de tiempo de inactividad debido a interrupciones. Este spreader tambi\u00e9n se basa en el probado dise\u00f1o del spreader Bromma, ya que utiliza el spreader Bromma SSX40\/45 como base est\u00e1ndar. La capacidad del spreader es de 70 toneladas m\u00e9tricas debajo del spreader. Si una terminal planea utilizar la capacidad total de 70 toneladas m\u00e9tricas bajo el spreader, la capacidad de la gr\u00faa tendr\u00e1 que ser de aproximadamente 100 toneladas m\u00e9tricas en las sogas. Como tal, el Tandem telesc\u00f3pico puede utilizarse sin restricciones en muchas gr\u00faas de contenedores de \u00faltima generaci\u00f3n en servicio actualmente. Los clientes que manejan muy pocos contenedores de 45 pies pueden considerar la versi\u00f3n de 40 pies del Tandem telesc\u00f3pico. Esto ahorrar\u00e1 aproximadamente 2 toneladas m\u00e9tricas en peso del spreader.\n\nLos clientes con un alto n\u00famero de contenedores vac\u00edos de 40' pueden querer dar una consideraci\u00f3n especial a las ventajas de productividad del Tandem telesc\u00f3pico. Al seleccionar el Tandem telesc\u00f3pico, los clientes deben tener en cuenta que cuando se manipulan las gu\u00edas celulares de twin-20 lado a lado en gu\u00edas celulares de 40 y 45 pies, solo pueden utilizar el soporte de uno de los extremos de las gu\u00edas celulares.\n\nEl spreader est\u00e1 dise\u00f1ado seg\u00fan la norma EN13001. Como todos los spreaders de Bromma, est\u00e1 fabricado en acero de alta calidad europeo, lo que garantiza un dise\u00f1o ligero y robusto. El spreader tiene un dise\u00f1o f\u00e1cil de usar y todos los componentes son muy accesibles para su inspecci\u00f3n y mantenimiento.","_et_gb_content_width":""},"product_brand":[],"product_cat":[45],"product_tag":[26,54,49,51],"class_list":{"0":"post-934","1":"product","2":"type-product","3":"status-publish","4":"has-post-thumbnail","6":"product_cat-sts-spreaders","7":"product_tag-hydraulic","8":"product_tag-twin-lift","9":"product_tag-tandem","10":"product_tag-telescopic","12":"first","13":"instock","14":"shipping-taxable","15":"product-type-simple"},"yoast_head":"<!-- This site is optimized with the Yoast SEO Premium plugin v27.2 (Yoast SEO v27.2) - https:\/\/yoast.com\/product\/yoast-seo-premium-wordpress\/ -->\n<title>Tandem 40\/45 - Bromma<\/title>\n<meta name=\"description\" content=\"El spreader telesc\u00f3pico Bromma Tandem de 40&#039;\/45&#039; tiene una gran ventaja en versatilidad, ya que puede manejar todos los tama\u00f1os de contenedores. Este spreader puede izar contenedores de 20&#039;, 40&#039; o 45&#039; uno al lado del otro en modo T\u00e1ndem, sin necesidad, como en la versi\u00f3n de longitud fija, de un cambio peri\u00f3dico.\" \/>\n<meta name=\"robots\" content=\"index, follow, max-snippet:-1, max-image-preview:large, max-video-preview:-1\" \/>\n<link rel=\"canonical\" href=\"https:\/\/bromma.com\/es\/products\/tandem-quattro-2\/\" \/>\n<meta property=\"og:locale\" content=\"es_ES\" \/>\n<meta property=\"og:type\" content=\"article\" \/>\n<meta property=\"og:title\" content=\"Tandem 40\/45\" \/>\n<meta property=\"og:description\" content=\"El spreader telesc\u00f3pico Bromma Tandem de 40&#039;\/45&#039; tiene una gran ventaja en versatilidad, ya que puede manejar todos los tama\u00f1os de contenedores. Este spreader puede izar contenedores de 20&#039;, 40&#039; o 45&#039; uno al lado del otro en modo T\u00e1ndem, sin necesidad, como en la versi\u00f3n de longitud fija, de un cambio peri\u00f3dico.\" \/>\n<meta property=\"og:url\" content=\"https:\/\/bromma.com\/es\/products\/tandem-quattro-2\/\" \/>\n<meta property=\"og:site_name\" content=\"Bromma\" \/>\n<meta property=\"og:image\" content=\"https:\/\/bromma.com\/es\/wp-content\/uploads\/sites\/5\/2019\/06\/TandemT45_spreader.jpg\" \/>\n\t<meta property=\"og:image:width\" content=\"1920\" \/>\n\t<meta property=\"og:image:height\" content=\"1080\" \/>\n\t<meta property=\"og:image:type\" content=\"image\/jpeg\" \/>\n<meta name=\"twitter:card\" content=\"summary_large_image\" \/>\n<meta name=\"twitter:label1\" content=\"Tiempo de lectura\" \/>\n\t<meta name=\"twitter:data1\" content=\"2 minutos\" \/>\n<script type=\"application\/ld+json\" class=\"yoast-schema-graph\">{\"@context\":\"https:\/\/schema.org\",\"@graph\":[{\"@type\":\"WebPage\",\"@id\":\"https:\/\/bromma.com\/es\/products\/tandem-quattro-2\/\",\"url\":\"https:\/\/bromma.com\/es\/products\/tandem-quattro-2\/\",\"name\":\"Tandem 40\/45 - Bromma\",\"isPartOf\":{\"@id\":\"https:\/\/bromma.com\/es\/#website\"},\"primaryImageOfPage\":{\"@id\":\"https:\/\/bromma.com\/es\/products\/tandem-quattro-2\/#primaryimage\"},\"image\":{\"@id\":\"https:\/\/bromma.com\/es\/products\/tandem-quattro-2\/#primaryimage\"},\"thumbnailUrl\":\"https:\/\/bromma.com\/es\/wp-content\/uploads\/sites\/5\/2019\/06\/TandemT45_spreader.jpg\",\"datePublished\":\"2019-06-07T11:02:28+00:00\",\"description\":\"El spreader telesc\u00f3pico Bromma Tandem de 40'\/45' tiene una gran ventaja en versatilidad, ya que puede manejar todos los tama\u00f1os de contenedores. Este spreader puede izar contenedores de 20', 40' o 45' uno al lado del otro en modo T\u00e1ndem, sin necesidad, como en la versi\u00f3n de longitud fija, de un cambio peri\u00f3dico.\",\"breadcrumb\":{\"@id\":\"https:\/\/bromma.com\/es\/products\/tandem-quattro-2\/#breadcrumb\"},\"inLanguage\":\"es\",\"potentialAction\":[{\"@type\":\"ReadAction\",\"target\":[\"https:\/\/bromma.com\/es\/products\/tandem-quattro-2\/\"]}]},{\"@type\":\"ImageObject\",\"inLanguage\":\"es\",\"@id\":\"https:\/\/bromma.com\/es\/products\/tandem-quattro-2\/#primaryimage\",\"url\":\"https:\/\/bromma.com\/es\/wp-content\/uploads\/sites\/5\/2019\/06\/TandemT45_spreader.jpg\",\"contentUrl\":\"https:\/\/bromma.com\/es\/wp-content\/uploads\/sites\/5\/2019\/06\/TandemT45_spreader.jpg\",\"width\":1920,\"height\":1080,\"caption\":\"T\u00e1ndem 45\"},{\"@type\":\"BreadcrumbList\",\"@id\":\"https:\/\/bromma.com\/es\/products\/tandem-quattro-2\/#breadcrumb\",\"itemListElement\":[{\"@type\":\"ListItem\",\"position\":1,\"name\":\"Home\",\"item\":\"https:\/\/bromma.com\/es\/\"},{\"@type\":\"ListItem\",\"position\":2,\"name\":\"Productos\",\"item\":\"https:\/\/bromma.com\/es\/products\/\"},{\"@type\":\"ListItem\",\"position\":3,\"name\":\"Tandem 40\/45\"}]},{\"@type\":\"WebSite\",\"@id\":\"https:\/\/bromma.com\/es\/#website\",\"url\":\"https:\/\/bromma.com\/es\/\",\"name\":\"Bromma\",\"description\":\"Una tradici\u00f3n de innovaci\u00f3n\",\"publisher\":{\"@id\":\"https:\/\/bromma.com\/es\/#organization\"},\"potentialAction\":[{\"@type\":\"SearchAction\",\"target\":{\"@type\":\"EntryPoint\",\"urlTemplate\":\"https:\/\/bromma.com\/es\/?s={search_term_string}\"},\"query-input\":{\"@type\":\"PropertyValueSpecification\",\"valueRequired\":true,\"valueName\":\"search_term_string\"}}],\"inLanguage\":\"es\"},{\"@type\":\"Organization\",\"@id\":\"https:\/\/bromma.com\/es\/#organization\",\"name\":\"Bromma\",\"url\":\"https:\/\/bromma.com\/es\/\",\"logo\":{\"@type\":\"ImageObject\",\"inLanguage\":\"es\",\"@id\":\"https:\/\/bromma.com\/es\/#\/schema\/logo\/image\/\",\"url\":\"https:\/\/bromma.com\/es\/wp-content\/uploads\/sites\/5\/2020\/05\/Bromma-logo_blue_RGB_SPA.png\",\"contentUrl\":\"https:\/\/bromma.com\/es\/wp-content\/uploads\/sites\/5\/2020\/05\/Bromma-logo_blue_RGB_SPA.png\",\"width\":512,\"height\":512,\"caption\":\"Bromma\"},\"image\":{\"@id\":\"https:\/\/bromma.com\/es\/#\/schema\/logo\/image\/\"}}]}<\/script>\n<!-- \/ Yoast SEO Premium plugin. -->","yoast_head_json":{"title":"Tandem 40\/45 - Bromma","description":"El spreader telesc\u00f3pico Bromma Tandem de 40'\/45' tiene una gran ventaja en versatilidad, ya que puede manejar todos los tama\u00f1os de contenedores. Este spreader puede izar contenedores de 20', 40' o 45' uno al lado del otro en modo T\u00e1ndem, sin necesidad, como en la versi\u00f3n de longitud fija, de un cambio peri\u00f3dico.","robots":{"index":"index","follow":"follow","max-snippet":"max-snippet:-1","max-image-preview":"max-image-preview:large","max-video-preview":"max-video-preview:-1"},"canonical":"https:\/\/bromma.com\/es\/products\/tandem-quattro-2\/","og_locale":"es_ES","og_type":"article","og_title":"Tandem 40\/45","og_description":"El spreader telesc\u00f3pico Bromma Tandem de 40'\/45' tiene una gran ventaja en versatilidad, ya que puede manejar todos los tama\u00f1os de contenedores. Este spreader puede izar contenedores de 20', 40' o 45' uno al lado del otro en modo T\u00e1ndem, sin necesidad, como en la versi\u00f3n de longitud fija, de un cambio peri\u00f3dico.","og_url":"https:\/\/bromma.com\/es\/products\/tandem-quattro-2\/","og_site_name":"Bromma","og_image":[{"width":1920,"height":1080,"url":"https:\/\/bromma.com\/es\/wp-content\/uploads\/sites\/5\/2019\/06\/TandemT45_spreader.jpg","type":"image\/jpeg"}],"twitter_card":"summary_large_image","twitter_misc":{"Tiempo de lectura":"2 minutos"},"schema":{"@context":"https:\/\/schema.org","@graph":[{"@type":"WebPage","@id":"https:\/\/bromma.com\/es\/products\/tandem-quattro-2\/","url":"https:\/\/bromma.com\/es\/products\/tandem-quattro-2\/","name":"Tandem 40\/45 - Bromma","isPartOf":{"@id":"https:\/\/bromma.com\/es\/#website"},"primaryImageOfPage":{"@id":"https:\/\/bromma.com\/es\/products\/tandem-quattro-2\/#primaryimage"},"image":{"@id":"https:\/\/bromma.com\/es\/products\/tandem-quattro-2\/#primaryimage"},"thumbnailUrl":"https:\/\/bromma.com\/es\/wp-content\/uploads\/sites\/5\/2019\/06\/TandemT45_spreader.jpg","datePublished":"2019-06-07T11:02:28+00:00","description":"El spreader telesc\u00f3pico Bromma Tandem de 40'\/45' tiene una gran ventaja en versatilidad, ya que puede manejar todos los tama\u00f1os de contenedores. Este spreader puede izar contenedores de 20', 40' o 45' uno al lado del otro en modo T\u00e1ndem, sin necesidad, como en la versi\u00f3n de longitud fija, de un cambio peri\u00f3dico.","breadcrumb":{"@id":"https:\/\/bromma.com\/es\/products\/tandem-quattro-2\/#breadcrumb"},"inLanguage":"es","potentialAction":[{"@type":"ReadAction","target":["https:\/\/bromma.com\/es\/products\/tandem-quattro-2\/"]}]},{"@type":"ImageObject","inLanguage":"es","@id":"https:\/\/bromma.com\/es\/products\/tandem-quattro-2\/#primaryimage","url":"https:\/\/bromma.com\/es\/wp-content\/uploads\/sites\/5\/2019\/06\/TandemT45_spreader.jpg","contentUrl":"https:\/\/bromma.com\/es\/wp-content\/uploads\/sites\/5\/2019\/06\/TandemT45_spreader.jpg","width":1920,"height":1080,"caption":"T\u00e1ndem 45"},{"@type":"BreadcrumbList","@id":"https:\/\/bromma.com\/es\/products\/tandem-quattro-2\/#breadcrumb","itemListElement":[{"@type":"ListItem","position":1,"name":"Home","item":"https:\/\/bromma.com\/es\/"},{"@type":"ListItem","position":2,"name":"Productos","item":"https:\/\/bromma.com\/es\/products\/"},{"@type":"ListItem","position":3,"name":"Tandem 40\/45"}]},{"@type":"WebSite","@id":"https:\/\/bromma.com\/es\/#website","url":"https:\/\/bromma.com\/es\/","name":"Bromma","description":"Una tradici\u00f3n de innovaci\u00f3n","publisher":{"@id":"https:\/\/bromma.com\/es\/#organization"},"potentialAction":[{"@type":"SearchAction","target":{"@type":"EntryPoint","urlTemplate":"https:\/\/bromma.com\/es\/?s={search_term_string}"},"query-input":{"@type":"PropertyValueSpecification","valueRequired":true,"valueName":"search_term_string"}}],"inLanguage":"es"},{"@type":"Organization","@id":"https:\/\/bromma.com\/es\/#organization","name":"Bromma","url":"https:\/\/bromma.com\/es\/","logo":{"@type":"ImageObject","inLanguage":"es","@id":"https:\/\/bromma.com\/es\/#\/schema\/logo\/image\/","url":"https:\/\/bromma.com\/es\/wp-content\/uploads\/sites\/5\/2020\/05\/Bromma-logo_blue_RGB_SPA.png","contentUrl":"https:\/\/bromma.com\/es\/wp-content\/uploads\/sites\/5\/2020\/05\/Bromma-logo_blue_RGB_SPA.png","width":512,"height":512,"caption":"Bromma"},"image":{"@id":"https:\/\/bromma.com\/es\/#\/schema\/logo\/image\/"}}]}},"_links":{"self":[{"href":"https:\/\/bromma.com\/es\/wp-json\/wp\/v2\/product\/934","targetHints":{"allow":["GET"]}}],"collection":[{"href":"https:\/\/bromma.com\/es\/wp-json\/wp\/v2\/product"}],"about":[{"href":"https:\/\/bromma.com\/es\/wp-json\/wp\/v2\/types\/product"}],"wp:featuredmedia":[{"embeddable":true,"href":"https:\/\/bromma.com\/es\/wp-json\/wp\/v2\/media\/935"}],"wp:attachment":[{"href":"https:\/\/bromma.com\/es\/wp-json\/wp\/v2\/media?parent=934"}],"wp:term":[{"taxonomy":"product_brand","embeddable":true,"href":"https:\/\/bromma.com\/es\/wp-json\/wp\/v2\/product_brand?post=934"},{"taxonomy":"product_cat","embeddable":true,"href":"https:\/\/bromma.com\/es\/wp-json\/wp\/v2\/product_cat?post=934"},{"taxonomy":"product_tag","embeddable":true,"href":"https:\/\/bromma.com\/es\/wp-json\/wp\/v2\/product_tag?post=934"}],"curies":[{"name":"wp","href":"https:\/\/api.w.org\/{rel}","templated":true}]}}