{"id":936,"date":"2019-06-07T13:18:26","date_gmt":"2019-06-07T11:18:26","guid":{"rendered":"https:\/\/brommadev.wpengine.com\/?post_type=product&amp;p=936"},"modified":"2019-06-07T13:18:26","modified_gmt":"2019-06-07T11:18:26","slug":"tandem-fix40","status":"publish","type":"product","link":"https:\/\/bromma.com\/es\/products\/tandem-fix40\/","title":{"rendered":"Tandem Fix 40"},"content":{"rendered":"<h4>Posibles combinaciones de contenedores: 40\u00b4, 2&#215;40\u00b4<\/h4>\n<p>Una terminal de contenedores con un alto porcentaje de contenedores de 40&#8242; ganar\u00e1 un impulso inmediato a su productividad en el ciclo de elevaci\u00f3n al cambiar del manejo de contenedores de 40&#8242; de elevaci\u00f3n simple a un spreader de longitud fija en t\u00e1ndem.<\/p>\n<p>Adem\u00e1s de su capacidad de instalaci\u00f3n en gr\u00faas de contenedores con capacidad de elevaci\u00f3n limitada, el spreader t\u00e1ndem de longitud fija Bromma es tambi\u00e9n, desde el punto de vista del dise\u00f1o, el modelo t\u00e1ndem m\u00e1s sencillo disponible en la actualidad. Utiliza el dise\u00f1o y la tecnolog\u00eda del spreader Bromma, que ha demostrado ser confiable durante muchos a\u00f1os y literalmente millones de ciclos de elevaci\u00f3n.<\/p>\n<p>La limitaci\u00f3n de funcionamiento del spreader t\u00e1ndem de longitud fija es que debe ser desconectado en caso de que sea necesario levantar contenedores de 20&#8242; o 45&#8242;. El cambio de spreaders se puede hacer con relativa rapidez, con interfaces mec\u00e1nicas y el\u00e9ctricas adecuadas, pero la necesidad peri\u00f3dica de cualquier cambio de spreaders, por supuesto, limitar\u00e1 la producci\u00f3n total. Esta es la raz\u00f3n por la que el spreader t\u00e1ndem de longitud fija es m\u00e1s adecuado para terminales donde los barcos tienden a amontonarse con un alto porcentaje de contenedores de 40 pies.<\/p>\n<p>El spreader est\u00e1 dise\u00f1ado seg\u00fan la norma EN13001. Como todos los spreaders de Bromma, est\u00e1 fabricado en acero de alta calidad europeo, lo que garantiza un dise\u00f1o ligero y robusto. El spreader tiene un dise\u00f1o f\u00e1cil de usar y todos los componentes son muy accesibles para su inspecci\u00f3n y mantenimiento.<\/p>\n","protected":false},"excerpt":{"rendered":"<a href=\"https:\/\/bromma.com\/es\/products\/tandem-fix40\/\" class=\"excerpt\">Tandem Fix 40 es un spreader de longitud fija que es una opci\u00f3n ideal para los clientes que est\u00e1n interesados en obtener la productividad a\u00f1adida de la manipulaci\u00f3n de contenedores twin-40&#8242; pero est\u00e1n algo limitados en sus opciones por gr\u00faas con capacidad de elevaci\u00f3n limitada.\n<\/a><br><a href=\"https:\/\/bromma.com\/es\/products\/tandem-fix40\/\" class=\"excerptreadmore\">read more<\/a>","protected":false},"featured_media":937,"template":"","meta":{"_et_pb_use_builder":"off","_et_pb_old_content":"","_et_gb_content_width":""},"product_brand":[],"product_cat":[45],"product_tag":[26,54,49],"class_list":{"0":"post-936","1":"product","2":"type-product","3":"status-publish","4":"has-post-thumbnail","6":"product_cat-sts-spreaders","7":"product_tag-hydraulic","8":"product_tag-twin-lift","9":"product_tag-tandem","11":"first","12":"instock","13":"shipping-taxable","14":"product-type-simple"},"yoast_head":"<!-- This site is optimized with the Yoast SEO Premium plugin v27.2 (Yoast SEO v27.2) - https:\/\/yoast.com\/product\/yoast-seo-premium-wordpress\/ -->\n<title>Tandem Fix 40 - Bromma<\/title>\n<meta name=\"description\" content=\"Tandem Fix 40 es un spreader de longitud fija que es una opci\u00f3n ideal para los clientes que est\u00e1n interesados en obtener la productividad a\u00f1adida de la manipulaci\u00f3n de contenedores twin-40&#039; pero est\u00e1n algo limitados en sus opciones por gr\u00faas con capacidad de elevaci\u00f3n limitada.\" \/>\n<meta name=\"robots\" content=\"index, follow, max-snippet:-1, max-image-preview:large, max-video-preview:-1\" \/>\n<link rel=\"canonical\" href=\"https:\/\/bromma.com\/es\/products\/tandem-fix40\/\" \/>\n<meta property=\"og:locale\" content=\"es_ES\" \/>\n<meta property=\"og:type\" content=\"article\" \/>\n<meta property=\"og:title\" content=\"Tandem Fix 40\" \/>\n<meta property=\"og:description\" content=\"Tandem Fix 40 es un spreader de longitud fija que es una opci\u00f3n ideal para los clientes que est\u00e1n interesados en obtener la productividad a\u00f1adida de la manipulaci\u00f3n de contenedores twin-40&#039; pero est\u00e1n algo limitados en sus opciones por gr\u00faas con capacidad de elevaci\u00f3n limitada.\" \/>\n<meta property=\"og:url\" content=\"https:\/\/bromma.com\/es\/products\/tandem-fix40\/\" \/>\n<meta property=\"og:site_name\" content=\"Bromma\" \/>\n<meta property=\"og:image\" content=\"https:\/\/bromma.com\/es\/wp-content\/uploads\/sites\/5\/2019\/06\/TandemFix40_spreader.jpg\" \/>\n\t<meta property=\"og:image:width\" content=\"1920\" \/>\n\t<meta property=\"og:image:height\" content=\"1080\" \/>\n\t<meta property=\"og:image:type\" content=\"image\/jpeg\" \/>\n<meta name=\"twitter:card\" content=\"summary_large_image\" \/>\n<meta name=\"twitter:label1\" content=\"Tiempo de lectura\" \/>\n\t<meta name=\"twitter:data1\" content=\"1 minuto\" \/>\n<script type=\"application\/ld+json\" class=\"yoast-schema-graph\">{\"@context\":\"https:\/\/schema.org\",\"@graph\":[{\"@type\":\"WebPage\",\"@id\":\"https:\/\/bromma.com\/es\/products\/tandem-fix40\/\",\"url\":\"https:\/\/bromma.com\/es\/products\/tandem-fix40\/\",\"name\":\"Tandem Fix 40 - Bromma\",\"isPartOf\":{\"@id\":\"https:\/\/bromma.com\/es\/#website\"},\"primaryImageOfPage\":{\"@id\":\"https:\/\/bromma.com\/es\/products\/tandem-fix40\/#primaryimage\"},\"image\":{\"@id\":\"https:\/\/bromma.com\/es\/products\/tandem-fix40\/#primaryimage\"},\"thumbnailUrl\":\"https:\/\/bromma.com\/es\/wp-content\/uploads\/sites\/5\/2019\/06\/TandemFix40_spreader.jpg\",\"datePublished\":\"2019-06-07T11:18:26+00:00\",\"description\":\"Tandem Fix 40 es un spreader de longitud fija que es una opci\u00f3n ideal para los clientes que est\u00e1n interesados en obtener la productividad a\u00f1adida de la manipulaci\u00f3n de contenedores twin-40' pero est\u00e1n algo limitados en sus opciones por gr\u00faas con capacidad de elevaci\u00f3n limitada.\",\"breadcrumb\":{\"@id\":\"https:\/\/bromma.com\/es\/products\/tandem-fix40\/#breadcrumb\"},\"inLanguage\":\"es\",\"potentialAction\":[{\"@type\":\"ReadAction\",\"target\":[\"https:\/\/bromma.com\/es\/products\/tandem-fix40\/\"]}]},{\"@type\":\"ImageObject\",\"inLanguage\":\"es\",\"@id\":\"https:\/\/bromma.com\/es\/products\/tandem-fix40\/#primaryimage\",\"url\":\"https:\/\/bromma.com\/es\/wp-content\/uploads\/sites\/5\/2019\/06\/TandemFix40_spreader.jpg\",\"contentUrl\":\"https:\/\/bromma.com\/es\/wp-content\/uploads\/sites\/5\/2019\/06\/TandemFix40_spreader.jpg\",\"width\":1920,\"height\":1080,\"caption\":\"Spreader Bromma t\u00e1ndem fijo 40\"},{\"@type\":\"BreadcrumbList\",\"@id\":\"https:\/\/bromma.com\/es\/products\/tandem-fix40\/#breadcrumb\",\"itemListElement\":[{\"@type\":\"ListItem\",\"position\":1,\"name\":\"Home\",\"item\":\"https:\/\/bromma.com\/es\/\"},{\"@type\":\"ListItem\",\"position\":2,\"name\":\"Productos\",\"item\":\"https:\/\/bromma.com\/es\/products\/\"},{\"@type\":\"ListItem\",\"position\":3,\"name\":\"Tandem Fix 40\"}]},{\"@type\":\"WebSite\",\"@id\":\"https:\/\/bromma.com\/es\/#website\",\"url\":\"https:\/\/bromma.com\/es\/\",\"name\":\"Bromma\",\"description\":\"Una tradici\u00f3n de innovaci\u00f3n\",\"publisher\":{\"@id\":\"https:\/\/bromma.com\/es\/#organization\"},\"potentialAction\":[{\"@type\":\"SearchAction\",\"target\":{\"@type\":\"EntryPoint\",\"urlTemplate\":\"https:\/\/bromma.com\/es\/?s={search_term_string}\"},\"query-input\":{\"@type\":\"PropertyValueSpecification\",\"valueRequired\":true,\"valueName\":\"search_term_string\"}}],\"inLanguage\":\"es\"},{\"@type\":\"Organization\",\"@id\":\"https:\/\/bromma.com\/es\/#organization\",\"name\":\"Bromma\",\"url\":\"https:\/\/bromma.com\/es\/\",\"logo\":{\"@type\":\"ImageObject\",\"inLanguage\":\"es\",\"@id\":\"https:\/\/bromma.com\/es\/#\/schema\/logo\/image\/\",\"url\":\"https:\/\/bromma.com\/es\/wp-content\/uploads\/sites\/5\/2020\/05\/Bromma-logo_blue_RGB_SPA.png\",\"contentUrl\":\"https:\/\/bromma.com\/es\/wp-content\/uploads\/sites\/5\/2020\/05\/Bromma-logo_blue_RGB_SPA.png\",\"width\":512,\"height\":512,\"caption\":\"Bromma\"},\"image\":{\"@id\":\"https:\/\/bromma.com\/es\/#\/schema\/logo\/image\/\"}}]}<\/script>\n<!-- \/ Yoast SEO Premium plugin. -->","yoast_head_json":{"title":"Tandem Fix 40 - Bromma","description":"Tandem Fix 40 es un spreader de longitud fija que es una opci\u00f3n ideal para los clientes que est\u00e1n interesados en obtener la productividad a\u00f1adida de la manipulaci\u00f3n de contenedores twin-40' pero est\u00e1n algo limitados en sus opciones por gr\u00faas con capacidad de elevaci\u00f3n limitada.","robots":{"index":"index","follow":"follow","max-snippet":"max-snippet:-1","max-image-preview":"max-image-preview:large","max-video-preview":"max-video-preview:-1"},"canonical":"https:\/\/bromma.com\/es\/products\/tandem-fix40\/","og_locale":"es_ES","og_type":"article","og_title":"Tandem Fix 40","og_description":"Tandem Fix 40 es un spreader de longitud fija que es una opci\u00f3n ideal para los clientes que est\u00e1n interesados en obtener la productividad a\u00f1adida de la manipulaci\u00f3n de contenedores twin-40' pero est\u00e1n algo limitados en sus opciones por gr\u00faas con capacidad de elevaci\u00f3n limitada.","og_url":"https:\/\/bromma.com\/es\/products\/tandem-fix40\/","og_site_name":"Bromma","og_image":[{"width":1920,"height":1080,"url":"https:\/\/bromma.com\/es\/wp-content\/uploads\/sites\/5\/2019\/06\/TandemFix40_spreader.jpg","type":"image\/jpeg"}],"twitter_card":"summary_large_image","twitter_misc":{"Tiempo de lectura":"1 minuto"},"schema":{"@context":"https:\/\/schema.org","@graph":[{"@type":"WebPage","@id":"https:\/\/bromma.com\/es\/products\/tandem-fix40\/","url":"https:\/\/bromma.com\/es\/products\/tandem-fix40\/","name":"Tandem Fix 40 - Bromma","isPartOf":{"@id":"https:\/\/bromma.com\/es\/#website"},"primaryImageOfPage":{"@id":"https:\/\/bromma.com\/es\/products\/tandem-fix40\/#primaryimage"},"image":{"@id":"https:\/\/bromma.com\/es\/products\/tandem-fix40\/#primaryimage"},"thumbnailUrl":"https:\/\/bromma.com\/es\/wp-content\/uploads\/sites\/5\/2019\/06\/TandemFix40_spreader.jpg","datePublished":"2019-06-07T11:18:26+00:00","description":"Tandem Fix 40 es un spreader de longitud fija que es una opci\u00f3n ideal para los clientes que est\u00e1n interesados en obtener la productividad a\u00f1adida de la manipulaci\u00f3n de contenedores twin-40' pero est\u00e1n algo limitados en sus opciones por gr\u00faas con capacidad de elevaci\u00f3n limitada.","breadcrumb":{"@id":"https:\/\/bromma.com\/es\/products\/tandem-fix40\/#breadcrumb"},"inLanguage":"es","potentialAction":[{"@type":"ReadAction","target":["https:\/\/bromma.com\/es\/products\/tandem-fix40\/"]}]},{"@type":"ImageObject","inLanguage":"es","@id":"https:\/\/bromma.com\/es\/products\/tandem-fix40\/#primaryimage","url":"https:\/\/bromma.com\/es\/wp-content\/uploads\/sites\/5\/2019\/06\/TandemFix40_spreader.jpg","contentUrl":"https:\/\/bromma.com\/es\/wp-content\/uploads\/sites\/5\/2019\/06\/TandemFix40_spreader.jpg","width":1920,"height":1080,"caption":"Spreader Bromma t\u00e1ndem fijo 40"},{"@type":"BreadcrumbList","@id":"https:\/\/bromma.com\/es\/products\/tandem-fix40\/#breadcrumb","itemListElement":[{"@type":"ListItem","position":1,"name":"Home","item":"https:\/\/bromma.com\/es\/"},{"@type":"ListItem","position":2,"name":"Productos","item":"https:\/\/bromma.com\/es\/products\/"},{"@type":"ListItem","position":3,"name":"Tandem Fix 40"}]},{"@type":"WebSite","@id":"https:\/\/bromma.com\/es\/#website","url":"https:\/\/bromma.com\/es\/","name":"Bromma","description":"Una tradici\u00f3n de innovaci\u00f3n","publisher":{"@id":"https:\/\/bromma.com\/es\/#organization"},"potentialAction":[{"@type":"SearchAction","target":{"@type":"EntryPoint","urlTemplate":"https:\/\/bromma.com\/es\/?s={search_term_string}"},"query-input":{"@type":"PropertyValueSpecification","valueRequired":true,"valueName":"search_term_string"}}],"inLanguage":"es"},{"@type":"Organization","@id":"https:\/\/bromma.com\/es\/#organization","name":"Bromma","url":"https:\/\/bromma.com\/es\/","logo":{"@type":"ImageObject","inLanguage":"es","@id":"https:\/\/bromma.com\/es\/#\/schema\/logo\/image\/","url":"https:\/\/bromma.com\/es\/wp-content\/uploads\/sites\/5\/2020\/05\/Bromma-logo_blue_RGB_SPA.png","contentUrl":"https:\/\/bromma.com\/es\/wp-content\/uploads\/sites\/5\/2020\/05\/Bromma-logo_blue_RGB_SPA.png","width":512,"height":512,"caption":"Bromma"},"image":{"@id":"https:\/\/bromma.com\/es\/#\/schema\/logo\/image\/"}}]}},"_links":{"self":[{"href":"https:\/\/bromma.com\/es\/wp-json\/wp\/v2\/product\/936","targetHints":{"allow":["GET"]}}],"collection":[{"href":"https:\/\/bromma.com\/es\/wp-json\/wp\/v2\/product"}],"about":[{"href":"https:\/\/bromma.com\/es\/wp-json\/wp\/v2\/types\/product"}],"wp:featuredmedia":[{"embeddable":true,"href":"https:\/\/bromma.com\/es\/wp-json\/wp\/v2\/media\/937"}],"wp:attachment":[{"href":"https:\/\/bromma.com\/es\/wp-json\/wp\/v2\/media?parent=936"}],"wp:term":[{"taxonomy":"product_brand","embeddable":true,"href":"https:\/\/bromma.com\/es\/wp-json\/wp\/v2\/product_brand?post=936"},{"taxonomy":"product_cat","embeddable":true,"href":"https:\/\/bromma.com\/es\/wp-json\/wp\/v2\/product_cat?post=936"},{"taxonomy":"product_tag","embeddable":true,"href":"https:\/\/bromma.com\/es\/wp-json\/wp\/v2\/product_tag?post=936"}],"curies":[{"name":"wp","href":"https:\/\/api.w.org\/{rel}","templated":true}]}}