{"id":941,"date":"2019-06-07T14:36:38","date_gmt":"2019-06-07T12:36:38","guid":{"rendered":"https:\/\/brommadev.wpengine.com\/?post_type=product&amp;p=941"},"modified":"2019-06-07T14:36:38","modified_gmt":"2019-06-07T12:36:38","slug":"ysx45e-plus","status":"publish","type":"product","link":"https:\/\/bromma.com\/es\/products\/ysx45e-plus\/","title":{"rendered":"YSX45E PLUS"},"content":{"rendered":"<h4>Posibles combinaciones de contenedores: 20\u00b4, 30\u00b4, 40\u00b4, 45\u00b4<\/h4>\n<p>YSX45E PLUS es perfectamente apto para su uso en aplicaciones ASC. Con menos puntos de servicio, menor peso y ausencia de sistemas hidr\u00e1ulicos, este spreader se caracteriza por su alta disponibilidad, f\u00e1cil mantenimiento y mayor durabilidad. YSX45E PLUS ofrece un alto rendimiento de productividad, larga vida \u00fatil y m\u00e1xima seguridad. Sin embargo, es sorprendentemente ligero, en muchos casos varias toneladas m\u00e9tricas m\u00e1s ligero que los spreaders comparables en el mercado.<\/p>\n<h4>YSX45E PLUS incluye las siguientes opciones de serie:<\/h4>\n<ul>\n<li>Contador mec\u00e1nico de contenedores<\/li>\n<li>Contador mec\u00e1nico de horas<\/li>\n<li>Posici\u00f3n para 30&#8242; <\/li>\n<li>Argollas Bromma OSR45 <\/li>\n<li>Embalaje apto para navegar<\/li>\n<li>Calentador ambiental en el armario el\u00e9ctrico<\/li>\n<li>Tirantas del flipper<\/li>\n<\/ul>\n<h4>YSX45E PLUS est\u00e1 preparado para opciones de automatizaci\u00f3n como:<\/h4>\n<ul>\n<li>Sistema de posicionamiento telesc\u00f3pico redundante Bromma<\/li>\n<li>Sistema Bromma Landed Hold<\/li>\n<li>Sistema Bromma Landed Hold<\/li>\n<li>Sistema de lubricaci\u00f3n Bromma Auto<\/li>\n<li>C\u00e1maras Bromma Hawkeye<\/li>\n<li>OCR Bromma Hawkeye<\/li>\n<li>Sistema de control Bromma SCU<\/li>\n<li>Bromma TTDS<\/li>\n<li>Detecci\u00f3n de carga Bromma<\/li>\n<li>Sistema de control de spreaders Bromma<\/li>\n<li>Conector autom\u00e1tico Bromma<\/li>\n<\/ul>\n","protected":false},"excerpt":{"rendered":"<a href=\"https:\/\/bromma.com\/es\/products\/ysx45e-plus\/\" class=\"excerpt\">Bromma es su socio de automatizaci\u00f3n m\u00e1s experimentado: m\u00e1s de 1.000 gr\u00faas spreaders actualmente en servicio o encargadas a terminales automatizadas.\u00a0YSX45E PLUS es un spreader separador de un solo elevador, totalmente el\u00e9ctrico, basado en el dise\u00f1o de Bromma YSX45E. Se trata de un spreader m\u00e1s fuerte y de mayor rendimiento con estructura mejorada, accionamientos el\u00e9ctricos y preparado para la automatizaci\u00f3n y las tecnolog\u00edas futuras.\n<\/a><br><a href=\"https:\/\/bromma.com\/es\/products\/ysx45e-plus\/\" class=\"excerptreadmore\">read more<\/a>","protected":false},"featured_media":920,"template":"","meta":{"_et_pb_use_builder":"off","_et_pb_old_content":"","_et_gb_content_width":""},"product_brand":[],"product_cat":[55],"product_tag":[51,20],"class_list":{"0":"post-941","1":"product","2":"type-product","3":"status-publish","4":"has-post-thumbnail","6":"product_cat-yard_spreaders","7":"product_tag-telescopic","8":"product_tag-all-electric","10":"first","11":"instock","12":"featured","13":"shipping-taxable","14":"product-type-simple"},"yoast_head":"<!-- This site is optimized with the Yoast SEO Premium plugin v27.2 (Yoast SEO v27.2) - https:\/\/yoast.com\/product\/yoast-seo-premium-wordpress\/ -->\n<title>YSX45E PLUS - Bromma<\/title>\n<meta name=\"description\" content=\"YSX45E PLUS es un spreader separador de un solo elevador, totalmente el\u00e9ctrico, basado en el dise\u00f1o de Bromma YSX45E. YSX45E PLUS es un spreader separador de un solo elevador, totalmente el\u00e9ctrico, basado en el dise\u00f1o de Bromma YSX45E.\" \/>\n<meta name=\"robots\" content=\"index, follow, max-snippet:-1, max-image-preview:large, max-video-preview:-1\" \/>\n<link rel=\"canonical\" href=\"https:\/\/bromma.com\/es\/products\/ysx45e-plus\/\" \/>\n<meta property=\"og:locale\" content=\"es_ES\" \/>\n<meta property=\"og:type\" content=\"article\" \/>\n<meta property=\"og:title\" content=\"YSX45E PLUS\" \/>\n<meta property=\"og:description\" content=\"YSX45E PLUS es un spreader separador de un solo elevador, totalmente el\u00e9ctrico, basado en el dise\u00f1o de Bromma YSX45E. YSX45E PLUS es un spreader separador de un solo elevador, totalmente el\u00e9ctrico, basado en el dise\u00f1o de Bromma YSX45E.\" \/>\n<meta property=\"og:url\" content=\"https:\/\/bromma.com\/es\/products\/ysx45e-plus\/\" \/>\n<meta property=\"og:site_name\" content=\"Bromma\" \/>\n<meta property=\"og:image\" content=\"https:\/\/bromma.com\/es\/wp-content\/uploads\/sites\/5\/2019\/06\/YSX40E_YSX45E_spreader.jpg\" \/>\n\t<meta property=\"og:image:width\" content=\"1920\" \/>\n\t<meta property=\"og:image:height\" content=\"1080\" \/>\n\t<meta property=\"og:image:type\" content=\"image\/jpeg\" \/>\n<meta name=\"twitter:card\" content=\"summary_large_image\" \/>\n<meta name=\"twitter:label1\" content=\"Tiempo de lectura\" \/>\n\t<meta name=\"twitter:data1\" content=\"1 minuto\" \/>\n<script type=\"application\/ld+json\" class=\"yoast-schema-graph\">{\"@context\":\"https:\/\/schema.org\",\"@graph\":[{\"@type\":\"WebPage\",\"@id\":\"https:\/\/bromma.com\/es\/products\/ysx45e-plus\/\",\"url\":\"https:\/\/bromma.com\/es\/products\/ysx45e-plus\/\",\"name\":\"YSX45E PLUS - Bromma\",\"isPartOf\":{\"@id\":\"https:\/\/bromma.com\/es\/#website\"},\"primaryImageOfPage\":{\"@id\":\"https:\/\/bromma.com\/es\/products\/ysx45e-plus\/#primaryimage\"},\"image\":{\"@id\":\"https:\/\/bromma.com\/es\/products\/ysx45e-plus\/#primaryimage\"},\"thumbnailUrl\":\"https:\/\/bromma.com\/es\/wp-content\/uploads\/sites\/5\/2019\/06\/YSX40E_YSX45E_spreader.jpg\",\"datePublished\":\"2019-06-07T12:36:38+00:00\",\"description\":\"YSX45E PLUS es un spreader separador de un solo elevador, totalmente el\u00e9ctrico, basado en el dise\u00f1o de Bromma YSX45E. YSX45E PLUS es un spreader separador de un solo elevador, totalmente el\u00e9ctrico, basado en el dise\u00f1o de Bromma YSX45E.\",\"breadcrumb\":{\"@id\":\"https:\/\/bromma.com\/es\/products\/ysx45e-plus\/#breadcrumb\"},\"inLanguage\":\"es\",\"potentialAction\":[{\"@type\":\"ReadAction\",\"target\":[\"https:\/\/bromma.com\/es\/products\/ysx45e-plus\/\"]}]},{\"@type\":\"ImageObject\",\"inLanguage\":\"es\",\"@id\":\"https:\/\/bromma.com\/es\/products\/ysx45e-plus\/#primaryimage\",\"url\":\"https:\/\/bromma.com\/es\/wp-content\/uploads\/sites\/5\/2019\/06\/YSX40E_YSX45E_spreader.jpg\",\"contentUrl\":\"https:\/\/bromma.com\/es\/wp-content\/uploads\/sites\/5\/2019\/06\/YSX40E_YSX45E_spreader.jpg\",\"width\":1920,\"height\":1080,\"caption\":\"Spreader YSX40E YSX45E\"},{\"@type\":\"BreadcrumbList\",\"@id\":\"https:\/\/bromma.com\/es\/products\/ysx45e-plus\/#breadcrumb\",\"itemListElement\":[{\"@type\":\"ListItem\",\"position\":1,\"name\":\"Home\",\"item\":\"https:\/\/bromma.com\/es\/\"},{\"@type\":\"ListItem\",\"position\":2,\"name\":\"Productos\",\"item\":\"https:\/\/bromma.com\/es\/products\/\"},{\"@type\":\"ListItem\",\"position\":3,\"name\":\"YSX45E PLUS\"}]},{\"@type\":\"WebSite\",\"@id\":\"https:\/\/bromma.com\/es\/#website\",\"url\":\"https:\/\/bromma.com\/es\/\",\"name\":\"Bromma\",\"description\":\"Una tradici\u00f3n de innovaci\u00f3n\",\"publisher\":{\"@id\":\"https:\/\/bromma.com\/es\/#organization\"},\"potentialAction\":[{\"@type\":\"SearchAction\",\"target\":{\"@type\":\"EntryPoint\",\"urlTemplate\":\"https:\/\/bromma.com\/es\/?s={search_term_string}\"},\"query-input\":{\"@type\":\"PropertyValueSpecification\",\"valueRequired\":true,\"valueName\":\"search_term_string\"}}],\"inLanguage\":\"es\"},{\"@type\":\"Organization\",\"@id\":\"https:\/\/bromma.com\/es\/#organization\",\"name\":\"Bromma\",\"url\":\"https:\/\/bromma.com\/es\/\",\"logo\":{\"@type\":\"ImageObject\",\"inLanguage\":\"es\",\"@id\":\"https:\/\/bromma.com\/es\/#\/schema\/logo\/image\/\",\"url\":\"https:\/\/bromma.com\/es\/wp-content\/uploads\/sites\/5\/2020\/05\/Bromma-logo_blue_RGB_SPA.png\",\"contentUrl\":\"https:\/\/bromma.com\/es\/wp-content\/uploads\/sites\/5\/2020\/05\/Bromma-logo_blue_RGB_SPA.png\",\"width\":512,\"height\":512,\"caption\":\"Bromma\"},\"image\":{\"@id\":\"https:\/\/bromma.com\/es\/#\/schema\/logo\/image\/\"}}]}<\/script>\n<!-- \/ Yoast SEO Premium plugin. -->","yoast_head_json":{"title":"YSX45E PLUS - Bromma","description":"YSX45E PLUS es un spreader separador de un solo elevador, totalmente el\u00e9ctrico, basado en el dise\u00f1o de Bromma YSX45E. YSX45E PLUS es un spreader separador de un solo elevador, totalmente el\u00e9ctrico, basado en el dise\u00f1o de Bromma YSX45E.","robots":{"index":"index","follow":"follow","max-snippet":"max-snippet:-1","max-image-preview":"max-image-preview:large","max-video-preview":"max-video-preview:-1"},"canonical":"https:\/\/bromma.com\/es\/products\/ysx45e-plus\/","og_locale":"es_ES","og_type":"article","og_title":"YSX45E PLUS","og_description":"YSX45E PLUS es un spreader separador de un solo elevador, totalmente el\u00e9ctrico, basado en el dise\u00f1o de Bromma YSX45E. YSX45E PLUS es un spreader separador de un solo elevador, totalmente el\u00e9ctrico, basado en el dise\u00f1o de Bromma YSX45E.","og_url":"https:\/\/bromma.com\/es\/products\/ysx45e-plus\/","og_site_name":"Bromma","og_image":[{"width":1920,"height":1080,"url":"https:\/\/bromma.com\/es\/wp-content\/uploads\/sites\/5\/2019\/06\/YSX40E_YSX45E_spreader.jpg","type":"image\/jpeg"}],"twitter_card":"summary_large_image","twitter_misc":{"Tiempo de lectura":"1 minuto"},"schema":{"@context":"https:\/\/schema.org","@graph":[{"@type":"WebPage","@id":"https:\/\/bromma.com\/es\/products\/ysx45e-plus\/","url":"https:\/\/bromma.com\/es\/products\/ysx45e-plus\/","name":"YSX45E PLUS - Bromma","isPartOf":{"@id":"https:\/\/bromma.com\/es\/#website"},"primaryImageOfPage":{"@id":"https:\/\/bromma.com\/es\/products\/ysx45e-plus\/#primaryimage"},"image":{"@id":"https:\/\/bromma.com\/es\/products\/ysx45e-plus\/#primaryimage"},"thumbnailUrl":"https:\/\/bromma.com\/es\/wp-content\/uploads\/sites\/5\/2019\/06\/YSX40E_YSX45E_spreader.jpg","datePublished":"2019-06-07T12:36:38+00:00","description":"YSX45E PLUS es un spreader separador de un solo elevador, totalmente el\u00e9ctrico, basado en el dise\u00f1o de Bromma YSX45E. YSX45E PLUS es un spreader separador de un solo elevador, totalmente el\u00e9ctrico, basado en el dise\u00f1o de Bromma YSX45E.","breadcrumb":{"@id":"https:\/\/bromma.com\/es\/products\/ysx45e-plus\/#breadcrumb"},"inLanguage":"es","potentialAction":[{"@type":"ReadAction","target":["https:\/\/bromma.com\/es\/products\/ysx45e-plus\/"]}]},{"@type":"ImageObject","inLanguage":"es","@id":"https:\/\/bromma.com\/es\/products\/ysx45e-plus\/#primaryimage","url":"https:\/\/bromma.com\/es\/wp-content\/uploads\/sites\/5\/2019\/06\/YSX40E_YSX45E_spreader.jpg","contentUrl":"https:\/\/bromma.com\/es\/wp-content\/uploads\/sites\/5\/2019\/06\/YSX40E_YSX45E_spreader.jpg","width":1920,"height":1080,"caption":"Spreader YSX40E YSX45E"},{"@type":"BreadcrumbList","@id":"https:\/\/bromma.com\/es\/products\/ysx45e-plus\/#breadcrumb","itemListElement":[{"@type":"ListItem","position":1,"name":"Home","item":"https:\/\/bromma.com\/es\/"},{"@type":"ListItem","position":2,"name":"Productos","item":"https:\/\/bromma.com\/es\/products\/"},{"@type":"ListItem","position":3,"name":"YSX45E PLUS"}]},{"@type":"WebSite","@id":"https:\/\/bromma.com\/es\/#website","url":"https:\/\/bromma.com\/es\/","name":"Bromma","description":"Una tradici\u00f3n de innovaci\u00f3n","publisher":{"@id":"https:\/\/bromma.com\/es\/#organization"},"potentialAction":[{"@type":"SearchAction","target":{"@type":"EntryPoint","urlTemplate":"https:\/\/bromma.com\/es\/?s={search_term_string}"},"query-input":{"@type":"PropertyValueSpecification","valueRequired":true,"valueName":"search_term_string"}}],"inLanguage":"es"},{"@type":"Organization","@id":"https:\/\/bromma.com\/es\/#organization","name":"Bromma","url":"https:\/\/bromma.com\/es\/","logo":{"@type":"ImageObject","inLanguage":"es","@id":"https:\/\/bromma.com\/es\/#\/schema\/logo\/image\/","url":"https:\/\/bromma.com\/es\/wp-content\/uploads\/sites\/5\/2020\/05\/Bromma-logo_blue_RGB_SPA.png","contentUrl":"https:\/\/bromma.com\/es\/wp-content\/uploads\/sites\/5\/2020\/05\/Bromma-logo_blue_RGB_SPA.png","width":512,"height":512,"caption":"Bromma"},"image":{"@id":"https:\/\/bromma.com\/es\/#\/schema\/logo\/image\/"}}]}},"_links":{"self":[{"href":"https:\/\/bromma.com\/es\/wp-json\/wp\/v2\/product\/941","targetHints":{"allow":["GET"]}}],"collection":[{"href":"https:\/\/bromma.com\/es\/wp-json\/wp\/v2\/product"}],"about":[{"href":"https:\/\/bromma.com\/es\/wp-json\/wp\/v2\/types\/product"}],"wp:featuredmedia":[{"embeddable":true,"href":"https:\/\/bromma.com\/es\/wp-json\/wp\/v2\/media\/920"}],"wp:attachment":[{"href":"https:\/\/bromma.com\/es\/wp-json\/wp\/v2\/media?parent=941"}],"wp:term":[{"taxonomy":"product_brand","embeddable":true,"href":"https:\/\/bromma.com\/es\/wp-json\/wp\/v2\/product_brand?post=941"},{"taxonomy":"product_cat","embeddable":true,"href":"https:\/\/bromma.com\/es\/wp-json\/wp\/v2\/product_cat?post=941"},{"taxonomy":"product_tag","embeddable":true,"href":"https:\/\/bromma.com\/es\/wp-json\/wp\/v2\/product_tag?post=941"}],"curies":[{"name":"wp","href":"https:\/\/api.w.org\/{rel}","templated":true}]}}