{"id":971,"date":"2019-06-10T15:11:03","date_gmt":"2019-06-10T13:11:03","guid":{"rendered":"https:\/\/brommadev.wpengine.com\/?post_type=product&#038;p=971"},"modified":"2024-06-07T15:05:08","modified_gmt":"2024-06-07T13:05:08","slug":"rsx40c","status":"publish","type":"product","link":"https:\/\/bromma.com\/es\/products\/rsx40c\/","title":{"rendered":"RSX40C"},"content":{"rendered":"<p>Bromma RSX40C es un spreader apilador telesc\u00f3pico combinado para la manipulaci\u00f3n de contenedores individuales y remolques. Dispone de cuatro brazos de agarre para levantar remolques, cajas m\u00f3viles (C715, C745) y contenedores de elevaci\u00f3n de fondo.<\/p>\n<p>RSX40C est\u00e1 equipado con brazos de agarre, desplazamiento lateral, rotaci\u00f3n, extensi\u00f3n telesc\u00f3pica, inclinaci\u00f3n de pila motorizada y funciones de bloqueo por giro flotante que le permiten localizar f\u00e1cilmente los contenedores. Todos los movimientos del spreader se controlan con v\u00e1lvulas proporcionales de 24 V, ofreciendo un funcionamiento preciso y suave. El spreader es operado desde la cabina del conductor a trav\u00e9s de CANopen o cableado en paralelo. Los comandos son procesados por una Unidad de Control Electr\u00f3nico en el spreader con sistemas de seguridad incorporados para el manejo de contenedores.<\/p>\n<p>El spreader est\u00e1 dise\u00f1ado seg\u00fan la norma EN13001. Como todos los spreaders de Bromma, est\u00e1 fabricado en acero de alta calidad europeo, lo que garantiza un dise\u00f1o ligero y robusto. El spreader tiene un dise\u00f1o f\u00e1cil de usar y todos los componentes son muy accesibles para su inspecci\u00f3n y mantenimiento.<\/p>\n","protected":false},"excerpt":{"rendered":"<a href=\"https:\/\/bromma.com\/es\/products\/rsx40c\/\" class=\"excerpt\">Bromma RSX40C es un spreader apilador telesc\u00f3pico combinado para la manipulaci\u00f3n de contenedores individuales y remolques. Dispone de cuatro brazos de agarre para levantar remolques, cajas m\u00f3viles (C715, C745) y contenedores de elevaci\u00f3n de fondo.\n<\/a><br><a href=\"https:\/\/bromma.com\/es\/products\/rsx40c\/\" class=\"excerptreadmore\">read more<\/a>","protected":false},"featured_media":987,"template":"","meta":{"_et_pb_use_builder":"off","_et_pb_old_content":"","_et_gb_content_width":""},"product_brand":[],"product_cat":[32],"product_tag":[53,39,31,33,51,24],"class_list":{"0":"post-971","1":"product","2":"type-product","3":"status-publish","4":"has-post-thumbnail","6":"product_cat-reach-stacker-spreaders","7":"product_tag-terminal-trucks","8":"product_tag-side-shift","9":"product_tag-powered-pile-slope","10":"product_tag-reach-stackers","11":"product_tag-telescopic","12":"product_tag-floating-twistlocks","14":"first","15":"instock","16":"shipping-taxable","17":"product-type-simple"},"yoast_head":"<!-- This site is optimized with the Yoast SEO Premium plugin v27.2 (Yoast SEO v27.2) - https:\/\/yoast.com\/product\/yoast-seo-premium-wordpress\/ -->\n<title>RSX40C - Bromma<\/title>\n<meta name=\"description\" content=\"Bromma RSX40C es un spreader apilador telesc\u00f3pico combinado para la manipulaci\u00f3n de contenedores individuales y remolques.\" \/>\n<meta name=\"robots\" content=\"index, follow, max-snippet:-1, max-image-preview:large, max-video-preview:-1\" \/>\n<link rel=\"canonical\" href=\"https:\/\/bromma.com\/es\/products\/rsx40c\/\" \/>\n<meta property=\"og:locale\" content=\"es_ES\" \/>\n<meta property=\"og:type\" content=\"article\" \/>\n<meta property=\"og:title\" content=\"RSX40C\" \/>\n<meta property=\"og:description\" content=\"Bromma RSX40C es un spreader apilador telesc\u00f3pico combinado para la manipulaci\u00f3n de contenedores individuales y remolques.\" \/>\n<meta property=\"og:url\" content=\"https:\/\/bromma.com\/es\/products\/rsx40c\/\" \/>\n<meta property=\"og:site_name\" content=\"Bromma\" \/>\n<meta property=\"article:modified_time\" content=\"2024-06-07T13:05:08+00:00\" \/>\n<meta property=\"og:image\" content=\"https:\/\/bromma.com\/es\/wp-content\/uploads\/sites\/5\/2019\/06\/RSX40C_wordpress.jpg\" \/>\n\t<meta property=\"og:image:width\" content=\"1920\" \/>\n\t<meta property=\"og:image:height\" content=\"1080\" \/>\n\t<meta property=\"og:image:type\" content=\"image\/jpeg\" \/>\n<meta name=\"twitter:card\" content=\"summary_large_image\" \/>\n<meta name=\"twitter:label1\" content=\"Tiempo de lectura\" \/>\n\t<meta name=\"twitter:data1\" content=\"1 minuto\" \/>\n<script type=\"application\/ld+json\" class=\"yoast-schema-graph\">{\"@context\":\"https:\/\/schema.org\",\"@graph\":[{\"@type\":\"WebPage\",\"@id\":\"https:\/\/bromma.com\/es\/products\/rsx40c\/\",\"url\":\"https:\/\/bromma.com\/es\/products\/rsx40c\/\",\"name\":\"RSX40C - Bromma\",\"isPartOf\":{\"@id\":\"https:\/\/bromma.com\/es\/#website\"},\"primaryImageOfPage\":{\"@id\":\"https:\/\/bromma.com\/es\/products\/rsx40c\/#primaryimage\"},\"image\":{\"@id\":\"https:\/\/bromma.com\/es\/products\/rsx40c\/#primaryimage\"},\"thumbnailUrl\":\"https:\/\/bromma.com\/es\/wp-content\/uploads\/sites\/5\/2019\/06\/RSX40C_wordpress.jpg\",\"datePublished\":\"2019-06-10T13:11:03+00:00\",\"dateModified\":\"2024-06-07T13:05:08+00:00\",\"description\":\"Bromma RSX40C es un spreader apilador telesc\u00f3pico combinado para la manipulaci\u00f3n de contenedores individuales y remolques.\",\"breadcrumb\":{\"@id\":\"https:\/\/bromma.com\/es\/products\/rsx40c\/#breadcrumb\"},\"inLanguage\":\"es\",\"potentialAction\":[{\"@type\":\"ReadAction\",\"target\":[\"https:\/\/bromma.com\/es\/products\/rsx40c\/\"]}]},{\"@type\":\"ImageObject\",\"inLanguage\":\"es\",\"@id\":\"https:\/\/bromma.com\/es\/products\/rsx40c\/#primaryimage\",\"url\":\"https:\/\/bromma.com\/es\/wp-content\/uploads\/sites\/5\/2019\/06\/RSX40C_wordpress.jpg\",\"contentUrl\":\"https:\/\/bromma.com\/es\/wp-content\/uploads\/sites\/5\/2019\/06\/RSX40C_wordpress.jpg\",\"width\":1920,\"height\":1080,\"caption\":\"Spreader apilador retr\u00e1ctil RSX40C\"},{\"@type\":\"BreadcrumbList\",\"@id\":\"https:\/\/bromma.com\/es\/products\/rsx40c\/#breadcrumb\",\"itemListElement\":[{\"@type\":\"ListItem\",\"position\":1,\"name\":\"Home\",\"item\":\"https:\/\/bromma.com\/es\/\"},{\"@type\":\"ListItem\",\"position\":2,\"name\":\"Productos\",\"item\":\"https:\/\/bromma.com\/es\/products\/\"},{\"@type\":\"ListItem\",\"position\":3,\"name\":\"RSX40C\"}]},{\"@type\":\"WebSite\",\"@id\":\"https:\/\/bromma.com\/es\/#website\",\"url\":\"https:\/\/bromma.com\/es\/\",\"name\":\"Bromma\",\"description\":\"Una tradici\u00f3n de innovaci\u00f3n\",\"publisher\":{\"@id\":\"https:\/\/bromma.com\/es\/#organization\"},\"potentialAction\":[{\"@type\":\"SearchAction\",\"target\":{\"@type\":\"EntryPoint\",\"urlTemplate\":\"https:\/\/bromma.com\/es\/?s={search_term_string}\"},\"query-input\":{\"@type\":\"PropertyValueSpecification\",\"valueRequired\":true,\"valueName\":\"search_term_string\"}}],\"inLanguage\":\"es\"},{\"@type\":\"Organization\",\"@id\":\"https:\/\/bromma.com\/es\/#organization\",\"name\":\"Bromma\",\"url\":\"https:\/\/bromma.com\/es\/\",\"logo\":{\"@type\":\"ImageObject\",\"inLanguage\":\"es\",\"@id\":\"https:\/\/bromma.com\/es\/#\/schema\/logo\/image\/\",\"url\":\"https:\/\/bromma.com\/es\/wp-content\/uploads\/sites\/5\/2020\/05\/Bromma-logo_blue_RGB_SPA.png\",\"contentUrl\":\"https:\/\/bromma.com\/es\/wp-content\/uploads\/sites\/5\/2020\/05\/Bromma-logo_blue_RGB_SPA.png\",\"width\":512,\"height\":512,\"caption\":\"Bromma\"},\"image\":{\"@id\":\"https:\/\/bromma.com\/es\/#\/schema\/logo\/image\/\"}}]}<\/script>\n<!-- \/ Yoast SEO Premium plugin. -->","yoast_head_json":{"title":"RSX40C - Bromma","description":"Bromma RSX40C es un spreader apilador telesc\u00f3pico combinado para la manipulaci\u00f3n de contenedores individuales y remolques.","robots":{"index":"index","follow":"follow","max-snippet":"max-snippet:-1","max-image-preview":"max-image-preview:large","max-video-preview":"max-video-preview:-1"},"canonical":"https:\/\/bromma.com\/es\/products\/rsx40c\/","og_locale":"es_ES","og_type":"article","og_title":"RSX40C","og_description":"Bromma RSX40C es un spreader apilador telesc\u00f3pico combinado para la manipulaci\u00f3n de contenedores individuales y remolques.","og_url":"https:\/\/bromma.com\/es\/products\/rsx40c\/","og_site_name":"Bromma","article_modified_time":"2024-06-07T13:05:08+00:00","og_image":[{"width":1920,"height":1080,"url":"https:\/\/bromma.com\/es\/wp-content\/uploads\/sites\/5\/2019\/06\/RSX40C_wordpress.jpg","type":"image\/jpeg"}],"twitter_card":"summary_large_image","twitter_misc":{"Tiempo de lectura":"1 minuto"},"schema":{"@context":"https:\/\/schema.org","@graph":[{"@type":"WebPage","@id":"https:\/\/bromma.com\/es\/products\/rsx40c\/","url":"https:\/\/bromma.com\/es\/products\/rsx40c\/","name":"RSX40C - Bromma","isPartOf":{"@id":"https:\/\/bromma.com\/es\/#website"},"primaryImageOfPage":{"@id":"https:\/\/bromma.com\/es\/products\/rsx40c\/#primaryimage"},"image":{"@id":"https:\/\/bromma.com\/es\/products\/rsx40c\/#primaryimage"},"thumbnailUrl":"https:\/\/bromma.com\/es\/wp-content\/uploads\/sites\/5\/2019\/06\/RSX40C_wordpress.jpg","datePublished":"2019-06-10T13:11:03+00:00","dateModified":"2024-06-07T13:05:08+00:00","description":"Bromma RSX40C es un spreader apilador telesc\u00f3pico combinado para la manipulaci\u00f3n de contenedores individuales y remolques.","breadcrumb":{"@id":"https:\/\/bromma.com\/es\/products\/rsx40c\/#breadcrumb"},"inLanguage":"es","potentialAction":[{"@type":"ReadAction","target":["https:\/\/bromma.com\/es\/products\/rsx40c\/"]}]},{"@type":"ImageObject","inLanguage":"es","@id":"https:\/\/bromma.com\/es\/products\/rsx40c\/#primaryimage","url":"https:\/\/bromma.com\/es\/wp-content\/uploads\/sites\/5\/2019\/06\/RSX40C_wordpress.jpg","contentUrl":"https:\/\/bromma.com\/es\/wp-content\/uploads\/sites\/5\/2019\/06\/RSX40C_wordpress.jpg","width":1920,"height":1080,"caption":"Spreader apilador retr\u00e1ctil RSX40C"},{"@type":"BreadcrumbList","@id":"https:\/\/bromma.com\/es\/products\/rsx40c\/#breadcrumb","itemListElement":[{"@type":"ListItem","position":1,"name":"Home","item":"https:\/\/bromma.com\/es\/"},{"@type":"ListItem","position":2,"name":"Productos","item":"https:\/\/bromma.com\/es\/products\/"},{"@type":"ListItem","position":3,"name":"RSX40C"}]},{"@type":"WebSite","@id":"https:\/\/bromma.com\/es\/#website","url":"https:\/\/bromma.com\/es\/","name":"Bromma","description":"Una tradici\u00f3n de innovaci\u00f3n","publisher":{"@id":"https:\/\/bromma.com\/es\/#organization"},"potentialAction":[{"@type":"SearchAction","target":{"@type":"EntryPoint","urlTemplate":"https:\/\/bromma.com\/es\/?s={search_term_string}"},"query-input":{"@type":"PropertyValueSpecification","valueRequired":true,"valueName":"search_term_string"}}],"inLanguage":"es"},{"@type":"Organization","@id":"https:\/\/bromma.com\/es\/#organization","name":"Bromma","url":"https:\/\/bromma.com\/es\/","logo":{"@type":"ImageObject","inLanguage":"es","@id":"https:\/\/bromma.com\/es\/#\/schema\/logo\/image\/","url":"https:\/\/bromma.com\/es\/wp-content\/uploads\/sites\/5\/2020\/05\/Bromma-logo_blue_RGB_SPA.png","contentUrl":"https:\/\/bromma.com\/es\/wp-content\/uploads\/sites\/5\/2020\/05\/Bromma-logo_blue_RGB_SPA.png","width":512,"height":512,"caption":"Bromma"},"image":{"@id":"https:\/\/bromma.com\/es\/#\/schema\/logo\/image\/"}}]}},"_links":{"self":[{"href":"https:\/\/bromma.com\/es\/wp-json\/wp\/v2\/product\/971","targetHints":{"allow":["GET"]}}],"collection":[{"href":"https:\/\/bromma.com\/es\/wp-json\/wp\/v2\/product"}],"about":[{"href":"https:\/\/bromma.com\/es\/wp-json\/wp\/v2\/types\/product"}],"wp:featuredmedia":[{"embeddable":true,"href":"https:\/\/bromma.com\/es\/wp-json\/wp\/v2\/media\/987"}],"wp:attachment":[{"href":"https:\/\/bromma.com\/es\/wp-json\/wp\/v2\/media?parent=971"}],"wp:term":[{"taxonomy":"product_brand","embeddable":true,"href":"https:\/\/bromma.com\/es\/wp-json\/wp\/v2\/product_brand?post=971"},{"taxonomy":"product_cat","embeddable":true,"href":"https:\/\/bromma.com\/es\/wp-json\/wp\/v2\/product_cat?post=971"},{"taxonomy":"product_tag","embeddable":true,"href":"https:\/\/bromma.com\/es\/wp-json\/wp\/v2\/product_tag?post=971"}],"curies":[{"name":"wp","href":"https:\/\/api.w.org\/{rel}","templated":true}]}}