{"id":976,"date":"2019-06-10T15:19:38","date_gmt":"2019-06-10T13:19:38","guid":{"rendered":"https:\/\/brommadev.wpengine.com\/?post_type=product&amp;p=976"},"modified":"2019-06-10T15:19:38","modified_gmt":"2019-06-10T13:19:38","slug":"slc40t","status":"publish","type":"product","link":"https:\/\/bromma.com\/es\/products\/slc40t\/","title":{"rendered":"SLC40T"},"content":{"rendered":"<p>El contacto visual con la pila, las esquinas del contenedor y los ganchos ha sido optimizado para permitir un r\u00e1pido posicionamiento de los cabezales de elevaci\u00f3n en el contenedor. SLC40T est\u00e1 equipado con funciones de desplazamiento lateral, telesc\u00f3picas y mec\u00e1nicas de inclinaci\u00f3n de pila que le permiten localizar f\u00e1cilmente los contenedores. Utiliza ganchos y abrazaderas laterales para asegurar el contenedor. Los ganchos se encajan en la parte superior del contenedor inferior y las abrazaderas laterales se encajan en las esquinas de ambos contenedores.<\/p>\n<p>Todos los movimientos del spreader se controlan con v\u00e1lvulas proporcionales de 24 V, ofreciendo un funcionamiento preciso y suave. El spreader se opera desde la cabina del conductor a trav\u00e9s de comunicaci\u00f3n serie (CANopen) o cableado paralelo. Los comandos son procesados por una Unidad de Control Electr\u00f3nico en el spreader con sistemas de seguridad incorporados para el manejo de contenedores.<\/p>\n<p>El spreader est\u00e1 dise\u00f1ado seg\u00fan la norma EN13001. Como todos los spreaders de Bromma, est\u00e1 fabricado en acero de alta calidad europeo, lo que garantiza un dise\u00f1o ligero y robusto. El spreader tiene un dise\u00f1o f\u00e1cil de usar y todos los componentes son muy accesibles para su inspecci\u00f3n y mantenimiento.<\/p>\n","protected":false},"excerpt":{"rendered":"<a href=\"https:\/\/bromma.com\/es\/products\/slc40t\/\" class=\"excerpt\">Bromma SLC40T es un spreader de doble elevaci\u00f3n lateral para la manipulaci\u00f3n simult\u00e1nea de dos contenedores vac\u00edos para carretillas elevadoras con m\u00e1stil.\n<\/a><br><a href=\"https:\/\/bromma.com\/es\/products\/slc40t\/\" class=\"excerptreadmore\">read more<\/a>","protected":false},"featured_media":986,"template":"","meta":{"_et_pb_use_builder":"off","_et_pb_old_content":"","_et_gb_content_width":""},"product_brand":[],"product_cat":[22],"product_tag":[53,38,28],"class_list":{"0":"post-976","1":"product","2":"type-product","3":"status-publish","4":"has-post-thumbnail","6":"product_cat-empty-container-handler","7":"product_tag-terminal-trucks","8":"product_tag-side-lift","9":"product_tag-mechanical-pile-slope","11":"first","12":"instock","13":"shipping-taxable","14":"product-type-simple"},"yoast_head":"<!-- This site is optimized with the Yoast SEO Premium plugin v27.2 (Yoast SEO v27.2) - https:\/\/yoast.com\/product\/yoast-seo-premium-wordpress\/ -->\n<title>SLC40T - Bromma<\/title>\n<meta name=\"description\" content=\"Bromma SLC40T es un spreader de doble elevaci\u00f3n lateral para la manipulaci\u00f3n simult\u00e1nea de dos contenedores vac\u00edos para carretillas elevadoras con m\u00e1stil.\" \/>\n<meta name=\"robots\" content=\"index, follow, max-snippet:-1, max-image-preview:large, max-video-preview:-1\" \/>\n<link rel=\"canonical\" href=\"https:\/\/bromma.com\/es\/products\/slc40t\/\" \/>\n<meta property=\"og:locale\" content=\"es_ES\" \/>\n<meta property=\"og:type\" content=\"article\" \/>\n<meta property=\"og:title\" content=\"SLC40T\" \/>\n<meta property=\"og:description\" content=\"Bromma SLC40T es un spreader de doble elevaci\u00f3n lateral para la manipulaci\u00f3n simult\u00e1nea de dos contenedores vac\u00edos para carretillas elevadoras con m\u00e1stil.\" \/>\n<meta property=\"og:url\" content=\"https:\/\/bromma.com\/es\/products\/slc40t\/\" \/>\n<meta property=\"og:site_name\" content=\"Bromma\" \/>\n<meta property=\"og:image\" content=\"https:\/\/bromma.com\/es\/wp-content\/uploads\/sites\/5\/2019\/06\/SLC40T_wordpress.jpg\" \/>\n\t<meta property=\"og:image:width\" content=\"1920\" \/>\n\t<meta property=\"og:image:height\" content=\"1080\" \/>\n\t<meta property=\"og:image:type\" content=\"image\/jpeg\" \/>\n<meta name=\"twitter:card\" content=\"summary_large_image\" \/>\n<meta name=\"twitter:label1\" content=\"Tiempo de lectura\" \/>\n\t<meta name=\"twitter:data1\" content=\"1 minuto\" \/>\n<script type=\"application\/ld+json\" class=\"yoast-schema-graph\">{\"@context\":\"https:\/\/schema.org\",\"@graph\":[{\"@type\":\"WebPage\",\"@id\":\"https:\/\/bromma.com\/es\/products\/slc40t\/\",\"url\":\"https:\/\/bromma.com\/es\/products\/slc40t\/\",\"name\":\"SLC40T - Bromma\",\"isPartOf\":{\"@id\":\"https:\/\/bromma.com\/es\/#website\"},\"primaryImageOfPage\":{\"@id\":\"https:\/\/bromma.com\/es\/products\/slc40t\/#primaryimage\"},\"image\":{\"@id\":\"https:\/\/bromma.com\/es\/products\/slc40t\/#primaryimage\"},\"thumbnailUrl\":\"https:\/\/bromma.com\/es\/wp-content\/uploads\/sites\/5\/2019\/06\/SLC40T_wordpress.jpg\",\"datePublished\":\"2019-06-10T13:19:38+00:00\",\"description\":\"Bromma SLC40T es un spreader de doble elevaci\u00f3n lateral para la manipulaci\u00f3n simult\u00e1nea de dos contenedores vac\u00edos para carretillas elevadoras con m\u00e1stil.\",\"breadcrumb\":{\"@id\":\"https:\/\/bromma.com\/es\/products\/slc40t\/#breadcrumb\"},\"inLanguage\":\"es\",\"potentialAction\":[{\"@type\":\"ReadAction\",\"target\":[\"https:\/\/bromma.com\/es\/products\/slc40t\/\"]}]},{\"@type\":\"ImageObject\",\"inLanguage\":\"es\",\"@id\":\"https:\/\/bromma.com\/es\/products\/slc40t\/#primaryimage\",\"url\":\"https:\/\/bromma.com\/es\/wp-content\/uploads\/sites\/5\/2019\/06\/SLC40T_wordpress.jpg\",\"contentUrl\":\"https:\/\/bromma.com\/es\/wp-content\/uploads\/sites\/5\/2019\/06\/SLC40T_wordpress.jpg\",\"width\":1920,\"height\":1080,\"caption\":\"Spreader de elevaci\u00f3n lateral SLC40T\"},{\"@type\":\"BreadcrumbList\",\"@id\":\"https:\/\/bromma.com\/es\/products\/slc40t\/#breadcrumb\",\"itemListElement\":[{\"@type\":\"ListItem\",\"position\":1,\"name\":\"Home\",\"item\":\"https:\/\/bromma.com\/es\/\"},{\"@type\":\"ListItem\",\"position\":2,\"name\":\"Productos\",\"item\":\"https:\/\/bromma.com\/es\/products\/\"},{\"@type\":\"ListItem\",\"position\":3,\"name\":\"SLC40T\"}]},{\"@type\":\"WebSite\",\"@id\":\"https:\/\/bromma.com\/es\/#website\",\"url\":\"https:\/\/bromma.com\/es\/\",\"name\":\"Bromma\",\"description\":\"Una tradici\u00f3n de innovaci\u00f3n\",\"publisher\":{\"@id\":\"https:\/\/bromma.com\/es\/#organization\"},\"potentialAction\":[{\"@type\":\"SearchAction\",\"target\":{\"@type\":\"EntryPoint\",\"urlTemplate\":\"https:\/\/bromma.com\/es\/?s={search_term_string}\"},\"query-input\":{\"@type\":\"PropertyValueSpecification\",\"valueRequired\":true,\"valueName\":\"search_term_string\"}}],\"inLanguage\":\"es\"},{\"@type\":\"Organization\",\"@id\":\"https:\/\/bromma.com\/es\/#organization\",\"name\":\"Bromma\",\"url\":\"https:\/\/bromma.com\/es\/\",\"logo\":{\"@type\":\"ImageObject\",\"inLanguage\":\"es\",\"@id\":\"https:\/\/bromma.com\/es\/#\/schema\/logo\/image\/\",\"url\":\"https:\/\/bromma.com\/es\/wp-content\/uploads\/sites\/5\/2020\/05\/Bromma-logo_blue_RGB_SPA.png\",\"contentUrl\":\"https:\/\/bromma.com\/es\/wp-content\/uploads\/sites\/5\/2020\/05\/Bromma-logo_blue_RGB_SPA.png\",\"width\":512,\"height\":512,\"caption\":\"Bromma\"},\"image\":{\"@id\":\"https:\/\/bromma.com\/es\/#\/schema\/logo\/image\/\"}}]}<\/script>\n<!-- \/ Yoast SEO Premium plugin. -->","yoast_head_json":{"title":"SLC40T - Bromma","description":"Bromma SLC40T es un spreader de doble elevaci\u00f3n lateral para la manipulaci\u00f3n simult\u00e1nea de dos contenedores vac\u00edos para carretillas elevadoras con m\u00e1stil.","robots":{"index":"index","follow":"follow","max-snippet":"max-snippet:-1","max-image-preview":"max-image-preview:large","max-video-preview":"max-video-preview:-1"},"canonical":"https:\/\/bromma.com\/es\/products\/slc40t\/","og_locale":"es_ES","og_type":"article","og_title":"SLC40T","og_description":"Bromma SLC40T es un spreader de doble elevaci\u00f3n lateral para la manipulaci\u00f3n simult\u00e1nea de dos contenedores vac\u00edos para carretillas elevadoras con m\u00e1stil.","og_url":"https:\/\/bromma.com\/es\/products\/slc40t\/","og_site_name":"Bromma","og_image":[{"width":1920,"height":1080,"url":"https:\/\/bromma.com\/es\/wp-content\/uploads\/sites\/5\/2019\/06\/SLC40T_wordpress.jpg","type":"image\/jpeg"}],"twitter_card":"summary_large_image","twitter_misc":{"Tiempo de lectura":"1 minuto"},"schema":{"@context":"https:\/\/schema.org","@graph":[{"@type":"WebPage","@id":"https:\/\/bromma.com\/es\/products\/slc40t\/","url":"https:\/\/bromma.com\/es\/products\/slc40t\/","name":"SLC40T - Bromma","isPartOf":{"@id":"https:\/\/bromma.com\/es\/#website"},"primaryImageOfPage":{"@id":"https:\/\/bromma.com\/es\/products\/slc40t\/#primaryimage"},"image":{"@id":"https:\/\/bromma.com\/es\/products\/slc40t\/#primaryimage"},"thumbnailUrl":"https:\/\/bromma.com\/es\/wp-content\/uploads\/sites\/5\/2019\/06\/SLC40T_wordpress.jpg","datePublished":"2019-06-10T13:19:38+00:00","description":"Bromma SLC40T es un spreader de doble elevaci\u00f3n lateral para la manipulaci\u00f3n simult\u00e1nea de dos contenedores vac\u00edos para carretillas elevadoras con m\u00e1stil.","breadcrumb":{"@id":"https:\/\/bromma.com\/es\/products\/slc40t\/#breadcrumb"},"inLanguage":"es","potentialAction":[{"@type":"ReadAction","target":["https:\/\/bromma.com\/es\/products\/slc40t\/"]}]},{"@type":"ImageObject","inLanguage":"es","@id":"https:\/\/bromma.com\/es\/products\/slc40t\/#primaryimage","url":"https:\/\/bromma.com\/es\/wp-content\/uploads\/sites\/5\/2019\/06\/SLC40T_wordpress.jpg","contentUrl":"https:\/\/bromma.com\/es\/wp-content\/uploads\/sites\/5\/2019\/06\/SLC40T_wordpress.jpg","width":1920,"height":1080,"caption":"Spreader de elevaci\u00f3n lateral SLC40T"},{"@type":"BreadcrumbList","@id":"https:\/\/bromma.com\/es\/products\/slc40t\/#breadcrumb","itemListElement":[{"@type":"ListItem","position":1,"name":"Home","item":"https:\/\/bromma.com\/es\/"},{"@type":"ListItem","position":2,"name":"Productos","item":"https:\/\/bromma.com\/es\/products\/"},{"@type":"ListItem","position":3,"name":"SLC40T"}]},{"@type":"WebSite","@id":"https:\/\/bromma.com\/es\/#website","url":"https:\/\/bromma.com\/es\/","name":"Bromma","description":"Una tradici\u00f3n de innovaci\u00f3n","publisher":{"@id":"https:\/\/bromma.com\/es\/#organization"},"potentialAction":[{"@type":"SearchAction","target":{"@type":"EntryPoint","urlTemplate":"https:\/\/bromma.com\/es\/?s={search_term_string}"},"query-input":{"@type":"PropertyValueSpecification","valueRequired":true,"valueName":"search_term_string"}}],"inLanguage":"es"},{"@type":"Organization","@id":"https:\/\/bromma.com\/es\/#organization","name":"Bromma","url":"https:\/\/bromma.com\/es\/","logo":{"@type":"ImageObject","inLanguage":"es","@id":"https:\/\/bromma.com\/es\/#\/schema\/logo\/image\/","url":"https:\/\/bromma.com\/es\/wp-content\/uploads\/sites\/5\/2020\/05\/Bromma-logo_blue_RGB_SPA.png","contentUrl":"https:\/\/bromma.com\/es\/wp-content\/uploads\/sites\/5\/2020\/05\/Bromma-logo_blue_RGB_SPA.png","width":512,"height":512,"caption":"Bromma"},"image":{"@id":"https:\/\/bromma.com\/es\/#\/schema\/logo\/image\/"}}]}},"_links":{"self":[{"href":"https:\/\/bromma.com\/es\/wp-json\/wp\/v2\/product\/976","targetHints":{"allow":["GET"]}}],"collection":[{"href":"https:\/\/bromma.com\/es\/wp-json\/wp\/v2\/product"}],"about":[{"href":"https:\/\/bromma.com\/es\/wp-json\/wp\/v2\/types\/product"}],"wp:featuredmedia":[{"embeddable":true,"href":"https:\/\/bromma.com\/es\/wp-json\/wp\/v2\/media\/986"}],"wp:attachment":[{"href":"https:\/\/bromma.com\/es\/wp-json\/wp\/v2\/media?parent=976"}],"wp:term":[{"taxonomy":"product_brand","embeddable":true,"href":"https:\/\/bromma.com\/es\/wp-json\/wp\/v2\/product_brand?post=976"},{"taxonomy":"product_cat","embeddable":true,"href":"https:\/\/bromma.com\/es\/wp-json\/wp\/v2\/product_cat?post=976"},{"taxonomy":"product_tag","embeddable":true,"href":"https:\/\/bromma.com\/es\/wp-json\/wp\/v2\/product_tag?post=976"}],"curies":[{"name":"wp","href":"https:\/\/api.w.org\/{rel}","templated":true}]}}