{"id":981,"date":"2019-06-10T15:33:01","date_gmt":"2019-06-10T13:33:01","guid":{"rendered":"https:\/\/brommadev.wpengine.com\/?post_type=product&amp;p=981"},"modified":"2019-06-10T15:33:01","modified_gmt":"2019-06-10T13:33:01","slug":"slv40","status":"publish","type":"product","link":"https:\/\/bromma.com\/es\/products\/slv40\/","title":{"rendered":"SLV40"},"content":{"rendered":"<p>Bromma SLV40 es un spreader de elevaci\u00f3n dise\u00f1ado para manejar contenedores individuales 20&#8242; y 40&#8242; para carretillas elevadoras con m\u00e1stil. Est\u00e1 dise\u00f1ado para ofrecer una visibilidad excepcional y permitir un r\u00e1pido posicionamiento de los cabezales de cierre giratorio en los contenedores.<\/p>\n<p>SLV40 est\u00e1 equipado con funciones de desplazamiento lateral, telesc\u00f3picas y mec\u00e1nicas de inclinaci\u00f3n de pila que le permiten localizar f\u00e1cilmente los contenedores. El spreader est\u00e1 dise\u00f1ado para integrarse de forma \u00f3ptima en el m\u00e1stil de elevaci\u00f3n con una p\u00e9rdida m\u00ednima del centro de carga.<\/p>\n<p>Todos los movimientos del spreader se controlan con v\u00e1lvulas proporcionales de 24 V, ofreciendo un funcionamiento preciso y suave. El spreader se opera desde la cabina del conductor a trav\u00e9s de comunicaci\u00f3n serie (CANopen) o cableado paralelo. Los comandos son procesados por una Unidad de Control Electr\u00f3nico en el spreader con sistemas de seguridad incorporados para el manejo de contenedores.<\/p>\n","protected":false},"excerpt":{"rendered":"<a href=\"https:\/\/bromma.com\/es\/products\/slv40\/\" class=\"excerpt\">Bromma SLV40 es un spreader de elevaci\u00f3n dise\u00f1ado para manejar contenedores individuales 20&#8242; y 40&#8242; para carretillas elevadoras con m\u00e1stil.\n<\/a><br><a href=\"https:\/\/bromma.com\/es\/products\/slv40\/\" class=\"excerptreadmore\">read more<\/a>","protected":false},"featured_media":985,"template":"","meta":{"_et_pb_use_builder":"off","_et_pb_old_content":"","_et_gb_content_width":""},"product_brand":[],"product_cat":[22],"product_tag":[39,28,51,52],"class_list":{"0":"post-981","1":"product","2":"type-product","3":"status-publish","4":"has-post-thumbnail","6":"product_cat-empty-container-handler","7":"product_tag-side-shift","8":"product_tag-mechanical-pile-slope","9":"product_tag-telescopic","10":"product_tag-terminal","12":"first","13":"instock","14":"shipping-taxable","15":"product-type-simple"},"yoast_head":"<!-- This site is optimized with the Yoast SEO Premium plugin v27.2 (Yoast SEO v27.2) - https:\/\/yoast.com\/product\/yoast-seo-premium-wordpress\/ -->\n<title>SLV40 - Bromma<\/title>\n<meta name=\"description\" content=\"Bromma SLV40 es un spreader de elevaci\u00f3n dise\u00f1ado para manejar contenedores individuales 20&#039; y 40&#039; para carretillas elevadoras con m\u00e1stil.\" \/>\n<meta name=\"robots\" content=\"index, follow, max-snippet:-1, max-image-preview:large, max-video-preview:-1\" \/>\n<link rel=\"canonical\" href=\"https:\/\/bromma.com\/es\/products\/slv40\/\" \/>\n<meta property=\"og:locale\" content=\"es_ES\" \/>\n<meta property=\"og:type\" content=\"article\" \/>\n<meta property=\"og:title\" content=\"SLV40\" \/>\n<meta property=\"og:description\" content=\"Bromma SLV40 es un spreader de elevaci\u00f3n dise\u00f1ado para manejar contenedores individuales 20&#039; y 40&#039; para carretillas elevadoras con m\u00e1stil.\" \/>\n<meta property=\"og:url\" content=\"https:\/\/bromma.com\/es\/products\/slv40\/\" \/>\n<meta property=\"og:site_name\" content=\"Bromma\" \/>\n<meta property=\"og:image\" content=\"https:\/\/bromma.com\/es\/wp-content\/uploads\/sites\/5\/2019\/06\/SLV40_wordpress.jpg\" \/>\n\t<meta property=\"og:image:width\" content=\"1920\" \/>\n\t<meta property=\"og:image:height\" content=\"1080\" \/>\n\t<meta property=\"og:image:type\" content=\"image\/jpeg\" \/>\n<meta name=\"twitter:card\" content=\"summary_large_image\" \/>\n<meta name=\"twitter:label1\" content=\"Tiempo de lectura\" \/>\n\t<meta name=\"twitter:data1\" content=\"1 minuto\" \/>\n<script type=\"application\/ld+json\" class=\"yoast-schema-graph\">{\"@context\":\"https:\/\/schema.org\",\"@graph\":[{\"@type\":\"WebPage\",\"@id\":\"https:\/\/bromma.com\/es\/products\/slv40\/\",\"url\":\"https:\/\/bromma.com\/es\/products\/slv40\/\",\"name\":\"SLV40 - Bromma\",\"isPartOf\":{\"@id\":\"https:\/\/bromma.com\/es\/#website\"},\"primaryImageOfPage\":{\"@id\":\"https:\/\/bromma.com\/es\/products\/slv40\/#primaryimage\"},\"image\":{\"@id\":\"https:\/\/bromma.com\/es\/products\/slv40\/#primaryimage\"},\"thumbnailUrl\":\"https:\/\/bromma.com\/es\/wp-content\/uploads\/sites\/5\/2019\/06\/SLV40_wordpress.jpg\",\"datePublished\":\"2019-06-10T13:33:01+00:00\",\"description\":\"Bromma SLV40 es un spreader de elevaci\u00f3n dise\u00f1ado para manejar contenedores individuales 20' y 40' para carretillas elevadoras con m\u00e1stil.\",\"breadcrumb\":{\"@id\":\"https:\/\/bromma.com\/es\/products\/slv40\/#breadcrumb\"},\"inLanguage\":\"es\",\"potentialAction\":[{\"@type\":\"ReadAction\",\"target\":[\"https:\/\/bromma.com\/es\/products\/slv40\/\"]}]},{\"@type\":\"ImageObject\",\"inLanguage\":\"es\",\"@id\":\"https:\/\/bromma.com\/es\/products\/slv40\/#primaryimage\",\"url\":\"https:\/\/bromma.com\/es\/wp-content\/uploads\/sites\/5\/2019\/06\/SLV40_wordpress.jpg\",\"contentUrl\":\"https:\/\/bromma.com\/es\/wp-content\/uploads\/sites\/5\/2019\/06\/SLV40_wordpress.jpg\",\"width\":1920,\"height\":1080,\"caption\":\"Spreader de elevaci\u00f3n lateral SLV40\"},{\"@type\":\"BreadcrumbList\",\"@id\":\"https:\/\/bromma.com\/es\/products\/slv40\/#breadcrumb\",\"itemListElement\":[{\"@type\":\"ListItem\",\"position\":1,\"name\":\"Home\",\"item\":\"https:\/\/bromma.com\/es\/\"},{\"@type\":\"ListItem\",\"position\":2,\"name\":\"Productos\",\"item\":\"https:\/\/bromma.com\/es\/products\/\"},{\"@type\":\"ListItem\",\"position\":3,\"name\":\"SLV40\"}]},{\"@type\":\"WebSite\",\"@id\":\"https:\/\/bromma.com\/es\/#website\",\"url\":\"https:\/\/bromma.com\/es\/\",\"name\":\"Bromma\",\"description\":\"Una tradici\u00f3n de innovaci\u00f3n\",\"publisher\":{\"@id\":\"https:\/\/bromma.com\/es\/#organization\"},\"potentialAction\":[{\"@type\":\"SearchAction\",\"target\":{\"@type\":\"EntryPoint\",\"urlTemplate\":\"https:\/\/bromma.com\/es\/?s={search_term_string}\"},\"query-input\":{\"@type\":\"PropertyValueSpecification\",\"valueRequired\":true,\"valueName\":\"search_term_string\"}}],\"inLanguage\":\"es\"},{\"@type\":\"Organization\",\"@id\":\"https:\/\/bromma.com\/es\/#organization\",\"name\":\"Bromma\",\"url\":\"https:\/\/bromma.com\/es\/\",\"logo\":{\"@type\":\"ImageObject\",\"inLanguage\":\"es\",\"@id\":\"https:\/\/bromma.com\/es\/#\/schema\/logo\/image\/\",\"url\":\"https:\/\/bromma.com\/es\/wp-content\/uploads\/sites\/5\/2020\/05\/Bromma-logo_blue_RGB_SPA.png\",\"contentUrl\":\"https:\/\/bromma.com\/es\/wp-content\/uploads\/sites\/5\/2020\/05\/Bromma-logo_blue_RGB_SPA.png\",\"width\":512,\"height\":512,\"caption\":\"Bromma\"},\"image\":{\"@id\":\"https:\/\/bromma.com\/es\/#\/schema\/logo\/image\/\"}}]}<\/script>\n<!-- \/ Yoast SEO Premium plugin. -->","yoast_head_json":{"title":"SLV40 - Bromma","description":"Bromma SLV40 es un spreader de elevaci\u00f3n dise\u00f1ado para manejar contenedores individuales 20' y 40' para carretillas elevadoras con m\u00e1stil.","robots":{"index":"index","follow":"follow","max-snippet":"max-snippet:-1","max-image-preview":"max-image-preview:large","max-video-preview":"max-video-preview:-1"},"canonical":"https:\/\/bromma.com\/es\/products\/slv40\/","og_locale":"es_ES","og_type":"article","og_title":"SLV40","og_description":"Bromma SLV40 es un spreader de elevaci\u00f3n dise\u00f1ado para manejar contenedores individuales 20' y 40' para carretillas elevadoras con m\u00e1stil.","og_url":"https:\/\/bromma.com\/es\/products\/slv40\/","og_site_name":"Bromma","og_image":[{"width":1920,"height":1080,"url":"https:\/\/bromma.com\/es\/wp-content\/uploads\/sites\/5\/2019\/06\/SLV40_wordpress.jpg","type":"image\/jpeg"}],"twitter_card":"summary_large_image","twitter_misc":{"Tiempo de lectura":"1 minuto"},"schema":{"@context":"https:\/\/schema.org","@graph":[{"@type":"WebPage","@id":"https:\/\/bromma.com\/es\/products\/slv40\/","url":"https:\/\/bromma.com\/es\/products\/slv40\/","name":"SLV40 - Bromma","isPartOf":{"@id":"https:\/\/bromma.com\/es\/#website"},"primaryImageOfPage":{"@id":"https:\/\/bromma.com\/es\/products\/slv40\/#primaryimage"},"image":{"@id":"https:\/\/bromma.com\/es\/products\/slv40\/#primaryimage"},"thumbnailUrl":"https:\/\/bromma.com\/es\/wp-content\/uploads\/sites\/5\/2019\/06\/SLV40_wordpress.jpg","datePublished":"2019-06-10T13:33:01+00:00","description":"Bromma SLV40 es un spreader de elevaci\u00f3n dise\u00f1ado para manejar contenedores individuales 20' y 40' para carretillas elevadoras con m\u00e1stil.","breadcrumb":{"@id":"https:\/\/bromma.com\/es\/products\/slv40\/#breadcrumb"},"inLanguage":"es","potentialAction":[{"@type":"ReadAction","target":["https:\/\/bromma.com\/es\/products\/slv40\/"]}]},{"@type":"ImageObject","inLanguage":"es","@id":"https:\/\/bromma.com\/es\/products\/slv40\/#primaryimage","url":"https:\/\/bromma.com\/es\/wp-content\/uploads\/sites\/5\/2019\/06\/SLV40_wordpress.jpg","contentUrl":"https:\/\/bromma.com\/es\/wp-content\/uploads\/sites\/5\/2019\/06\/SLV40_wordpress.jpg","width":1920,"height":1080,"caption":"Spreader de elevaci\u00f3n lateral SLV40"},{"@type":"BreadcrumbList","@id":"https:\/\/bromma.com\/es\/products\/slv40\/#breadcrumb","itemListElement":[{"@type":"ListItem","position":1,"name":"Home","item":"https:\/\/bromma.com\/es\/"},{"@type":"ListItem","position":2,"name":"Productos","item":"https:\/\/bromma.com\/es\/products\/"},{"@type":"ListItem","position":3,"name":"SLV40"}]},{"@type":"WebSite","@id":"https:\/\/bromma.com\/es\/#website","url":"https:\/\/bromma.com\/es\/","name":"Bromma","description":"Una tradici\u00f3n de innovaci\u00f3n","publisher":{"@id":"https:\/\/bromma.com\/es\/#organization"},"potentialAction":[{"@type":"SearchAction","target":{"@type":"EntryPoint","urlTemplate":"https:\/\/bromma.com\/es\/?s={search_term_string}"},"query-input":{"@type":"PropertyValueSpecification","valueRequired":true,"valueName":"search_term_string"}}],"inLanguage":"es"},{"@type":"Organization","@id":"https:\/\/bromma.com\/es\/#organization","name":"Bromma","url":"https:\/\/bromma.com\/es\/","logo":{"@type":"ImageObject","inLanguage":"es","@id":"https:\/\/bromma.com\/es\/#\/schema\/logo\/image\/","url":"https:\/\/bromma.com\/es\/wp-content\/uploads\/sites\/5\/2020\/05\/Bromma-logo_blue_RGB_SPA.png","contentUrl":"https:\/\/bromma.com\/es\/wp-content\/uploads\/sites\/5\/2020\/05\/Bromma-logo_blue_RGB_SPA.png","width":512,"height":512,"caption":"Bromma"},"image":{"@id":"https:\/\/bromma.com\/es\/#\/schema\/logo\/image\/"}}]}},"_links":{"self":[{"href":"https:\/\/bromma.com\/es\/wp-json\/wp\/v2\/product\/981","targetHints":{"allow":["GET"]}}],"collection":[{"href":"https:\/\/bromma.com\/es\/wp-json\/wp\/v2\/product"}],"about":[{"href":"https:\/\/bromma.com\/es\/wp-json\/wp\/v2\/types\/product"}],"wp:featuredmedia":[{"embeddable":true,"href":"https:\/\/bromma.com\/es\/wp-json\/wp\/v2\/media\/985"}],"wp:attachment":[{"href":"https:\/\/bromma.com\/es\/wp-json\/wp\/v2\/media?parent=981"}],"wp:term":[{"taxonomy":"product_brand","embeddable":true,"href":"https:\/\/bromma.com\/es\/wp-json\/wp\/v2\/product_brand?post=981"},{"taxonomy":"product_cat","embeddable":true,"href":"https:\/\/bromma.com\/es\/wp-json\/wp\/v2\/product_cat?post=981"},{"taxonomy":"product_tag","embeddable":true,"href":"https:\/\/bromma.com\/es\/wp-json\/wp\/v2\/product_tag?post=981"}],"curies":[{"name":"wp","href":"https:\/\/api.w.org\/{rel}","templated":true}]}}