{"id":989,"date":"2019-06-11T09:11:09","date_gmt":"2019-06-11T07:11:09","guid":{"rendered":"https:\/\/brommadev.wpengine.com\/?post_type=product&amp;p=989"},"modified":"2019-06-11T09:11:09","modified_gmt":"2019-06-11T07:11:09","slug":"hawkeye-camera-platform","status":"publish","type":"product","link":"https:\/\/bromma.com\/es\/products\/hawkeye-camera-platform\/","title":{"rendered":"Hawkeye &#8211; Plataforma de c\u00e1mara"},"content":{"rendered":"<p>La plataforma Hawkeye es el camino de Bromma hacia la futura tecnolog\u00eda de visi\u00f3n artificial a bordo del spreader. Con la alimentaci\u00f3n de la c\u00e1mara digital desde posiciones cr\u00edticas y potentes capacidades de procesamiento, el spreader puede proporcionar informaci\u00f3n a su entorno, para mejorar enormemente la productividad, mejorar la automatizaci\u00f3n del proceso y evitar costosos fallos. En los \u00faltimos a\u00f1os se han instalado c\u00e1maras en gr\u00faas de patio y, sobre todo, para el funcionamiento suave de los transelevadores autom\u00e1ticos. Hawkeye ampl\u00eda significativamente el \u00e1rea de aplicaci\u00f3n de las c\u00e1maras, ya que el dise\u00f1o y la validaci\u00f3n se han centrado en el duro entorno de un spreader de gr\u00faa STS. Una parte significativa del desarrollo de Hawkeye ha sido identificar c\u00f3mo montar las c\u00e1maras en un spreader. Se ha desarrollado y verificado la protecci\u00f3n de las c\u00e1maras contra impactos, as\u00ed como m\u00e9todos para la reducci\u00f3n de golpes y vibraciones. Dependiendo de la necesidad espec\u00edfica y de la funcionalidad, los spreaders est\u00e1n equipados con una configuraci\u00f3n adecuada de c\u00e1maras. Una configuraci\u00f3n para Hawkeye OCR en un spreader capaz de levantar twn-20 incluir\u00e1, por ejemplo, dos c\u00e1maras instaladas sim\u00e9tricamente bajo la viga principal del spreader para facilitar el OCR tanto del levantamiento de un solo contenedor como de dos contenedores de 20&#8242; en modo doble.<\/p>\n","protected":false},"excerpt":{"rendered":"<a href=\"https:\/\/bromma.com\/es\/products\/hawkeye-camera-platform\/\" class=\"excerpt\">Bromma Hawkeye es una plataforma de diferentes configuraciones de c\u00e1maras preparada y validada para diferentes aplicaciones y para su instalaci\u00f3n en todo tipo de spreaders. Las c\u00e1maras generan secuencias de v\u00eddeo que pueden utilizarse tal y como aparecen en la pantalla de un operador o procesarse posteriormente a trav\u00e9s de subsistemas adicionales de Hawkeye, como el Reconocimiento \u00d3ptico de Caracteres (OCR), la detecci\u00f3n twin-twenty y los sistemas de guiado autom\u00e1tico de spreaders.\n<\/a><br><a href=\"https:\/\/bromma.com\/es\/products\/hawkeye-camera-platform\/\" class=\"excerptreadmore\">read more<\/a>","protected":false},"featured_media":1250,"template":"","meta":{"_et_pb_use_builder":"off","_et_pb_old_content":"","_et_gb_content_width":""},"product_brand":[],"product_cat":[21],"product_tag":[],"class_list":{"0":"post-989","1":"product","2":"type-product","3":"status-publish","4":"has-post-thumbnail","6":"product_cat-ancillary-equipment-and-options","8":"first","9":"instock","10":"shipping-taxable","11":"product-type-simple"},"yoast_head":"<!-- This site is optimized with the Yoast SEO Premium plugin v27.2 (Yoast SEO v27.2) - https:\/\/yoast.com\/product\/yoast-seo-premium-wordpress\/ -->\n<title>Hawkeye - Plataforma de c\u00e1mara - Bromma<\/title>\n<meta name=\"description\" content=\"Bromma Hawkeye es una plataforma de diferentes configuraciones de c\u00e1maras preparada y validada para diferentes aplicaciones y para su instalaci\u00f3n en todo tipo de spreaders.\" \/>\n<meta name=\"robots\" content=\"index, follow, max-snippet:-1, max-image-preview:large, max-video-preview:-1\" \/>\n<link rel=\"canonical\" href=\"https:\/\/bromma.com\/es\/products\/hawkeye-camera-platform\/\" \/>\n<meta property=\"og:locale\" content=\"es_ES\" \/>\n<meta property=\"og:type\" content=\"article\" \/>\n<meta property=\"og:title\" content=\"Hawkeye - Plataforma de c\u00e1mara\" \/>\n<meta property=\"og:description\" content=\"Bromma Hawkeye es una plataforma de diferentes configuraciones de c\u00e1maras preparada y validada para diferentes aplicaciones y para su instalaci\u00f3n en todo tipo de spreaders.\" \/>\n<meta property=\"og:url\" content=\"https:\/\/bromma.com\/es\/products\/hawkeye-camera-platform\/\" \/>\n<meta property=\"og:site_name\" content=\"Bromma\" \/>\n<meta property=\"og:image\" content=\"https:\/\/bromma.com\/es\/wp-content\/uploads\/sites\/5\/2019\/06\/Hawkeye.jpg\" \/>\n\t<meta property=\"og:image:width\" content=\"1920\" \/>\n\t<meta property=\"og:image:height\" content=\"1080\" \/>\n\t<meta property=\"og:image:type\" content=\"image\/jpeg\" \/>\n<meta name=\"twitter:card\" content=\"summary_large_image\" \/>\n<meta name=\"twitter:label1\" content=\"Tiempo de lectura\" \/>\n\t<meta name=\"twitter:data1\" content=\"1 minuto\" \/>\n<script type=\"application\/ld+json\" class=\"yoast-schema-graph\">{\"@context\":\"https:\/\/schema.org\",\"@graph\":[{\"@type\":\"WebPage\",\"@id\":\"https:\/\/bromma.com\/es\/products\/hawkeye-camera-platform\/\",\"url\":\"https:\/\/bromma.com\/es\/products\/hawkeye-camera-platform\/\",\"name\":\"Hawkeye - Plataforma de c\u00e1mara - Bromma\",\"isPartOf\":{\"@id\":\"https:\/\/bromma.com\/es\/#website\"},\"primaryImageOfPage\":{\"@id\":\"https:\/\/bromma.com\/es\/products\/hawkeye-camera-platform\/#primaryimage\"},\"image\":{\"@id\":\"https:\/\/bromma.com\/es\/products\/hawkeye-camera-platform\/#primaryimage\"},\"thumbnailUrl\":\"https:\/\/bromma.com\/es\/wp-content\/uploads\/sites\/5\/2019\/06\/Hawkeye.jpg\",\"datePublished\":\"2019-06-11T07:11:09+00:00\",\"description\":\"Bromma Hawkeye es una plataforma de diferentes configuraciones de c\u00e1maras preparada y validada para diferentes aplicaciones y para su instalaci\u00f3n en todo tipo de spreaders.\",\"breadcrumb\":{\"@id\":\"https:\/\/bromma.com\/es\/products\/hawkeye-camera-platform\/#breadcrumb\"},\"inLanguage\":\"es\",\"potentialAction\":[{\"@type\":\"ReadAction\",\"target\":[\"https:\/\/bromma.com\/es\/products\/hawkeye-camera-platform\/\"]}]},{\"@type\":\"ImageObject\",\"inLanguage\":\"es\",\"@id\":\"https:\/\/bromma.com\/es\/products\/hawkeye-camera-platform\/#primaryimage\",\"url\":\"https:\/\/bromma.com\/es\/wp-content\/uploads\/sites\/5\/2019\/06\/Hawkeye.jpg\",\"contentUrl\":\"https:\/\/bromma.com\/es\/wp-content\/uploads\/sites\/5\/2019\/06\/Hawkeye.jpg\",\"width\":1920,\"height\":1080,\"caption\":\"Plataforma de c\u00e1mara Hawkeye\"},{\"@type\":\"BreadcrumbList\",\"@id\":\"https:\/\/bromma.com\/es\/products\/hawkeye-camera-platform\/#breadcrumb\",\"itemListElement\":[{\"@type\":\"ListItem\",\"position\":1,\"name\":\"Home\",\"item\":\"https:\/\/bromma.com\/es\/\"},{\"@type\":\"ListItem\",\"position\":2,\"name\":\"Productos\",\"item\":\"https:\/\/bromma.com\/es\/products\/\"},{\"@type\":\"ListItem\",\"position\":3,\"name\":\"Hawkeye &#8211; Plataforma de c\u00e1mara\"}]},{\"@type\":\"WebSite\",\"@id\":\"https:\/\/bromma.com\/es\/#website\",\"url\":\"https:\/\/bromma.com\/es\/\",\"name\":\"Bromma\",\"description\":\"Una tradici\u00f3n de innovaci\u00f3n\",\"publisher\":{\"@id\":\"https:\/\/bromma.com\/es\/#organization\"},\"potentialAction\":[{\"@type\":\"SearchAction\",\"target\":{\"@type\":\"EntryPoint\",\"urlTemplate\":\"https:\/\/bromma.com\/es\/?s={search_term_string}\"},\"query-input\":{\"@type\":\"PropertyValueSpecification\",\"valueRequired\":true,\"valueName\":\"search_term_string\"}}],\"inLanguage\":\"es\"},{\"@type\":\"Organization\",\"@id\":\"https:\/\/bromma.com\/es\/#organization\",\"name\":\"Bromma\",\"url\":\"https:\/\/bromma.com\/es\/\",\"logo\":{\"@type\":\"ImageObject\",\"inLanguage\":\"es\",\"@id\":\"https:\/\/bromma.com\/es\/#\/schema\/logo\/image\/\",\"url\":\"https:\/\/bromma.com\/es\/wp-content\/uploads\/sites\/5\/2020\/05\/Bromma-logo_blue_RGB_SPA.png\",\"contentUrl\":\"https:\/\/bromma.com\/es\/wp-content\/uploads\/sites\/5\/2020\/05\/Bromma-logo_blue_RGB_SPA.png\",\"width\":512,\"height\":512,\"caption\":\"Bromma\"},\"image\":{\"@id\":\"https:\/\/bromma.com\/es\/#\/schema\/logo\/image\/\"}}]}<\/script>\n<!-- \/ Yoast SEO Premium plugin. -->","yoast_head_json":{"title":"Hawkeye - Plataforma de c\u00e1mara - Bromma","description":"Bromma Hawkeye es una plataforma de diferentes configuraciones de c\u00e1maras preparada y validada para diferentes aplicaciones y para su instalaci\u00f3n en todo tipo de spreaders.","robots":{"index":"index","follow":"follow","max-snippet":"max-snippet:-1","max-image-preview":"max-image-preview:large","max-video-preview":"max-video-preview:-1"},"canonical":"https:\/\/bromma.com\/es\/products\/hawkeye-camera-platform\/","og_locale":"es_ES","og_type":"article","og_title":"Hawkeye - Plataforma de c\u00e1mara","og_description":"Bromma Hawkeye es una plataforma de diferentes configuraciones de c\u00e1maras preparada y validada para diferentes aplicaciones y para su instalaci\u00f3n en todo tipo de spreaders.","og_url":"https:\/\/bromma.com\/es\/products\/hawkeye-camera-platform\/","og_site_name":"Bromma","og_image":[{"width":1920,"height":1080,"url":"https:\/\/bromma.com\/es\/wp-content\/uploads\/sites\/5\/2019\/06\/Hawkeye.jpg","type":"image\/jpeg"}],"twitter_card":"summary_large_image","twitter_misc":{"Tiempo de lectura":"1 minuto"},"schema":{"@context":"https:\/\/schema.org","@graph":[{"@type":"WebPage","@id":"https:\/\/bromma.com\/es\/products\/hawkeye-camera-platform\/","url":"https:\/\/bromma.com\/es\/products\/hawkeye-camera-platform\/","name":"Hawkeye - Plataforma de c\u00e1mara - Bromma","isPartOf":{"@id":"https:\/\/bromma.com\/es\/#website"},"primaryImageOfPage":{"@id":"https:\/\/bromma.com\/es\/products\/hawkeye-camera-platform\/#primaryimage"},"image":{"@id":"https:\/\/bromma.com\/es\/products\/hawkeye-camera-platform\/#primaryimage"},"thumbnailUrl":"https:\/\/bromma.com\/es\/wp-content\/uploads\/sites\/5\/2019\/06\/Hawkeye.jpg","datePublished":"2019-06-11T07:11:09+00:00","description":"Bromma Hawkeye es una plataforma de diferentes configuraciones de c\u00e1maras preparada y validada para diferentes aplicaciones y para su instalaci\u00f3n en todo tipo de spreaders.","breadcrumb":{"@id":"https:\/\/bromma.com\/es\/products\/hawkeye-camera-platform\/#breadcrumb"},"inLanguage":"es","potentialAction":[{"@type":"ReadAction","target":["https:\/\/bromma.com\/es\/products\/hawkeye-camera-platform\/"]}]},{"@type":"ImageObject","inLanguage":"es","@id":"https:\/\/bromma.com\/es\/products\/hawkeye-camera-platform\/#primaryimage","url":"https:\/\/bromma.com\/es\/wp-content\/uploads\/sites\/5\/2019\/06\/Hawkeye.jpg","contentUrl":"https:\/\/bromma.com\/es\/wp-content\/uploads\/sites\/5\/2019\/06\/Hawkeye.jpg","width":1920,"height":1080,"caption":"Plataforma de c\u00e1mara Hawkeye"},{"@type":"BreadcrumbList","@id":"https:\/\/bromma.com\/es\/products\/hawkeye-camera-platform\/#breadcrumb","itemListElement":[{"@type":"ListItem","position":1,"name":"Home","item":"https:\/\/bromma.com\/es\/"},{"@type":"ListItem","position":2,"name":"Productos","item":"https:\/\/bromma.com\/es\/products\/"},{"@type":"ListItem","position":3,"name":"Hawkeye &#8211; Plataforma de c\u00e1mara"}]},{"@type":"WebSite","@id":"https:\/\/bromma.com\/es\/#website","url":"https:\/\/bromma.com\/es\/","name":"Bromma","description":"Una tradici\u00f3n de innovaci\u00f3n","publisher":{"@id":"https:\/\/bromma.com\/es\/#organization"},"potentialAction":[{"@type":"SearchAction","target":{"@type":"EntryPoint","urlTemplate":"https:\/\/bromma.com\/es\/?s={search_term_string}"},"query-input":{"@type":"PropertyValueSpecification","valueRequired":true,"valueName":"search_term_string"}}],"inLanguage":"es"},{"@type":"Organization","@id":"https:\/\/bromma.com\/es\/#organization","name":"Bromma","url":"https:\/\/bromma.com\/es\/","logo":{"@type":"ImageObject","inLanguage":"es","@id":"https:\/\/bromma.com\/es\/#\/schema\/logo\/image\/","url":"https:\/\/bromma.com\/es\/wp-content\/uploads\/sites\/5\/2020\/05\/Bromma-logo_blue_RGB_SPA.png","contentUrl":"https:\/\/bromma.com\/es\/wp-content\/uploads\/sites\/5\/2020\/05\/Bromma-logo_blue_RGB_SPA.png","width":512,"height":512,"caption":"Bromma"},"image":{"@id":"https:\/\/bromma.com\/es\/#\/schema\/logo\/image\/"}}]}},"_links":{"self":[{"href":"https:\/\/bromma.com\/es\/wp-json\/wp\/v2\/product\/989","targetHints":{"allow":["GET"]}}],"collection":[{"href":"https:\/\/bromma.com\/es\/wp-json\/wp\/v2\/product"}],"about":[{"href":"https:\/\/bromma.com\/es\/wp-json\/wp\/v2\/types\/product"}],"wp:featuredmedia":[{"embeddable":true,"href":"https:\/\/bromma.com\/es\/wp-json\/wp\/v2\/media\/1250"}],"wp:attachment":[{"href":"https:\/\/bromma.com\/es\/wp-json\/wp\/v2\/media?parent=989"}],"wp:term":[{"taxonomy":"product_brand","embeddable":true,"href":"https:\/\/bromma.com\/es\/wp-json\/wp\/v2\/product_brand?post=989"},{"taxonomy":"product_cat","embeddable":true,"href":"https:\/\/bromma.com\/es\/wp-json\/wp\/v2\/product_cat?post=989"},{"taxonomy":"product_tag","embeddable":true,"href":"https:\/\/bromma.com\/es\/wp-json\/wp\/v2\/product_tag?post=989"}],"curies":[{"name":"wp","href":"https:\/\/api.w.org\/{rel}","templated":true}]}}